{"id":986,"date":"2024-10-23T10:25:32","date_gmt":"2024-10-23T08:25:32","guid":{"rendered":"https:\/\/agora.xtec.cat\/ceipanxaneta\/?page_id=986"},"modified":"2025-01-16T18:28:02","modified_gmt":"2025-01-16T17:28:02","slug":"cicle-de-petits","status":"publish","type":"page","link":"https:\/\/agora.xtec.cat\/ceipanxaneta\/cicle-de-petits\/","title":{"rendered":"Cicle petits"},"content":{"rendered":"<p style=\"text-align: center;\"><b>TALLERS INTERCICLE A EDUCACI\u00d3 INFANTIL<\/b><\/p>\n<p style=\"text-align: justify;\">Els tallers del Cicle de Petits de l\u2019escola s\u00f3n activitats organitzades per a promoure l\u2019aprenentatge actiu, l\u00fadic i experimental dels infants. En aquests espais, els alumnes poden explorar diferents materials, desenvolupar habilitats i aprendre de manera m\u00e9s lliure i creativa. Els tallers intercicle\u00a0 s\u00f3n ideals perqu\u00e8 permeten que els nens i nenes treballin en petits grups facilitant una atenci\u00f3 m\u00e9s individualitzada i un ambient on poden experimentar segons els seus interessos i ritme d\u2019aprenentatge.<\/p>\n<p style=\"text-align: justify;\">Es barregen nens i nenes d\u2019edats diferents, des de I3 fins a I5. Aquesta barreja d\u2019edats \u00e9s molt enriquidora, ja que permet que els infants treballin amb companyies de diferents nivells de desenvolupament, aprenent uns dels altres i fomentant valors com la cooperaci\u00f3.<\/p>\n<p style=\"text-align: justify;\"><b>L\u2019enfocament pedag\u00f2gic\u00a0<\/b>d\u2019aquesta activitat es basa en el principi de l\u2019aprenentatge significatiu, on els infants s\u00f3n els protagonistes del seu proc\u00e9s d\u2019aprenentatge. A trav\u00e9s dels tallers, els nens i nenes desenvolupen habilitats motrius, socials, cognitives i emocionals. Per exemple, en un taller de manipulaci\u00f3 de materials, els infants poden treballar la seva motricitat fina, mentre que en un taller de joc simb\u00f2lic, aprenen a expressar emocions i treballar les habilitats socials.<\/p>\n<p style=\"text-align: justify;\"><b>Els objectius principals<\/b>\u00a0dels tallers inclouen fomentar la curiositat, desenvolupar la creativitat i promoure l\u2019autonomia. Els alumnes aprenen a resoldre problemes, a treballar en equip i a comunicar-se millor. A m\u00e9s, aquests tallers permeten que els infants descobreixin el m\u00f3n que els envolta i aprenguin a valorar el treball col\u00b7lectiu i la diversitat d\u2019idees.<\/p>\n\r\n\t<div class=\"slideshow_container slideshow_container_style-light\" style=\"height: 400px; \" data-slideshow-id=\"1105\" data-style-name=\"style-light\" data-style-version=\"2.3.1\" >\r\n\r\n\t\t\t\t\t<div class=\"slideshow_loading_icon\"><\/div>\r\n\t\t\r\n\t\t<div class=\"slideshow_content\" style=\"display: none;\">\r\n\r\n\t\t\t<div class=\"slideshow_view\">\r\n\t\t\t\t<div class=\"slideshow_slide slideshow_slide_image\">\r\n\t\t\t\t\t\t\t\t\t\t\t<img src=\"https:\/\/agora.xtec.cat\/ceipanxaneta\/wp-content\/uploads\/usu2001\/2024\/10\/Diapositiva8.png\" alt=\"Diapositiva8\" width=\"1280\" height=\"720\" \/>\r\n\t\t\t\t\t\t\t\t\t\t<div class=\"slideshow_description_box slideshow_transparent\">\r\n\t\t\t\t\t\t<div class=\"slideshow_title\">Diapositiva8<\/div>\t\t\t\t\t\t\t\t\t\t\t<\/div>\r\n\t\t\t\t<\/div>\r\n\r\n\t\t\t\t\t\t<div style=\"clear: both;\"><\/div><\/div><div class=\"slideshow_view\">\r\n\t\t\t\t<div class=\"slideshow_slide slideshow_slide_image\">\r\n\t\t\t\t\t\t\t\t\t\t\t<img src=\"https:\/\/agora.xtec.cat\/ceipanxaneta\/wp-content\/uploads\/usu2001\/2024\/10\/Diapositiva1-1.png\" alt=\"Diapositiva1\" width=\"1280\" height=\"720\" \/>\r\n\t\t\t\t\t\t\t\t\t\t<div class=\"slideshow_description_box slideshow_transparent\">\r\n\t\t\t\t\t\t<div class=\"slideshow_title\">Diapositiva1<\/div>\t\t\t\t\t\t\t\t\t\t\t<\/div>\r\n\t\t\t\t<\/div>\r\n\r\n\t\t\t\t\t\t<div style=\"clear: both;\"><\/div><\/div><div class=\"slideshow_view\">\r\n\t\t\t\t<div class=\"slideshow_slide slideshow_slide_image\">\r\n\t\t\t\t\t\t\t\t\t\t\t<img src=\"https:\/\/agora.xtec.cat\/ceipanxaneta\/wp-content\/uploads\/usu2001\/2024\/10\/Diapositiva7.png\" alt=\"Diapositiva7\" width=\"1280\" height=\"720\" \/>\r\n\t\t\t\t\t\t\t\t\t\t<div class=\"slideshow_description_box slideshow_transparent\">\r\n\t\t\t\t\t\t<div class=\"slideshow_title\">Diapositiva7<\/div>\t\t\t\t\t\t\t\t\t\t\t<\/div>\r\n\t\t\t\t<\/div>\r\n\r\n\t\t\t\t\t\t<div style=\"clear: both;\"><\/div><\/div><div class=\"slideshow_view\">\r\n\t\t\t\t<div class=\"slideshow_slide slideshow_slide_image\">\r\n\t\t\t\t\t\t\t\t\t\t\t<img src=\"https:\/\/agora.xtec.cat\/ceipanxaneta\/wp-content\/uploads\/usu2001\/2024\/10\/Diapositiva6.png\" alt=\"Diapositiva6\" width=\"1280\" height=\"720\" \/>\r\n\t\t\t\t\t\t\t\t\t\t<div class=\"slideshow_description_box slideshow_transparent\">\r\n\t\t\t\t\t\t<div class=\"slideshow_title\">Diapositiva6<\/div>\t\t\t\t\t\t\t\t\t\t\t<\/div>\r\n\t\t\t\t<\/div>\r\n\r\n\t\t\t\t\t\t<div style=\"clear: both;\"><\/div><\/div><div class=\"slideshow_view\">\r\n\t\t\t\t<div class=\"slideshow_slide slideshow_slide_image\">\r\n\t\t\t\t\t\t\t\t\t\t\t<img src=\"https:\/\/agora.xtec.cat\/ceipanxaneta\/wp-content\/uploads\/usu2001\/2024\/10\/Diapositiva5.png\" alt=\"Diapositiva5\" width=\"1280\" height=\"720\" \/>\r\n\t\t\t\t\t\t\t\t\t\t<div class=\"slideshow_description_box slideshow_transparent\">\r\n\t\t\t\t\t\t<div class=\"slideshow_title\">Diapositiva5<\/div>\t\t\t\t\t\t\t\t\t\t\t<\/div>\r\n\t\t\t\t<\/div>\r\n\r\n\t\t\t\t\t\t<div style=\"clear: both;\"><\/div><\/div><div class=\"slideshow_view\">\r\n\t\t\t\t<div class=\"slideshow_slide slideshow_slide_image\">\r\n\t\t\t\t\t\t\t\t\t\t\t<img src=\"https:\/\/agora.xtec.cat\/ceipanxaneta\/wp-content\/uploads\/usu2001\/2024\/10\/Diapositiva4-1.png\" alt=\"Diapositiva4\" width=\"1280\" height=\"720\" \/>\r\n\t\t\t\t\t\t\t\t\t\t<div class=\"slideshow_description_box slideshow_transparent\">\r\n\t\t\t\t\t\t<div class=\"slideshow_title\">Diapositiva4<\/div>\t\t\t\t\t\t\t\t\t\t\t<\/div>\r\n\t\t\t\t<\/div>\r\n\r\n\t\t\t\t\t\t<div style=\"clear: both;\"><\/div><\/div><div class=\"slideshow_view\">\r\n\t\t\t\t<div class=\"slideshow_slide slideshow_slide_image\">\r\n\t\t\t\t\t\t\t\t\t\t\t<img src=\"https:\/\/agora.xtec.cat\/ceipanxaneta\/wp-content\/uploads\/usu2001\/2024\/10\/Diapositiva3-1.png\" alt=\"Diapositiva3\" width=\"1280\" height=\"720\" \/>\r\n\t\t\t\t\t\t\t\t\t\t<div class=\"slideshow_description_box slideshow_transparent\">\r\n\t\t\t\t\t\t<div class=\"slideshow_title\">Diapositiva3<\/div>\t\t\t\t\t\t\t\t\t\t\t<\/div>\r\n\t\t\t\t<\/div>\r\n\r\n\t\t\t\t\t\t<div style=\"clear: both;\"><\/div><\/div><div class=\"slideshow_view\">\r\n\t\t\t\t<div class=\"slideshow_slide slideshow_slide_image\">\r\n\t\t\t\t\t\t\t\t\t\t\t<img src=\"https:\/\/agora.xtec.cat\/ceipanxaneta\/wp-content\/uploads\/usu2001\/2024\/10\/Diapositiva2-2.png\" alt=\"Diapositiva2\" width=\"1280\" height=\"720\" \/>\r\n\t\t\t\t\t\t\t\t\t\t<div class=\"slideshow_description_box slideshow_transparent\">\r\n\t\t\t\t\t\t<div class=\"slideshow_title\">Diapositiva2<\/div>\t\t\t\t\t\t\t\t\t\t\t<\/div>\r\n\t\t\t\t<\/div>\r\n\r\n\t\t\t\t\t\t<div style=\"clear: both;\"><\/div><\/div><div class=\"slideshow_view\">\r\n\t\t\t\t<div class=\"slideshow_slide slideshow_slide_image\">\r\n\t\t\t\t\t\t\t\t\t\t\t<img src=\"https:\/\/agora.xtec.cat\/ceipanxaneta\/wp-content\/uploads\/usu2001\/2024\/10\/Diapositiva9.png\" alt=\"Diapositiva9\" width=\"1280\" height=\"720\" \/>\r\n\t\t\t\t\t\t\t\t\t\t<div class=\"slideshow_description_box slideshow_transparent\">\r\n\t\t\t\t\t\t<div class=\"slideshow_title\">Diapositiva9<\/div>\t\t\t\t\t\t\t\t\t\t\t<\/div>\r\n\t\t\t\t<\/div>\r\n\r\n\t\t\t\t\t\t<div style=\"clear: both;\"><\/div><\/div><div class=\"slideshow_view\">\r\n\t\t\t\t<div class=\"slideshow_slide slideshow_slide_image\">\r\n\t\t\t\t\t\t\t\t\t\t\t<img src=\"https:\/\/agora.xtec.cat\/ceipanxaneta\/wp-content\/uploads\/usu2001\/2024\/10\/Diapositiva10.png\" alt=\"Diapositiva10\" width=\"1280\" height=\"720\" \/>\r\n\t\t\t\t\t\t\t\t\t\t<div class=\"slideshow_description_box slideshow_transparent\">\r\n\t\t\t\t\t\t<div class=\"slideshow_title\">Diapositiva10<\/div>\t\t\t\t\t\t\t\t\t\t\t<\/div>\r\n\t\t\t\t<\/div>\r\n\r\n\t\t\t\t\t\t<div style=\"clear: both;\"><\/div><\/div>\r\n\t\t<\/div>\r\n\r\n\t\t<div class=\"slideshow_controlPanel slideshow_transparent\" style=\"display: none;\"><ul><li class=\"slideshow_togglePlay\" data-play-text=\"Visualitza\" data-pause-text=\"Pausa\"><\/li><\/ul><\/div>\r\n\r\n\t\t<div class=\"slideshow_button slideshow_previous slideshow_transparent\" role=\"button\" data-previous-text=\"Anterior\" style=\"display: none;\"><\/div>\r\n\t\t<div class=\"slideshow_button slideshow_next slideshow_transparent\" role=\"button\" data-next-text=\"Seg\u00fcent\" style=\"display: none;\"><\/div>\r\n\r\n\t\t<div class=\"slideshow_pagination\" style=\"display: none;\" data-go-to-text=\"V\u00e9s a la diapositiva\"><div class=\"slideshow_pagination_center\"><\/div><\/div>\r\n\r\n\t\t<!-- WordPress Slideshow Version 2.3.1 -->\r\n\r\n\t\t\t<\/div>\r\n\r\n\n<div class=\"slideshow_container slideshow_container_style-light\" data-slideshow-id=\"1105\" data-style-name=\"style-light\" data-style-version=\"2.3.1\" data-slideshow-active=\"1\">\n<div class=\"slideshow_content\">\n<div class=\"slideshow_view slideshow_currentView\">\n<div class=\"slideshow_slide slideshow_slide_image\"><\/div>\n<div><\/div>\n<\/div>\n<\/div>\n<\/div>\n<div><\/div>\n<div>\n<p style=\"text-align: center;\"><strong>ESPAIS A EDUCACI\u00d3 INFANTIL<\/strong><\/p>\n<p style=\"text-align: justify;\">A l\u2019escola Anxaneta, els\u00a0<b>espais<\/b>\u00a0d\u2019<b>educaci\u00f3 infantil<\/b>\u00a0estan dissenyats per afavorir un aprenentatge integral i\u00a0<b>vivencial<\/b>\u00a0dels infants. Aquestes activitats es realitzen dues vegades a la setmana amb un model de\u00a0<b>codoc\u00e8ncia<\/b>, on dues docents col\u00b7laboren a la mateixa aula. Aquest enfocament permet un acompanyament m\u00e9s ric i individualitzat dels alumnes, ja que cada docent aporta la seva especialitzaci\u00f3 i experi\u00e8ncia, adaptant-se millor a les\u00a0<b>necessitats<\/b>\u00a0de cada infant.<\/p>\n<p style=\"text-align: justify;\">Els espais inclouen\u00a0<b>quatre racons<\/b>: dos relacionats amb l\u2019<b>\u00e0mbit ling\u00fc\u00edstic<\/b>\u00a0i dos amb l\u2019\u00e0mbit\u00a0<b>matem\u00e0tic<\/b>\u00a0Innovamat. Els objectius d\u2019aquestes activitats s\u00f3n potenciar el desenvolupament de les habilitats comunicatives, fomentar la\u00a0<b>consci\u00e8ncia fonol\u00f2gica<\/b>\u00a0i facilitar l\u2019<b>experimentaci\u00f3<\/b>\u00a0amb sons i lletres. A m\u00e9s, es busca desenvolupar el\u00a0<b>pensament l\u00f2gic<\/b>\u00a0i\u00a0<b>matem\u00e0tic<\/b>\u00a0dels alumnes mitjan\u00e7ant activitats manipulatives i l\u2019\u00fas de la\u00a0<b>tecnologia<\/b>.<\/p>\n<p style=\"text-align: justify;\">Els racons ling\u00fc\u00edstics permeten als alumnes<b>\u00a0identificar sons<\/b>, comprendre les relacions entre les lletres i els seus sons, i\u00a0<b>expressar-se millor<\/b>. Pel que fa als racons matem\u00e0tics Innovamat, els infants interactuen amb diferents materials en un rac\u00f3 manipulatiu per desenvolupar el pensament l\u00f2gic i matem\u00e0tic, i utilitzen\u00a0<b>Chromebooks<\/b>\u00a0per treballar amb l\u2019aplicaci\u00f3 Innovamat durant 15 minuts de manera\u00a0<b>l\u00fadica<\/b>\u00a0i\u00a0<b>interactiva<\/b>.<\/p>\n<p style=\"text-align: justify;\">A trav\u00e9s d\u2019aquestes activitats, els alumnes fomenten<b>\u00a0l\u2019experimentaci\u00f3<\/b>\u00a0i el descobriment, explorant conceptes de manera aut\u00f2noma mitjan\u00e7ant la manipulaci\u00f3 de materials. A m\u00e9s, es promou el\u00a0<b>treball col\u00b7laboratiu,<\/b>\u00a0on els infants treballen en grups petits o parelles, compartint idees i estrat\u00e8gies. Finalment, les activitats ajuden a<b>\u00a0establir connexions<\/b>\u00a0entre conceptes matem\u00e0tics, aplicant-los a noves situacions i afavorint un\u00a0<b>aprenentatge actiu, profund i significatiu.<\/b><\/p>\n\r\n\t<div class=\"slideshow_container slideshow_container_style-light\" style=\"height: 400px; \" data-slideshow-id=\"1160\" data-style-name=\"style-light\" data-style-version=\"2.3.1\" >\r\n\r\n\t\t\t\t\t<div class=\"slideshow_loading_icon\"><\/div>\r\n\t\t\r\n\t\t<div class=\"slideshow_content\" style=\"display: none;\">\r\n\r\n\t\t\t<div class=\"slideshow_view\">\r\n\t\t\t\t<div class=\"slideshow_slide slideshow_slide_image\">\r\n\t\t\t\t\t\t\t\t\t\t\t<img src=\"https:\/\/agora.xtec.cat\/ceipanxaneta\/wp-content\/uploads\/usu2001\/2024\/10\/espais4-scaled.jpg\" alt=\"espais4\" width=\"2560\" height=\"1920\" \/>\r\n\t\t\t\t\t\t\t\t\t\t<div class=\"slideshow_description_box slideshow_transparent\">\r\n\t\t\t\t\t\t<div class=\"slideshow_title\">espais4<\/div>\t\t\t\t\t\t\t\t\t\t\t<\/div>\r\n\t\t\t\t<\/div>\r\n\r\n\t\t\t\t\t\t<div style=\"clear: both;\"><\/div><\/div><div class=\"slideshow_view\">\r\n\t\t\t\t<div class=\"slideshow_slide slideshow_slide_image\">\r\n\t\t\t\t\t\t\t\t\t\t\t<img src=\"https:\/\/agora.xtec.cat\/ceipanxaneta\/wp-content\/uploads\/usu2001\/2024\/10\/espis1-scaled.jpg\" alt=\"espis1\" width=\"2560\" height=\"1920\" \/>\r\n\t\t\t\t\t\t\t\t\t\t<div class=\"slideshow_description_box slideshow_transparent\">\r\n\t\t\t\t\t\t<div class=\"slideshow_title\">espis1<\/div>\t\t\t\t\t\t\t\t\t\t\t<\/div>\r\n\t\t\t\t<\/div>\r\n\r\n\t\t\t\t\t\t<div style=\"clear: both;\"><\/div><\/div><div class=\"slideshow_view\">\r\n\t\t\t\t<div class=\"slideshow_slide slideshow_slide_image\">\r\n\t\t\t\t\t\t\t\t\t\t\t<img src=\"https:\/\/agora.xtec.cat\/ceipanxaneta\/wp-content\/uploads\/usu2001\/2024\/10\/espis2-scaled.jpg\" alt=\"espis2\" width=\"2560\" height=\"1920\" \/>\r\n\t\t\t\t\t\t\t\t\t\t<div class=\"slideshow_description_box slideshow_transparent\">\r\n\t\t\t\t\t\t<div class=\"slideshow_title\">espis2<\/div>\t\t\t\t\t\t\t\t\t\t\t<\/div>\r\n\t\t\t\t<\/div>\r\n\r\n\t\t\t\t\t\t<div style=\"clear: both;\"><\/div><\/div><div class=\"slideshow_view\">\r\n\t\t\t\t<div class=\"slideshow_slide slideshow_slide_image\">\r\n\t\t\t\t\t\t\t\t\t\t\t<img src=\"https:\/\/agora.xtec.cat\/ceipanxaneta\/wp-content\/uploads\/usu2001\/2024\/10\/espis3-scaled.jpg\" alt=\"espis3\" width=\"2560\" height=\"1920\" \/>\r\n\t\t\t\t\t\t\t\t\t\t<div class=\"slideshow_description_box slideshow_transparent\">\r\n\t\t\t\t\t\t<div class=\"slideshow_title\">espis3<\/div>\t\t\t\t\t\t\t\t\t\t\t<\/div>\r\n\t\t\t\t<\/div>\r\n\r\n\t\t\t\t\t\t<div style=\"clear: both;\"><\/div><\/div>\r\n\t\t<\/div>\r\n\r\n\t\t<div class=\"slideshow_controlPanel slideshow_transparent\" style=\"display: none;\"><ul><li class=\"slideshow_togglePlay\" data-play-text=\"Visualitza\" data-pause-text=\"Pausa\"><\/li><\/ul><\/div>\r\n\r\n\t\t<div class=\"slideshow_button slideshow_previous slideshow_transparent\" role=\"button\" data-previous-text=\"Anterior\" style=\"display: none;\"><\/div>\r\n\t\t<div class=\"slideshow_button slideshow_next slideshow_transparent\" role=\"button\" data-next-text=\"Seg\u00fcent\" style=\"display: none;\"><\/div>\r\n\r\n\t\t<div class=\"slideshow_pagination\" style=\"display: none;\" data-go-to-text=\"V\u00e9s a la diapositiva\"><div class=\"slideshow_pagination_center\"><\/div><\/div>\r\n\r\n\t\t<!-- WordPress Slideshow Version 2.3.1 -->\r\n\r\n\t\t\t<\/div>\r\n\r\n\n<p>&nbsp;<\/p>\n<\/div>\n","protected":false},"excerpt":{"rendered":"<p>TALLERS INTERCICLE A EDUCACI\u00d3 INFANTIL Els tallers del Cicle de Petits de l\u2019escola s\u00f3n activitats organitzades per a promoure l\u2019aprenentatge actiu, l\u00fadic i experimental dels infants. En aquests espais, els alumnes poden explorar diferents materials, desenvolupar habilitats i aprendre de manera m\u00e9s lliure i creativa. Els tallers intercicle\u00a0 s\u00f3n ideals perqu\u00e8 permeten que els nens [&hellip;]<\/p>\n","protected":false},"author":1,"featured_media":0,"parent":0,"menu_order":0,"comment_status":"closed","ping_status":"closed","template":"","meta":{"_bbp_topic_count":0,"_bbp_reply_count":0,"_bbp_total_topic_count":0,"_bbp_total_reply_count":0,"_bbp_voice_count":0,"_bbp_anonymous_reply_count":0,"_bbp_topic_count_hidden":0,"_bbp_reply_count_hidden":0,"_bbp_forum_subforum_count":0,"site-sidebar-layout":"default","site-content-layout":"","ast-site-content-layout":"","site-content-style":"default","site-sidebar-style":"default","ast-global-header-display":"","ast-banner-title-visibility":"","ast-main-header-display":"","ast-hfb-above-header-display":"","ast-hfb-below-header-display":"","ast-hfb-mobile-header-display":"","site-post-title":"","ast-breadcrumbs-content":"","ast-featured-img":"","footer-sml-layout":"","theme-transparent-header-meta":"","adv-header-id-meta":"","stick-header-meta":"","header-above-stick-meta":"","header-main-stick-meta":"","header-below-stick-meta":"","astra-migrate-meta-layouts":"default","ast-page-background-enabled":"default","ast-page-background-meta":{"desktop":{"background-color":"var(--ast-global-color-4)","background-image":"","background-repeat":"repeat","background-position":"center center","background-size":"auto","background-attachment":"scroll","background-type":"","background-media":"","overlay-type":"","overlay-color":"","overlay-opacity":"","overlay-gradient":""},"tablet":{"background-color":"","background-image":"","background-repeat":"repeat","background-position":"center center","background-size":"auto","background-attachment":"scroll","background-type":"","background-media":"","overlay-type":"","overlay-color":"","overlay-opacity":"","overlay-gradient":""},"mobile":{"background-color":"","background-image":"","background-repeat":"repeat","background-position":"center center","background-size":"auto","background-attachment":"scroll","background-type":"","background-media":"","overlay-type":"","overlay-color":"","overlay-opacity":"","overlay-gradient":""}},"ast-content-background-meta":{"desktop":{"background-color":"var(--ast-global-color-5)","background-image":"","background-repeat":"repeat","background-position":"center center","background-size":"auto","background-attachment":"scroll","background-type":"","background-media":"","overlay-type":"","overlay-color":"","overlay-opacity":"","overlay-gradient":""},"tablet":{"background-color":"var(--ast-global-color-5)","background-image":"","background-repeat":"repeat","background-position":"center center","background-size":"auto","background-attachment":"scroll","background-type":"","background-media":"","overlay-type":"","overlay-color":"","overlay-opacity":"","overlay-gradient":""},"mobile":{"background-color":"var(--ast-global-color-5)","background-image":"","background-repeat":"repeat","background-position":"center center","background-size":"auto","background-attachment":"scroll","background-type":"","background-media":"","overlay-type":"","overlay-color":"","overlay-opacity":"","overlay-gradient":""}},"footnotes":""},"class_list":["post-986","page","type-page","status-publish","hentry"],"post_mailing_queue_ids":[],"_links":{"self":[{"href":"https:\/\/agora.xtec.cat\/ceipanxaneta\/wp-json\/wp\/v2\/pages\/986","targetHints":{"allow":["GET"]}}],"collection":[{"href":"https:\/\/agora.xtec.cat\/ceipanxaneta\/wp-json\/wp\/v2\/pages"}],"about":[{"href":"https:\/\/agora.xtec.cat\/ceipanxaneta\/wp-json\/wp\/v2\/types\/page"}],"author":[{"embeddable":true,"href":"https:\/\/agora.xtec.cat\/ceipanxaneta\/wp-json\/wp\/v2\/users\/1"}],"replies":[{"embeddable":true,"href":"https:\/\/agora.xtec.cat\/ceipanxaneta\/wp-json\/wp\/v2\/comments?post=986"}],"version-history":[{"count":6,"href":"https:\/\/agora.xtec.cat\/ceipanxaneta\/wp-json\/wp\/v2\/pages\/986\/revisions"}],"predecessor-version":[{"id":1418,"href":"https:\/\/agora.xtec.cat\/ceipanxaneta\/wp-json\/wp\/v2\/pages\/986\/revisions\/1418"}],"wp:attachment":[{"href":"https:\/\/agora.xtec.cat\/ceipanxaneta\/wp-json\/wp\/v2\/media?parent=986"}],"curies":[{"name":"wp","href":"https:\/\/api.w.org\/{rel}","templated":true}]}}