{"id":77,"date":"2014-09-18T14:05:08","date_gmt":"2014-09-18T13:05:08","guid":{"rendered":"http:\/\/agora.xtec.cat\/ceipanxaneta\/?page_id=77"},"modified":"2024-10-26T19:44:10","modified_gmt":"2024-10-26T17:44:10","slug":"acollida","status":"publish","type":"page","link":"https:\/\/agora.xtec.cat\/ceipanxaneta\/serveis\/acollida\/","title":{"rendered":"Acollida"},"content":{"rendered":"<p class=\"font_8 wixui-rich-text__text\"><strong><span class=\"wixui-rich-text__text\">ACOLLIDA MATINAL<\/span><\/strong><\/p>\n<p><span class=\"wixui-rich-text__text\"><span class=\"wixGuard wixui-rich-text__text\">\u200b<\/span><\/span>Durant el curs escolar s&#8217;ofereix el servei d&#8217;acollida matinal, de 8.00h a 9.00h.<\/p>\n<p>En primer lloc, s\u2019esmorza i despr\u00e9s es fa una activitat.<br \/>\nLa porta d&#8217;entrada \u00e9s la de la cuina i l&#8217;espai que s&#8217;utilitza \u00e9s el menjador i quan fa bon temps, el porxo.<\/p>\n<p>Totes aquelles fam\u00edlies que utilitzin aquest servei, s&#8217;han de dirigir a la porta de la cuina i all\u00e0 una monitora fa la benvinguda.<br \/>\nUn cop finalitzada l&#8217;hora, els infants s\u00f3n acompanyats a la seva aula de refer\u00e8ncia.<\/p>\n<p>&nbsp;<\/p>\n<p class=\"font_8 wixui-rich-text__text\"><strong>ACOLLIDA DE TARDA<\/strong><\/p>\n<p class=\"font_8 wixui-rich-text__text\"><span class=\"wixui-rich-text__text\"><span class=\"wixGuard wixui-rich-text__text\">\u200b<\/span><\/span><span class=\"wixui-rich-text__text\">Durant el curs escolar s&#8217;ofereix el servei d&#8217;acollida de tarda, de 16.30h a 17.30h.<\/span><\/p>\n<p class=\"font_8 wixui-rich-text__text\"><span class=\"wixui-rich-text__text\">En primer lloc, es berena i despr\u00e9s es fa una activitat.<br class=\"wixui-rich-text__text\" \/>L&#8217;espai de realitzaci\u00f3 \u00e9s el de sempre, el pat\u00ed de petits. Sempre que es pugui es faran les activitats a l&#8217;exterior, i quan el temps no ho permeti, a l&#8217;aula de P5-B.<br class=\"wixui-rich-text__text\" \/><\/span><\/p>\n<p class=\"font_8 wixui-rich-text__text\"><span class=\"wixui-rich-text__text\">A l&#8217;hora de la recollida, les fam\u00edlies s&#8217;han d&#8217;esperar a fora de la porta del carrer Floridablanca i la monitora anir\u00e0 cridant un per un.\u00a0<\/span><\/p>\n<p>Per a m\u00e9s informaci\u00f3 podeu consultar:\u00a0 \u00a0\u00a0 \u00a0\u00a0 \u00a0\u00a0 \u00a0\u00a0<a href=\"https:\/\/www.macedoniapertu.net\/servei-d-acollida\"><img loading=\"lazy\" decoding=\"async\" class=\"alignnone  wp-image-1085\" src=\"https:\/\/agora.xtec.cat\/ceipanxaneta\/wp-content\/uploads\/usu2001\/2024\/10\/macedonia-1.png\" alt=\"\" width=\"45\" height=\"59\" \/><\/a><\/p>\n","protected":false},"excerpt":{"rendered":"<p>ACOLLIDA MATINAL \u200bDurant el curs escolar s&#8217;ofereix el servei d&#8217;acollida matinal, de 8.00h a 9.00h. En primer lloc, s\u2019esmorza i despr\u00e9s es fa una activitat. La porta d&#8217;entrada \u00e9s la de la cuina i l&#8217;espai que s&#8217;utilitza \u00e9s el menjador i quan fa bon temps, el porxo. Totes aquelles fam\u00edlies que utilitzin aquest servei, s&#8217;han [&hellip;]<\/p>\n","protected":false},"author":1,"featured_media":0,"parent":66,"menu_order":20,"comment_status":"closed","ping_status":"closed","template":"page-templates\/side-menu.php","meta":{"_bbp_topic_count":0,"_bbp_reply_count":0,"_bbp_total_topic_count":0,"_bbp_total_reply_count":0,"_bbp_voice_count":0,"_bbp_anonymous_reply_count":0,"_bbp_topic_count_hidden":0,"_bbp_reply_count_hidden":0,"_bbp_forum_subforum_count":0,"site-sidebar-layout":"default","site-content-layout":"","ast-site-content-layout":"","site-content-style":"default","site-sidebar-style":"default","ast-global-header-display":"","ast-banner-title-visibility":"","ast-main-header-display":"","ast-hfb-above-header-display":"","ast-hfb-below-header-display":"","ast-hfb-mobile-header-display":"","site-post-title":"","ast-breadcrumbs-content":"","ast-featured-img":"","footer-sml-layout":"","theme-transparent-header-meta":"","adv-header-id-meta":"","stick-header-meta":"","header-above-stick-meta":"","header-main-stick-meta":"","header-below-stick-meta":"","astra-migrate-meta-layouts":"default","ast-page-background-enabled":"default","ast-page-background-meta":{"desktop":{"background-color":"var(--ast-global-color-4)","background-image":"","background-repeat":"repeat","background-position":"center center","background-size":"auto","background-attachment":"scroll","background-type":"","background-media":"","overlay-type":"","overlay-color":"","overlay-opacity":"","overlay-gradient":""},"tablet":{"background-color":"","background-image":"","background-repeat":"repeat","background-position":"center center","background-size":"auto","background-attachment":"scroll","background-type":"","background-media":"","overlay-type":"","overlay-color":"","overlay-opacity":"","overlay-gradient":""},"mobile":{"background-color":"","background-image":"","background-repeat":"repeat","background-position":"center center","background-size":"auto","background-attachment":"scroll","background-type":"","background-media":"","overlay-type":"","overlay-color":"","overlay-opacity":"","overlay-gradient":""}},"ast-content-background-meta":{"desktop":{"background-color":"var(--ast-global-color-5)","background-image":"","background-repeat":"repeat","background-position":"center center","background-size":"auto","background-attachment":"scroll","background-type":"","background-media":"","overlay-type":"","overlay-color":"","overlay-opacity":"","overlay-gradient":""},"tablet":{"background-color":"var(--ast-global-color-5)","background-image":"","background-repeat":"repeat","background-position":"center center","background-size":"auto","background-attachment":"scroll","background-type":"","background-media":"","overlay-type":"","overlay-color":"","overlay-opacity":"","overlay-gradient":""},"mobile":{"background-color":"var(--ast-global-color-5)","background-image":"","background-repeat":"repeat","background-position":"center center","background-size":"auto","background-attachment":"scroll","background-type":"","background-media":"","overlay-type":"","overlay-color":"","overlay-opacity":"","overlay-gradient":""}},"footnotes":""},"class_list":["post-77","page","type-page","status-publish","hentry"],"post_mailing_queue_ids":[],"_links":{"self":[{"href":"https:\/\/agora.xtec.cat\/ceipanxaneta\/wp-json\/wp\/v2\/pages\/77","targetHints":{"allow":["GET"]}}],"collection":[{"href":"https:\/\/agora.xtec.cat\/ceipanxaneta\/wp-json\/wp\/v2\/pages"}],"about":[{"href":"https:\/\/agora.xtec.cat\/ceipanxaneta\/wp-json\/wp\/v2\/types\/page"}],"author":[{"embeddable":true,"href":"https:\/\/agora.xtec.cat\/ceipanxaneta\/wp-json\/wp\/v2\/users\/1"}],"replies":[{"embeddable":true,"href":"https:\/\/agora.xtec.cat\/ceipanxaneta\/wp-json\/wp\/v2\/comments?post=77"}],"version-history":[{"count":4,"href":"https:\/\/agora.xtec.cat\/ceipanxaneta\/wp-json\/wp\/v2\/pages\/77\/revisions"}],"predecessor-version":[{"id":1138,"href":"https:\/\/agora.xtec.cat\/ceipanxaneta\/wp-json\/wp\/v2\/pages\/77\/revisions\/1138"}],"up":[{"embeddable":true,"href":"https:\/\/agora.xtec.cat\/ceipanxaneta\/wp-json\/wp\/v2\/pages\/66"}],"wp:attachment":[{"href":"https:\/\/agora.xtec.cat\/ceipanxaneta\/wp-json\/wp\/v2\/media?parent=77"}],"curies":[{"name":"wp","href":"https:\/\/api.w.org\/{rel}","templated":true}]}}