{"id":73,"date":"2014-09-18T14:01:51","date_gmt":"2014-09-18T13:01:51","guid":{"rendered":"http:\/\/agora.xtec.cat\/ceipanxaneta\/?page_id=73"},"modified":"2024-10-26T12:16:08","modified_gmt":"2024-10-26T10:16:08","slug":"menjador-escolar","status":"publish","type":"page","link":"https:\/\/agora.xtec.cat\/ceipanxaneta\/serveis\/menjador-escolar\/","title":{"rendered":"Menjador escolar"},"content":{"rendered":"<p>Volem ajudar-vos a con\u00e8ixer millor l\u2019equip que tindr\u00e0 cura dels vostres fills i filles i la tasca que realitzem.<\/p>\n<p>Al nostre menjador, l\u2019objectiu principal \u00e9s que els nens i nenes gaudeixin del menjar, aix\u00ed com aconseguir un bon ambient. Es treballen diferents aspectes, com educar el paladar, una dieta equilibrada, els h\u00e0bits d\u2019higiene i els h\u00e0bits de conviv\u00e8ncia.<\/p>\n<p><a href=\"https:\/\/agora.xtec.cat\/ceipanxaneta\/wp-content\/uploads\/usu2001\/2024\/10\/macedonia.png\"><img loading=\"lazy\" decoding=\"async\" class=\"alignnone wp-image-1083\" src=\"https:\/\/agora.xtec.cat\/ceipanxaneta\/wp-content\/uploads\/usu2001\/2024\/10\/macedonia-1024x368.png\" alt=\"\" width=\"843\" height=\"303\" srcset=\"https:\/\/agora.xtec.cat\/ceipanxaneta\/wp-content\/uploads\/usu2001\/2024\/10\/macedonia-1024x368.png 1024w, https:\/\/agora.xtec.cat\/ceipanxaneta\/wp-content\/uploads\/usu2001\/2024\/10\/macedonia-300x108.png 300w, https:\/\/agora.xtec.cat\/ceipanxaneta\/wp-content\/uploads\/usu2001\/2024\/10\/macedonia-768x276.png 768w, https:\/\/agora.xtec.cat\/ceipanxaneta\/wp-content\/uploads\/usu2001\/2024\/10\/macedonia.png 1280w\" sizes=\"auto, (max-width: 843px) 100vw, 843px\" \/><\/a><\/p>\n<p><img decoding=\"async\" src=\"https:\/\/static.wixstatic.com\/media\/0bee0a_eee782bf2d7c4898bf0105fbb4d4ebd7~mv2.jpeg\/v1\/fill\/w_905,h_512,al_c,q_85,usm_0.66_1.00_0.01,enc_auto\/WhatsApp%20Image%202021-09-17%20at%2020_20_17.jpeg\" alt=\"WhatsApp Image 2021-09-17 at 20.20.17.jpeg\" \/><\/p>\n<p>Funcionament del menjador:\u00a0\u00a0<a href=\"https:\/\/www.afaanxaneta.cat\/funcionament\/\">https:\/\/www.afaanxaneta.cat\/funcionament\/<\/a><\/p>\n<p>Podeu trobar el men\u00fa, i m\u00e9s informaci\u00f3 a:<a href=\"https:\/\/www.macedoniapertu.net\/el-nostre-menu\"><img loading=\"lazy\" decoding=\"async\" class=\" wp-image-1085 aligncenter\" src=\"https:\/\/agora.xtec.cat\/ceipanxaneta\/wp-content\/uploads\/usu2001\/2024\/10\/macedonia-1.png\" alt=\"\" width=\"64\" height=\"84\" \/><\/a><\/p>\n","protected":false},"excerpt":{"rendered":"<p>Volem ajudar-vos a con\u00e8ixer millor l\u2019equip que tindr\u00e0 cura dels vostres fills i filles i la tasca que realitzem. Al nostre menjador, l\u2019objectiu principal \u00e9s que els nens i nenes gaudeixin del menjar, aix\u00ed com aconseguir un bon ambient. Es treballen diferents aspectes, com educar el paladar, una dieta equilibrada, els h\u00e0bits d\u2019higiene i els [&hellip;]<\/p>\n","protected":false},"author":1,"featured_media":0,"parent":66,"menu_order":30,"comment_status":"closed","ping_status":"closed","template":"page-templates\/side-menu.php","meta":{"_bbp_topic_count":0,"_bbp_reply_count":0,"_bbp_total_topic_count":0,"_bbp_total_reply_count":0,"_bbp_voice_count":0,"_bbp_anonymous_reply_count":0,"_bbp_topic_count_hidden":0,"_bbp_reply_count_hidden":0,"_bbp_forum_subforum_count":0,"site-sidebar-layout":"default","site-content-layout":"","ast-site-content-layout":"","site-content-style":"default","site-sidebar-style":"default","ast-global-header-display":"","ast-banner-title-visibility":"","ast-main-header-display":"","ast-hfb-above-header-display":"","ast-hfb-below-header-display":"","ast-hfb-mobile-header-display":"","site-post-title":"","ast-breadcrumbs-content":"","ast-featured-img":"","footer-sml-layout":"","theme-transparent-header-meta":"","adv-header-id-meta":"","stick-header-meta":"","header-above-stick-meta":"","header-main-stick-meta":"","header-below-stick-meta":"","astra-migrate-meta-layouts":"default","ast-page-background-enabled":"default","ast-page-background-meta":{"desktop":{"background-color":"var(--ast-global-color-4)","background-image":"","background-repeat":"repeat","background-position":"center center","background-size":"auto","background-attachment":"scroll","background-type":"","background-media":"","overlay-type":"","overlay-color":"","overlay-opacity":"","overlay-gradient":""},"tablet":{"background-color":"","background-image":"","background-repeat":"repeat","background-position":"center center","background-size":"auto","background-attachment":"scroll","background-type":"","background-media":"","overlay-type":"","overlay-color":"","overlay-opacity":"","overlay-gradient":""},"mobile":{"background-color":"","background-image":"","background-repeat":"repeat","background-position":"center center","background-size":"auto","background-attachment":"scroll","background-type":"","background-media":"","overlay-type":"","overlay-color":"","overlay-opacity":"","overlay-gradient":""}},"ast-content-background-meta":{"desktop":{"background-color":"var(--ast-global-color-5)","background-image":"","background-repeat":"repeat","background-position":"center center","background-size":"auto","background-attachment":"scroll","background-type":"","background-media":"","overlay-type":"","overlay-color":"","overlay-opacity":"","overlay-gradient":""},"tablet":{"background-color":"var(--ast-global-color-5)","background-image":"","background-repeat":"repeat","background-position":"center center","background-size":"auto","background-attachment":"scroll","background-type":"","background-media":"","overlay-type":"","overlay-color":"","overlay-opacity":"","overlay-gradient":""},"mobile":{"background-color":"var(--ast-global-color-5)","background-image":"","background-repeat":"repeat","background-position":"center center","background-size":"auto","background-attachment":"scroll","background-type":"","background-media":"","overlay-type":"","overlay-color":"","overlay-opacity":"","overlay-gradient":""}},"footnotes":""},"class_list":["post-73","page","type-page","status-publish","hentry"],"post_mailing_queue_ids":[],"_links":{"self":[{"href":"https:\/\/agora.xtec.cat\/ceipanxaneta\/wp-json\/wp\/v2\/pages\/73","targetHints":{"allow":["GET"]}}],"collection":[{"href":"https:\/\/agora.xtec.cat\/ceipanxaneta\/wp-json\/wp\/v2\/pages"}],"about":[{"href":"https:\/\/agora.xtec.cat\/ceipanxaneta\/wp-json\/wp\/v2\/types\/page"}],"author":[{"embeddable":true,"href":"https:\/\/agora.xtec.cat\/ceipanxaneta\/wp-json\/wp\/v2\/users\/1"}],"replies":[{"embeddable":true,"href":"https:\/\/agora.xtec.cat\/ceipanxaneta\/wp-json\/wp\/v2\/comments?post=73"}],"version-history":[{"count":6,"href":"https:\/\/agora.xtec.cat\/ceipanxaneta\/wp-json\/wp\/v2\/pages\/73\/revisions"}],"predecessor-version":[{"id":1104,"href":"https:\/\/agora.xtec.cat\/ceipanxaneta\/wp-json\/wp\/v2\/pages\/73\/revisions\/1104"}],"up":[{"embeddable":true,"href":"https:\/\/agora.xtec.cat\/ceipanxaneta\/wp-json\/wp\/v2\/pages\/66"}],"wp:attachment":[{"href":"https:\/\/agora.xtec.cat\/ceipanxaneta\/wp-json\/wp\/v2\/media?parent=73"}],"curies":[{"name":"wp","href":"https:\/\/api.w.org\/{rel}","templated":true}]}}