{"id":1262,"date":"2024-11-19T09:54:58","date_gmt":"2024-11-19T08:54:58","guid":{"rendered":"https:\/\/agora.xtec.cat\/ceipanxaneta\/?page_id=1262"},"modified":"2025-01-16T15:19:40","modified_gmt":"2025-01-16T14:19:40","slug":"entornvirtualdaprenentatge","status":"publish","type":"page","link":"https:\/\/agora.xtec.cat\/ceipanxaneta\/entornvirtualdaprenentatge\/","title":{"rendered":"Entorn virtual d&#8217;aprenentatge"},"content":{"rendered":"<p style=\"text-align: justify;\">Google Classroom \u00e9s l\u2019eina que hem triat a l\u2019Escola Anxaneta per allotjar el nostre Entorn Virtual d\u2019Ensenyament i Aprenentatge (EVEA). \u00c9s una eina invaluable a l\u2019escola, facilitant l\u2019ensenyament i l\u2019aprenentatge en un entorn digital. Aquesta plataforma permet als docents crear, distribuir i avaluar tasques de manera eficient, cosa que optimitza el temps a l\u2019aula i fomenta una interacci\u00f3 m\u00e9s gran entre estudiants i mestres.<\/p>\n<p style=\"text-align: justify;\">Un dels principals beneficis de Google Classroom \u00e9s que ajuda els estudiants a desenvolupar compet\u00e8ncies digitals essencials. En utilitzar aquesta eina, els nens aprenen a navegar en un entorn digital, cosa que els proporciona habilitats que seran fonamentals en el seu futur acad\u00e8mic i professional. A m\u00e9s, fomenta la col\u00b7laboraci\u00f3, ja que els alumnes poden treballar en projectes de grup, compartir documents i comunicar-se f\u00e0cilment entre ells.<\/p>\n<p style=\"text-align: justify;\">Un altre aspecte positiu \u00e9s l\u2019accessibilitat. Google Classroom permet als estudiants accedir a materials i tasques des de qualsevol dispositiu amb connexi\u00f3 a internet, cosa que promou un aprenentatge m\u00e9s flexible i aut\u00f2nom.<\/p>\n<p style=\"text-align: justify;\">L\u2019\u00fas de Google Classroom empodera els estudiants en desenvolupar les seves compet\u00e8ncies digitals, preparant-los per a un m\u00f3n cada cop m\u00e9s tecnol\u00f2gic.<\/p>\n<p><img decoding=\"async\" src=\"https:\/\/agora.xtec.cat\/ceipanxaneta\/wp-content\/uploads\/usu2001\/2024\/11\/CLASSROOM.png\" \/><\/p>\n","protected":false},"excerpt":{"rendered":"<p>Google Classroom \u00e9s l\u2019eina que hem triat a l\u2019Escola Anxaneta per allotjar el nostre Entorn Virtual d\u2019Ensenyament i Aprenentatge (EVEA). \u00c9s una eina invaluable a l\u2019escola, facilitant l\u2019ensenyament i l\u2019aprenentatge en un entorn digital. Aquesta plataforma permet als docents crear, distribuir i avaluar tasques de manera eficient, cosa que optimitza el temps a l\u2019aula i [&hellip;]<\/p>\n","protected":false},"author":1,"featured_media":0,"parent":0,"menu_order":0,"comment_status":"closed","ping_status":"closed","template":"","meta":{"_bbp_topic_count":0,"_bbp_reply_count":0,"_bbp_total_topic_count":0,"_bbp_total_reply_count":0,"_bbp_voice_count":0,"_bbp_anonymous_reply_count":0,"_bbp_topic_count_hidden":0,"_bbp_reply_count_hidden":0,"_bbp_forum_subforum_count":0,"site-sidebar-layout":"default","site-content-layout":"","ast-site-content-layout":"","site-content-style":"default","site-sidebar-style":"default","ast-global-header-display":"","ast-banner-title-visibility":"","ast-main-header-display":"","ast-hfb-above-header-display":"","ast-hfb-below-header-display":"","ast-hfb-mobile-header-display":"","site-post-title":"","ast-breadcrumbs-content":"","ast-featured-img":"","footer-sml-layout":"","theme-transparent-header-meta":"","adv-header-id-meta":"","stick-header-meta":"","header-above-stick-meta":"","header-main-stick-meta":"","header-below-stick-meta":"","astra-migrate-meta-layouts":"default","ast-page-background-enabled":"default","ast-page-background-meta":{"desktop":{"background-color":"var(--ast-global-color-4)","background-image":"","background-repeat":"repeat","background-position":"center center","background-size":"auto","background-attachment":"scroll","background-type":"","background-media":"","overlay-type":"","overlay-color":"","overlay-opacity":"","overlay-gradient":""},"tablet":{"background-color":"","background-image":"","background-repeat":"repeat","background-position":"center center","background-size":"auto","background-attachment":"scroll","background-type":"","background-media":"","overlay-type":"","overlay-color":"","overlay-opacity":"","overlay-gradient":""},"mobile":{"background-color":"","background-image":"","background-repeat":"repeat","background-position":"center center","background-size":"auto","background-attachment":"scroll","background-type":"","background-media":"","overlay-type":"","overlay-color":"","overlay-opacity":"","overlay-gradient":""}},"ast-content-background-meta":{"desktop":{"background-color":"var(--ast-global-color-5)","background-image":"","background-repeat":"repeat","background-position":"center center","background-size":"auto","background-attachment":"scroll","background-type":"","background-media":"","overlay-type":"","overlay-color":"","overlay-opacity":"","overlay-gradient":""},"tablet":{"background-color":"var(--ast-global-color-5)","background-image":"","background-repeat":"repeat","background-position":"center center","background-size":"auto","background-attachment":"scroll","background-type":"","background-media":"","overlay-type":"","overlay-color":"","overlay-opacity":"","overlay-gradient":""},"mobile":{"background-color":"var(--ast-global-color-5)","background-image":"","background-repeat":"repeat","background-position":"center center","background-size":"auto","background-attachment":"scroll","background-type":"","background-media":"","overlay-type":"","overlay-color":"","overlay-opacity":"","overlay-gradient":""}},"footnotes":""},"class_list":["post-1262","page","type-page","status-publish","hentry"],"post_mailing_queue_ids":[],"_links":{"self":[{"href":"https:\/\/agora.xtec.cat\/ceipanxaneta\/wp-json\/wp\/v2\/pages\/1262","targetHints":{"allow":["GET"]}}],"collection":[{"href":"https:\/\/agora.xtec.cat\/ceipanxaneta\/wp-json\/wp\/v2\/pages"}],"about":[{"href":"https:\/\/agora.xtec.cat\/ceipanxaneta\/wp-json\/wp\/v2\/types\/page"}],"author":[{"embeddable":true,"href":"https:\/\/agora.xtec.cat\/ceipanxaneta\/wp-json\/wp\/v2\/users\/1"}],"replies":[{"embeddable":true,"href":"https:\/\/agora.xtec.cat\/ceipanxaneta\/wp-json\/wp\/v2\/comments?post=1262"}],"version-history":[{"count":3,"href":"https:\/\/agora.xtec.cat\/ceipanxaneta\/wp-json\/wp\/v2\/pages\/1262\/revisions"}],"predecessor-version":[{"id":1389,"href":"https:\/\/agora.xtec.cat\/ceipanxaneta\/wp-json\/wp\/v2\/pages\/1262\/revisions\/1389"}],"wp:attachment":[{"href":"https:\/\/agora.xtec.cat\/ceipanxaneta\/wp-json\/wp\/v2\/media?parent=1262"}],"curies":[{"name":"wp","href":"https:\/\/api.w.org\/{rel}","templated":true}]}}