{"id":1256,"date":"2024-11-19T09:54:03","date_gmt":"2024-11-19T08:54:03","guid":{"rendered":"https:\/\/agora.xtec.cat\/ceipanxaneta\/?page_id=1256"},"modified":"2025-01-22T16:25:53","modified_gmt":"2025-01-22T15:25:53","slug":"padrins-descola","status":"publish","type":"page","link":"https:\/\/agora.xtec.cat\/ceipanxaneta\/padrins-descola\/","title":{"rendered":"Padrins d\u2019escola"},"content":{"rendered":"<p style=\"text-align: justify;\"><span style=\"font-weight: 400;\">Els padrins de lectura s\u00f3n una figura fonamental en les escoles, ja que promouen el gust per la lectura i fomenten el vincle entre alumnes de diferents edats. A la nostra escola els alumnes de primer s&#8217;agrupen amb els de quart, els de segon amb els de cinqu\u00e8, i els de tercer amb els de sis\u00e8. Aquesta estructura no nom\u00e9s ajuda els m\u00e9s petits a millorar les seves habilitats de lectura, sin\u00f3 que tamb\u00e9 ofereix als m\u00e9s grans l\u2019oportunitat de desenvolupar responsabilitat i empatia.<\/span><\/p>\n<p style=\"text-align: justify;\"><span style=\"font-weight: 400;\">Les trobades entre padrins i fillols es realitzen setmanalment i a m\u00e9s a m\u00e9s altres vegades al trimestre, coincidint amb festivitats com la castanyada, el carnaval o Sant Jordi. Aquestes celebracions aporten un toc especial a les sessions, ja que es poden organitzar activitats tem\u00e0tiques, com la lectura de contes o textos relacionats amb la festivitat o la creaci\u00f3 de manualitats.<\/span><\/p>\n<p style=\"text-align: justify;\"><span style=\"font-weight: 400;\">Durant aquestes trobades, els alumnes comparteixen llibres, expliquen hist\u00f2ries i participen en activitats creatives que fomenten la imaginaci\u00f3. A m\u00e9s de millorar la compet\u00e8ncia lectora dels m\u00e9s petits, aquestes iniciatives ajuden a construir relacions significatives entre nens i nenes de diferents edats. Aix\u00ed, els padrins de lectura esdevenen un pilar essencial en el desenvolupament personal i acad\u00e8mic dels alumnes, estimulant el plaer de llegir i aprendre junts.<\/span><\/p>\n<p style=\"text-align: justify;\"><img decoding=\"async\" src=\"https:\/\/agora.xtec.cat\/ceipanxaneta\/wp-content\/uploads\/usu2001\/2024\/10\/PADRINS-LECTURA.png\" \/><\/p>\n","protected":false},"excerpt":{"rendered":"<p>Els padrins de lectura s\u00f3n una figura fonamental en les escoles, ja que promouen el gust per la lectura i fomenten el vincle entre alumnes de diferents edats. A la nostra escola els alumnes de primer s&#8217;agrupen amb els de quart, els de segon amb els de cinqu\u00e8, i els de tercer amb els de [&hellip;]<\/p>\n","protected":false},"author":1,"featured_media":0,"parent":0,"menu_order":0,"comment_status":"closed","ping_status":"closed","template":"","meta":{"_bbp_topic_count":0,"_bbp_reply_count":0,"_bbp_total_topic_count":0,"_bbp_total_reply_count":0,"_bbp_voice_count":0,"_bbp_anonymous_reply_count":0,"_bbp_topic_count_hidden":0,"_bbp_reply_count_hidden":0,"_bbp_forum_subforum_count":0,"site-sidebar-layout":"default","site-content-layout":"","ast-site-content-layout":"","site-content-style":"default","site-sidebar-style":"default","ast-global-header-display":"","ast-banner-title-visibility":"","ast-main-header-display":"","ast-hfb-above-header-display":"","ast-hfb-below-header-display":"","ast-hfb-mobile-header-display":"","site-post-title":"","ast-breadcrumbs-content":"","ast-featured-img":"","footer-sml-layout":"","theme-transparent-header-meta":"","adv-header-id-meta":"","stick-header-meta":"","header-above-stick-meta":"","header-main-stick-meta":"","header-below-stick-meta":"","astra-migrate-meta-layouts":"default","ast-page-background-enabled":"default","ast-page-background-meta":{"desktop":{"background-color":"var(--ast-global-color-4)","background-image":"","background-repeat":"repeat","background-position":"center center","background-size":"auto","background-attachment":"scroll","background-type":"","background-media":"","overlay-type":"","overlay-color":"","overlay-opacity":"","overlay-gradient":""},"tablet":{"background-color":"","background-image":"","background-repeat":"repeat","background-position":"center center","background-size":"auto","background-attachment":"scroll","background-type":"","background-media":"","overlay-type":"","overlay-color":"","overlay-opacity":"","overlay-gradient":""},"mobile":{"background-color":"","background-image":"","background-repeat":"repeat","background-position":"center center","background-size":"auto","background-attachment":"scroll","background-type":"","background-media":"","overlay-type":"","overlay-color":"","overlay-opacity":"","overlay-gradient":""}},"ast-content-background-meta":{"desktop":{"background-color":"var(--ast-global-color-5)","background-image":"","background-repeat":"repeat","background-position":"center center","background-size":"auto","background-attachment":"scroll","background-type":"","background-media":"","overlay-type":"","overlay-color":"","overlay-opacity":"","overlay-gradient":""},"tablet":{"background-color":"var(--ast-global-color-5)","background-image":"","background-repeat":"repeat","background-position":"center center","background-size":"auto","background-attachment":"scroll","background-type":"","background-media":"","overlay-type":"","overlay-color":"","overlay-opacity":"","overlay-gradient":""},"mobile":{"background-color":"var(--ast-global-color-5)","background-image":"","background-repeat":"repeat","background-position":"center center","background-size":"auto","background-attachment":"scroll","background-type":"","background-media":"","overlay-type":"","overlay-color":"","overlay-opacity":"","overlay-gradient":""}},"footnotes":""},"class_list":["post-1256","page","type-page","status-publish","hentry"],"post_mailing_queue_ids":[],"_links":{"self":[{"href":"https:\/\/agora.xtec.cat\/ceipanxaneta\/wp-json\/wp\/v2\/pages\/1256","targetHints":{"allow":["GET"]}}],"collection":[{"href":"https:\/\/agora.xtec.cat\/ceipanxaneta\/wp-json\/wp\/v2\/pages"}],"about":[{"href":"https:\/\/agora.xtec.cat\/ceipanxaneta\/wp-json\/wp\/v2\/types\/page"}],"author":[{"embeddable":true,"href":"https:\/\/agora.xtec.cat\/ceipanxaneta\/wp-json\/wp\/v2\/users\/1"}],"replies":[{"embeddable":true,"href":"https:\/\/agora.xtec.cat\/ceipanxaneta\/wp-json\/wp\/v2\/comments?post=1256"}],"version-history":[{"count":6,"href":"https:\/\/agora.xtec.cat\/ceipanxaneta\/wp-json\/wp\/v2\/pages\/1256\/revisions"}],"predecessor-version":[{"id":1493,"href":"https:\/\/agora.xtec.cat\/ceipanxaneta\/wp-json\/wp\/v2\/pages\/1256\/revisions\/1493"}],"wp:attachment":[{"href":"https:\/\/agora.xtec.cat\/ceipanxaneta\/wp-json\/wp\/v2\/media?parent=1256"}],"curies":[{"name":"wp","href":"https:\/\/api.w.org\/{rel}","templated":true}]}}