{"id":1252,"date":"2024-11-19T09:53:14","date_gmt":"2024-11-19T08:53:14","guid":{"rendered":"https:\/\/agora.xtec.cat\/ceipanxaneta\/?page_id=1252"},"modified":"2025-02-11T08:29:25","modified_gmt":"2025-02-11T07:29:25","slug":"la-biblioteca","status":"publish","type":"page","link":"https:\/\/agora.xtec.cat\/ceipanxaneta\/la-biblioteca\/","title":{"rendered":"La biblioteca"},"content":{"rendered":"<p><b>La Biblioteca de l\u2019Escola Anxaneta: Un Espai Viu Ple de llibres i d\u2019il\u00b7lusi\u00f3<\/b><\/p>\n<p><span style=\"font-weight: 400;\">El curs passat vam iniciar un projecte molt especial per <\/span><b>recuperar i donar vida a la biblioteca<\/b><span style=\"font-weight: 400;\"> de l\u2019Escola que havia quedat en des\u00fas i amb llibres poc atractius per a les nenes i els nens. Gr\u00e0cies al <\/span><b>treball conjunt de les mestres i les fam\u00edlies dels alumnes<\/b><span style=\"font-weight: 400;\">, hem aconseguit transformar aquest espai en un lloc <\/span><b>acollidor i viu<\/b><span style=\"font-weight: 400;\">, on <\/span><b>la m\u00e0gia de la lectura torna a ser la protagonista<\/b><span style=\"font-weight: 400;\">.<\/span><\/p>\n<p><span style=\"font-weight: 400;\">Creiem fermament en la <\/span><b>import\u00e0ncia de fomentar h\u00e0bits lectors des de petites i petits<\/b><span style=\"font-weight: 400;\">, per aix\u00f2 hem seleccionat <\/span><b>contes adequats i llibres atractius<\/b><span style=\"font-weight: 400;\"> que captiven l\u2019atenci\u00f3 de les nenes i els nens, ajudant-los a imaginar un m\u00f3n diferent i a aprendre cada dia una mica m\u00e9s. La lectura \u00e9s una <\/span><b>eina pedag\u00f2gica fonamental<\/b><span style=\"font-weight: 400;\">, ja que contribueix al desenvolupament de la <\/span><b>imaginaci\u00f3, l\u2019empatia i el pensament cr\u00edtic<\/b><span style=\"font-weight: 400;\">.<\/span><\/p>\n<p><span style=\"font-weight: 400;\">Ara, la biblioteca obre les seves porte<\/span><b>s tres dies a la setmana durant l\u2019hora del pati. <\/b><span style=\"font-weight: 400;\">Les nenes i els nens que ho desitgin poden venir a <\/span><b>gaudir d\u2019un espai tranquil i acollidor<\/b><span style=\"font-weight: 400;\"> per llegir soles o sols o amb les seves amigues i amics. Tamb\u00e9 hem engegat un sistema de pr\u00e9stec per a les alumnes i els alumnes m\u00e9s grans, i estem treballant per ampliar-lo a tots els cursos en un futur pr\u00f2xim. Aquest projecte no nom\u00e9s ha tingut una gran acollida, sin\u00f3 que tamb\u00e9 ha esdevingut un refugi per a aquelles i aquells infants que necessiten un moment de calma durant la jornada escolar.<\/span><\/p>\n<p><span style=\"font-weight: 400;\">Amb aquestes activitats, aconseguim <\/span><b>apropar la lectura a l\u2019alumnat de manera significativa<\/b><span style=\"font-weight: 400;\">, fent que associ\u00efn els llibres amb una <\/span><b>experi\u00e8ncia positiva i enriquidora<\/b><span style=\"font-weight: 400;\">. Els infants aprenen a <\/span><b>gaudir de la lectura com a font de plaer i coneixement, i<\/b><span style=\"font-weight: 400;\"> al mateix temps milloren la seva <\/span><b>compet\u00e8ncia lectora, comprensi\u00f3 textual i capacitat d\u2019expressi\u00f3<\/b><span style=\"font-weight: 400;\">.<\/span><\/p>\n<p><span style=\"font-weight: 400;\">Els llibres ens <\/span><b>obren portes a mons imaginaris<\/b><span style=\"font-weight: 400;\">, ens <\/span><b>ensenyen valors<\/b><span style=\"font-weight: 400;\"> i ens <\/span><b>ajuden a cr\u00e9ixer com a persones<\/b><span style=\"font-weight: 400;\">. Per aix\u00f2, continuem avan\u00e7ant amb entusiasme per <\/span><b>fer de la biblioteca un lloc ple d\u2019oportunitats<\/b><span style=\"font-weight: 400;\">, on cada nena i nen pugui descobrir el plaer de la lectura i cr\u00e9ixer envoltats d\u2019hist\u00f2ries que els inspirin.<\/span><\/p>\n<p><img loading=\"lazy\" decoding=\"async\" class=\"wp-image-1513 aligncenter\" src=\"https:\/\/agora.xtec.cat\/ceipanxaneta\/wp-content\/uploads\/usu2001\/2025\/02\/biblio-1024x576.png\" alt=\"\" width=\"618\" height=\"348\" srcset=\"https:\/\/agora.xtec.cat\/ceipanxaneta\/wp-content\/uploads\/usu2001\/2025\/02\/biblio-1024x576.png 1024w, https:\/\/agora.xtec.cat\/ceipanxaneta\/wp-content\/uploads\/usu2001\/2025\/02\/biblio-300x169.png 300w, https:\/\/agora.xtec.cat\/ceipanxaneta\/wp-content\/uploads\/usu2001\/2025\/02\/biblio-768x432.png 768w, https:\/\/agora.xtec.cat\/ceipanxaneta\/wp-content\/uploads\/usu2001\/2025\/02\/biblio.png 1280w\" sizes=\"auto, (max-width: 618px) 100vw, 618px\" \/><\/p>\n<p><img loading=\"lazy\" decoding=\"async\" class=\"wp-image-1514 aligncenter\" src=\"https:\/\/agora.xtec.cat\/ceipanxaneta\/wp-content\/uploads\/usu2001\/2025\/02\/biblio2-1024x576.png\" alt=\"\" width=\"656\" height=\"369\" srcset=\"https:\/\/agora.xtec.cat\/ceipanxaneta\/wp-content\/uploads\/usu2001\/2025\/02\/biblio2-1024x576.png 1024w, https:\/\/agora.xtec.cat\/ceipanxaneta\/wp-content\/uploads\/usu2001\/2025\/02\/biblio2-300x169.png 300w, https:\/\/agora.xtec.cat\/ceipanxaneta\/wp-content\/uploads\/usu2001\/2025\/02\/biblio2-768x432.png 768w, https:\/\/agora.xtec.cat\/ceipanxaneta\/wp-content\/uploads\/usu2001\/2025\/02\/biblio2.png 1280w\" sizes=\"auto, (max-width: 656px) 100vw, 656px\" \/><\/p>\n<p>&nbsp;<\/p>\n","protected":false},"excerpt":{"rendered":"<p>La Biblioteca de l\u2019Escola Anxaneta: Un Espai Viu Ple de llibres i d\u2019il\u00b7lusi\u00f3 El curs passat vam iniciar un projecte molt especial per recuperar i donar vida a la biblioteca de l\u2019Escola que havia quedat en des\u00fas i amb llibres poc atractius per a les nenes i els nens. Gr\u00e0cies al treball conjunt de les [&hellip;]<\/p>\n","protected":false},"author":1,"featured_media":0,"parent":0,"menu_order":0,"comment_status":"closed","ping_status":"closed","template":"","meta":{"_bbp_topic_count":0,"_bbp_reply_count":0,"_bbp_total_topic_count":0,"_bbp_total_reply_count":0,"_bbp_voice_count":0,"_bbp_anonymous_reply_count":0,"_bbp_topic_count_hidden":0,"_bbp_reply_count_hidden":0,"_bbp_forum_subforum_count":0,"site-sidebar-layout":"default","site-content-layout":"","ast-site-content-layout":"","site-content-style":"default","site-sidebar-style":"default","ast-global-header-display":"","ast-banner-title-visibility":"","ast-main-header-display":"","ast-hfb-above-header-display":"","ast-hfb-below-header-display":"","ast-hfb-mobile-header-display":"","site-post-title":"","ast-breadcrumbs-content":"","ast-featured-img":"","footer-sml-layout":"","theme-transparent-header-meta":"","adv-header-id-meta":"","stick-header-meta":"","header-above-stick-meta":"","header-main-stick-meta":"","header-below-stick-meta":"","astra-migrate-meta-layouts":"default","ast-page-background-enabled":"default","ast-page-background-meta":{"desktop":{"background-color":"var(--ast-global-color-4)","background-image":"","background-repeat":"repeat","background-position":"center center","background-size":"auto","background-attachment":"scroll","background-type":"","background-media":"","overlay-type":"","overlay-color":"","overlay-opacity":"","overlay-gradient":""},"tablet":{"background-color":"","background-image":"","background-repeat":"repeat","background-position":"center center","background-size":"auto","background-attachment":"scroll","background-type":"","background-media":"","overlay-type":"","overlay-color":"","overlay-opacity":"","overlay-gradient":""},"mobile":{"background-color":"","background-image":"","background-repeat":"repeat","background-position":"center center","background-size":"auto","background-attachment":"scroll","background-type":"","background-media":"","overlay-type":"","overlay-color":"","overlay-opacity":"","overlay-gradient":""}},"ast-content-background-meta":{"desktop":{"background-color":"var(--ast-global-color-5)","background-image":"","background-repeat":"repeat","background-position":"center center","background-size":"auto","background-attachment":"scroll","background-type":"","background-media":"","overlay-type":"","overlay-color":"","overlay-opacity":"","overlay-gradient":""},"tablet":{"background-color":"var(--ast-global-color-5)","background-image":"","background-repeat":"repeat","background-position":"center center","background-size":"auto","background-attachment":"scroll","background-type":"","background-media":"","overlay-type":"","overlay-color":"","overlay-opacity":"","overlay-gradient":""},"mobile":{"background-color":"var(--ast-global-color-5)","background-image":"","background-repeat":"repeat","background-position":"center center","background-size":"auto","background-attachment":"scroll","background-type":"","background-media":"","overlay-type":"","overlay-color":"","overlay-opacity":"","overlay-gradient":""}},"footnotes":""},"class_list":["post-1252","page","type-page","status-publish","hentry"],"post_mailing_queue_ids":[],"_links":{"self":[{"href":"https:\/\/agora.xtec.cat\/ceipanxaneta\/wp-json\/wp\/v2\/pages\/1252","targetHints":{"allow":["GET"]}}],"collection":[{"href":"https:\/\/agora.xtec.cat\/ceipanxaneta\/wp-json\/wp\/v2\/pages"}],"about":[{"href":"https:\/\/agora.xtec.cat\/ceipanxaneta\/wp-json\/wp\/v2\/types\/page"}],"author":[{"embeddable":true,"href":"https:\/\/agora.xtec.cat\/ceipanxaneta\/wp-json\/wp\/v2\/users\/1"}],"replies":[{"embeddable":true,"href":"https:\/\/agora.xtec.cat\/ceipanxaneta\/wp-json\/wp\/v2\/comments?post=1252"}],"version-history":[{"count":5,"href":"https:\/\/agora.xtec.cat\/ceipanxaneta\/wp-json\/wp\/v2\/pages\/1252\/revisions"}],"predecessor-version":[{"id":1516,"href":"https:\/\/agora.xtec.cat\/ceipanxaneta\/wp-json\/wp\/v2\/pages\/1252\/revisions\/1516"}],"wp:attachment":[{"href":"https:\/\/agora.xtec.cat\/ceipanxaneta\/wp-json\/wp\/v2\/media?parent=1252"}],"curies":[{"name":"wp","href":"https:\/\/api.w.org\/{rel}","templated":true}]}}