{"id":1250,"date":"2024-11-19T09:52:59","date_gmt":"2024-11-19T08:52:59","guid":{"rendered":"https:\/\/agora.xtec.cat\/ceipanxaneta\/?page_id=1250"},"modified":"2025-01-22T16:14:22","modified_gmt":"2025-01-22T15:14:22","slug":"dinamitzacio-de-patis","status":"publish","type":"page","link":"https:\/\/agora.xtec.cat\/ceipanxaneta\/dinamitzacio-de-patis\/","title":{"rendered":"Dinamitzaci\u00f3 de patis"},"content":{"rendered":"<p style=\"text-align: justify;\">L&#8217;escola aposta per un pati dinamitzat on cada dia s&#8217;ofereixen diverses propostes que els infants poden triar lliurement.<\/p>\n<p style=\"text-align: justify;\">En el cicle de petits, els infants disposen cada dia d\u2019un material de joc fixe que es repeteix al llarg de la setmana. Aquest material inclou pales, galledes, sedassos, rasclets i molinets, que permeten la manipulaci\u00f3 i l\u2019experimentaci\u00f3 amb la sorra a la zona del sorrall.<\/p>\n<p style=\"text-align: justify;\">A m\u00e9s, comptem amb tres espais al pati: el cotxe de fusta, la caseta, dues cuinetes i la balan\u00e7a. Aquests elements faciliten el joc simb\u00f2lic, la interacci\u00f3 i la descoberta dels altres, ja que fomenten el joc en petit grup, la imitaci\u00f3 i el di\u00e0leg. Aquests espais tamb\u00e9 ofereixen oportunitats perqu\u00e8 els infants explorin les possibilitats del seu propi cos, pujant i baixant dels diferents jocs.<\/p>\n<p>Alternativament, al llarg de la setmana oferim altres materials com:<\/p>\n<ul>\n<li aria-level=\"1\"><b>Cuineta<\/b>: paelles, envasos reciclats, utensilis de fusta (culleres, cullerots, coladors, embuts, gerres, safates\u2026).<\/li>\n<li aria-level=\"1\"><b>Vehicles<\/b>: camions, excavadores i cotxes per jugar en tot l\u2019espai del pati o a les rampes de ciment.<\/li>\n<li aria-level=\"1\"><b>Pilotes<\/b>: per jugar en els espais m\u00e9s oberts del pati i a la canasta, on poden practicar a encistellar.<\/li>\n<\/ul>\n<p style=\"text-align: justify;\">El paper dels mestres \u00e9s oferir tot aquest material, repartint-nos en les diferents zones de joc, acompanyant els infants en les seves interaccions i els rols que sorgeixen, fomentant el respecte, l\u2019amistat i l\u2019empatia.<\/p>\n<p style=\"text-align: justify;\">A prim\u00e0ria, ens distribu\u00efm en diferents espais per poder diversificar les propostes: la pista, el porxo, el joc tranquil, el gimn\u00e0s, la biblioteca, la sala de m\u00fasica i el pati de sorra. Una de les activitats estrella \u00e9s el Just Dance, on els nens i nenes poden ballar i gaudir de la m\u00fasica, promovent l&#8217;activitat f\u00edsica i la coordinaci\u00f3. D&#8217;altra banda, els jocs de taula ofereixen un espai per a la socialitzaci\u00f3 i el treball en equip, estimulant l&#8217;estrat\u00e8gia i la resoluci\u00f3 de problemes. A m\u00e9s, tenim d&#8217;altres activitats, com el dibuix lliure, el tennis taula, el flabiol, les disfresses, l&#8217;hort, entre d&#8217;altres. Aquestes activitats contribueixen a crear un ambient escolar m\u00e9s din\u00e0mic i inclusiu.<\/p>\n<p><img decoding=\"async\" src=\"https:\/\/agora.xtec.cat\/ceipanxaneta\/wp-content\/uploads\/usu2001\/2024\/10\/ESCOLA-DINAMITZACIO-DE-PATISW.png\" \/><\/p>\n","protected":false},"excerpt":{"rendered":"<p>L&#8217;escola aposta per un pati dinamitzat on cada dia s&#8217;ofereixen diverses propostes que els infants poden triar lliurement. En el cicle de petits, els infants disposen cada dia d\u2019un material de joc fixe que es repeteix al llarg de la setmana. Aquest material inclou pales, galledes, sedassos, rasclets i molinets, que permeten la manipulaci\u00f3 i [&hellip;]<\/p>\n","protected":false},"author":1,"featured_media":0,"parent":0,"menu_order":0,"comment_status":"closed","ping_status":"closed","template":"","meta":{"_bbp_topic_count":0,"_bbp_reply_count":0,"_bbp_total_topic_count":0,"_bbp_total_reply_count":0,"_bbp_voice_count":0,"_bbp_anonymous_reply_count":0,"_bbp_topic_count_hidden":0,"_bbp_reply_count_hidden":0,"_bbp_forum_subforum_count":0,"site-sidebar-layout":"default","site-content-layout":"","ast-site-content-layout":"","site-content-style":"default","site-sidebar-style":"default","ast-global-header-display":"","ast-banner-title-visibility":"","ast-main-header-display":"","ast-hfb-above-header-display":"","ast-hfb-below-header-display":"","ast-hfb-mobile-header-display":"","site-post-title":"","ast-breadcrumbs-content":"","ast-featured-img":"","footer-sml-layout":"","theme-transparent-header-meta":"","adv-header-id-meta":"","stick-header-meta":"","header-above-stick-meta":"","header-main-stick-meta":"","header-below-stick-meta":"","astra-migrate-meta-layouts":"default","ast-page-background-enabled":"default","ast-page-background-meta":{"desktop":{"background-color":"var(--ast-global-color-4)","background-image":"","background-repeat":"repeat","background-position":"center center","background-size":"auto","background-attachment":"scroll","background-type":"","background-media":"","overlay-type":"","overlay-color":"","overlay-opacity":"","overlay-gradient":""},"tablet":{"background-color":"","background-image":"","background-repeat":"repeat","background-position":"center center","background-size":"auto","background-attachment":"scroll","background-type":"","background-media":"","overlay-type":"","overlay-color":"","overlay-opacity":"","overlay-gradient":""},"mobile":{"background-color":"","background-image":"","background-repeat":"repeat","background-position":"center center","background-size":"auto","background-attachment":"scroll","background-type":"","background-media":"","overlay-type":"","overlay-color":"","overlay-opacity":"","overlay-gradient":""}},"ast-content-background-meta":{"desktop":{"background-color":"var(--ast-global-color-5)","background-image":"","background-repeat":"repeat","background-position":"center center","background-size":"auto","background-attachment":"scroll","background-type":"","background-media":"","overlay-type":"","overlay-color":"","overlay-opacity":"","overlay-gradient":""},"tablet":{"background-color":"var(--ast-global-color-5)","background-image":"","background-repeat":"repeat","background-position":"center center","background-size":"auto","background-attachment":"scroll","background-type":"","background-media":"","overlay-type":"","overlay-color":"","overlay-opacity":"","overlay-gradient":""},"mobile":{"background-color":"var(--ast-global-color-5)","background-image":"","background-repeat":"repeat","background-position":"center center","background-size":"auto","background-attachment":"scroll","background-type":"","background-media":"","overlay-type":"","overlay-color":"","overlay-opacity":"","overlay-gradient":""}},"footnotes":""},"class_list":["post-1250","page","type-page","status-publish","hentry"],"post_mailing_queue_ids":[],"_links":{"self":[{"href":"https:\/\/agora.xtec.cat\/ceipanxaneta\/wp-json\/wp\/v2\/pages\/1250","targetHints":{"allow":["GET"]}}],"collection":[{"href":"https:\/\/agora.xtec.cat\/ceipanxaneta\/wp-json\/wp\/v2\/pages"}],"about":[{"href":"https:\/\/agora.xtec.cat\/ceipanxaneta\/wp-json\/wp\/v2\/types\/page"}],"author":[{"embeddable":true,"href":"https:\/\/agora.xtec.cat\/ceipanxaneta\/wp-json\/wp\/v2\/users\/1"}],"replies":[{"embeddable":true,"href":"https:\/\/agora.xtec.cat\/ceipanxaneta\/wp-json\/wp\/v2\/comments?post=1250"}],"version-history":[{"count":5,"href":"https:\/\/agora.xtec.cat\/ceipanxaneta\/wp-json\/wp\/v2\/pages\/1250\/revisions"}],"predecessor-version":[{"id":1490,"href":"https:\/\/agora.xtec.cat\/ceipanxaneta\/wp-json\/wp\/v2\/pages\/1250\/revisions\/1490"}],"wp:attachment":[{"href":"https:\/\/agora.xtec.cat\/ceipanxaneta\/wp-json\/wp\/v2\/media?parent=1250"}],"curies":[{"name":"wp","href":"https:\/\/api.w.org\/{rel}","templated":true}]}}