{"id":1244,"date":"2024-11-19T09:51:56","date_gmt":"2024-11-19T08:51:56","guid":{"rendered":"https:\/\/agora.xtec.cat\/ceipanxaneta\/?page_id=1244"},"modified":"2026-01-22T13:32:14","modified_gmt":"2026-01-22T12:32:14","slug":"projecte-de-reciclatge","status":"publish","type":"page","link":"https:\/\/agora.xtec.cat\/ceipanxaneta\/projecte-de-reciclatge\/","title":{"rendered":"Projecte de reciclatge"},"content":{"rendered":"<p style=\"text-align: justify;\"><span style=\"font-weight: 400;\">El curs 23-24 vam decidir participar en el porta a porta que feia uns\u00a0 anys que l\u2019Ajuntament de Matar\u00f3 ja havia engegat amb les empreses i escoles de Matar\u00f3. Vam decidir organitzar-ho a trav\u00e9s de l&#8217;assemblea a de delegats i delegades\u00a0 de l&#8217;escola. En aquesta assemblea estan representats els nens i les nenes de 4t, 5\u00e8 i 6\u00e8.\u00a0\u00a0<\/span><\/p>\n<p style=\"text-align: justify;\"><span style=\"font-weight: 400;\">El curs passat vam organitzar la recollida selectiva a les aules i vam fer un concurs per triar una mascota del reciclatge amb la finalitat que motiv\u00e9s la implicaci\u00f3 de tota la comunitat en la recollida selectiva: el Brex!<img loading=\"lazy\" decoding=\"async\" class=\"alignright wp-image-1401 \" src=\"https:\/\/agora.xtec.cat\/ceipanxaneta\/wp-content\/uploads\/usu2001\/2025\/01\/brex-e1737040868760.png\" alt=\"\" width=\"409\" height=\"384\" srcset=\"https:\/\/agora.xtec.cat\/ceipanxaneta\/wp-content\/uploads\/usu2001\/2025\/01\/brex-e1737040868760.png 791w, https:\/\/agora.xtec.cat\/ceipanxaneta\/wp-content\/uploads\/usu2001\/2025\/01\/brex-e1737040868760-300x281.png 300w, https:\/\/agora.xtec.cat\/ceipanxaneta\/wp-content\/uploads\/usu2001\/2025\/01\/brex-e1737040868760-768x720.png 768w\" sizes=\"auto, (max-width: 409px) 100vw, 409px\" \/><\/span><\/p>\n<p style=\"text-align: justify;\"><span style=\"font-weight: 400;\">Des del curs 24-25 estem refor\u00e7ant la conscienciaci\u00f3 de tota la comunitat educativa\u00a0 per una recollida selectiva correcte i exigent. Uns alumnes de 5\u00e8 van elaborar un canva per donar consells i explicar quines deixalles van a cada contenidor i com hem de fer aquesta recollida selectiva.\u00a0<\/span><\/p>\n<p><span style=\"font-weight: 400;\">Tenim feina a fer, el planeta ens necessita!<\/span><\/p>\n<p><img loading=\"lazy\" decoding=\"async\" class=\"alignnone size-full wp-image-1400\" src=\"https:\/\/agora.xtec.cat\/ceipanxaneta\/wp-content\/uploads\/usu2001\/2025\/01\/reciclatge.png\" alt=\"\" width=\"967\" height=\"466\" srcset=\"https:\/\/agora.xtec.cat\/ceipanxaneta\/wp-content\/uploads\/usu2001\/2025\/01\/reciclatge.png 967w, https:\/\/agora.xtec.cat\/ceipanxaneta\/wp-content\/uploads\/usu2001\/2025\/01\/reciclatge-300x145.png 300w, https:\/\/agora.xtec.cat\/ceipanxaneta\/wp-content\/uploads\/usu2001\/2025\/01\/reciclatge-768x370.png 768w\" sizes=\"auto, (max-width: 967px) 100vw, 967px\" \/><\/p>\n","protected":false},"excerpt":{"rendered":"<p>El curs 23-24 vam decidir participar en el porta a porta que feia uns\u00a0 anys que l\u2019Ajuntament de Matar\u00f3 ja havia engegat amb les empreses i escoles de Matar\u00f3. Vam decidir organitzar-ho a trav\u00e9s de l&#8217;assemblea a de delegats i delegades\u00a0 de l&#8217;escola. En aquesta assemblea estan representats els nens i les nenes de 4t, [&hellip;]<\/p>\n","protected":false},"author":1,"featured_media":0,"parent":0,"menu_order":0,"comment_status":"closed","ping_status":"closed","template":"","meta":{"_bbp_topic_count":0,"_bbp_reply_count":0,"_bbp_total_topic_count":0,"_bbp_total_reply_count":0,"_bbp_voice_count":0,"_bbp_anonymous_reply_count":0,"_bbp_topic_count_hidden":0,"_bbp_reply_count_hidden":0,"_bbp_forum_subforum_count":0,"site-sidebar-layout":"default","site-content-layout":"","ast-site-content-layout":"default","site-content-style":"default","site-sidebar-style":"default","ast-global-header-display":"","ast-banner-title-visibility":"","ast-main-header-display":"","ast-hfb-above-header-display":"","ast-hfb-below-header-display":"","ast-hfb-mobile-header-display":"","site-post-title":"","ast-breadcrumbs-content":"","ast-featured-img":"","footer-sml-layout":"","theme-transparent-header-meta":"default","adv-header-id-meta":"","stick-header-meta":"","header-above-stick-meta":"","header-main-stick-meta":"","header-below-stick-meta":"","astra-migrate-meta-layouts":"set","ast-page-background-enabled":"default","ast-page-background-meta":{"desktop":{"background-color":"var(--ast-global-color-4)","background-image":"","background-repeat":"repeat","background-position":"center center","background-size":"auto","background-attachment":"scroll","background-type":"","background-media":"","overlay-type":"","overlay-color":"","overlay-opacity":"","overlay-gradient":""},"tablet":{"background-color":"","background-image":"","background-repeat":"repeat","background-position":"center center","background-size":"auto","background-attachment":"scroll","background-type":"","background-media":"","overlay-type":"","overlay-color":"","overlay-opacity":"","overlay-gradient":""},"mobile":{"background-color":"","background-image":"","background-repeat":"repeat","background-position":"center center","background-size":"auto","background-attachment":"scroll","background-type":"","background-media":"","overlay-type":"","overlay-color":"","overlay-opacity":"","overlay-gradient":""}},"ast-content-background-meta":{"desktop":{"background-color":"var(--ast-global-color-5)","background-image":"","background-repeat":"repeat","background-position":"center center","background-size":"auto","background-attachment":"scroll","background-type":"","background-media":"","overlay-type":"","overlay-color":"","overlay-opacity":"","overlay-gradient":""},"tablet":{"background-color":"var(--ast-global-color-5)","background-image":"","background-repeat":"repeat","background-position":"center center","background-size":"auto","background-attachment":"scroll","background-type":"","background-media":"","overlay-type":"","overlay-color":"","overlay-opacity":"","overlay-gradient":""},"mobile":{"background-color":"var(--ast-global-color-5)","background-image":"","background-repeat":"repeat","background-position":"center center","background-size":"auto","background-attachment":"scroll","background-type":"","background-media":"","overlay-type":"","overlay-color":"","overlay-opacity":"","overlay-gradient":""}},"footnotes":""},"class_list":["post-1244","page","type-page","status-publish","hentry"],"post_mailing_queue_ids":[],"_links":{"self":[{"href":"https:\/\/agora.xtec.cat\/ceipanxaneta\/wp-json\/wp\/v2\/pages\/1244","targetHints":{"allow":["GET"]}}],"collection":[{"href":"https:\/\/agora.xtec.cat\/ceipanxaneta\/wp-json\/wp\/v2\/pages"}],"about":[{"href":"https:\/\/agora.xtec.cat\/ceipanxaneta\/wp-json\/wp\/v2\/types\/page"}],"author":[{"embeddable":true,"href":"https:\/\/agora.xtec.cat\/ceipanxaneta\/wp-json\/wp\/v2\/users\/1"}],"replies":[{"embeddable":true,"href":"https:\/\/agora.xtec.cat\/ceipanxaneta\/wp-json\/wp\/v2\/comments?post=1244"}],"version-history":[{"count":3,"href":"https:\/\/agora.xtec.cat\/ceipanxaneta\/wp-json\/wp\/v2\/pages\/1244\/revisions"}],"predecessor-version":[{"id":1817,"href":"https:\/\/agora.xtec.cat\/ceipanxaneta\/wp-json\/wp\/v2\/pages\/1244\/revisions\/1817"}],"wp:attachment":[{"href":"https:\/\/agora.xtec.cat\/ceipanxaneta\/wp-json\/wp\/v2\/media?parent=1244"}],"curies":[{"name":"wp","href":"https:\/\/api.w.org\/{rel}","templated":true}]}}