{"id":64,"date":"2014-09-18T12:39:08","date_gmt":"2014-09-18T11:39:08","guid":{"rendered":"http:\/\/agora.xtec.cat\/ceipantonivilanova\/?page_id=64"},"modified":"2015-10-27T10:05:33","modified_gmt":"2015-10-27T09:05:33","slug":"projecte-educatiu","status":"publish","type":"page","link":"https:\/\/agora.xtec.cat\/ceipantonivilanova\/projecte-educatiu\/","title":{"rendered":"Projecte educatiu"},"content":{"rendered":"<p>En aquesta secci\u00f3 cada centre pot crear les p\u00e0gines necess\u00e0ries per a descriure el seu projecte educatiu. D&#8217;acord amb la <a title=\"Article 91 LEC\" href=\"http:\/\/www20.gencat.cat\/portal\/site\/portaljuridic\/menuitem.d15a4e5dfb99396dc366ec10b0c0e1a0\/?vgnextoid=b85297b5a87d6210VgnVCM1000000b0c1e0aRCRD&amp;vgnextchannel=b85297b5a87d6210VgnVCM1000000b0c1e0aRCRD&amp;vgnextfmt=default&amp;action=fitxa&amp;portalId=1&amp;documentId=480169&amp;newLang=ca_ES#fragment-1182442\" target=\"_blank\">Llei d&#8217;Educaci\u00f3 de Catalunya<\/a>, el projecte educatiu incorpora el car\u00e0cter propi del centre i ha de contenir com a m\u00ednim els elements seg\u00fcents:<\/p>\n<ul>\n<li>Criteris d&#8217;ordenaci\u00f3 pedag\u00f2gica, prioritats i plantejaments educatius, procediments d&#8217;inclusi\u00f3 i altres actuacions que caracteritzen el centre.<\/li>\n<li>Indicadors de progr\u00e9s.<\/li>\n<li>Concreci\u00f3 i desenvolupament dels curr\u00edculums.<\/li>\n<li>Criteris que defineixen l&#8217;estructura organitzativa.<\/li>\n<li>Projecte ling\u00fc\u00edstic.<\/li>\n<li>Car\u00e0cter propi del centre, si n&#8217;hi ha.<\/li>\n<\/ul>\n<p>Es poden incloure tamb\u00e9 en aquesta secci\u00f3 altres documents m\u00e9s espec\u00edfics que tamb\u00e9 formen part del projecte educatiu, com ara: Projecte de conviv\u00e8ncia, Pla TAC, Pla d&#8217;acollida, Projecte d&#8217;escola i fam\u00edlia, Comunitat d&#8217;aprenentatge, etc.<\/p>\n<p>Tamb\u00e9 pot ser interessant fer refer\u00e8ncia a altres projectes i activitats, com ara: Escola verda, R\u00e0dio a l&#8217;escola, Art a l&#8217;escola, Cinema en curs, Taller de rob\u00f2tica, Aprenentatge integrat de Continguts i Lleng\u00fces Estrangeres (AICLE), Revista de l&#8217;escola, Agenda 21, Hort, Patis oberts&#8230;<\/p>\n<p>Donada la diversitat de seccions possibles, s&#8217;ha cregut oport\u00fa no crear\u00a0cap p\u00e0gina espec\u00edfica en la maqueta inicial, deixant a criteri del centre la decisi\u00f3 sobre la millor manera\u00a0d&#8217;estructurar la descripci\u00f3 del seu projecte educatiu. En crear els apartats\u00a0\u00e9s\u00a0important que la caixa <em>Atributs de la p\u00e0gina<\/em>\u00a0tingui com a pare\/mare \u201c<em>Projecte educatiu<\/em>\u201c, i que se seleccioni com a plantilla l&#8217;opci\u00f3 \u201c<em>Men\u00fa lateral<\/em>\u201c.<\/p>\n","protected":false},"excerpt":{"rendered":"<p>En aquesta secci\u00f3 cada centre pot crear les p\u00e0gines necess\u00e0ries per a descriure el seu projecte educatiu. D&#8217;acord amb la [&hellip;]<\/p>\n","protected":false},"author":1,"featured_media":0,"parent":0,"menu_order":0,"comment_status":"closed","ping_status":"closed","template":"page-templates\/side-menu.php","meta":{"_bbp_topic_count":0,"_bbp_reply_count":0,"_bbp_total_topic_count":0,"_bbp_total_reply_count":0,"_bbp_voice_count":0,"_bbp_anonymous_reply_count":0,"_bbp_topic_count_hidden":0,"_bbp_reply_count_hidden":0,"_bbp_forum_subforum_count":0,"site-sidebar-layout":"default","site-content-layout":"","ast-site-content-layout":"","site-content-style":"default","site-sidebar-style":"default","ast-global-header-display":"","ast-banner-title-visibility":"","ast-main-header-display":"","ast-hfb-above-header-display":"","ast-hfb-below-header-display":"","ast-hfb-mobile-header-display":"","site-post-title":"","ast-breadcrumbs-content":"","ast-featured-img":"","footer-sml-layout":"","theme-transparent-header-meta":"","adv-header-id-meta":"","stick-header-meta":"","header-above-stick-meta":"","header-main-stick-meta":"","header-below-stick-meta":"","astra-migrate-meta-layouts":"default","ast-page-background-enabled":"default","ast-page-background-meta":{"desktop":{"background-color":"var(--ast-global-color-4)","background-image":"","background-repeat":"repeat","background-position":"center center","background-size":"auto","background-attachment":"scroll","background-type":"","background-media":"","overlay-type":"","overlay-color":"","overlay-opacity":"","overlay-gradient":""},"tablet":{"background-color":"","background-image":"","background-repeat":"repeat","background-position":"center center","background-size":"auto","background-attachment":"scroll","background-type":"","background-media":"","overlay-type":"","overlay-color":"","overlay-opacity":"","overlay-gradient":""},"mobile":{"background-color":"","background-image":"","background-repeat":"repeat","background-position":"center center","background-size":"auto","background-attachment":"scroll","background-type":"","background-media":"","overlay-type":"","overlay-color":"","overlay-opacity":"","overlay-gradient":""}},"ast-content-background-meta":{"desktop":{"background-color":"var(--ast-global-color-5)","background-image":"","background-repeat":"repeat","background-position":"center center","background-size":"auto","background-attachment":"scroll","background-type":"","background-media":"","overlay-type":"","overlay-color":"","overlay-opacity":"","overlay-gradient":""},"tablet":{"background-color":"var(--ast-global-color-5)","background-image":"","background-repeat":"repeat","background-position":"center center","background-size":"auto","background-attachment":"scroll","background-type":"","background-media":"","overlay-type":"","overlay-color":"","overlay-opacity":"","overlay-gradient":""},"mobile":{"background-color":"var(--ast-global-color-5)","background-image":"","background-repeat":"repeat","background-position":"center center","background-size":"auto","background-attachment":"scroll","background-type":"","background-media":"","overlay-type":"","overlay-color":"","overlay-opacity":"","overlay-gradient":""}},"footnotes":""},"class_list":["post-64","page","type-page","status-publish","hentry"],"post_mailing_queue_ids":[],"_links":{"self":[{"href":"https:\/\/agora.xtec.cat\/ceipantonivilanova\/wp-json\/wp\/v2\/pages\/64","targetHints":{"allow":["GET"]}}],"collection":[{"href":"https:\/\/agora.xtec.cat\/ceipantonivilanova\/wp-json\/wp\/v2\/pages"}],"about":[{"href":"https:\/\/agora.xtec.cat\/ceipantonivilanova\/wp-json\/wp\/v2\/types\/page"}],"author":[{"embeddable":true,"href":"https:\/\/agora.xtec.cat\/ceipantonivilanova\/wp-json\/wp\/v2\/users\/1"}],"replies":[{"embeddable":true,"href":"https:\/\/agora.xtec.cat\/ceipantonivilanova\/wp-json\/wp\/v2\/comments?post=64"}],"version-history":[{"count":2,"href":"https:\/\/agora.xtec.cat\/ceipantonivilanova\/wp-json\/wp\/v2\/pages\/64\/revisions"}],"predecessor-version":[{"id":134,"href":"https:\/\/agora.xtec.cat\/ceipantonivilanova\/wp-json\/wp\/v2\/pages\/64\/revisions\/134"}],"wp:attachment":[{"href":"https:\/\/agora.xtec.cat\/ceipantonivilanova\/wp-json\/wp\/v2\/media?parent=64"}],"curies":[{"name":"wp","href":"https:\/\/api.w.org\/{rel}","templated":true}]}}