{"id":32,"date":"2014-09-18T12:31:33","date_gmt":"2014-09-18T11:31:33","guid":{"rendered":"http:\/\/agora.xtec.cat\/ceipantonivilanova\/?page_id=32"},"modified":"2025-07-22T12:14:10","modified_gmt":"2025-07-22T10:14:10","slug":"calendari-del-curs","status":"publish","type":"page","link":"https:\/\/agora.xtec.cat\/ceipantonivilanova\/calendari-del-curs\/","title":{"rendered":"Calendari del curs"},"content":{"rendered":"<h4><a href=\"https:\/\/agora.xtec.cat\/ceipantonivilanova\/wp-content\/uploads\/usu1328\/2025\/07\/CALENDARI-eavilanova-2025-2026-families_page-0001-scaled.jpg\"><img loading=\"lazy\" decoding=\"async\" class=\"alignnone size-large wp-image-551\" src=\"https:\/\/agora.xtec.cat\/ceipantonivilanova\/wp-content\/uploads\/usu1328\/2025\/07\/CALENDARI-eavilanova-2025-2026-families_page-0001-1024x725.jpg\" alt=\"\" width=\"1024\" height=\"725\" srcset=\"https:\/\/agora.xtec.cat\/ceipantonivilanova\/wp-content\/uploads\/usu1328\/2025\/07\/CALENDARI-eavilanova-2025-2026-families_page-0001-1024x725.jpg 1024w, https:\/\/agora.xtec.cat\/ceipantonivilanova\/wp-content\/uploads\/usu1328\/2025\/07\/CALENDARI-eavilanova-2025-2026-families_page-0001-300x212.jpg 300w, https:\/\/agora.xtec.cat\/ceipantonivilanova\/wp-content\/uploads\/usu1328\/2025\/07\/CALENDARI-eavilanova-2025-2026-families_page-0001-768x544.jpg 768w, https:\/\/agora.xtec.cat\/ceipantonivilanova\/wp-content\/uploads\/usu1328\/2025\/07\/CALENDARI-eavilanova-2025-2026-families_page-0001-1536x1087.jpg 1536w, https:\/\/agora.xtec.cat\/ceipantonivilanova\/wp-content\/uploads\/usu1328\/2025\/07\/CALENDARI-eavilanova-2025-2026-families_page-0001-2048x1450.jpg 2048w\" sizes=\"auto, (max-width: 1024px) 100vw, 1024px\" \/><\/a><\/h4>\n<h4><\/h4>\n<h4><\/h4>\n<h4><\/h4>\n<h4><strong>Inici de curs:<\/strong><\/h4>\n<p>8 de setembre de 2025<\/p>\n<h4><strong>Vacances:<\/strong><\/h4>\n<p><strong>Del 20 de desembre de 2025 al 7 de gener de 2026<\/strong>: vacances de Nadal.<\/p>\n<p><strong>Del 28 de mar\u00e7 al 6 d&#8217;abril de 2026<\/strong>: vacances de Setmana Santa.<\/p>\n<p><strong>19 de juny de 2026<\/strong>: acaben les classes a l&#8217;educaci\u00f3 infantil (3-6 anys), a l&#8217;educaci\u00f3 prim\u00e0ria.<\/p>\n<h4><strong>Dies festius de lliure disposici\u00f3:<\/strong><\/h4>\n<p>11 de setembre de 2025<\/p>\n<p>10 d&#8217;octubre de 2025<\/p>\n<p>3 de novembre de 2025<\/p>\n<p>8 de desembre de 2025<\/p>\n<p>9 de desembre de 2025<\/p>\n<p>16 de febrer de 2026<\/p>\n<p>1 de maig de 2026<\/p>\n<p>4 de maig de 2026<\/p>\n<p>24 de maig de 2026<\/p>\n<h4><strong>Jornada compactada:<\/strong><\/h4>\n<p>19 de desembre de 2025 i del 8 al 19 de juny de \u00a0\u00a02026 (ambd\u00f3s inclosos)<\/p>\n<p>L\u2019<b>horari lectiu<\/b> del centre \u00e9s de 9 a 12,30 h i de 15,00 a 16,30 h per a tots els alumnes del centre. El dia 19 de desembre de 2025 i a partir del 8 de juny de 2026 es realitza horari compactat de 9 a 13h. (Els alumnes que utilitzen el servei de menjador surten a les 15:00h.)<\/p>\n<p>Per als alumnes que inicien l\u2019escolaritzaci\u00f3 a I3 s\u2019organitza un breu per\u00edode d\u2019adaptaci\u00f3 que suposa una certa modificaci\u00f3 dels horaris dels dos primers dies de classe, i que es fa saber a les fam\u00edlies en les reunions pr\u00e8vies corresponents.<\/p>\n","protected":false},"excerpt":{"rendered":"<p>Inici de curs: 8 de setembre de 2025 Vacances: Del 20 de desembre de 2025 al 7 de gener de [&hellip;]<\/p>\n","protected":false},"author":1,"featured_media":0,"parent":0,"menu_order":50,"comment_status":"closed","ping_status":"closed","template":"","meta":{"_bbp_topic_count":0,"_bbp_reply_count":0,"_bbp_total_topic_count":0,"_bbp_total_reply_count":0,"_bbp_voice_count":0,"_bbp_anonymous_reply_count":0,"_bbp_topic_count_hidden":0,"_bbp_reply_count_hidden":0,"_bbp_forum_subforum_count":0,"site-sidebar-layout":"default","site-content-layout":"","ast-site-content-layout":"default","site-content-style":"default","site-sidebar-style":"default","ast-global-header-display":"","ast-banner-title-visibility":"","ast-main-header-display":"","ast-hfb-above-header-display":"","ast-hfb-below-header-display":"","ast-hfb-mobile-header-display":"","site-post-title":"","ast-breadcrumbs-content":"","ast-featured-img":"","footer-sml-layout":"","theme-transparent-header-meta":"default","adv-header-id-meta":"","stick-header-meta":"","header-above-stick-meta":"","header-main-stick-meta":"","header-below-stick-meta":"","astra-migrate-meta-layouts":"set","ast-page-background-enabled":"default","ast-page-background-meta":{"desktop":{"background-color":"var(--ast-global-color-4)","background-image":"","background-repeat":"repeat","background-position":"center center","background-size":"auto","background-attachment":"scroll","background-type":"","background-media":"","overlay-type":"","overlay-color":"","overlay-opacity":"","overlay-gradient":""},"tablet":{"background-color":"","background-image":"","background-repeat":"repeat","background-position":"center center","background-size":"auto","background-attachment":"scroll","background-type":"","background-media":"","overlay-type":"","overlay-color":"","overlay-opacity":"","overlay-gradient":""},"mobile":{"background-color":"","background-image":"","background-repeat":"repeat","background-position":"center center","background-size":"auto","background-attachment":"scroll","background-type":"","background-media":"","overlay-type":"","overlay-color":"","overlay-opacity":"","overlay-gradient":""}},"ast-content-background-meta":{"desktop":{"background-color":"var(--ast-global-color-5)","background-image":"","background-repeat":"repeat","background-position":"center center","background-size":"auto","background-attachment":"scroll","background-type":"","background-media":"","overlay-type":"","overlay-color":"","overlay-opacity":"","overlay-gradient":""},"tablet":{"background-color":"var(--ast-global-color-5)","background-image":"","background-repeat":"repeat","background-position":"center center","background-size":"auto","background-attachment":"scroll","background-type":"","background-media":"","overlay-type":"","overlay-color":"","overlay-opacity":"","overlay-gradient":""},"mobile":{"background-color":"var(--ast-global-color-5)","background-image":"","background-repeat":"repeat","background-position":"center center","background-size":"auto","background-attachment":"scroll","background-type":"","background-media":"","overlay-type":"","overlay-color":"","overlay-opacity":"","overlay-gradient":""}},"footnotes":""},"class_list":["post-32","page","type-page","status-publish","hentry"],"post_mailing_queue_ids":[],"_links":{"self":[{"href":"https:\/\/agora.xtec.cat\/ceipantonivilanova\/wp-json\/wp\/v2\/pages\/32","targetHints":{"allow":["GET"]}}],"collection":[{"href":"https:\/\/agora.xtec.cat\/ceipantonivilanova\/wp-json\/wp\/v2\/pages"}],"about":[{"href":"https:\/\/agora.xtec.cat\/ceipantonivilanova\/wp-json\/wp\/v2\/types\/page"}],"author":[{"embeddable":true,"href":"https:\/\/agora.xtec.cat\/ceipantonivilanova\/wp-json\/wp\/v2\/users\/1"}],"replies":[{"embeddable":true,"href":"https:\/\/agora.xtec.cat\/ceipantonivilanova\/wp-json\/wp\/v2\/comments?post=32"}],"version-history":[{"count":4,"href":"https:\/\/agora.xtec.cat\/ceipantonivilanova\/wp-json\/wp\/v2\/pages\/32\/revisions"}],"predecessor-version":[{"id":552,"href":"https:\/\/agora.xtec.cat\/ceipantonivilanova\/wp-json\/wp\/v2\/pages\/32\/revisions\/552"}],"wp:attachment":[{"href":"https:\/\/agora.xtec.cat\/ceipantonivilanova\/wp-json\/wp\/v2\/media?parent=32"}],"curies":[{"name":"wp","href":"https:\/\/api.w.org\/{rel}","templated":true}]}}