{"id":7896,"date":"2024-08-19T13:57:52","date_gmt":"2024-08-19T11:57:52","guid":{"rendered":"https:\/\/agora.xtec.cat\/ceipantonigaudi\/?page_id=7896"},"modified":"2024-08-19T14:33:54","modified_gmt":"2024-08-19T12:33:54","slug":"politica-de-privacitat","status":"publish","type":"page","link":"https:\/\/agora.xtec.cat\/ceipantonigaudi\/politica-de-privacitat\/","title":{"rendered":"Pol\u00edtica de privacitat"},"content":{"rendered":"<h6 class=\"entry-title\"><strong><span style=\"text-decoration: underline; color: #333399;\">POL\u00cdTICA DE PRIVACITAT DEL LLOC WEB<\/span><\/strong><\/h6>\n<div class=\"entry-content\">\n<p>La nostra pol\u00edtica de privacitat descriu com recollim, guardem o utilitzem la informaci\u00f3 que recaptem a trav\u00e9s dels diferents serveis o p\u00e0gines disponibles en aquest lloc. \u00c9s important que entengui quina informaci\u00f3 recollim i com la utilitzem, ja que l\u2019acc\u00e9s a aquest lloc implica l\u2019acceptaci\u00f3 de la nostra pol\u00edtica de privacitat.<\/p>\n<h6><strong><span style=\"text-decoration: underline;\"><span style=\"color: #333399; text-decoration: underline;\">COOKIES<\/span><\/span><\/strong><\/h6>\n<p>L\u2019acc\u00e9s a aquest lloc implica la utilitzaci\u00f3 de cookies. Les cookies s\u00f3n petites quantitats d\u2019informaci\u00f3 que s\u2019emmagatzemen en el navegador utilitzat per cada usuari perqu\u00e8 el servidor recordi certa informaci\u00f3 que posteriorment pugui utilitzar. Aquesta informaci\u00f3 permet identificar a vost\u00e8 com un usuari concret i permet guardar les seves prefer\u00e8ncies personals, aix\u00ed com informaci\u00f3 t\u00e8cnica com poden ser visites o p\u00e0gines concretes que visiti.<\/p>\n<p>Aquells usuaris que no desitgin rebre cookies o vulguin ser informats abans que s\u2019emmagatzemin al seu ordinador, poden configurar el seu navegador a aquest efecte.<\/p>\n<p>La major part dels navegadors d\u2019avui en dia permeten la gesti\u00f3 de les cookies de 3 formes diferents:<\/p>\n<ul>\n<li>Les cookies no s\u2019accepten mai.<\/li>\n<li>El navegador pregunta a l\u2019usuari si s\u2019ha d\u2019acceptar cada cookie.<\/li>\n<li>Les cookies s\u2019accepten sempre<\/li>\n<\/ul>\n<p>El navegador tamb\u00e9 pot incloure la possibilitat d\u2019especificar millor qu\u00e8 cookies han de ser acceptades i quines no. En concret, l\u2019usuari pot normalment acceptar alguna de les seg\u00fcents opcions:<\/p>\n<ul>\n<li>rebutjar les cookies de determinats dominis;<\/li>\n<li>rebutjar les galetes de tercers;<\/li>\n<li>acceptar cookies com no persistents (s\u2019eliminen quan el navegador es tanca);<\/li>\n<li>permetre al servidor crear cookies per un domini diferent.<\/li>\n<\/ul>\n<p>Podeu trobar m\u00e9s informaci\u00f3 sobre les cookies a:\u00a0<a href=\"https:\/\/ca.wikipedia.org\/wiki\/Galeta_(inform%C3%A0tica)\">Viquip\u00e8dia<\/a><\/p>\n<h6><span style=\"text-decoration: underline;\"><strong><span style=\"color: #333399; text-decoration: underline;\">COM DESACTIVAR LES GALETES AL NAVEGADOR<\/span><\/strong><\/span><\/h6>\n<p>La majoria de navegadors actualment permeten a l\u2019usuari configurar si volen acceptar cookies i quines d\u2019elles. Aquests ajustaments normalment es troben en les \u2018opcions\u2019 o \u2018prefer\u00e8ncies\u2019 del men\u00fa del seu navegador.<\/p>\n<p>Aquestes s\u00f3n les instruccions per configurar les galetes en els principals navegadors:<\/p>\n<ul>\n<li><strong>Google Chrome<\/strong>: Configuraci\u00f3 -&gt; Mostra opcions avan\u00e7ades -&gt; Privadesa -&gt; Configuraci\u00f3 de contingut. Per a m\u00e9s informaci\u00f3, podeu consultar el suport de Google o l\u2019ajuda del navegador.<\/li>\n<li><strong>Mozilla Firefox<\/strong>: Eines -&gt; Opcions -&gt; Privadesa -&gt; Hist\u00f2ric -&gt; Configuraci\u00f3 Personalitzada. Per a m\u00e9s informaci\u00f3, podeu consultar el suport de Mozilla o l\u2019ajuda del navegador.<\/li>\n<li><strong>Internet Explorer<\/strong>: Eines -&gt; Opcions d\u2019Internet -&gt; Privacitat -&gt; Configuraci\u00f3. Per a m\u00e9s informaci\u00f3, pot consultar el suport de Microsoft o l\u2019ajuda del navegador.<\/li>\n<li><strong>Safari<\/strong>: Prefer\u00e8ncies -&gt; Seguretat. Per a m\u00e9s informaci\u00f3, pot consultar el suport d\u2019Apple o l\u2019ajuda del navegador.<\/li>\n<\/ul>\n<h6><span style=\"text-decoration: underline;\"><strong><span style=\"color: #333399; text-decoration: underline;\">TERCERS<\/span><\/strong><\/span><\/h6>\n<p>Aquest lloc mesura el tr\u00e0nsit amb diferents solucions que poden utilitzar cookies o web beacons per analitzar el que succeeix a les nostres p\u00e0gines. Actualment utilitzem les seg\u00fcents solucions per al mesurament del tr\u00e0nsit d\u2019aquest lloc. Trobareu m\u00e9s informaci\u00f3 sobre la pol\u00edtica de privacitat de cadascuna de les solucions utilitzades per a tal efecte:<\/p>\n<ul>\n<li>Google Analytics: Pol\u00edtica de Privadesa d\u2019Analytics<\/li>\n<li>Automattic (JetPack Stats): Pol\u00edtica de Privadesa d\u2019Automattic<\/li>\n<\/ul>\n<\/div>\n","protected":false},"excerpt":{"rendered":"<p>POL\u00cdTICA DE PRIVACITAT DEL LLOC WEB La nostra pol\u00edtica de privacitat descriu com recollim, guardem o utilitzem la informaci\u00f3 que recaptem a trav\u00e9s dels diferents serveis o p\u00e0gines disponibles en aquest lloc. \u00c9s important que entengui quina informaci\u00f3 recollim i com la utilitzem, ja que l\u2019acc\u00e9s a aquest lloc implica l\u2019acceptaci\u00f3 de la nostra pol\u00edtica [&hellip;]<\/p>\n","protected":false},"author":1,"featured_media":0,"parent":0,"menu_order":0,"comment_status":"closed","ping_status":"closed","template":"","meta":{"_bbp_topic_count":0,"_bbp_reply_count":0,"_bbp_total_topic_count":0,"_bbp_total_reply_count":0,"_bbp_voice_count":0,"_bbp_anonymous_reply_count":0,"_bbp_topic_count_hidden":0,"_bbp_reply_count_hidden":0,"_bbp_forum_subforum_count":0,"site-sidebar-layout":"default","site-content-layout":"","ast-site-content-layout":"","site-content-style":"default","site-sidebar-style":"default","ast-global-header-display":"","ast-banner-title-visibility":"","ast-main-header-display":"","ast-hfb-above-header-display":"","ast-hfb-below-header-display":"","ast-hfb-mobile-header-display":"","site-post-title":"","ast-breadcrumbs-content":"","ast-featured-img":"","footer-sml-layout":"","theme-transparent-header-meta":"","adv-header-id-meta":"","stick-header-meta":"","header-above-stick-meta":"","header-main-stick-meta":"","header-below-stick-meta":"","astra-migrate-meta-layouts":"default","ast-page-background-enabled":"default","ast-page-background-meta":{"desktop":{"background-color":"var(--ast-global-color-4)","background-image":"","background-repeat":"repeat","background-position":"center center","background-size":"auto","background-attachment":"scroll","background-type":"","background-media":"","overlay-type":"","overlay-color":"","overlay-opacity":"","overlay-gradient":""},"tablet":{"background-color":"","background-image":"","background-repeat":"repeat","background-position":"center center","background-size":"auto","background-attachment":"scroll","background-type":"","background-media":"","overlay-type":"","overlay-color":"","overlay-opacity":"","overlay-gradient":""},"mobile":{"background-color":"","background-image":"","background-repeat":"repeat","background-position":"center center","background-size":"auto","background-attachment":"scroll","background-type":"","background-media":"","overlay-type":"","overlay-color":"","overlay-opacity":"","overlay-gradient":""}},"ast-content-background-meta":{"desktop":{"background-color":"var(--ast-global-color-5)","background-image":"","background-repeat":"repeat","background-position":"center center","background-size":"auto","background-attachment":"scroll","background-type":"","background-media":"","overlay-type":"","overlay-color":"","overlay-opacity":"","overlay-gradient":""},"tablet":{"background-color":"var(--ast-global-color-5)","background-image":"","background-repeat":"repeat","background-position":"center center","background-size":"auto","background-attachment":"scroll","background-type":"","background-media":"","overlay-type":"","overlay-color":"","overlay-opacity":"","overlay-gradient":""},"mobile":{"background-color":"var(--ast-global-color-5)","background-image":"","background-repeat":"repeat","background-position":"center center","background-size":"auto","background-attachment":"scroll","background-type":"","background-media":"","overlay-type":"","overlay-color":"","overlay-opacity":"","overlay-gradient":""}},"footnotes":""},"class_list":["post-7896","page","type-page","status-publish","hentry"],"post_mailing_queue_ids":[],"_links":{"self":[{"href":"https:\/\/agora.xtec.cat\/ceipantonigaudi\/wp-json\/wp\/v2\/pages\/7896","targetHints":{"allow":["GET"]}}],"collection":[{"href":"https:\/\/agora.xtec.cat\/ceipantonigaudi\/wp-json\/wp\/v2\/pages"}],"about":[{"href":"https:\/\/agora.xtec.cat\/ceipantonigaudi\/wp-json\/wp\/v2\/types\/page"}],"author":[{"embeddable":true,"href":"https:\/\/agora.xtec.cat\/ceipantonigaudi\/wp-json\/wp\/v2\/users\/1"}],"replies":[{"embeddable":true,"href":"https:\/\/agora.xtec.cat\/ceipantonigaudi\/wp-json\/wp\/v2\/comments?post=7896"}],"version-history":[{"count":3,"href":"https:\/\/agora.xtec.cat\/ceipantonigaudi\/wp-json\/wp\/v2\/pages\/7896\/revisions"}],"predecessor-version":[{"id":7908,"href":"https:\/\/agora.xtec.cat\/ceipantonigaudi\/wp-json\/wp\/v2\/pages\/7896\/revisions\/7908"}],"wp:attachment":[{"href":"https:\/\/agora.xtec.cat\/ceipantonigaudi\/wp-json\/wp\/v2\/media?parent=7896"}],"curies":[{"name":"wp","href":"https:\/\/api.w.org\/{rel}","templated":true}]}}