{"id":7881,"date":"2024-08-19T13:14:40","date_gmt":"2024-08-19T11:14:40","guid":{"rendered":"https:\/\/agora.xtec.cat\/ceipantonigaudi\/?page_id=7881"},"modified":"2024-08-19T16:37:01","modified_gmt":"2024-08-19T14:37:01","slug":"termes-i-condicions-de-pagament","status":"publish","type":"page","link":"https:\/\/agora.xtec.cat\/ceipantonigaudi\/termes-i-condicions-de-pagament\/","title":{"rendered":"Termes i condicions de pagament"},"content":{"rendered":"<p><span style=\"text-decoration: underline; color: #333399;\"><strong>CONDICIONS GENERALS DE PAGAMEN<\/strong><\/span><\/p>\n<p>El present acord regula les condicions generals de pagament dels serveis oferts en la present p\u00e0gina web per l\u2019<strong>Escola Antoni Gaud\u00ed <\/strong>amb CIF n\u00fam.\u00a0<strong>Q5856083J <\/strong>\u00a0i domicili al\u00a0<strong>Carrer Circumval\u00b7laci\u00f3, 27, 08923 Santa Coloma de Gramenet.<\/strong><\/p>\n<p>El pare\/mare o tutor\/a legal, en el moment que realitza el pagament de la quota de material anual, accepta i se sotmet expressament a les cl\u00e0usules especificades a continuaci\u00f3, la seva pol\u00edtica de privacitat, av\u00eds legal i la resta d\u2019aspectes legals que en conjunt donen compliment a l\u2019article 10 de la Llei 34\/2002, de l\u201911 de juliol, de serveis de la Societat de la Informaci\u00f3 i Comer\u00e7 Electr\u00f2nic (LSSICE).<\/p>\n<p>Les presents condicions estan permanentment accessibles en els avisos legals de la nostra p\u00e0gina web i poden ser consultades sempre que l\u2019alumne ho requereixi.<\/p>\n<p>El sistema de pagament online de l\u2019<strong>Escola<\/strong>\u00a0no \u00e9s una botiga virtual i, per tant, no es dedica a vendre productes i\/o serveis. \u00danicament facilita el pagament de la quota de material del centre a trav\u00e9s de targeta de d\u00e8bit\/cr\u00e8dit i a trav\u00e9s de Bizum.<\/p>\n<p><span style=\"text-decoration: underline; color: #333399;\"><strong>PRIMER.- PREUS I IMPOSTOS<\/strong><\/span><\/p>\n<p>En contraprestaci\u00f3 pel producte\/servei adquirit, la <strong>FAM\u00cdLIA\u00a0<\/strong>accepta pagar expressament a l\u2019<strong>Escola<\/strong>\u00a0les quantitats especificades en el moment del pagament a la relaci\u00f3 de preus establerts segons el nivell del l\u2019alumne\/a.<\/p>\n<p>No s\u2019inclou tot all\u00f2 que no aparegui especificat en la descripci\u00f3 com incl\u00f2s.<\/p>\n<p><span style=\"text-decoration: underline; color: #333399;\"><strong>SEGON.- PROCEDIMENT DE PAGAMENT<\/strong><\/span><\/p>\n<p>A trav\u00e9s d\u2019aquesta p\u00e0gina web nom\u00e9s podran realitzar pagaments persones f\u00edsiques majors d\u2019edat ( pare\/mare o tutor\/a legal), que emplenaran les dades de l\u2019alumne\/a que compleixi els requisits acad\u00e8mics per accedir a la quota a pagar.<\/p>\n<p>El procediment per efectuar i gestionar el pagament es va indicant a la p\u00e0gina web i nom\u00e9s s\u2019han de seguir els passos marcats.<\/p>\n<p><span style=\"text-decoration: underline;\"><span style=\"color: #333399;\"><strong>TERCER.- DISPONIBILITAT<\/strong><\/span><\/span><\/p>\n<p>El pagament de la quota de material s\u2019haur\u00e0 de fer efectiva abans del 15 d\u2019octubre.<\/p>\n<p>La comanda es processar\u00e0 una vegada que s\u2019hagi rebut correctament el pagament.<\/p>\n<p>Amb l\u2019objecte que en tot moment estigui informat de la gesti\u00f3 del seu pagament, rebr\u00e0 per correu electr\u00f2nic un av\u00eds de la confirmaci\u00f3 de la seva comanda i del pagament.<\/p>\n<p>Aix\u00ed mateix, la<strong> FAM\u00cdLIA\u00a0<\/strong>pot consultar l\u2019estat de la seva comanda enviant un correu electr\u00f2nic a l\u2019adre\u00e7a\u00a0<em>08035519@xtec.cat<\/em><\/p>\n<p><span style=\"text-decoration: underline;\"><span style=\"color: #333399;\"><strong>QUART.- PAGAMENT I PER\u00cdODES DE PAGAMENT<\/strong><\/span><\/span><\/p>\n<p>S\u2019accepten les seg\u00fcents formes de pagament :<\/p>\n<ul>\n<li><strong><em>Targeta de d\u00e8bit\/cr\u00e8dit<\/em><\/strong>: La transacci\u00f3 es realitza connectant directament amb l\u2019entitat banc\u00e0ria a trav\u00e9s de la seva passarel\u00b7la de pagament.<\/li>\n<li><strong><em>Bizum<\/em><\/strong><strong>:<\/strong> La transacci\u00f3 es realitza connectant directament amb l\u2019entitat banc\u00e0ria a trav\u00e9s de la seva passarel\u00b7la de pagament.<\/li>\n<\/ul>\n<p>L\u2019<strong>Escola <\/strong>no t\u00e9 coneixement de les dades referents a la targeta de d\u00e8bit\/cr\u00e8dit o Bizum. Tots els nostres sistemes de pagament s\u00f3n totalment segurs.<\/p>\n<p>L\u2019<strong>Escola<\/strong>\u00a0es reserva el dret a no cedir el material corresponent a l\u2019alumnat davant de qualsevol incid\u00e8ncia en mat\u00e8ria de cobrament incomplet o impagament dels mateixos.<\/p>\n<p><span style=\"text-decoration: underline;\"><span style=\"color: #333399;\"><strong>CINQU\u00c8.- COMPROVANT DE PAGAMENT<\/strong><\/span><\/span><\/p>\n<p>Quan s\u2019efectua el pagament corresponent s\u2019haur\u00e0 de presentar al centre el comprovant de pagament facilitat a la p\u00e0gina de l\u2019activitat seleccionada.<\/p>\n<p>La <strong>FAM\u00cdLIA<\/strong>\u00a0\u00e9s responsable de la confirmaci\u00f3 de la recepci\u00f3 de les notificacions i de posar en el nostre coneixement qualsevol modificaci\u00f3 sobre les seves dades, quedant l\u2019<strong>Escola<\/strong> exonerada de qualsevol responsabilitat derivada per aquesta circumst\u00e0ncia.<\/p>\n<p><span style=\"text-decoration: underline;\"><span style=\"color: #333399;\"><strong>SIS\u00c8.- DEVOLUCIONS<\/strong><\/span><\/span><\/p>\n<p>Les devolucions es podran gestionar a trav\u00e9s de l\u2019enviament d\u2019un correu electr\u00f2nic a a8035519@xtec.cat aportant una descripci\u00f3 dels motius i de les causes al\u00b7legades per a la devoluci\u00f3. Aix\u00ed mateix, caldr\u00e0 assenyalar el nom i cognoms i el n\u00famero de refer\u00e8ncia de la comanda. Un cop rebuda la petici\u00f3, la tramitarem oportunament.<\/p>\n<p>En tot cas, la devoluci\u00f3 quedar\u00e0 sempre subjecta a previ examen per part l\u2019<strong>Escola<\/strong>\u00a0i a la verificaci\u00f3 que s\u2019han complert els requisits exigibles en les presents condicions. Un cop rebuda la devoluci\u00f3 i en cas que sigui procedent, reemborsarem l\u2019import cobrat en un termini m\u00e0xim de 30 dies naturals i en els mateixos termes que es van usar per efectuar el pagament.<\/p>\n<p><span style=\"text-decoration: underline; color: #333399;\"><strong>SET\u00c8.- MODIFICACIONS DELS SERVEIS<\/strong><\/span><\/p>\n<p>L\u2019<strong>Escola<\/strong>\u00a0es reserva el dret de modificar, de forma les caracter\u00edstiques i condicions dels seus serveis i productes, sempre amb l\u2019objectiu de millorar-los i que suposi un benefici per a l\u2019<strong>ALUMNE\/A<\/strong>.<\/p>\n","protected":false},"excerpt":{"rendered":"<p>CONDICIONS GENERALS DE PAGAMEN El present acord regula les condicions generals de pagament dels serveis oferts en la present p\u00e0gina web per l\u2019Escola Antoni Gaud\u00ed amb CIF n\u00fam.\u00a0Q5856083J \u00a0i domicili al\u00a0Carrer Circumval\u00b7laci\u00f3, 27, 08923 Santa Coloma de Gramenet. El pare\/mare o tutor\/a legal, en el moment que realitza el pagament de la quota de material [&hellip;]<\/p>\n","protected":false},"author":1,"featured_media":0,"parent":0,"menu_order":0,"comment_status":"closed","ping_status":"closed","template":"","meta":{"_bbp_topic_count":0,"_bbp_reply_count":0,"_bbp_total_topic_count":0,"_bbp_total_reply_count":0,"_bbp_voice_count":0,"_bbp_anonymous_reply_count":0,"_bbp_topic_count_hidden":0,"_bbp_reply_count_hidden":0,"_bbp_forum_subforum_count":0,"site-sidebar-layout":"default","site-content-layout":"","ast-site-content-layout":"","site-content-style":"default","site-sidebar-style":"default","ast-global-header-display":"","ast-banner-title-visibility":"","ast-main-header-display":"","ast-hfb-above-header-display":"","ast-hfb-below-header-display":"","ast-hfb-mobile-header-display":"","site-post-title":"","ast-breadcrumbs-content":"","ast-featured-img":"","footer-sml-layout":"","theme-transparent-header-meta":"","adv-header-id-meta":"","stick-header-meta":"","header-above-stick-meta":"","header-main-stick-meta":"","header-below-stick-meta":"","astra-migrate-meta-layouts":"default","ast-page-background-enabled":"default","ast-page-background-meta":{"desktop":{"background-color":"var(--ast-global-color-4)","background-image":"","background-repeat":"repeat","background-position":"center center","background-size":"auto","background-attachment":"scroll","background-type":"","background-media":"","overlay-type":"","overlay-color":"","overlay-opacity":"","overlay-gradient":""},"tablet":{"background-color":"","background-image":"","background-repeat":"repeat","background-position":"center center","background-size":"auto","background-attachment":"scroll","background-type":"","background-media":"","overlay-type":"","overlay-color":"","overlay-opacity":"","overlay-gradient":""},"mobile":{"background-color":"","background-image":"","background-repeat":"repeat","background-position":"center center","background-size":"auto","background-attachment":"scroll","background-type":"","background-media":"","overlay-type":"","overlay-color":"","overlay-opacity":"","overlay-gradient":""}},"ast-content-background-meta":{"desktop":{"background-color":"var(--ast-global-color-5)","background-image":"","background-repeat":"repeat","background-position":"center center","background-size":"auto","background-attachment":"scroll","background-type":"","background-media":"","overlay-type":"","overlay-color":"","overlay-opacity":"","overlay-gradient":""},"tablet":{"background-color":"var(--ast-global-color-5)","background-image":"","background-repeat":"repeat","background-position":"center center","background-size":"auto","background-attachment":"scroll","background-type":"","background-media":"","overlay-type":"","overlay-color":"","overlay-opacity":"","overlay-gradient":""},"mobile":{"background-color":"var(--ast-global-color-5)","background-image":"","background-repeat":"repeat","background-position":"center center","background-size":"auto","background-attachment":"scroll","background-type":"","background-media":"","overlay-type":"","overlay-color":"","overlay-opacity":"","overlay-gradient":""}},"footnotes":""},"class_list":["post-7881","page","type-page","status-publish","hentry"],"post_mailing_queue_ids":[],"_links":{"self":[{"href":"https:\/\/agora.xtec.cat\/ceipantonigaudi\/wp-json\/wp\/v2\/pages\/7881","targetHints":{"allow":["GET"]}}],"collection":[{"href":"https:\/\/agora.xtec.cat\/ceipantonigaudi\/wp-json\/wp\/v2\/pages"}],"about":[{"href":"https:\/\/agora.xtec.cat\/ceipantonigaudi\/wp-json\/wp\/v2\/types\/page"}],"author":[{"embeddable":true,"href":"https:\/\/agora.xtec.cat\/ceipantonigaudi\/wp-json\/wp\/v2\/users\/1"}],"replies":[{"embeddable":true,"href":"https:\/\/agora.xtec.cat\/ceipantonigaudi\/wp-json\/wp\/v2\/comments?post=7881"}],"version-history":[{"count":2,"href":"https:\/\/agora.xtec.cat\/ceipantonigaudi\/wp-json\/wp\/v2\/pages\/7881\/revisions"}],"predecessor-version":[{"id":7910,"href":"https:\/\/agora.xtec.cat\/ceipantonigaudi\/wp-json\/wp\/v2\/pages\/7881\/revisions\/7910"}],"wp:attachment":[{"href":"https:\/\/agora.xtec.cat\/ceipantonigaudi\/wp-json\/wp\/v2\/media?parent=7881"}],"curies":[{"name":"wp","href":"https:\/\/api.w.org\/{rel}","templated":true}]}}