{"id":919,"date":"2024-01-29T17:40:13","date_gmt":"2024-01-29T16:40:13","guid":{"rendered":"https:\/\/agora.xtec.cat\/ceipantonibrusi\/?page_id=919"},"modified":"2025-06-12T13:36:07","modified_gmt":"2025-06-12T11:36:07","slug":"clausules-inscripcio","status":"publish","type":"page","link":"https:\/\/agora.xtec.cat\/ceipantonibrusi\/clausules-inscripcio\/","title":{"rendered":"Cl\u00e0usules inscripci\u00f3 extraescolars curs 2025-2026"},"content":{"rendered":"<h2><span style=\"font-weight: 400;\">Cl\u00e0usules inscripci\u00f3 extraescolars curs 2025-2026<\/span><\/h2>\n<h4><b>INFORMACI\u00d3 ADDICIONAL PER A LA INSCRIPCI\u00d3 A LES EXTRAESCOLARS I ACOLLIDA AFA ANTONI BRUSI CURS 2025-2026<\/b><\/h4>\n<p><b>Data publicaci\u00f3: 11\/06\/25<\/b><\/p>\n<p><b>La inscripci\u00f3 de qualsevol de les activitats implica l\u2019acceptaci\u00f3 d\u2019aquestes cl\u00e0usules.<\/b><\/p>\n<p><b>INSCRIPCIONS<\/b><\/p>\n<p><b>Data d&#8217;inscripci\u00f3 d&#8217;activitats des de l\u201911 de juny fins al 26 de juny<\/b><\/p>\n<p><span style=\"font-weight: 400;\">Els alumnes que no hagin formalitzat la matr\u00edcula abans del 26 de juny entraran en llista d&#8217;espera <\/span><span style=\"font-weight: 400;\">i es tindr\u00e0 en compte l&#8217;ordre d&#8217;inscripci\u00f3 dels alumnes nous en cas de manca de places.<\/span><\/p>\n<p><b>CALENDARI<\/b><\/p>\n<ul>\n<li style=\"font-weight: 400;\" aria-level=\"1\"><span style=\"font-weight: 400;\">Les activitats comen\u00e7aran el <\/span><b>15 de setembre.<\/b><\/li>\n<li style=\"font-weight: 400;\" aria-level=\"1\"><span style=\"font-weight: 400;\">El calendari de les activitats es regeix pel mateix calendari escolar de l\u2019Escola Antoni Brusi (excursions, festes de lliure disposici\u00f3, etc).<\/span><\/li>\n<li style=\"font-weight: 400;\" aria-level=\"1\"><span style=\"font-weight: 400;\">Les classes en dia festiu, per malaltia de l\u2019alumne o per coincid\u00e8ncia amb una altra activitat del Brusi (excursions) no es recuperen. En cas que el professor falti s\u2019intentar\u00e0 enviar un professor substitut.<\/span><\/li>\n<\/ul>\n<p><b>ALTES I BAIXES<\/b><\/p>\n<ul>\n<li style=\"font-weight: 400;\" aria-level=\"1\"><span style=\"font-weight: 400;\">Les baixes de qualsevol activitat extraescolar seran <\/span><b>TRIMESTRALS.<\/b><span style=\"font-weight: 400;\"> Es podran realitzar les baixes mitjan\u00e7ant el web durant l\u2019\u00faltima quinzena del trimestre. No s\u2019acceptaran baixes fora del termini establert.<\/span><\/li>\n<li style=\"font-weight: 400;\" aria-level=\"1\"><span style=\"font-weight: 400;\">Si no es comunica una baixa, entenem que l\u2019infant continua cursant l\u2019activitat durant el seg\u00fcent trimestre.<\/span><\/li>\n<li style=\"font-weight: 400;\" aria-level=\"1\"><span style=\"font-weight: 400;\">Es podran fer altes fora de termini sempre que quedin places disponibles i <\/span><b>previ<\/b><span style=\"font-weight: 400;\"> pagament de la totalitat de la primera quota a l\u2019oficina de l\u2019AFA (no pot comen\u00e7ar l\u2019extraescolar fins que no es faci efectiu el pagament).<\/span><\/li>\n<li style=\"font-weight: 400;\" aria-level=\"1\"><span style=\"font-weight: 400;\">Per donar d\u2019alta de nou l\u2019activitat dintre del mateix curs escolar, ser\u00e0 necessari abonar de nou la matr\u00edcula, excepte en aquells casos on hi hagi un motiu justificat.<\/span><\/li>\n<li style=\"font-weight: 400;\" aria-level=\"1\"><span style=\"font-weight: 400;\">Durant el per\u00edode de jornada intensiva del mes de juny les activitats extraescolars es realitzaran amb normalitat, ja que formen part del tercer trimestre i es cobrar\u00e0 el mes sencer.<\/span><\/li>\n<\/ul>\n<p><b>PAGAMENTS<\/b><\/p>\n<ul>\n<li aria-level=\"1\"><b>\u00c9s un requisit indispensable estar al corrent de la quota de soci, matr\u00edcules i mensualitats del curs actual. En cas contrari, la compra d\u2019activitats noves no seran v\u00e0lides.<\/b><\/li>\n<\/ul>\n<ul>\n<li style=\"font-weight: 400;\" aria-level=\"1\"><span style=\"font-weight: 400;\">L\u2019incompliment en els pagaments de les activitats ser\u00e0 <\/span><span style=\"font-weight: 400;\">motiu de baixa<\/span><span style=\"font-weight: 400;\"> del servei d\u2019extraescolars i\/o acollida fins que la fam\u00edlia es posi al dia en els pagaments.<\/span><\/li>\n<li style=\"font-weight: 400;\" aria-level=\"1\"><span style=\"font-weight: 400;\">Durant el mes de setembre es cobraran les matr\u00edcules de les activitats a les quals estiguin inscrits els vostres fills\/filles.<\/span><\/li>\n<li style=\"font-weight: 400;\" aria-level=\"1\"><span style=\"font-weight: 400;\">Pagaments: El mes de setembre es cobrar\u00e0<\/span><b> la meitat de la quota mensual. <\/b><span style=\"font-weight: 400;\">De l\u2019octubre fins al juny, es cobrar\u00e0 <\/span><b>la quota sencera.<\/b><\/li>\n<li style=\"font-weight: 400;\" aria-level=\"1\"><span style=\"font-weight: 400;\">Les activitats es cobren mensualment per domiciliaci\u00f3 banc\u00e0ria (excepte primera quota d\u2019altes fora de termini que es pagar\u00e0 a l\u2019oficina).<\/span><\/li>\n<li style=\"font-weight: 400;\" aria-level=\"1\"><span style=\"font-weight: 400;\">Les quotes no s\u00f3n retornables ni es faran descomptes per cap motiu (no assist\u00e8ncia per malaltia, accident, viatges, etc.)<\/span><\/li>\n<li style=\"font-weight: 400;\" aria-level=\"1\"><span style=\"font-weight: 400;\">Si es retorna un rebut, s\u2019informar\u00e0 a la fam\u00edlia que ha de passar per l\u2019oficina de l\u2019AFA per fer el pagament i cobrar les despeses de devoluci\u00f3 (2,42 euros). Si no s\u2019efectua el pagament en el termini establert es donar\u00e0 de baixa l\u2019infant de l\u2019extraescolar i\/o servei d\u2019acollida.<\/span><\/li>\n<li style=\"font-weight: 400;\" aria-level=\"1\"><span style=\"font-weight: 400;\">Els preus de les activitats poden estar subjectes a variacions previ av\u00eds a les fam\u00edlies.<\/span><\/li>\n<\/ul>\n<p><b>HORARIS<\/b><\/p>\n<ul>\n<li style=\"font-weight: 400;\" aria-level=\"1\"><span style=\"font-weight: 400;\">Es recorda la necessitat de respectar els horaris de recollida dels infants. En cas de no respectar l\u2019horari i arribar tard a la recollida de l\u2019infant sense cap motiu justificat, <\/span><b>s\u2019activar\u00e0 el protocol corresponent i<\/b><b> es cobrar\u00e0 una hora de servei d\u2019acollida <\/b><b>si l\u2019infant s\u2019ha quedat a c\u00e0rrec d\u2019un monitor\/a o altre professional.\u00a0<\/b><\/li>\n<\/ul>\n<p><b>NOTA: La cancel\u00b7laci\u00f3 d\u2019una activitat es far\u00e0 <\/b><b>TRIMESTRALMENT.\u00a0<\/b><\/p>\n<p><b>\u00a0<\/b><\/p>\n<p><b>CL\u00c0USULES DE M\u00daSICA<\/b><\/p>\n<ul>\n<li style=\"font-weight: 400;\" aria-level=\"1\"><b>Data d&#8217;inscripci\u00f3 d&#8217;activitats des del 11 de juny fins al 26 de juny<\/b><\/li>\n<\/ul>\n<p><span style=\"font-weight: 400;\">Els alumnes que no hagin formalitzat la matr\u00edcula abans del 26 de juny entraran en llista d&#8217;espera <\/span><span style=\"font-weight: 400;\">i es tindr\u00e0 en compte l&#8217;ordre d&#8217;inscripci\u00f3 dels alumnes nous en cas de manca de places.<\/span><\/p>\n<ul>\n<li style=\"font-weight: 400;\" aria-level=\"1\"><span style=\"font-weight: 400;\">Per organitzar els horaris de m\u00fasica \u00e9s necessari que realitzeu les inscripcions de <\/span><b>totes les activitats de migdia<\/b> <span style=\"font-weight: 400;\">que far\u00e0 el vostre fill (escacs, c\u00f2mic, angl\u00e8s, honey clay i teatre, i indicar si<\/span><b> NO<\/b><span style=\"font-weight: 400;\"> es queda a dinar habitualment). Si no ho indiqueu, no es garanteix la compatibilitat d\u2019activitats.<\/span><\/li>\n<li style=\"font-weight: 400;\" aria-level=\"1\"><span style=\"font-weight: 400;\">Les classes de m\u00fasica s\u2019iniciaran el <\/span><b>15 de setembre<\/b><span style=\"font-weight: 400;\">. En el cas dels alumnes que es matriculin d\u2019instrument al setembre, comen\u00e7aran les classes a l\u2019octubre sempre que quedin places.<\/span><\/li>\n<li style=\"font-weight: 400;\" aria-level=\"1\"><span style=\"font-weight: 400;\">Les <\/span><b>classes d\u2019instrument nom\u00e9s es recuperaran<\/b><span style=\"font-weight: 400;\"> en cas d\u2019abs\u00e8ncia del professor. En aquests casos, s\u2019intentar\u00e0 assignar un professor substitut, excepte si el professor i l\u2019alumne han acordat una altra soluci\u00f3 pr\u00e8viament.\u00a0<\/span><\/li>\n<li style=\"font-weight: 400;\" aria-level=\"1\"><span style=\"font-weight: 400;\">Un cop es publiqui el <\/span><b>calendari escolar del curs 2025-2026<\/b><span style=\"font-weight: 400;\"> i l\u2019escola comuniqui els dies festius de lliure disposici\u00f3, s\u2019avaluar\u00e0 quines sessions de dilluns i\/o divendres caldr\u00e0 compensar, per tal d\u2019equilibrar el nombre anual de classes i garantir una mitjana coherent entre els diferents dies de la setmana. Aquestes <\/span><b>classes compensat\u00f2ries<\/b><span style=\"font-weight: 400;\"> es podran realitzar en el <\/span><b>format que el professor\/a consideri m\u00e9s adequat<\/b><span style=\"font-weight: 400;\"> (com ara allargament de les sessions habituals, classes col\u00b7lectives, etc.).<\/span><\/li>\n<li style=\"font-weight: 400;\" aria-level=\"1\"><span style=\"font-weight: 400;\">Durant el per\u00edode de jornada intensiva del mes de juny l\u2019activitat de m\u00fasica continua tot i que pot variar una mica l\u2019horari.<\/span><\/li>\n<li style=\"font-weight: 400;\" aria-level=\"1\"><span style=\"font-weight: 400;\">Els alumnes que no es quedin a dinar a l\u2019escola faran classe d\u2019instrument a les 12\u201930 o a les 14\u201930h. En cap cas es podran quedar en horari de migdia al pati.<\/span><\/li>\n<\/ul>\n<p><span style=\"font-weight: 400;\">\u00a0Per a qualsevol dubte o aclariment podeu adre\u00e7ar-vos a:\u00a0 <\/span><b>afa.brusi@gmail.com<\/b><\/p>\n","protected":false},"excerpt":{"rendered":"<p>Cl\u00e0usules inscripci\u00f3 extraescolars curs 2025-2026 INFORMACI\u00d3 ADDICIONAL PER A LA INSCRIPCI\u00d3 A LES EXTRAESCOLARS I ACOLLIDA AFA ANTONI BRUSI CURS 2025-2026 Data publicaci\u00f3: 11\/06\/25 La inscripci\u00f3 de qualsevol de les activitats implica l\u2019acceptaci\u00f3 d\u2019aquestes cl\u00e0usules. INSCRIPCIONS Data d&#8217;inscripci\u00f3 d&#8217;activitats des de l\u201911 de juny fins al 26 de juny Els alumnes que no hagin formalitzat [&hellip;]<\/p>\n","protected":false},"author":5,"featured_media":0,"parent":0,"menu_order":0,"comment_status":"closed","ping_status":"closed","template":"","meta":{"_bbp_topic_count":0,"_bbp_reply_count":0,"_bbp_total_topic_count":0,"_bbp_total_reply_count":0,"_bbp_voice_count":0,"_bbp_anonymous_reply_count":0,"_bbp_topic_count_hidden":0,"_bbp_reply_count_hidden":0,"_bbp_forum_subforum_count":0,"site-sidebar-layout":"default","site-content-layout":"","ast-site-content-layout":"","site-content-style":"default","site-sidebar-style":"default","ast-global-header-display":"","ast-banner-title-visibility":"","ast-main-header-display":"","ast-hfb-above-header-display":"","ast-hfb-below-header-display":"","ast-hfb-mobile-header-display":"","site-post-title":"","ast-breadcrumbs-content":"","ast-featured-img":"","footer-sml-layout":"","theme-transparent-header-meta":"","adv-header-id-meta":"","stick-header-meta":"","header-above-stick-meta":"","header-main-stick-meta":"","header-below-stick-meta":"","astra-migrate-meta-layouts":"default","ast-page-background-enabled":"default","ast-page-background-meta":{"desktop":{"background-color":"var(--ast-global-color-4)","background-image":"","background-repeat":"repeat","background-position":"center center","background-size":"auto","background-attachment":"scroll","background-type":"","background-media":"","overlay-type":"","overlay-color":"","overlay-opacity":"","overlay-gradient":""},"tablet":{"background-color":"","background-image":"","background-repeat":"repeat","background-position":"center center","background-size":"auto","background-attachment":"scroll","background-type":"","background-media":"","overlay-type":"","overlay-color":"","overlay-opacity":"","overlay-gradient":""},"mobile":{"background-color":"","background-image":"","background-repeat":"repeat","background-position":"center center","background-size":"auto","background-attachment":"scroll","background-type":"","background-media":"","overlay-type":"","overlay-color":"","overlay-opacity":"","overlay-gradient":""}},"ast-content-background-meta":{"desktop":{"background-color":"var(--ast-global-color-5)","background-image":"","background-repeat":"repeat","background-position":"center center","background-size":"auto","background-attachment":"scroll","background-type":"","background-media":"","overlay-type":"","overlay-color":"","overlay-opacity":"","overlay-gradient":""},"tablet":{"background-color":"var(--ast-global-color-5)","background-image":"","background-repeat":"repeat","background-position":"center center","background-size":"auto","background-attachment":"scroll","background-type":"","background-media":"","overlay-type":"","overlay-color":"","overlay-opacity":"","overlay-gradient":""},"mobile":{"background-color":"var(--ast-global-color-5)","background-image":"","background-repeat":"repeat","background-position":"center center","background-size":"auto","background-attachment":"scroll","background-type":"","background-media":"","overlay-type":"","overlay-color":"","overlay-opacity":"","overlay-gradient":""}},"footnotes":""},"class_list":["post-919","page","type-page","status-publish","hentry"],"post_mailing_queue_ids":[],"_links":{"self":[{"href":"https:\/\/agora.xtec.cat\/ceipantonibrusi\/wp-json\/wp\/v2\/pages\/919","targetHints":{"allow":["GET"]}}],"collection":[{"href":"https:\/\/agora.xtec.cat\/ceipantonibrusi\/wp-json\/wp\/v2\/pages"}],"about":[{"href":"https:\/\/agora.xtec.cat\/ceipantonibrusi\/wp-json\/wp\/v2\/types\/page"}],"author":[{"embeddable":true,"href":"https:\/\/agora.xtec.cat\/ceipantonibrusi\/wp-json\/wp\/v2\/users\/5"}],"replies":[{"embeddable":true,"href":"https:\/\/agora.xtec.cat\/ceipantonibrusi\/wp-json\/wp\/v2\/comments?post=919"}],"version-history":[{"count":5,"href":"https:\/\/agora.xtec.cat\/ceipantonibrusi\/wp-json\/wp\/v2\/pages\/919\/revisions"}],"predecessor-version":[{"id":1754,"href":"https:\/\/agora.xtec.cat\/ceipantonibrusi\/wp-json\/wp\/v2\/pages\/919\/revisions\/1754"}],"wp:attachment":[{"href":"https:\/\/agora.xtec.cat\/ceipantonibrusi\/wp-json\/wp\/v2\/media?parent=919"}],"curies":[{"name":"wp","href":"https:\/\/api.w.org\/{rel}","templated":true}]}}