{"id":869,"date":"2024-01-25T10:35:58","date_gmt":"2024-01-25T09:35:58","guid":{"rendered":"https:\/\/agora.xtec.cat\/ceipantonibrusi\/?page_id=869"},"modified":"2025-10-22T11:39:54","modified_gmt":"2025-10-22T09:39:54","slug":"fes-ten-soci","status":"publish","type":"page","link":"https:\/\/agora.xtec.cat\/ceipantonibrusi\/fes-ten-soci\/","title":{"rendered":"Fes-te\u2019n Soci"},"content":{"rendered":"<h5><b>Uneix-te a l\u2019AFA Antoni Brusi!<\/b><\/h5>\n<p>Ser soci\/a de l\u2019AFA solament t\u00e9 un cost de 5<b>0 euros\/fam\u00edlia a l\u2019any<\/b>, gr\u00e0cies a les fam\u00edlies que s\u00f3n s\u00f2cies de l\u2019AFA podem donar suport a l\u2019escola. L\u2019AFA treballa per tots els infants siguin socis o no, per\u00f2 evidentment, quan m\u00e9s fam\u00edlies s\u00f2cies siguem podrem aportar molt m\u00e9s a la nostra comunitat educativa.<\/p>\n<p><a href=\"https:\/\/www.afaantonibrusi.cat\/extraescolars\/extraescolars\/registre\">Fes-te&#8217;n soci aqu\u00ed<\/a><\/p>\n<p><b>Necessites m\u00e9s informaci\u00f3?<\/b><\/p>\n<p>Contacta amb nosaltres a trav\u00e9s del correu electr\u00f2nic <a href=\"mailto:afa.brusi@gmail.com\">afa.brusi@gmail.com<\/a><\/p>\n<p>Si vols informaci\u00f3 de forma presencial, pots dirigir-te a l\u2019oficina de l\u2019AFA en el seg\u00fcent horari:<\/p>\n<ul>\n<li aria-level=\"1\">De dilluns a dijous de 12.00 h a 15.00 h i de 16.00 a 18.00 h<\/li>\n<li aria-level=\"1\">Divendres de 12.00 h a 15.00 h<\/li>\n<\/ul>\n<p><iframe loading=\"lazy\" src=\"https:\/\/drive.google.com\/file\/d\/1sTJj2tFMqbuYHncfzONCSnRdU62AG_uN\/preview\" width=\"640\" height=\"480\"><\/iframe><\/p>\n","protected":false},"excerpt":{"rendered":"<p>Uneix-te a l\u2019AFA Antoni Brusi! Ser soci\/a de l\u2019AFA solament t\u00e9 un cost de 50 euros\/fam\u00edlia a l\u2019any, gr\u00e0cies a les fam\u00edlies que s\u00f3n s\u00f2cies de l\u2019AFA podem donar suport a l\u2019escola. L\u2019AFA treballa per tots els infants siguin socis o no, per\u00f2 evidentment, quan m\u00e9s fam\u00edlies s\u00f2cies siguem podrem aportar molt m\u00e9s a la [&hellip;]<\/p>\n","protected":false},"author":5,"featured_media":0,"parent":0,"menu_order":0,"comment_status":"closed","ping_status":"closed","template":"","meta":{"_bbp_topic_count":0,"_bbp_reply_count":0,"_bbp_total_topic_count":0,"_bbp_total_reply_count":0,"_bbp_voice_count":0,"_bbp_anonymous_reply_count":0,"_bbp_topic_count_hidden":0,"_bbp_reply_count_hidden":0,"_bbp_forum_subforum_count":0,"site-sidebar-layout":"default","site-content-layout":"","ast-site-content-layout":"","site-content-style":"default","site-sidebar-style":"default","ast-global-header-display":"","ast-banner-title-visibility":"","ast-main-header-display":"","ast-hfb-above-header-display":"","ast-hfb-below-header-display":"","ast-hfb-mobile-header-display":"","site-post-title":"","ast-breadcrumbs-content":"","ast-featured-img":"","footer-sml-layout":"","theme-transparent-header-meta":"","adv-header-id-meta":"","stick-header-meta":"","header-above-stick-meta":"","header-main-stick-meta":"","header-below-stick-meta":"","astra-migrate-meta-layouts":"default","ast-page-background-enabled":"default","ast-page-background-meta":{"desktop":{"background-color":"var(--ast-global-color-4)","background-image":"","background-repeat":"repeat","background-position":"center center","background-size":"auto","background-attachment":"scroll","background-type":"","background-media":"","overlay-type":"","overlay-color":"","overlay-opacity":"","overlay-gradient":""},"tablet":{"background-color":"","background-image":"","background-repeat":"repeat","background-position":"center center","background-size":"auto","background-attachment":"scroll","background-type":"","background-media":"","overlay-type":"","overlay-color":"","overlay-opacity":"","overlay-gradient":""},"mobile":{"background-color":"","background-image":"","background-repeat":"repeat","background-position":"center center","background-size":"auto","background-attachment":"scroll","background-type":"","background-media":"","overlay-type":"","overlay-color":"","overlay-opacity":"","overlay-gradient":""}},"ast-content-background-meta":{"desktop":{"background-color":"var(--ast-global-color-5)","background-image":"","background-repeat":"repeat","background-position":"center center","background-size":"auto","background-attachment":"scroll","background-type":"","background-media":"","overlay-type":"","overlay-color":"","overlay-opacity":"","overlay-gradient":""},"tablet":{"background-color":"var(--ast-global-color-5)","background-image":"","background-repeat":"repeat","background-position":"center center","background-size":"auto","background-attachment":"scroll","background-type":"","background-media":"","overlay-type":"","overlay-color":"","overlay-opacity":"","overlay-gradient":""},"mobile":{"background-color":"var(--ast-global-color-5)","background-image":"","background-repeat":"repeat","background-position":"center center","background-size":"auto","background-attachment":"scroll","background-type":"","background-media":"","overlay-type":"","overlay-color":"","overlay-opacity":"","overlay-gradient":""}},"footnotes":""},"class_list":["post-869","page","type-page","status-publish","hentry"],"post_mailing_queue_ids":[],"_links":{"self":[{"href":"https:\/\/agora.xtec.cat\/ceipantonibrusi\/wp-json\/wp\/v2\/pages\/869","targetHints":{"allow":["GET"]}}],"collection":[{"href":"https:\/\/agora.xtec.cat\/ceipantonibrusi\/wp-json\/wp\/v2\/pages"}],"about":[{"href":"https:\/\/agora.xtec.cat\/ceipantonibrusi\/wp-json\/wp\/v2\/types\/page"}],"author":[{"embeddable":true,"href":"https:\/\/agora.xtec.cat\/ceipantonibrusi\/wp-json\/wp\/v2\/users\/5"}],"replies":[{"embeddable":true,"href":"https:\/\/agora.xtec.cat\/ceipantonibrusi\/wp-json\/wp\/v2\/comments?post=869"}],"version-history":[{"count":6,"href":"https:\/\/agora.xtec.cat\/ceipantonibrusi\/wp-json\/wp\/v2\/pages\/869\/revisions"}],"predecessor-version":[{"id":1843,"href":"https:\/\/agora.xtec.cat\/ceipantonibrusi\/wp-json\/wp\/v2\/pages\/869\/revisions\/1843"}],"wp:attachment":[{"href":"https:\/\/agora.xtec.cat\/ceipantonibrusi\/wp-json\/wp\/v2\/media?parent=869"}],"curies":[{"name":"wp","href":"https:\/\/api.w.org\/{rel}","templated":true}]}}