{"id":866,"date":"2024-01-25T10:34:31","date_gmt":"2024-01-25T09:34:31","guid":{"rendered":"https:\/\/agora.xtec.cat\/ceipantonibrusi\/?page_id=866"},"modified":"2025-10-22T11:38:05","modified_gmt":"2025-10-22T09:38:05","slug":"comissions","status":"publish","type":"page","link":"https:\/\/agora.xtec.cat\/ceipantonibrusi\/comissions\/","title":{"rendered":"Comissions"},"content":{"rendered":"<p>Per seguir tirant endavant necessitem caps i mans, ens ajudes?<\/p>\n<p><em><strong>Comissi\u00f3 de Tresoreria:\u00a0<\/strong><\/em><\/p>\n<ul>\n<li>Funci\u00f3: Garantir la viabilitat econ\u00f2mica de l\u2019AFA amb l\u2019objectiu de seguir invertint cada curs en l\u2019escola i en les fam\u00edlies.<\/li>\n<li>Formada per Mar Subir\u00e0 Babot<\/li>\n<\/ul>\n<p><em><strong>Comissi\u00f3 de coeducaci\u00f3:<\/strong><\/em><\/p>\n<ul>\n<li>Funci\u00f3: Implementar la consci\u00e8ncia d\u2019igualtat i g\u00e8nere en fam\u00edlia, escola i infants.<\/li>\n<li>Formada per Neus Suri\u00f1ach Suri\u00f1ach i Ver\u00f3nica Paniagua Encinas.<\/li>\n<\/ul>\n<p><em><strong>\u00a0<\/strong><strong>Comissi\u00f3 de cultura i festes:<\/strong><\/em><\/p>\n<ul>\n<li>Funci\u00f3: Gestionar, organitzar i coordinar activitats i festes tradicionals que se celebren, tant a l\u2019escola com al districte.<\/li>\n<li>Formada per Estrella Rentero Castillo, Selva Pons Guerrero i Carme Orea Gallego.<\/li>\n<\/ul>\n<p><em><strong>Comissi\u00f3 de comunicaci\u00f3:<\/strong><\/em><\/p>\n<ul>\n<li>Funci\u00f3: Donar a con\u00e8ixer el treball que es fa a l\u2019AFA i establir un bon vincle de comunicaci\u00f3 entre les fam\u00edlies i l\u2019AFA.<\/li>\n<li>Formada per Blanca Llorca Morell, Neus Suri\u00f1ach Suri\u00f1ach, Beatriz Cerd\u00e0 i Estrella Rentero<\/li>\n<\/ul>\n<p><strong>Comissi\u00f3 d\u2019extraescolars i casals:<\/strong><\/p>\n<ul>\n<li>Funci\u00f3: Plantejar activitats variades i adequades a l\u2019edat dels infants i organitzar els casals.<\/li>\n<li>Formada per Estrella Rentero, Martha Cadena Ariype i Victoria Johnson.<\/li>\n<\/ul>\n<p><em><strong>Comissi\u00f3 de biblioteca:<\/strong><\/em><\/p>\n<ul>\n<li>Funci\u00f3: Fer propostes de lectura i promoure l\u2019h\u00e0bit lector entre l\u2019alumnat.<\/li>\n<li>Formada per Elisabet Escoto Fibla i Blanca Llorca Morell<\/li>\n<\/ul>\n<p><em><strong>\u00a0Comissi\u00f3 d\u2019infraestructures i sostenibilitat, medi ambient i hort<\/strong><\/em><\/p>\n<ul>\n<li>Funci\u00f3: Revisar les defici\u00e8ncies de mobiliari al pati i a l\u2019escola i proposar activitats amb les fam\u00edlies i l\u2019equip docent per reparar-les.<\/li>\n<li>Funci\u00f3: Promoure h\u00e0bits respectuosos amb el medi ambient i col\u00b7laborar en el manteniment de l\u2019hort<\/li>\n<li>Formada per Mar Subir\u00e0 Babot<strong>,\u00a0<\/strong>Neus Suri\u00f1ach Suri\u00f1ach i Ver\u00f3nica Paniagua Encinas<\/li>\n<\/ul>\n<p><em><strong>Comissi\u00f3 salut i escola:<\/strong><\/em><\/p>\n<ul>\n<li>Funci\u00f3: Organitzar xerrades, tallers i activitats relacionades amb la salut dels infants.<\/li>\n<li>Formada per Jahel Queralt Lange i Estrella Rentero Castillo<\/li>\n<\/ul>\n<p><br data-rich-text-line-break=\"true\" \/><strong>Vols formar part d\u2019alguna d\u2019aquestes comissions? Truca\u2019ns o envia\u2019ns un e-mail<\/strong><\/p>\n<h4><strong>Tel\u00e8fon<\/strong>: 681 95 36 98<\/h4>\n<p><strong>e-mail<\/strong>:\u00a0<a href=\"mailto:afa.brusi@gmail.com\">afa.brusi@gmail.com<\/a><\/p>\n","protected":false},"excerpt":{"rendered":"<p>Per seguir tirant endavant necessitem caps i mans, ens ajudes? Comissi\u00f3 de Tresoreria:\u00a0 Funci\u00f3: Garantir la viabilitat econ\u00f2mica de l\u2019AFA amb l\u2019objectiu de seguir invertint cada curs en l\u2019escola i en les fam\u00edlies. Formada per Mar Subir\u00e0 Babot Comissi\u00f3 de coeducaci\u00f3: Funci\u00f3: Implementar la consci\u00e8ncia d\u2019igualtat i g\u00e8nere en fam\u00edlia, escola i infants. Formada per [&hellip;]<\/p>\n","protected":false},"author":5,"featured_media":0,"parent":0,"menu_order":0,"comment_status":"closed","ping_status":"closed","template":"","meta":{"_bbp_topic_count":0,"_bbp_reply_count":0,"_bbp_total_topic_count":0,"_bbp_total_reply_count":0,"_bbp_voice_count":0,"_bbp_anonymous_reply_count":0,"_bbp_topic_count_hidden":0,"_bbp_reply_count_hidden":0,"_bbp_forum_subforum_count":0,"site-sidebar-layout":"default","site-content-layout":"","ast-site-content-layout":"","site-content-style":"default","site-sidebar-style":"default","ast-global-header-display":"","ast-banner-title-visibility":"","ast-main-header-display":"","ast-hfb-above-header-display":"","ast-hfb-below-header-display":"","ast-hfb-mobile-header-display":"","site-post-title":"","ast-breadcrumbs-content":"","ast-featured-img":"","footer-sml-layout":"","theme-transparent-header-meta":"","adv-header-id-meta":"","stick-header-meta":"","header-above-stick-meta":"","header-main-stick-meta":"","header-below-stick-meta":"","astra-migrate-meta-layouts":"default","ast-page-background-enabled":"default","ast-page-background-meta":{"desktop":{"background-color":"var(--ast-global-color-4)","background-image":"","background-repeat":"repeat","background-position":"center center","background-size":"auto","background-attachment":"scroll","background-type":"","background-media":"","overlay-type":"","overlay-color":"","overlay-opacity":"","overlay-gradient":""},"tablet":{"background-color":"","background-image":"","background-repeat":"repeat","background-position":"center center","background-size":"auto","background-attachment":"scroll","background-type":"","background-media":"","overlay-type":"","overlay-color":"","overlay-opacity":"","overlay-gradient":""},"mobile":{"background-color":"","background-image":"","background-repeat":"repeat","background-position":"center center","background-size":"auto","background-attachment":"scroll","background-type":"","background-media":"","overlay-type":"","overlay-color":"","overlay-opacity":"","overlay-gradient":""}},"ast-content-background-meta":{"desktop":{"background-color":"var(--ast-global-color-5)","background-image":"","background-repeat":"repeat","background-position":"center center","background-size":"auto","background-attachment":"scroll","background-type":"","background-media":"","overlay-type":"","overlay-color":"","overlay-opacity":"","overlay-gradient":""},"tablet":{"background-color":"var(--ast-global-color-5)","background-image":"","background-repeat":"repeat","background-position":"center center","background-size":"auto","background-attachment":"scroll","background-type":"","background-media":"","overlay-type":"","overlay-color":"","overlay-opacity":"","overlay-gradient":""},"mobile":{"background-color":"var(--ast-global-color-5)","background-image":"","background-repeat":"repeat","background-position":"center center","background-size":"auto","background-attachment":"scroll","background-type":"","background-media":"","overlay-type":"","overlay-color":"","overlay-opacity":"","overlay-gradient":""}},"footnotes":""},"class_list":["post-866","page","type-page","status-publish","hentry"],"post_mailing_queue_ids":[],"_links":{"self":[{"href":"https:\/\/agora.xtec.cat\/ceipantonibrusi\/wp-json\/wp\/v2\/pages\/866","targetHints":{"allow":["GET"]}}],"collection":[{"href":"https:\/\/agora.xtec.cat\/ceipantonibrusi\/wp-json\/wp\/v2\/pages"}],"about":[{"href":"https:\/\/agora.xtec.cat\/ceipantonibrusi\/wp-json\/wp\/v2\/types\/page"}],"author":[{"embeddable":true,"href":"https:\/\/agora.xtec.cat\/ceipantonibrusi\/wp-json\/wp\/v2\/users\/5"}],"replies":[{"embeddable":true,"href":"https:\/\/agora.xtec.cat\/ceipantonibrusi\/wp-json\/wp\/v2\/comments?post=866"}],"version-history":[{"count":6,"href":"https:\/\/agora.xtec.cat\/ceipantonibrusi\/wp-json\/wp\/v2\/pages\/866\/revisions"}],"predecessor-version":[{"id":1841,"href":"https:\/\/agora.xtec.cat\/ceipantonibrusi\/wp-json\/wp\/v2\/pages\/866\/revisions\/1841"}],"wp:attachment":[{"href":"https:\/\/agora.xtec.cat\/ceipantonibrusi\/wp-json\/wp\/v2\/media?parent=866"}],"curies":[{"name":"wp","href":"https:\/\/api.w.org\/{rel}","templated":true}]}}