{"id":859,"date":"2024-01-25T10:27:38","date_gmt":"2024-01-25T09:27:38","guid":{"rendered":"https:\/\/agora.xtec.cat\/ceipantonibrusi\/?page_id=859"},"modified":"2025-10-22T11:36:59","modified_gmt":"2025-10-22T09:36:59","slug":"qui-som-i-que-fem","status":"publish","type":"page","link":"https:\/\/agora.xtec.cat\/ceipantonibrusi\/qui-som-i-que-fem\/","title":{"rendered":"Qui som i qu\u00e8 fem?"},"content":{"rendered":"<h5><strong>Qui som?<\/strong><\/h5>\n<p>Us presentem la nova Junta de l\u2019AFA durant els dos pr\u00f2xims anys 2023-2025<\/p>\n<p><strong>Presidenta<\/strong>: Estrella Rentero Castillo (I4 i 1r)<\/p>\n<p><strong>Secret\u00e0ria<\/strong>: Neus Suri\u00f1ach Suri\u00f1ach (1r)<\/p>\n<p><strong>Tresorera<\/strong>: Mar Subir\u00e0 Babot (1r)<\/p>\n<p><strong>Vocals<\/strong>: Jahel Queralt Lange (1r i 4t), Carme Orea Gallego (I4 i 1r), Martha Cadena (5\u00e8), Victoria Johnson (1r), Veronica Paniagua Encinas (I4 i 1r), Elisabet Escoto Fibla (1r), Selva Pons Guerrero (1r), Beatriz Cerd\u00e1 Cuenca (I3 i 1r) i Blanca Llorca Morell (I4 i 1r)<\/p>\n<p><strong>Administraci\u00f3 i gesti\u00f3 oficina AFA<\/strong>: M\u00aa Carmen Vioque Cubero<\/p>\n<p>L\u2019AFA Brusi \u00e9s l\u2019<b>Associaci\u00f3 de Fam\u00edlies d\u2019Alumnes de l\u2019Escola Antoni Brusi,\u00a0<\/b>est\u00e0 adherida a la aFFaC (Associacions Federades de Fam\u00edlies d\u2019Alumnes de Catalunya) i\u00a0 formada per una junta permanent que \u00e9s escollida cada 2 anys a l\u2019assemblea general formada per les fam\u00edlies s\u00f2cies de l\u2019escola. Els i les membre son persones volunt\u00e0ries i l\u2019AFA s\u2019estructura en una Junta Directiva (president\/a, secretari\/\u00e0ria i tresorer\/a), vocals i una professional que dona suport administratiu, financer i organitzatiu contractada per l\u2019AFA.<\/p>\n<p>L\u2019AFA s\u2019organitza en comissions de treball, cadascuna orientada a un tema espec\u00edfic, amb l\u2019objectiu de ser m\u00e9s efectius en les actuacions que volem dur a terme. Hi poden participar totes les fam\u00edlies s\u00f2cies de l\u2019escola.<\/p>\n<p>Pots con\u00e8ixer-nos a trav\u00e9s de la <a href=\"https:\/\/agora.xtec.cat\/ceipantonibrusi\/categoria\/afa\/\">web de l\u2019AFA<\/a>.\u00a0Des d\u2019ara mateix estem a la teva\u00a0disposici\u00f3\u00a0i esperem comptar amb tu per continuar construint l\u2019escola que has escollit per al teu fill o filla.<\/p>\n<p>&nbsp;<\/p>\n<h5><strong>Qu\u00e8 fem?<\/strong><\/h5>\n<ul>\n<li aria-level=\"1\">Participem en el Consell Escolar i en les reunions de fam\u00edlies delegades.<\/li>\n<li aria-level=\"1\">Transmetem informaci\u00f3 entre les fam\u00edlies i l\u2019equip docent.<\/li>\n<li aria-level=\"1\">Gestionem les activitats extraescolars i servei d\u2019acollida matinal i de tarda.<\/li>\n<li aria-level=\"1\">Organitzem el casalet durant la jornada intensiva del mes de juny i el casal d\u2019estiu.<\/li>\n<li aria-level=\"1\">Contribu\u00efm en el finan\u00e7ament de l\u2019escola: col\u00b7laborem en la compra de materials i equipament, ajudem a millorar els espais exteriors i interiors, etc.<\/li>\n<li aria-level=\"1\">Financem el refor\u00e7 de conversa de llengua anglesa de tots els infants del centre.<\/li>\n<li aria-level=\"1\">Organitzem diferents activitats culturals i festives durant el curs (Nadal, rua de carnaval, Sant Jordi, festa de fi de curs, etc.)<\/li>\n<li aria-level=\"1\">Promovem activitats formatives per a les fam\u00edlies mitjan\u00e7ant l\u2019organitzaci\u00f3 de xerrades i tallers.<\/li>\n<li aria-level=\"1\">Col\u00b7laborem en el manteniment de l\u2019hort<\/li>\n<\/ul>\n<p><strong>M\u00e9s informaci\u00f3 a l\u2019oficina de l\u2019Afa (Mari)<br \/>\nTel: 681 95 36 98 \/ 93 221 12 98<\/strong><br \/>\nEmail:\u00a0<a href=\"mailto:afa.brusi@gmail.com\">afa.brusi@gmail.com<\/a><\/p>\n","protected":false},"excerpt":{"rendered":"<p>Qui som? Us presentem la nova Junta de l\u2019AFA durant els dos pr\u00f2xims anys 2023-2025 Presidenta: Estrella Rentero Castillo (I4 i 1r) Secret\u00e0ria: Neus Suri\u00f1ach Suri\u00f1ach (1r) Tresorera: Mar Subir\u00e0 Babot (1r) Vocals: Jahel Queralt Lange (1r i 4t), Carme Orea Gallego (I4 i 1r), Martha Cadena (5\u00e8), Victoria Johnson (1r), Veronica Paniagua Encinas (I4 [&hellip;]<\/p>\n","protected":false},"author":5,"featured_media":0,"parent":0,"menu_order":0,"comment_status":"closed","ping_status":"closed","template":"","meta":{"_bbp_topic_count":0,"_bbp_reply_count":0,"_bbp_total_topic_count":0,"_bbp_total_reply_count":0,"_bbp_voice_count":0,"_bbp_anonymous_reply_count":0,"_bbp_topic_count_hidden":0,"_bbp_reply_count_hidden":0,"_bbp_forum_subforum_count":0,"site-sidebar-layout":"default","site-content-layout":"","ast-site-content-layout":"","site-content-style":"default","site-sidebar-style":"default","ast-global-header-display":"","ast-banner-title-visibility":"","ast-main-header-display":"","ast-hfb-above-header-display":"","ast-hfb-below-header-display":"","ast-hfb-mobile-header-display":"","site-post-title":"","ast-breadcrumbs-content":"","ast-featured-img":"","footer-sml-layout":"","theme-transparent-header-meta":"","adv-header-id-meta":"","stick-header-meta":"","header-above-stick-meta":"","header-main-stick-meta":"","header-below-stick-meta":"","astra-migrate-meta-layouts":"default","ast-page-background-enabled":"default","ast-page-background-meta":{"desktop":{"background-color":"var(--ast-global-color-4)","background-image":"","background-repeat":"repeat","background-position":"center center","background-size":"auto","background-attachment":"scroll","background-type":"","background-media":"","overlay-type":"","overlay-color":"","overlay-opacity":"","overlay-gradient":""},"tablet":{"background-color":"","background-image":"","background-repeat":"repeat","background-position":"center center","background-size":"auto","background-attachment":"scroll","background-type":"","background-media":"","overlay-type":"","overlay-color":"","overlay-opacity":"","overlay-gradient":""},"mobile":{"background-color":"","background-image":"","background-repeat":"repeat","background-position":"center center","background-size":"auto","background-attachment":"scroll","background-type":"","background-media":"","overlay-type":"","overlay-color":"","overlay-opacity":"","overlay-gradient":""}},"ast-content-background-meta":{"desktop":{"background-color":"var(--ast-global-color-5)","background-image":"","background-repeat":"repeat","background-position":"center center","background-size":"auto","background-attachment":"scroll","background-type":"","background-media":"","overlay-type":"","overlay-color":"","overlay-opacity":"","overlay-gradient":""},"tablet":{"background-color":"var(--ast-global-color-5)","background-image":"","background-repeat":"repeat","background-position":"center center","background-size":"auto","background-attachment":"scroll","background-type":"","background-media":"","overlay-type":"","overlay-color":"","overlay-opacity":"","overlay-gradient":""},"mobile":{"background-color":"var(--ast-global-color-5)","background-image":"","background-repeat":"repeat","background-position":"center center","background-size":"auto","background-attachment":"scroll","background-type":"","background-media":"","overlay-type":"","overlay-color":"","overlay-opacity":"","overlay-gradient":""}},"footnotes":""},"class_list":["post-859","page","type-page","status-publish","hentry"],"post_mailing_queue_ids":[],"_links":{"self":[{"href":"https:\/\/agora.xtec.cat\/ceipantonibrusi\/wp-json\/wp\/v2\/pages\/859","targetHints":{"allow":["GET"]}}],"collection":[{"href":"https:\/\/agora.xtec.cat\/ceipantonibrusi\/wp-json\/wp\/v2\/pages"}],"about":[{"href":"https:\/\/agora.xtec.cat\/ceipantonibrusi\/wp-json\/wp\/v2\/types\/page"}],"author":[{"embeddable":true,"href":"https:\/\/agora.xtec.cat\/ceipantonibrusi\/wp-json\/wp\/v2\/users\/5"}],"replies":[{"embeddable":true,"href":"https:\/\/agora.xtec.cat\/ceipantonibrusi\/wp-json\/wp\/v2\/comments?post=859"}],"version-history":[{"count":6,"href":"https:\/\/agora.xtec.cat\/ceipantonibrusi\/wp-json\/wp\/v2\/pages\/859\/revisions"}],"predecessor-version":[{"id":1840,"href":"https:\/\/agora.xtec.cat\/ceipantonibrusi\/wp-json\/wp\/v2\/pages\/859\/revisions\/1840"}],"wp:attachment":[{"href":"https:\/\/agora.xtec.cat\/ceipantonibrusi\/wp-json\/wp\/v2\/media?parent=859"}],"curies":[{"name":"wp","href":"https:\/\/api.w.org\/{rel}","templated":true}]}}