{"id":847,"date":"2024-01-25T10:14:37","date_gmt":"2024-01-25T09:14:37","guid":{"rendered":"https:\/\/agora.xtec.cat\/ceipantonibrusi\/?page_id=847"},"modified":"2026-04-14T22:38:19","modified_gmt":"2026-04-14T20:38:19","slug":"casals-i-colonies","status":"publish","type":"page","link":"https:\/\/agora.xtec.cat\/ceipantonibrusi\/casals-i-colonies\/","title":{"rendered":"Casals i col\u00f2nies"},"content":{"rendered":"<h2>Casalet juny 2025<\/h2>\n<p><span style=\"font-family: inherit; font-size: 1em;\">Del <strong>10 al 20 de juny<\/strong> \u2013 durant la jornada intensiva escolar<\/span><\/p>\n<p><span style=\"font-family: inherit; font-size: 1em;\">Ja podeu consultar la informaci\u00f3 del Casalet de Juny, pensat per cobrir l\u2019horari escolar durant les setmanes de jornada intensiva.<\/span><\/p>\n<p><span style=\"font-family: inherit; font-size: 1em;\">\ud83d\udccc Objectiu:<\/span><\/p>\n<p><span style=\"font-family: inherit; font-size: 1em;\">\u00a0Mantenir els horaris habituals de les fam\u00edlies fins a l\u2019\u00faltim dia d\u2019escola.<\/span><\/p>\n<p><span style=\"font-family: inherit; font-size: 1em;\">\ud83d\udd52 Horari del Casalet:<\/span><\/p>\n<p><span style=\"font-family: inherit; font-size: 1em;\">\u00a0<strong>De 15:30 h a 16:30 h<\/strong><\/span><\/p>\n<p><span style=\"font-family: inherit; font-size: 1em;\">\ud83c\udfaf <strong>Activitats Extraescolars<\/strong>:<\/span><\/p>\n<p><span style=\"font-family: inherit; font-size: 1em;\">\u00a0Es mantindran igual que durant el curs, fins al 20 de juny.<\/span><\/p>\n<p><span style=\"font-family: inherit; font-size: 1em;\"><img loading=\"lazy\" decoding=\"async\" class=\"alignnone  wp-image-1712\" src=\"https:\/\/agora.xtec.cat\/ceipantonibrusi\/wp-content\/uploads\/usu2949\/2025\/05\/IMG_20250520_065049.jpg\" alt=\"\" width=\"489\" height=\"206\" srcset=\"https:\/\/agora.xtec.cat\/ceipantonibrusi\/wp-content\/uploads\/usu2949\/2025\/05\/IMG_20250520_065049.jpg 1305w, https:\/\/agora.xtec.cat\/ceipantonibrusi\/wp-content\/uploads\/usu2949\/2025\/05\/IMG_20250520_065049-300x126.jpg 300w, https:\/\/agora.xtec.cat\/ceipantonibrusi\/wp-content\/uploads\/usu2949\/2025\/05\/IMG_20250520_065049-1024x432.jpg 1024w, https:\/\/agora.xtec.cat\/ceipantonibrusi\/wp-content\/uploads\/usu2949\/2025\/05\/IMG_20250520_065049-768x324.jpg 768w\" sizes=\"auto, (max-width: 489px) 100vw, 489px\" \/><\/span><\/p>\n<p><strong><span style=\"font-family: inherit; font-size: 1em;\">Inscripci\u00f3<\/span><\/strong><\/p>\n<p><span style=\"font-family: inherit; font-size: 1em;\">\ud83d\udcc5 Data l\u00edmit: <strong>30 de maig<\/strong><\/span><\/p>\n<p><span style=\"font-family: inherit; font-size: 1em;\">\u26a0\ufe0f Important:<\/span><\/p>\n<p><span style=\"font-family: inherit; font-size: 1em;\">\u00a0<strong>Un cop passada la data l\u00edmit, no podem acceptar m\u00e9s places<\/strong>.<\/span><\/p>\n<p><span style=\"font-family: inherit; font-size: 1em;\">\u00a0\u00c9s imprescindible saber el nombre d\u2019inscrits per organitzar correctament el servei de monitoratge i complir les r\u00e0tios establertes.<\/span><\/p>\n<p><strong><span style=\"font-family: inherit; font-size: 1em;\">Documents i passos per inscriure\u2019s<\/span><\/strong><\/p>\n<p><span style=\"font-family: inherit; font-size: 1em;\">1. <strong>Omplir el formulari d\u2019inscripci\u00f3<\/strong><\/span><span style=\"font-family: inherit; font-size: 1em;\">\u00a0(adjuntant el justificant de pagament al compte ES83 2100 1198 3002 0001 1368 i indicar curs+nom i cognoms infant+casalet\u00a0<\/span><\/p>\n<p><a href=\"https:\/\/docs.google.com\/forms\/d\/1uydY13gcydeoI3kXrCA2v8RJKYtKdKANNlsFo8O0hmQ\/edit\"><span style=\"font-family: inherit; font-size: 1em;\">Formulari inscripci\u00f3<\/span><\/a><\/p>\n<p><span style=\"font-family: inherit; font-size: 1em;\">2. <strong>Autoritzacions necess\u00e0ries<\/strong>:<\/span><\/p>\n<p><span style=\"font-family: inherit; font-size: 1em;\">Autoritzaci\u00f3 de sortida sols<\/span><\/p>\n<p><span style=\"font-family: inherit; font-size: 1em;\">\u00a0<a href=\"https:\/\/ampaantonibrusi.us8.list-manage.com\/track\/click?u=00b6df4f8940026b256d8e5ae&amp;id=b82bc21369&amp;e=cab4ca1f23\">AUTORITZACI\u00d3 SORTIDA SOLS 25.pdf<\/a><\/span><\/p>\n<p><span style=\"font-family: inherit; font-size: 1em;\">Autoritzaci\u00f3 de recollida d\u2019alumnes\u00a0<\/span><\/p>\n<p><a href=\"https:\/\/ampaantonibrusi.us8.list-manage.com\/track\/click?u=00b6df4f8940026b256d8e5ae&amp;id=03289a2003&amp;e=cab4ca1f23\"><span style=\"font-family: inherit; font-size: 1em;\">AUTORITZACI\u00d3 RECOLLIDA ALUMNES 2025.pdf<\/span><\/a><\/p>\n<p><span style=\"font-family: inherit; font-size: 1em;\">Les autoritzacions s\u2019han d\u2019enviar al correu <strong>menjadorantonibrusi@gmail.com<\/strong><\/span><\/p>\n<p><strong>Molt important:<\/strong> En el cas de tiquet espor\u00e0dic, \u00e9s obligatori especificar en el formulari els dies que es quedaran al casalet. No es pot avisar el mateix dia dient que es quedaran al casalet.<\/p>\n<h2>Casal juny, juliol i setembre<\/h2>\n<p>Aquest curs els infants podran gaudir del <strong>casal l\u00fadic-esportiu de la Fundaci\u00f3 del B\u00e0squet<\/strong> Catal\u00e0 de 9 a 17h.<\/p>\n<ul>\n<li dir=\"ltr\">\n<p dir=\"ltr\" role=\"presentation\">Inscripcions a partir de l\u201913 d\u2019abril a trav\u00e9s de <a href=\"https:\/\/fundacio.basquetcatala.cat\/casalsicampus\/casal-antoni-brusi\/\">https:\/\/fundacio.basquetcatala.cat\/casalsicampus\/casal-antoni-brusi\/<\/a><\/p>\n<\/li>\n<li dir=\"ltr\">\n<p dir=\"ltr\" role=\"presentation\"><a href=\"https:\/\/drive.google.com\/file\/d\/1heUPEghGxPvpzG8bVPiM6Kn_faigM_kz\/view?usp=drive_link\" target=\"_blank\" rel=\"noopener\">Sol\u00b7licituds dels ajuts econ\u00f2mics<\/a> de l\u20191 al 30 d\u2019abril. A continuaci\u00f3 podeu consultar la informaci\u00f3.<\/p>\n<\/li>\n<li dir=\"ltr\">\n<p dir=\"ltr\" role=\"presentation\">El 8 d\u2019abril a les 16.45 h tindr\u00e0 lloc una reuni\u00f3 informativa per a les fam\u00edlies a la biblioteca de l\u2019escola. Podeu sol\u00b7licitar servei d\u2019acollida a trav\u00e9s del correu <a href=\"mailto:afa.brusi@gmail.com\" target=\"_blank\" rel=\"noopener\">afa.brusi@gmail.com<\/a><\/p>\n<\/li>\n<\/ul>\n\n\n<iframe loading=\"lazy\" src=\"https:\/\/drive.google.com\/file\/d\/13K6a6wIxYUwYErkeOPgs_5IfLcxDbhHh\/preview\" width=\"640\" height=\"480\"><\/iframe>\n\n\n\n<iframe loading=\"lazy\" src=\"https:\/\/drive.google.com\/file\/d\/1RG_YArsPE6TxmsDfDAu1Tvy6WIMVx4qd\/preview\" width=\"640\" height=\"480\"><\/iframe>\n\n\n\n<p><\/p>\n","protected":false},"excerpt":{"rendered":"<p>Casalet juny 2025 Del 10 al 20 de juny \u2013 durant la jornada intensiva escolar Ja podeu consultar la informaci\u00f3 del Casalet de Juny, pensat per cobrir l\u2019horari escolar durant les setmanes de jornada intensiva. \ud83d\udccc Objectiu: \u00a0Mantenir els horaris habituals de les fam\u00edlies fins a l\u2019\u00faltim dia d\u2019escola. \ud83d\udd52 Horari del Casalet: \u00a0De 15:30 [&hellip;]<\/p>\n","protected":false},"author":5,"featured_media":0,"parent":0,"menu_order":0,"comment_status":"closed","ping_status":"closed","template":"","meta":{"_bbp_topic_count":0,"_bbp_reply_count":0,"_bbp_total_topic_count":0,"_bbp_total_reply_count":0,"_bbp_voice_count":0,"_bbp_anonymous_reply_count":0,"_bbp_topic_count_hidden":0,"_bbp_reply_count_hidden":0,"_bbp_forum_subforum_count":0,"site-sidebar-layout":"default","site-content-layout":"","ast-site-content-layout":"default","site-content-style":"default","site-sidebar-style":"default","ast-global-header-display":"","ast-banner-title-visibility":"","ast-main-header-display":"","ast-hfb-above-header-display":"","ast-hfb-below-header-display":"","ast-hfb-mobile-header-display":"","site-post-title":"","ast-breadcrumbs-content":"","ast-featured-img":"","footer-sml-layout":"","theme-transparent-header-meta":"","adv-header-id-meta":"","stick-header-meta":"","header-above-stick-meta":"","header-main-stick-meta":"","header-below-stick-meta":"","astra-migrate-meta-layouts":"set","ast-page-background-enabled":"default","ast-page-background-meta":{"desktop":{"background-color":"var(--ast-global-color-4)","background-image":"","background-repeat":"repeat","background-position":"center center","background-size":"auto","background-attachment":"scroll","background-type":"","background-media":"","overlay-type":"","overlay-color":"","overlay-opacity":"","overlay-gradient":""},"tablet":{"background-color":"","background-image":"","background-repeat":"repeat","background-position":"center center","background-size":"auto","background-attachment":"scroll","background-type":"","background-media":"","overlay-type":"","overlay-color":"","overlay-opacity":"","overlay-gradient":""},"mobile":{"background-color":"","background-image":"","background-repeat":"repeat","background-position":"center center","background-size":"auto","background-attachment":"scroll","background-type":"","background-media":"","overlay-type":"","overlay-color":"","overlay-opacity":"","overlay-gradient":""}},"ast-content-background-meta":{"desktop":{"background-color":"var(--ast-global-color-5)","background-image":"","background-repeat":"repeat","background-position":"center center","background-size":"auto","background-attachment":"scroll","background-type":"","background-media":"","overlay-type":"","overlay-color":"","overlay-opacity":"","overlay-gradient":""},"tablet":{"background-color":"var(--ast-global-color-5)","background-image":"","background-repeat":"repeat","background-position":"center center","background-size":"auto","background-attachment":"scroll","background-type":"","background-media":"","overlay-type":"","overlay-color":"","overlay-opacity":"","overlay-gradient":""},"mobile":{"background-color":"var(--ast-global-color-5)","background-image":"","background-repeat":"repeat","background-position":"center center","background-size":"auto","background-attachment":"scroll","background-type":"","background-media":"","overlay-type":"","overlay-color":"","overlay-opacity":"","overlay-gradient":""}},"footnotes":""},"class_list":["post-847","page","type-page","status-publish","hentry"],"post_mailing_queue_ids":[],"_links":{"self":[{"href":"https:\/\/agora.xtec.cat\/ceipantonibrusi\/wp-json\/wp\/v2\/pages\/847","targetHints":{"allow":["GET"]}}],"collection":[{"href":"https:\/\/agora.xtec.cat\/ceipantonibrusi\/wp-json\/wp\/v2\/pages"}],"about":[{"href":"https:\/\/agora.xtec.cat\/ceipantonibrusi\/wp-json\/wp\/v2\/types\/page"}],"author":[{"embeddable":true,"href":"https:\/\/agora.xtec.cat\/ceipantonibrusi\/wp-json\/wp\/v2\/users\/5"}],"replies":[{"embeddable":true,"href":"https:\/\/agora.xtec.cat\/ceipantonibrusi\/wp-json\/wp\/v2\/comments?post=847"}],"version-history":[{"count":6,"href":"https:\/\/agora.xtec.cat\/ceipantonibrusi\/wp-json\/wp\/v2\/pages\/847\/revisions"}],"predecessor-version":[{"id":2263,"href":"https:\/\/agora.xtec.cat\/ceipantonibrusi\/wp-json\/wp\/v2\/pages\/847\/revisions\/2263"}],"wp:attachment":[{"href":"https:\/\/agora.xtec.cat\/ceipantonibrusi\/wp-json\/wp\/v2\/media?parent=847"}],"curies":[{"name":"wp","href":"https:\/\/api.w.org\/{rel}","templated":true}]}}