{"id":73,"date":"2014-09-18T14:01:51","date_gmt":"2014-09-18T13:01:51","guid":{"rendered":"http:\/\/agora.xtec.cat\/ceipantonibrusi\/?page_id=73"},"modified":"2025-12-16T15:10:16","modified_gmt":"2025-12-16T14:10:16","slug":"menjador-escolar","status":"publish","type":"page","link":"https:\/\/agora.xtec.cat\/ceipantonibrusi\/menjador-escolar\/","title":{"rendered":"Menjador escolar"},"content":{"rendered":"<p><span style=\"font-weight: 400;\">Despr\u00e9s de la franja lectiva del mat\u00ed, el menjador es converteix en un espai d\u2019aprenentatge i conviv\u00e8ncia al voltant de la taula.<\/span><span style=\"font-weight: 400;\"><br \/>\n<\/span><span style=\"font-weight: 400;\">Prop del 80% de l\u2019alumnat dinen cada dia a l\u2019escola, compartint aquest moment amb els seus companys i companyes entre les 12:30 h i les 15:00 h.<\/span><\/p>\n<p><span style=\"font-weight: 400;\">L\u2019equip de monitors i monitores d\u2019Endermar acompanya els infants amb proximitat i criteri educatiu, donant continu\u00eftat a la tasca dels mestres.<\/span><span style=\"font-weight: 400;\"><br \/>\n<\/span><span style=\"font-weight: 400;\">El menjador \u00e9s molt m\u00e9s que un espai per menjar: \u00e9s un temps per aprendre h\u00e0bits saludables, fomentar la conviv\u00e8ncia i desenvolupar actituds de respecte i autonomia.<\/span><\/p>\n<p><span style=\"font-weight: 400;\">Durant l\u2019estona de migdia, els infants participen en activitats l\u00fadiques i creatives \u2014manualitats, jocs de taula, espais de lectura o joc al pati\u2014, organitzades per torns per garantir espais tranquils, segurs i de qualitat.<\/span><\/p>\n<p class=\"wp-block-heading\">Al menjador de la nostra escola disposem de cuina pr\u00f2pia atesa per cinc persones, que elaboren els men\u00fas confeccionats per la nutricionista de l\u2019empresa. Des de la cuina s\u2019adapten els men\u00fas de l\u2019alumnat que per necessitat d\u2019intoler\u00e0ncia aliment\u00e0ria o per raons culturals necessiten una dieta espec\u00edfica.<\/p>\n<p>Contacte: <span style=\"color: #ff9900;\">menjadorantonibrusi@gmail.com<\/span><\/p>\n<p>Horari: de dilluns a divendres de 9:30 a 12<\/p>\n<p>dimarts i dijous de 15:30 a 16:30<\/p>\n<p><a href=\"https:\/\/drive.google.com\/file\/d\/1wE7P_W8XTn6LyuJbfv_mEz0k_him9FI3\/view\"><img loading=\"lazy\" decoding=\"async\" class=\"alignnone wp-image-563 size-thumbnail\" src=\"https:\/\/agora.xtec.cat\/ceipantonibrusi\/wp-content\/uploads\/usu2949\/2024\/01\/Menu-Antoni-Brusi-6-150x150.png\" alt=\"\" width=\"150\" height=\"150\" srcset=\"https:\/\/agora.xtec.cat\/ceipantonibrusi\/wp-content\/uploads\/usu2949\/2024\/01\/Menu-Antoni-Brusi-6-150x150.png 150w, https:\/\/agora.xtec.cat\/ceipantonibrusi\/wp-content\/uploads\/usu2949\/2024\/01\/Menu-Antoni-Brusi-6-300x300.png 300w, https:\/\/agora.xtec.cat\/ceipantonibrusi\/wp-content\/uploads\/usu2949\/2024\/01\/Menu-Antoni-Brusi-6-1024x1024.png 1024w, https:\/\/agora.xtec.cat\/ceipantonibrusi\/wp-content\/uploads\/usu2949\/2024\/01\/Menu-Antoni-Brusi-6-768x768.png 768w, https:\/\/agora.xtec.cat\/ceipantonibrusi\/wp-content\/uploads\/usu2949\/2024\/01\/Menu-Antoni-Brusi-6.png 1181w\" sizes=\"auto, (max-width: 150px) 100vw, 150px\" \/> <\/a><a href=\"https:\/\/drive.google.com\/file\/d\/1ZFS3WN81LLLRit7CQeraY_JOwoSMqmqK\/view?usp=sharing\"><img loading=\"lazy\" decoding=\"async\" class=\"alignnone wp-image-564 size-thumbnail\" src=\"https:\/\/agora.xtec.cat\/ceipantonibrusi\/wp-content\/uploads\/usu2949\/2024\/01\/Menu-Antoni-Brusi-7-150x150.png\" alt=\"\" width=\"150\" height=\"150\" srcset=\"https:\/\/agora.xtec.cat\/ceipantonibrusi\/wp-content\/uploads\/usu2949\/2024\/01\/Menu-Antoni-Brusi-7-150x150.png 150w, https:\/\/agora.xtec.cat\/ceipantonibrusi\/wp-content\/uploads\/usu2949\/2024\/01\/Menu-Antoni-Brusi-7-300x300.png 300w, https:\/\/agora.xtec.cat\/ceipantonibrusi\/wp-content\/uploads\/usu2949\/2024\/01\/Menu-Antoni-Brusi-7-1024x1024.png 1024w, https:\/\/agora.xtec.cat\/ceipantonibrusi\/wp-content\/uploads\/usu2949\/2024\/01\/Menu-Antoni-Brusi-7-768x768.png 768w, https:\/\/agora.xtec.cat\/ceipantonibrusi\/wp-content\/uploads\/usu2949\/2024\/01\/Menu-Antoni-Brusi-7.png 1181w\" sizes=\"auto, (max-width: 150px) 100vw, 150px\" \/><\/a><a href=\"https:\/\/drive.google.com\/file\/d\/1UrNlndbqUGwVPPu-lZfATQTLm-synDWv\/view\"><img loading=\"lazy\" decoding=\"async\" class=\"alignnone wp-image-565 size-thumbnail\" src=\"https:\/\/agora.xtec.cat\/ceipantonibrusi\/wp-content\/uploads\/usu2949\/2024\/01\/Menu-Antoni-Brusi-8-150x150.png\" alt=\"\" width=\"150\" height=\"150\" srcset=\"https:\/\/agora.xtec.cat\/ceipantonibrusi\/wp-content\/uploads\/usu2949\/2024\/01\/Menu-Antoni-Brusi-8-150x150.png 150w, https:\/\/agora.xtec.cat\/ceipantonibrusi\/wp-content\/uploads\/usu2949\/2024\/01\/Menu-Antoni-Brusi-8-300x300.png 300w, https:\/\/agora.xtec.cat\/ceipantonibrusi\/wp-content\/uploads\/usu2949\/2024\/01\/Menu-Antoni-Brusi-8-1024x1024.png 1024w, https:\/\/agora.xtec.cat\/ceipantonibrusi\/wp-content\/uploads\/usu2949\/2024\/01\/Menu-Antoni-Brusi-8-768x768.png 768w, https:\/\/agora.xtec.cat\/ceipantonibrusi\/wp-content\/uploads\/usu2949\/2024\/01\/Menu-Antoni-Brusi-8.png 1181w\" sizes=\"auto, (max-width: 150px) 100vw, 150px\" \/><\/a><\/p>\n<h5>Men\u00fas<\/h5>\n<p><a href=\"https:\/\/drive.google.com\/file\/d\/1kZIbyTyj4VSFzHmm2xK1ooG6w9pYPZy1\/view?usp=sharing\"><img loading=\"lazy\" decoding=\"async\" class=\"alignnone wp-image-555 size-thumbnail\" src=\"https:\/\/agora.xtec.cat\/ceipantonibrusi\/wp-content\/uploads\/usu2949\/2024\/01\/Menu-Antoni-Brusi-150x150.png\" alt=\"\" width=\"150\" height=\"150\" srcset=\"https:\/\/agora.xtec.cat\/ceipantonibrusi\/wp-content\/uploads\/usu2949\/2024\/01\/Menu-Antoni-Brusi-150x150.png 150w, https:\/\/agora.xtec.cat\/ceipantonibrusi\/wp-content\/uploads\/usu2949\/2024\/01\/Menu-Antoni-Brusi-300x300.png 300w, https:\/\/agora.xtec.cat\/ceipantonibrusi\/wp-content\/uploads\/usu2949\/2024\/01\/Menu-Antoni-Brusi-1024x1024.png 1024w, https:\/\/agora.xtec.cat\/ceipantonibrusi\/wp-content\/uploads\/usu2949\/2024\/01\/Menu-Antoni-Brusi-768x768.png 768w, https:\/\/agora.xtec.cat\/ceipantonibrusi\/wp-content\/uploads\/usu2949\/2024\/01\/Menu-Antoni-Brusi.png 1181w\" sizes=\"auto, (max-width: 150px) 100vw, 150px\" \/><\/a><a href=\"https:\/\/drive.google.com\/file\/d\/1aQY-p2efnFqnJrDFMV42JkO3IbDoYWiE\/view?usp=sharing\"><img loading=\"lazy\" decoding=\"async\" class=\"alignnone wp-image-556 size-thumbnail\" src=\"https:\/\/agora.xtec.cat\/ceipantonibrusi\/wp-content\/uploads\/usu2949\/2024\/01\/Menu-Antoni-Brusi-1-150x150.png\" alt=\"\" width=\"150\" height=\"150\" srcset=\"https:\/\/agora.xtec.cat\/ceipantonibrusi\/wp-content\/uploads\/usu2949\/2024\/01\/Menu-Antoni-Brusi-1-150x150.png 150w, https:\/\/agora.xtec.cat\/ceipantonibrusi\/wp-content\/uploads\/usu2949\/2024\/01\/Menu-Antoni-Brusi-1-300x300.png 300w, https:\/\/agora.xtec.cat\/ceipantonibrusi\/wp-content\/uploads\/usu2949\/2024\/01\/Menu-Antoni-Brusi-1-1024x1024.png 1024w, https:\/\/agora.xtec.cat\/ceipantonibrusi\/wp-content\/uploads\/usu2949\/2024\/01\/Menu-Antoni-Brusi-1-768x768.png 768w, https:\/\/agora.xtec.cat\/ceipantonibrusi\/wp-content\/uploads\/usu2949\/2024\/01\/Menu-Antoni-Brusi-1.png 1181w\" sizes=\"auto, (max-width: 150px) 100vw, 150px\" \/><\/a><a href=\"https:\/\/drive.google.com\/file\/d\/1WuvKN3OojdCRWaFJNNZfcX1uioEd3wfs\/view?usp=sharing\"><img loading=\"lazy\" decoding=\"async\" class=\"alignnone wp-image-557 size-thumbnail\" src=\"https:\/\/agora.xtec.cat\/ceipantonibrusi\/wp-content\/uploads\/usu2949\/2024\/01\/Menu-Antoni-Brusi-2-150x150.png\" alt=\"\" width=\"150\" height=\"150\" srcset=\"https:\/\/agora.xtec.cat\/ceipantonibrusi\/wp-content\/uploads\/usu2949\/2024\/01\/Menu-Antoni-Brusi-2-150x150.png 150w, https:\/\/agora.xtec.cat\/ceipantonibrusi\/wp-content\/uploads\/usu2949\/2024\/01\/Menu-Antoni-Brusi-2-300x300.png 300w, https:\/\/agora.xtec.cat\/ceipantonibrusi\/wp-content\/uploads\/usu2949\/2024\/01\/Menu-Antoni-Brusi-2-1024x1024.png 1024w, https:\/\/agora.xtec.cat\/ceipantonibrusi\/wp-content\/uploads\/usu2949\/2024\/01\/Menu-Antoni-Brusi-2-768x768.png 768w, https:\/\/agora.xtec.cat\/ceipantonibrusi\/wp-content\/uploads\/usu2949\/2024\/01\/Menu-Antoni-Brusi-2.png 1181w\" sizes=\"auto, (max-width: 150px) 100vw, 150px\" \/><\/a><a href=\"https:\/\/drive.google.com\/file\/d\/1TyyNZrYVfW4x_AiuIthOy2okTEJWR_gU\/view?usp=sharing\"><img loading=\"lazy\" decoding=\"async\" class=\"alignnone wp-image-558 size-thumbnail\" src=\"https:\/\/agora.xtec.cat\/ceipantonibrusi\/wp-content\/uploads\/usu2949\/2024\/01\/Menu-Antoni-Brusi-3-150x150.png\" alt=\"\" width=\"150\" height=\"150\" srcset=\"https:\/\/agora.xtec.cat\/ceipantonibrusi\/wp-content\/uploads\/usu2949\/2024\/01\/Menu-Antoni-Brusi-3-150x150.png 150w, https:\/\/agora.xtec.cat\/ceipantonibrusi\/wp-content\/uploads\/usu2949\/2024\/01\/Menu-Antoni-Brusi-3-300x300.png 300w, https:\/\/agora.xtec.cat\/ceipantonibrusi\/wp-content\/uploads\/usu2949\/2024\/01\/Menu-Antoni-Brusi-3-1024x1024.png 1024w, https:\/\/agora.xtec.cat\/ceipantonibrusi\/wp-content\/uploads\/usu2949\/2024\/01\/Menu-Antoni-Brusi-3-768x768.png 768w, https:\/\/agora.xtec.cat\/ceipantonibrusi\/wp-content\/uploads\/usu2949\/2024\/01\/Menu-Antoni-Brusi-3.png 1181w\" sizes=\"auto, (max-width: 150px) 100vw, 150px\" \/><\/a><a href=\"https:\/\/drive.google.com\/file\/d\/1Qbj55JnhBDauYZ21tluU9derhTtoUPa5\/view?usp=sharing\"><img loading=\"lazy\" decoding=\"async\" class=\"alignnone wp-image-559 size-thumbnail\" src=\"https:\/\/agora.xtec.cat\/ceipantonibrusi\/wp-content\/uploads\/usu2949\/2024\/01\/Menu-Antoni-Brusi-4-150x150.png\" alt=\"\" width=\"150\" height=\"150\" srcset=\"https:\/\/agora.xtec.cat\/ceipantonibrusi\/wp-content\/uploads\/usu2949\/2024\/01\/Menu-Antoni-Brusi-4-150x150.png 150w, https:\/\/agora.xtec.cat\/ceipantonibrusi\/wp-content\/uploads\/usu2949\/2024\/01\/Menu-Antoni-Brusi-4-300x300.png 300w, https:\/\/agora.xtec.cat\/ceipantonibrusi\/wp-content\/uploads\/usu2949\/2024\/01\/Menu-Antoni-Brusi-4-1024x1024.png 1024w, https:\/\/agora.xtec.cat\/ceipantonibrusi\/wp-content\/uploads\/usu2949\/2024\/01\/Menu-Antoni-Brusi-4-768x768.png 768w, https:\/\/agora.xtec.cat\/ceipantonibrusi\/wp-content\/uploads\/usu2949\/2024\/01\/Menu-Antoni-Brusi-4.png 1181w\" sizes=\"auto, (max-width: 150px) 100vw, 150px\" \/><\/a><a href=\"https:\/\/drive.google.com\/file\/d\/1B_ZOwtZTNmiWV__WcaCgKDY8KFpLzcoh\/view?usp=sharing\"><img loading=\"lazy\" decoding=\"async\" class=\"alignnone wp-image-560 size-thumbnail\" src=\"https:\/\/agora.xtec.cat\/ceipantonibrusi\/wp-content\/uploads\/usu2949\/2024\/01\/Menu-Antoni-Brusi-5-150x150.png\" alt=\"\" width=\"150\" height=\"150\" srcset=\"https:\/\/agora.xtec.cat\/ceipantonibrusi\/wp-content\/uploads\/usu2949\/2024\/01\/Menu-Antoni-Brusi-5-150x150.png 150w, https:\/\/agora.xtec.cat\/ceipantonibrusi\/wp-content\/uploads\/usu2949\/2024\/01\/Menu-Antoni-Brusi-5-300x300.png 300w, https:\/\/agora.xtec.cat\/ceipantonibrusi\/wp-content\/uploads\/usu2949\/2024\/01\/Menu-Antoni-Brusi-5-1024x1024.png 1024w, https:\/\/agora.xtec.cat\/ceipantonibrusi\/wp-content\/uploads\/usu2949\/2024\/01\/Menu-Antoni-Brusi-5-768x768.png 768w, https:\/\/agora.xtec.cat\/ceipantonibrusi\/wp-content\/uploads\/usu2949\/2024\/01\/Menu-Antoni-Brusi-5.png 1181w\" sizes=\"auto, (max-width: 150px) 100vw, 150px\" \/><\/a><\/p>\n<p><iframe loading=\"lazy\" src=\"https:\/\/docs.google.com\/presentation\/d\/e\/2PACX-1vRkNJ3bZMCIKQqqg1H9CunP4-iXNM7WdqIGXruZu-fmactXCj9RkzZAx43TU0qmog\/embed?start=false&amp;loop=false&amp;delayms=3000\" width=\"900\" height=\"535\" frameborder=\"0\" allowfullscreen=\"allowfullscreen\"><\/iframe><\/p>\n","protected":false},"excerpt":{"rendered":"<p>Despr\u00e9s de la franja lectiva del mat\u00ed, el menjador es converteix en un espai d\u2019aprenentatge i conviv\u00e8ncia al voltant de la taula. Prop del 80% de l\u2019alumnat dinen cada dia a l\u2019escola, compartint aquest moment amb els seus companys i companyes entre les 12:30 h i les 15:00 h. L\u2019equip de monitors i monitores d\u2019Endermar [&hellip;]<\/p>\n","protected":false},"author":1,"featured_media":0,"parent":0,"menu_order":30,"comment_status":"closed","ping_status":"closed","template":"","meta":{"_bbp_topic_count":0,"_bbp_reply_count":0,"_bbp_total_topic_count":0,"_bbp_total_reply_count":0,"_bbp_voice_count":0,"_bbp_anonymous_reply_count":0,"_bbp_topic_count_hidden":0,"_bbp_reply_count_hidden":0,"_bbp_forum_subforum_count":0,"site-sidebar-layout":"default","site-content-layout":"","ast-site-content-layout":"default","site-content-style":"default","site-sidebar-style":"default","ast-global-header-display":"","ast-banner-title-visibility":"","ast-main-header-display":"","ast-hfb-above-header-display":"","ast-hfb-below-header-display":"","ast-hfb-mobile-header-display":"","site-post-title":"","ast-breadcrumbs-content":"","ast-featured-img":"","footer-sml-layout":"","theme-transparent-header-meta":"","adv-header-id-meta":"","stick-header-meta":"","header-above-stick-meta":"","header-main-stick-meta":"","header-below-stick-meta":"","astra-migrate-meta-layouts":"set","ast-page-background-enabled":"default","ast-page-background-meta":{"desktop":{"background-color":"var(--ast-global-color-4)","background-image":"","background-repeat":"repeat","background-position":"center center","background-size":"auto","background-attachment":"scroll","background-type":"","background-media":"","overlay-type":"","overlay-color":"","overlay-opacity":"","overlay-gradient":""},"tablet":{"background-color":"","background-image":"","background-repeat":"repeat","background-position":"center center","background-size":"auto","background-attachment":"scroll","background-type":"","background-media":"","overlay-type":"","overlay-color":"","overlay-opacity":"","overlay-gradient":""},"mobile":{"background-color":"","background-image":"","background-repeat":"repeat","background-position":"center center","background-size":"auto","background-attachment":"scroll","background-type":"","background-media":"","overlay-type":"","overlay-color":"","overlay-opacity":"","overlay-gradient":""}},"ast-content-background-meta":{"desktop":{"background-color":"var(--ast-global-color-5)","background-image":"","background-repeat":"repeat","background-position":"center center","background-size":"auto","background-attachment":"scroll","background-type":"","background-media":"","overlay-type":"","overlay-color":"","overlay-opacity":"","overlay-gradient":""},"tablet":{"background-color":"var(--ast-global-color-5)","background-image":"","background-repeat":"repeat","background-position":"center center","background-size":"auto","background-attachment":"scroll","background-type":"","background-media":"","overlay-type":"","overlay-color":"","overlay-opacity":"","overlay-gradient":""},"mobile":{"background-color":"var(--ast-global-color-5)","background-image":"","background-repeat":"repeat","background-position":"center center","background-size":"auto","background-attachment":"scroll","background-type":"","background-media":"","overlay-type":"","overlay-color":"","overlay-opacity":"","overlay-gradient":""}},"footnotes":""},"class_list":["post-73","page","type-page","status-publish","hentry"],"post_mailing_queue_ids":[],"_links":{"self":[{"href":"https:\/\/agora.xtec.cat\/ceipantonibrusi\/wp-json\/wp\/v2\/pages\/73","targetHints":{"allow":["GET"]}}],"collection":[{"href":"https:\/\/agora.xtec.cat\/ceipantonibrusi\/wp-json\/wp\/v2\/pages"}],"about":[{"href":"https:\/\/agora.xtec.cat\/ceipantonibrusi\/wp-json\/wp\/v2\/types\/page"}],"author":[{"embeddable":true,"href":"https:\/\/agora.xtec.cat\/ceipantonibrusi\/wp-json\/wp\/v2\/users\/1"}],"replies":[{"embeddable":true,"href":"https:\/\/agora.xtec.cat\/ceipantonibrusi\/wp-json\/wp\/v2\/comments?post=73"}],"version-history":[{"count":6,"href":"https:\/\/agora.xtec.cat\/ceipantonibrusi\/wp-json\/wp\/v2\/pages\/73\/revisions"}],"predecessor-version":[{"id":2080,"href":"https:\/\/agora.xtec.cat\/ceipantonibrusi\/wp-json\/wp\/v2\/pages\/73\/revisions\/2080"}],"wp:attachment":[{"href":"https:\/\/agora.xtec.cat\/ceipantonibrusi\/wp-json\/wp\/v2\/media?parent=73"}],"curies":[{"name":"wp","href":"https:\/\/api.w.org\/{rel}","templated":true}]}}