{"id":684,"date":"2024-01-18T12:18:55","date_gmt":"2024-01-18T11:18:55","guid":{"rendered":"https:\/\/agora.xtec.cat\/ceipantonibrusi\/?page_id=684"},"modified":"2025-12-16T15:14:53","modified_gmt":"2025-12-16T14:14:53","slug":"pas-a-secundaria","status":"publish","type":"page","link":"https:\/\/agora.xtec.cat\/ceipantonibrusi\/pas-a-secundaria\/","title":{"rendered":"Pas a secund\u00e0ria"},"content":{"rendered":"<p><span style=\"font-weight: 400;\">El pas a l\u2019etapa de Secund\u00e0ria \u00e9s un moment important en el creixement dels nostres alumnes.<\/span><span style=\"font-weight: 400;\"><br \/>\n<\/span><span style=\"font-weight: 400;\">A l&#8217;escola preparem aquesta transici\u00f3 amb cura i acompanyament, perqu\u00e8 cada infant visqui el canvi amb seguretat, confian\u00e7a i motivaci\u00f3 per seguir aprenent.<\/span><\/p>\n<p><span style=\"font-weight: 400;\">Segons la normativa vigent, per accedir al primer curs de l\u2019Educaci\u00f3 Secund\u00e0ria Obligat\u00f2ria (ESO) en un centre determinat, t\u00e9 prefer\u00e8ncia l\u2019alumnat que procedeix d\u2019escoles adscrites.<\/span><\/p>\n<p><span style=\"font-weight: 400;\">Els instituts adscrits a la nostra escola s\u00f3n:<\/span><span style=\"font-weight: 400;\"><br \/>\n<\/span><\/p>\n<p><a href=\"https:\/\/eljoncar.cat\/\"><img loading=\"lazy\" decoding=\"async\" class=\"wp-image-1131 alignnone\" src=\"https:\/\/agora.xtec.cat\/ceipantonibrusi\/wp-content\/uploads\/usu2949\/2024\/03\/1-300x300.png\" alt=\"\" width=\"248\" height=\"248\" srcset=\"https:\/\/agora.xtec.cat\/ceipantonibrusi\/wp-content\/uploads\/usu2949\/2024\/03\/1-300x300.png 300w, https:\/\/agora.xtec.cat\/ceipantonibrusi\/wp-content\/uploads\/usu2949\/2024\/03\/1-150x150.png 150w, https:\/\/agora.xtec.cat\/ceipantonibrusi\/wp-content\/uploads\/usu2949\/2024\/03\/1.png 500w\" sizes=\"auto, (max-width: 248px) 100vw, 248px\" \/><\/a> <a href=\"https:\/\/www.4cantons.cat\/\"><img loading=\"lazy\" decoding=\"async\" class=\"wp-image-1132 alignnone\" src=\"https:\/\/agora.xtec.cat\/ceipantonibrusi\/wp-content\/uploads\/usu2949\/2024\/03\/2-300x300.png\" alt=\"\" width=\"249\" height=\"249\" srcset=\"https:\/\/agora.xtec.cat\/ceipantonibrusi\/wp-content\/uploads\/usu2949\/2024\/03\/2-300x300.png 300w, https:\/\/agora.xtec.cat\/ceipantonibrusi\/wp-content\/uploads\/usu2949\/2024\/03\/2-150x150.png 150w, https:\/\/agora.xtec.cat\/ceipantonibrusi\/wp-content\/uploads\/usu2949\/2024\/03\/2.png 500w\" sizes=\"auto, (max-width: 249px) 100vw, 249px\" \/><\/a><a href=\"https:\/\/agora.xtec.cat\/iesicaria\/\"><img loading=\"lazy\" decoding=\"async\" class=\"wp-image-1133 alignnone\" src=\"https:\/\/agora.xtec.cat\/ceipantonibrusi\/wp-content\/uploads\/usu2949\/2024\/03\/3-300x300.png\" alt=\"\" width=\"252\" height=\"252\" srcset=\"https:\/\/agora.xtec.cat\/ceipantonibrusi\/wp-content\/uploads\/usu2949\/2024\/03\/3-300x300.png 300w, https:\/\/agora.xtec.cat\/ceipantonibrusi\/wp-content\/uploads\/usu2949\/2024\/03\/3-150x150.png 150w, https:\/\/agora.xtec.cat\/ceipantonibrusi\/wp-content\/uploads\/usu2949\/2024\/03\/3.png 500w\" sizes=\"auto, (max-width: 252px) 100vw, 252px\" \/><\/a><\/p>\n","protected":false},"excerpt":{"rendered":"<p>El pas a l\u2019etapa de Secund\u00e0ria \u00e9s un moment important en el creixement dels nostres alumnes. A l&#8217;escola preparem aquesta transici\u00f3 amb cura i acompanyament, perqu\u00e8 cada infant visqui el canvi amb seguretat, confian\u00e7a i motivaci\u00f3 per seguir aprenent. Segons la normativa vigent, per accedir al primer curs de l\u2019Educaci\u00f3 Secund\u00e0ria Obligat\u00f2ria (ESO) en un [&hellip;]<\/p>\n","protected":false},"author":5,"featured_media":0,"parent":0,"menu_order":0,"comment_status":"closed","ping_status":"closed","template":"","meta":{"_bbp_topic_count":0,"_bbp_reply_count":0,"_bbp_total_topic_count":0,"_bbp_total_reply_count":0,"_bbp_voice_count":0,"_bbp_anonymous_reply_count":0,"_bbp_topic_count_hidden":0,"_bbp_reply_count_hidden":0,"_bbp_forum_subforum_count":0,"site-sidebar-layout":"default","site-content-layout":"","ast-site-content-layout":"default","site-content-style":"default","site-sidebar-style":"default","ast-global-header-display":"","ast-banner-title-visibility":"","ast-main-header-display":"","ast-hfb-above-header-display":"","ast-hfb-below-header-display":"","ast-hfb-mobile-header-display":"","site-post-title":"","ast-breadcrumbs-content":"","ast-featured-img":"","footer-sml-layout":"","theme-transparent-header-meta":"","adv-header-id-meta":"","stick-header-meta":"","header-above-stick-meta":"","header-main-stick-meta":"","header-below-stick-meta":"","astra-migrate-meta-layouts":"set","ast-page-background-enabled":"default","ast-page-background-meta":{"desktop":{"background-color":"var(--ast-global-color-4)","background-image":"","background-repeat":"repeat","background-position":"center center","background-size":"auto","background-attachment":"scroll","background-type":"","background-media":"","overlay-type":"","overlay-color":"","overlay-opacity":"","overlay-gradient":""},"tablet":{"background-color":"","background-image":"","background-repeat":"repeat","background-position":"center center","background-size":"auto","background-attachment":"scroll","background-type":"","background-media":"","overlay-type":"","overlay-color":"","overlay-opacity":"","overlay-gradient":""},"mobile":{"background-color":"","background-image":"","background-repeat":"repeat","background-position":"center center","background-size":"auto","background-attachment":"scroll","background-type":"","background-media":"","overlay-type":"","overlay-color":"","overlay-opacity":"","overlay-gradient":""}},"ast-content-background-meta":{"desktop":{"background-color":"var(--ast-global-color-5)","background-image":"","background-repeat":"repeat","background-position":"center center","background-size":"auto","background-attachment":"scroll","background-type":"","background-media":"","overlay-type":"","overlay-color":"","overlay-opacity":"","overlay-gradient":""},"tablet":{"background-color":"var(--ast-global-color-5)","background-image":"","background-repeat":"repeat","background-position":"center center","background-size":"auto","background-attachment":"scroll","background-type":"","background-media":"","overlay-type":"","overlay-color":"","overlay-opacity":"","overlay-gradient":""},"mobile":{"background-color":"var(--ast-global-color-5)","background-image":"","background-repeat":"repeat","background-position":"center center","background-size":"auto","background-attachment":"scroll","background-type":"","background-media":"","overlay-type":"","overlay-color":"","overlay-opacity":"","overlay-gradient":""}},"footnotes":""},"class_list":["post-684","page","type-page","status-publish","hentry"],"post_mailing_queue_ids":[],"_links":{"self":[{"href":"https:\/\/agora.xtec.cat\/ceipantonibrusi\/wp-json\/wp\/v2\/pages\/684","targetHints":{"allow":["GET"]}}],"collection":[{"href":"https:\/\/agora.xtec.cat\/ceipantonibrusi\/wp-json\/wp\/v2\/pages"}],"about":[{"href":"https:\/\/agora.xtec.cat\/ceipantonibrusi\/wp-json\/wp\/v2\/types\/page"}],"author":[{"embeddable":true,"href":"https:\/\/agora.xtec.cat\/ceipantonibrusi\/wp-json\/wp\/v2\/users\/5"}],"replies":[{"embeddable":true,"href":"https:\/\/agora.xtec.cat\/ceipantonibrusi\/wp-json\/wp\/v2\/comments?post=684"}],"version-history":[{"count":4,"href":"https:\/\/agora.xtec.cat\/ceipantonibrusi\/wp-json\/wp\/v2\/pages\/684\/revisions"}],"predecessor-version":[{"id":1991,"href":"https:\/\/agora.xtec.cat\/ceipantonibrusi\/wp-json\/wp\/v2\/pages\/684\/revisions\/1991"}],"wp:attachment":[{"href":"https:\/\/agora.xtec.cat\/ceipantonibrusi\/wp-json\/wp\/v2\/media?parent=684"}],"curies":[{"name":"wp","href":"https:\/\/api.w.org\/{rel}","templated":true}]}}