{"id":630,"date":"2024-01-18T11:01:37","date_gmt":"2024-01-18T10:01:37","guid":{"rendered":"https:\/\/agora.xtec.cat\/ceipantonibrusi\/?page_id=630"},"modified":"2024-01-18T11:01:37","modified_gmt":"2024-01-18T10:01:37","slug":"presentacio-edc","status":"publish","type":"page","link":"https:\/\/agora.xtec.cat\/ceipantonibrusi\/presentacio-edc\/","title":{"rendered":"Presentaci\u00f3 EDC"},"content":{"rendered":"<div class=\"oKdM2c ZZyype Kzv0Me\">\n<div id=\"h.243b6c2ce9bf6000_28\" class=\"hJDwNd-AhqUyc-OiUrBf Ft7HRd-AhqUyc-OiUrBf jXK9ad D2fZ2 zu5uec OjCsFc dmUFtb\">\n<div class=\"jXK9ad-SmKAyb\">\n<div class=\"tyJCtd mGzaTb Depvyb baZpAe\">\n<h5 class=\"zfr3Q CDt4Ke \" dir=\"ltr\"><span class=\"C9DxTc \"><a href=\"https:\/\/agora.xtec.cat\/ceipantonibrusi\/wp-content\/uploads\/usu2949\/2024\/01\/Untitled.png\"><img loading=\"lazy\" decoding=\"async\" class=\"size-medium wp-image-631 alignleft\" src=\"https:\/\/agora.xtec.cat\/ceipantonibrusi\/wp-content\/uploads\/usu2949\/2024\/01\/Untitled-151x300.png\" alt=\"\" width=\"151\" height=\"300\" srcset=\"https:\/\/agora.xtec.cat\/ceipantonibrusi\/wp-content\/uploads\/usu2949\/2024\/01\/Untitled-151x300.png 151w, https:\/\/agora.xtec.cat\/ceipantonibrusi\/wp-content\/uploads\/usu2949\/2024\/01\/Untitled.png 514w\" sizes=\"auto, (max-width: 151px) 100vw, 151px\" \/><\/a>En qu\u00e8 consisteix?<\/span><\/h5>\n<\/div>\n<\/div>\n<\/div>\n<\/div>\n<div class=\"oKdM2c ZZyype\">\n<div id=\"h.688ce5a9fcb19df9_69\" class=\"hJDwNd-AhqUyc-OiUrBf Ft7HRd-AhqUyc-OiUrBf jXK9ad D2fZ2 zu5uec wHaque g5GTcb\">\n<div class=\"jXK9ad-SmKAyb\">\n<div class=\"tyJCtd mGzaTb Depvyb baZpAe\">\n<p class=\"zfr3Q CDt4Ke \" dir=\"ltr\"><span class=\"C9DxTc \">L\u2019Estrat\u00e8gia Digital de Centre ha de tenir com a referent el<\/span><a class=\"XqQF9c\" href=\"https:\/\/drive.google.com\/file\/d\/1zabXxpxS3S4iONZHIZkLo2bqS7-9-eyT\/view?usp=sharing\" target=\"_blank\" rel=\"noopener\"><span class=\"C9DxTc \">\u00a0<\/span><span class=\"C9DxTc \">Pla d\u2019Educaci\u00f3 Digital de Catalunya (PEDC)<\/span><\/a><span class=\"C9DxTc \">, on s\u2019indica la necessitat d\u2019assolir la fita d\u2019una societat digitalment competent, fent \u00e8mfasi\u00a0 en l\u2019equitat i tenint en compte l\u2019evoluci\u00f3 del context social i tecnol\u00f2gic.<\/span><span class=\"C9DxTc \">\u00a0<\/span><\/p>\n<p class=\"zfr3Q CDt4Ke \" dir=\"ltr\"><span class=\"C9DxTc \">L\u2019<\/span><a class=\"XqQF9c\" href=\"https:\/\/drive.google.com\/file\/d\/1BC79LYJIKoZm0S93j3E_E7ctfxzqXrDZ\/view?usp=sharing\" target=\"_blank\" rel=\"noopener\"><span class=\"C9DxTc \">Estrat\u00e8gia Digital de Centre (EDC)<\/span><\/a><span class=\"C9DxTc \">\u00a0defineix i concreta les l\u00ednies d\u2019actuaci\u00f3 d\u2019un centre que fan possible que docents, alumnat i centre assoleixin la compet\u00e8ncia digital. Per aconseguir aquesta compet\u00e8ncia digital, l\u2019EDC compr\u00e8n tots els \u00e0mbits del centre: organitzatius, metodol\u00f2gics, curriculars i comunicatius, els quals s\u2019han de veure necess\u00e0riament implicats i, si escau, transformats, des d\u2019una perspectiva d\u2019innovaci\u00f3 i de millora cont\u00ednua.<\/span><\/p>\n<p class=\"zfr3Q CDt4Ke \" dir=\"ltr\"><span class=\"C9DxTc \">L\u2019EDC t\u00e9, b\u00e0sicament dues parts. Una primera part que \u00e9s m\u00e9s\u00a0<\/span><span class=\"C9DxTc \">estrat\u00e8gica<\/span><span class=\"C9DxTc \">\u00a0(objectius, activitats, planificaci\u00f3, etc.), on es defineix on vol arribar el centre digitalment parlant. La segona part mostra la\u00a0<\/span><span class=\"C9DxTc \">cultura digital,<\/span><span class=\"C9DxTc \">\u00a0ja que \u00e9s on es va recollint el que el centre ja t\u00e9 establert en aquest sentit ( plans, procediments, protocols, normatives, serveis i acords que el centre ja utilitza).<\/span><\/p>\n<h5 class=\"zfr3Q CDt4Ke \" dir=\"ltr\"><span class=\"C9DxTc \">L&#8217;EDC i el nostre PEC<\/span><\/h5>\n<p class=\"zfr3Q CDt4Ke \" dir=\"ltr\"><span class=\"C9DxTc \">En el nostre\u00a0<\/span><a class=\"XqQF9c\" href=\"https:\/\/drive.google.com\/file\/d\/1_Cok4Z6DRa7ZFI7TRb4oNHwozw8CVXeK\/view\" target=\"_blank\" rel=\"noopener\"><span class=\"C9DxTc \">PEC<\/span><\/a><span class=\"C9DxTc \">\u00a0es detallen les dades de contextualitzaci\u00f3 general del centre. Pel que fa als aspectes sobre l&#8217;<\/span><span class=\"C9DxTc \">\u00fas de les<\/span><span class=\"C9DxTc \">\u00a0<\/span><span class=\"C9DxTc \">tecnologies digitals<\/span><span class=\"C9DxTc \">, la\u00a0<\/span><span class=\"C9DxTc \">comunicaci\u00f3 amb les fam\u00edlies<\/span><span class=\"C9DxTc \">,\u00a0<\/span><span class=\"C9DxTc \">alumnes<\/span><span class=\"C9DxTc \">,\u00a0<\/span><span class=\"C9DxTc \">professorat i entorn<\/span><span class=\"C9DxTc \">. Cal tenir present, que d&#8217;un temps en\u00e7\u00e0, el nostre centre est\u00e0 fet una clara aposta per la\u00a0<\/span><span class=\"C9DxTc \">digitalitzaci\u00f3\u00a0<\/span><span class=\"C9DxTc \">i\u00a0<\/span><span class=\"C9DxTc \">actualitzaci\u00f3 en les noves tecnologies<\/span><span class=\"C9DxTc \">.<\/span><\/p>\n<p class=\"zfr3Q CDt4Ke \" dir=\"ltr\"><span class=\"C9DxTc \">Gr\u00e0cies a aquest Pla Estrat\u00e8gic Digital i la FIC (formaci\u00f3 interna de centre) esperem tenir l&#8217;oportunitat de, reflexionar, debatre i arribar a acords respecte cap a on volem anar en aquest sentit.<\/span><\/p>\n<\/div>\n<\/div>\n<\/div>\n<\/div>\n","protected":false},"excerpt":{"rendered":"<p>En qu\u00e8 consisteix? L\u2019Estrat\u00e8gia Digital de Centre ha de tenir com a referent el\u00a0Pla d\u2019Educaci\u00f3 Digital de Catalunya (PEDC), on s\u2019indica la necessitat d\u2019assolir la fita d\u2019una societat digitalment competent, fent \u00e8mfasi\u00a0 en l\u2019equitat i tenint en compte l\u2019evoluci\u00f3 del context social i tecnol\u00f2gic.\u00a0 L\u2019Estrat\u00e8gia Digital de Centre (EDC)\u00a0defineix i concreta les l\u00ednies d\u2019actuaci\u00f3 d\u2019un [&hellip;]<\/p>\n","protected":false},"author":5,"featured_media":0,"parent":0,"menu_order":0,"comment_status":"closed","ping_status":"closed","template":"","meta":{"_bbp_topic_count":0,"_bbp_reply_count":0,"_bbp_total_topic_count":0,"_bbp_total_reply_count":0,"_bbp_voice_count":0,"_bbp_anonymous_reply_count":0,"_bbp_topic_count_hidden":0,"_bbp_reply_count_hidden":0,"_bbp_forum_subforum_count":0,"site-sidebar-layout":"default","site-content-layout":"","ast-site-content-layout":"","site-content-style":"default","site-sidebar-style":"default","ast-global-header-display":"","ast-banner-title-visibility":"","ast-main-header-display":"","ast-hfb-above-header-display":"","ast-hfb-below-header-display":"","ast-hfb-mobile-header-display":"","site-post-title":"","ast-breadcrumbs-content":"","ast-featured-img":"","footer-sml-layout":"","theme-transparent-header-meta":"","adv-header-id-meta":"","stick-header-meta":"","header-above-stick-meta":"","header-main-stick-meta":"","header-below-stick-meta":"","astra-migrate-meta-layouts":"default","ast-page-background-enabled":"default","ast-page-background-meta":{"desktop":{"background-color":"var(--ast-global-color-4)","background-image":"","background-repeat":"repeat","background-position":"center center","background-size":"auto","background-attachment":"scroll","background-type":"","background-media":"","overlay-type":"","overlay-color":"","overlay-opacity":"","overlay-gradient":""},"tablet":{"background-color":"","background-image":"","background-repeat":"repeat","background-position":"center center","background-size":"auto","background-attachment":"scroll","background-type":"","background-media":"","overlay-type":"","overlay-color":"","overlay-opacity":"","overlay-gradient":""},"mobile":{"background-color":"","background-image":"","background-repeat":"repeat","background-position":"center center","background-size":"auto","background-attachment":"scroll","background-type":"","background-media":"","overlay-type":"","overlay-color":"","overlay-opacity":"","overlay-gradient":""}},"ast-content-background-meta":{"desktop":{"background-color":"var(--ast-global-color-5)","background-image":"","background-repeat":"repeat","background-position":"center center","background-size":"auto","background-attachment":"scroll","background-type":"","background-media":"","overlay-type":"","overlay-color":"","overlay-opacity":"","overlay-gradient":""},"tablet":{"background-color":"var(--ast-global-color-5)","background-image":"","background-repeat":"repeat","background-position":"center center","background-size":"auto","background-attachment":"scroll","background-type":"","background-media":"","overlay-type":"","overlay-color":"","overlay-opacity":"","overlay-gradient":""},"mobile":{"background-color":"var(--ast-global-color-5)","background-image":"","background-repeat":"repeat","background-position":"center center","background-size":"auto","background-attachment":"scroll","background-type":"","background-media":"","overlay-type":"","overlay-color":"","overlay-opacity":"","overlay-gradient":""}},"footnotes":""},"class_list":["post-630","page","type-page","status-publish","hentry"],"post_mailing_queue_ids":[],"_links":{"self":[{"href":"https:\/\/agora.xtec.cat\/ceipantonibrusi\/wp-json\/wp\/v2\/pages\/630","targetHints":{"allow":["GET"]}}],"collection":[{"href":"https:\/\/agora.xtec.cat\/ceipantonibrusi\/wp-json\/wp\/v2\/pages"}],"about":[{"href":"https:\/\/agora.xtec.cat\/ceipantonibrusi\/wp-json\/wp\/v2\/types\/page"}],"author":[{"embeddable":true,"href":"https:\/\/agora.xtec.cat\/ceipantonibrusi\/wp-json\/wp\/v2\/users\/5"}],"replies":[{"embeddable":true,"href":"https:\/\/agora.xtec.cat\/ceipantonibrusi\/wp-json\/wp\/v2\/comments?post=630"}],"version-history":[{"count":1,"href":"https:\/\/agora.xtec.cat\/ceipantonibrusi\/wp-json\/wp\/v2\/pages\/630\/revisions"}],"predecessor-version":[{"id":632,"href":"https:\/\/agora.xtec.cat\/ceipantonibrusi\/wp-json\/wp\/v2\/pages\/630\/revisions\/632"}],"wp:attachment":[{"href":"https:\/\/agora.xtec.cat\/ceipantonibrusi\/wp-json\/wp\/v2\/media?parent=630"}],"curies":[{"name":"wp","href":"https:\/\/api.w.org\/{rel}","templated":true}]}}