{"id":587,"date":"2024-01-17T10:30:10","date_gmt":"2024-01-17T09:30:10","guid":{"rendered":"https:\/\/agora.xtec.cat\/ceipantonibrusi\/?page_id=587"},"modified":"2025-12-16T12:37:07","modified_gmt":"2025-12-16T11:37:07","slug":"sortides-i-colonies","status":"publish","type":"page","link":"https:\/\/agora.xtec.cat\/ceipantonibrusi\/sortides-i-colonies\/","title":{"rendered":"Sortides i col\u00f2nies"},"content":{"rendered":"<h5>Sortides<\/h5>\n<p><span style=\"font-weight: 400;\">Les sortides formen part del nostre projecte educatiu i de la Programaci\u00f3 General de Centre, aprovades pel Consell Escolar.<\/span><span style=\"font-weight: 400;\"><br \/>\n<\/span><span style=\"font-weight: 400;\">S\u00f3n activitats d\u2019aprenentatge vivencial, que permeten connectar els continguts de l\u2019aula amb l\u2019entorn natural, cultural i social.<\/span><span style=\"font-weight: 400;\"><br \/>\n<\/span><span style=\"font-weight: 400;\">A cada curs, planifiquem propostes adaptades als interessos i objectius pedag\u00f2gics de l\u2019etapa, perqu\u00e8 els infants descobreixin, observin i aprenguin amb el m\u00f3n real.<\/span><\/p>\n<p><span style=\"font-weight: 400;\">Per participar-hi, \u00e9s necess\u00e0ria <\/span> l<a href=\"https:\/\/docs.google.com\/document\/d\/1yA6VHNrPV338KQNtizWuPXzWEO029eoJ\/edit\">\u2019autoritzaci\u00f3 del pare\/mare o representant legal de l\u2019alumne.<\/a><\/p>\n<h5>Col\u00f2nies<\/h5>\n<p><span style=\"font-weight: 400;\">Els grups d\u2019I5, 2n, 4t, 5\u00e8 i 6\u00e8 participen cada curs en col\u00f2nies escolars.<\/span><span style=\"font-weight: 400;\"><br \/>\n<\/span><span style=\"font-weight: 400;\">Les col\u00f2nies s\u00f3n una experi\u00e8ncia clau d\u2019aprenentatge i conviv\u00e8ncia, on els infants desenvolupen la seva autonomia personal, enforteixen els vincles amb el grup i connecten amb la natura.<\/span><span style=\"font-weight: 400;\"><br \/>\n<\/span><span style=\"font-weight: 400;\">S\u00f3n tamb\u00e9 una oportunitat per viure de manera diferent els valors del respecte, la cooperaci\u00f3 i la responsabilitat.<\/span><\/p>\n<h5>Activitat de piscina a 1r.<\/h5>\n<p><span style=\"font-weight: 400;\">L\u2019activitat de piscina de 1r forma part de l\u2019\u00e0rea d\u2019Educaci\u00f3 F\u00edsica i est\u00e0 inclosa en la Programaci\u00f3 General de Centre, aprovada pel Consell Escolar.<\/span><span style=\"font-weight: 400;\"><br \/>\n<\/span><span style=\"font-weight: 400;\">\u00c9s una activitat obligat\u00f2ria i essencial per al desenvolupament integral dels infants.<\/span><\/p>\n<p><span style=\"font-weight: 400;\">Gr\u00e0cies al programa municipal \u201cJo nedo\u201d de l\u2019Ajuntament de Barcelona, l\u2019activitat \u00e9s subvencionada (excepte el transport i els monitors\/es acompanyants).<\/span><span style=\"font-weight: 400;\"><br \/>\n<\/span><span style=\"font-weight: 400;\">Aquest projecte afavoreix l\u2019autonomia, la seguretat a l\u2019aigua i l\u2019adquisici\u00f3 d\u2019h\u00e0bits saludables des de ben petits.<\/span><\/p>\n","protected":false},"excerpt":{"rendered":"<p>Sortides Les sortides formen part del nostre projecte educatiu i de la Programaci\u00f3 General de Centre, aprovades pel Consell Escolar. S\u00f3n activitats d\u2019aprenentatge vivencial, que permeten connectar els continguts de l\u2019aula amb l\u2019entorn natural, cultural i social. A cada curs, planifiquem propostes adaptades als interessos i objectius pedag\u00f2gics de l\u2019etapa, perqu\u00e8 els infants descobreixin, observin [&hellip;]<\/p>\n","protected":false},"author":5,"featured_media":0,"parent":0,"menu_order":0,"comment_status":"closed","ping_status":"closed","template":"","meta":{"_bbp_topic_count":0,"_bbp_reply_count":0,"_bbp_total_topic_count":0,"_bbp_total_reply_count":0,"_bbp_voice_count":0,"_bbp_anonymous_reply_count":0,"_bbp_topic_count_hidden":0,"_bbp_reply_count_hidden":0,"_bbp_forum_subforum_count":0,"site-sidebar-layout":"default","site-content-layout":"","ast-site-content-layout":"default","site-content-style":"default","site-sidebar-style":"default","ast-global-header-display":"","ast-banner-title-visibility":"","ast-main-header-display":"","ast-hfb-above-header-display":"","ast-hfb-below-header-display":"","ast-hfb-mobile-header-display":"","site-post-title":"","ast-breadcrumbs-content":"","ast-featured-img":"","footer-sml-layout":"","theme-transparent-header-meta":"","adv-header-id-meta":"","stick-header-meta":"","header-above-stick-meta":"","header-main-stick-meta":"","header-below-stick-meta":"","astra-migrate-meta-layouts":"set","ast-page-background-enabled":"default","ast-page-background-meta":{"desktop":{"background-color":"var(--ast-global-color-4)","background-image":"","background-repeat":"repeat","background-position":"center center","background-size":"auto","background-attachment":"scroll","background-type":"","background-media":"","overlay-type":"","overlay-color":"","overlay-opacity":"","overlay-gradient":""},"tablet":{"background-color":"","background-image":"","background-repeat":"repeat","background-position":"center center","background-size":"auto","background-attachment":"scroll","background-type":"","background-media":"","overlay-type":"","overlay-color":"","overlay-opacity":"","overlay-gradient":""},"mobile":{"background-color":"","background-image":"","background-repeat":"repeat","background-position":"center center","background-size":"auto","background-attachment":"scroll","background-type":"","background-media":"","overlay-type":"","overlay-color":"","overlay-opacity":"","overlay-gradient":""}},"ast-content-background-meta":{"desktop":{"background-color":"var(--ast-global-color-5)","background-image":"","background-repeat":"repeat","background-position":"center center","background-size":"auto","background-attachment":"scroll","background-type":"","background-media":"","overlay-type":"","overlay-color":"","overlay-opacity":"","overlay-gradient":""},"tablet":{"background-color":"var(--ast-global-color-5)","background-image":"","background-repeat":"repeat","background-position":"center center","background-size":"auto","background-attachment":"scroll","background-type":"","background-media":"","overlay-type":"","overlay-color":"","overlay-opacity":"","overlay-gradient":""},"mobile":{"background-color":"var(--ast-global-color-5)","background-image":"","background-repeat":"repeat","background-position":"center center","background-size":"auto","background-attachment":"scroll","background-type":"","background-media":"","overlay-type":"","overlay-color":"","overlay-opacity":"","overlay-gradient":""}},"footnotes":""},"class_list":["post-587","page","type-page","status-publish","hentry"],"post_mailing_queue_ids":[],"_links":{"self":[{"href":"https:\/\/agora.xtec.cat\/ceipantonibrusi\/wp-json\/wp\/v2\/pages\/587","targetHints":{"allow":["GET"]}}],"collection":[{"href":"https:\/\/agora.xtec.cat\/ceipantonibrusi\/wp-json\/wp\/v2\/pages"}],"about":[{"href":"https:\/\/agora.xtec.cat\/ceipantonibrusi\/wp-json\/wp\/v2\/types\/page"}],"author":[{"embeddable":true,"href":"https:\/\/agora.xtec.cat\/ceipantonibrusi\/wp-json\/wp\/v2\/users\/5"}],"replies":[{"embeddable":true,"href":"https:\/\/agora.xtec.cat\/ceipantonibrusi\/wp-json\/wp\/v2\/comments?post=587"}],"version-history":[{"count":2,"href":"https:\/\/agora.xtec.cat\/ceipantonibrusi\/wp-json\/wp\/v2\/pages\/587\/revisions"}],"predecessor-version":[{"id":1987,"href":"https:\/\/agora.xtec.cat\/ceipantonibrusi\/wp-json\/wp\/v2\/pages\/587\/revisions\/1987"}],"wp:attachment":[{"href":"https:\/\/agora.xtec.cat\/ceipantonibrusi\/wp-json\/wp\/v2\/media?parent=587"}],"curies":[{"name":"wp","href":"https:\/\/api.w.org\/{rel}","templated":true}]}}