{"id":546,"date":"2024-01-16T14:44:32","date_gmt":"2024-01-16T13:44:32","guid":{"rendered":"https:\/\/agora.xtec.cat\/ceipantonibrusi\/?page_id=546"},"modified":"2025-12-16T15:17:58","modified_gmt":"2025-12-16T14:17:58","slug":"patis-oberts","status":"publish","type":"page","link":"https:\/\/agora.xtec.cat\/ceipantonibrusi\/patis-oberts\/","title":{"rendered":"Patis oberts"},"content":{"rendered":"<p><span style=\"font-weight: 400;\">Participem en el programa Patis Oberts de l\u2019Ajuntament de Barcelona, una iniciativa que vol posar els espais escolars al servei de les fam\u00edlies i del barri, fomentant la conviv\u00e8ncia, el joc i l\u2019\u00fas compartit dels espais educatius fora de l\u2019horari lectiu.<\/span><\/p>\n<p><span style=\"font-weight: 400;\">Els caps de setmana i festius, el pati de l\u2019escola s\u2019obre com un espai segur i acollidor on infants, joves i fam\u00edlies poden jugar, trobar-se i gaudir de l\u2019aire lliure.<\/span><\/p>\n<p><span style=\"font-weight: 400;\">A m\u00e9s, les fam\u00edlies de l\u2019escola que ho desitgin poden celebrar l\u2019aniversari dels seus fills o filles al pati, dins d\u2019aquest mateix programa.<\/span><span style=\"font-weight: 400;\"><br \/>\n<\/span><span style=\"font-weight: 400;\">Per fer-ho, cal fer la sol\u00b7licitud pr\u00e8via mitjan\u00e7ant el formulari oficial que trobareu en aquest enlla\u00e7:<\/span><\/p>\n<p><a href=\"https:\/\/drive.google.com\/file\/d\/1_onaFWaCsgSieGAF98NE4glpCxWRsa-A\/view?usp=sharing\">Sol\u00b7licitud \u00fas del pati per aniversaris<\/a><\/p>\n<p><span style=\"font-weight: 400;\">Aquesta iniciativa refor\u00e7a la nostra manera d\u2019entendre l\u2019escola: oberta, viva i connectada amb la comunitat.<\/span><\/p>\n<p><a href=\"https:\/\/agora.xtec.cat\/ceipantonibrusi\/wp-content\/uploads\/usu2949\/2024\/01\/C_Users_prof_Downloads_FUND22_Cartel_Patis_Oberts_curs-22-23-escoles-AA-FF-1-ANTONI-BRUSI-1448x2048-1.jpg\"><img loading=\"lazy\" decoding=\"async\" class=\"alignnone wp-image-547\" src=\"https:\/\/agora.xtec.cat\/ceipantonibrusi\/wp-content\/uploads\/usu2949\/2024\/01\/C_Users_prof_Downloads_FUND22_Cartel_Patis_Oberts_curs-22-23-escoles-AA-FF-1-ANTONI-BRUSI-1448x2048-1-724x1024.jpg\" alt=\"\" width=\"600\" height=\"849\" srcset=\"https:\/\/agora.xtec.cat\/ceipantonibrusi\/wp-content\/uploads\/usu2949\/2024\/01\/C_Users_prof_Downloads_FUND22_Cartel_Patis_Oberts_curs-22-23-escoles-AA-FF-1-ANTONI-BRUSI-1448x2048-1-724x1024.jpg 724w, https:\/\/agora.xtec.cat\/ceipantonibrusi\/wp-content\/uploads\/usu2949\/2024\/01\/C_Users_prof_Downloads_FUND22_Cartel_Patis_Oberts_curs-22-23-escoles-AA-FF-1-ANTONI-BRUSI-1448x2048-1-212x300.jpg 212w, https:\/\/agora.xtec.cat\/ceipantonibrusi\/wp-content\/uploads\/usu2949\/2024\/01\/C_Users_prof_Downloads_FUND22_Cartel_Patis_Oberts_curs-22-23-escoles-AA-FF-1-ANTONI-BRUSI-1448x2048-1-768x1086.jpg 768w, https:\/\/agora.xtec.cat\/ceipantonibrusi\/wp-content\/uploads\/usu2949\/2024\/01\/C_Users_prof_Downloads_FUND22_Cartel_Patis_Oberts_curs-22-23-escoles-AA-FF-1-ANTONI-BRUSI-1448x2048-1-1086x1536.jpg 1086w, https:\/\/agora.xtec.cat\/ceipantonibrusi\/wp-content\/uploads\/usu2949\/2024\/01\/C_Users_prof_Downloads_FUND22_Cartel_Patis_Oberts_curs-22-23-escoles-AA-FF-1-ANTONI-BRUSI-1448x2048-1.jpg 1448w\" sizes=\"auto, (max-width: 600px) 100vw, 600px\" \/><\/a><\/p>\n<p><a href=\"https:\/\/agora.xtec.cat\/ceipantonibrusi\/wp-content\/uploads\/usu2949\/2024\/01\/C_Users_prof_Downloads_FUND22_Cartel_Patis_Oberts_curs-22-23_districtes-provisional-AA-FF-10-1448x2048-1.jpg\"><img loading=\"lazy\" decoding=\"async\" class=\"alignnone wp-image-548\" src=\"https:\/\/agora.xtec.cat\/ceipantonibrusi\/wp-content\/uploads\/usu2949\/2024\/01\/C_Users_prof_Downloads_FUND22_Cartel_Patis_Oberts_curs-22-23_districtes-provisional-AA-FF-10-1448x2048-1-724x1024.jpg\" alt=\"\" width=\"600\" height=\"849\" srcset=\"https:\/\/agora.xtec.cat\/ceipantonibrusi\/wp-content\/uploads\/usu2949\/2024\/01\/C_Users_prof_Downloads_FUND22_Cartel_Patis_Oberts_curs-22-23_districtes-provisional-AA-FF-10-1448x2048-1-724x1024.jpg 724w, https:\/\/agora.xtec.cat\/ceipantonibrusi\/wp-content\/uploads\/usu2949\/2024\/01\/C_Users_prof_Downloads_FUND22_Cartel_Patis_Oberts_curs-22-23_districtes-provisional-AA-FF-10-1448x2048-1-212x300.jpg 212w, https:\/\/agora.xtec.cat\/ceipantonibrusi\/wp-content\/uploads\/usu2949\/2024\/01\/C_Users_prof_Downloads_FUND22_Cartel_Patis_Oberts_curs-22-23_districtes-provisional-AA-FF-10-1448x2048-1-768x1086.jpg 768w, https:\/\/agora.xtec.cat\/ceipantonibrusi\/wp-content\/uploads\/usu2949\/2024\/01\/C_Users_prof_Downloads_FUND22_Cartel_Patis_Oberts_curs-22-23_districtes-provisional-AA-FF-10-1448x2048-1-1086x1536.jpg 1086w, https:\/\/agora.xtec.cat\/ceipantonibrusi\/wp-content\/uploads\/usu2949\/2024\/01\/C_Users_prof_Downloads_FUND22_Cartel_Patis_Oberts_curs-22-23_districtes-provisional-AA-FF-10-1448x2048-1.jpg 1448w\" sizes=\"auto, (max-width: 600px) 100vw, 600px\" \/><\/a><\/p>\n","protected":false},"excerpt":{"rendered":"<p>Participem en el programa Patis Oberts de l\u2019Ajuntament de Barcelona, una iniciativa que vol posar els espais escolars al servei de les fam\u00edlies i del barri, fomentant la conviv\u00e8ncia, el joc i l\u2019\u00fas compartit dels espais educatius fora de l\u2019horari lectiu. Els caps de setmana i festius, el pati de l\u2019escola s\u2019obre com un espai [&hellip;]<\/p>\n","protected":false},"author":5,"featured_media":0,"parent":0,"menu_order":0,"comment_status":"closed","ping_status":"closed","template":"","meta":{"_bbp_topic_count":0,"_bbp_reply_count":0,"_bbp_total_topic_count":0,"_bbp_total_reply_count":0,"_bbp_voice_count":0,"_bbp_anonymous_reply_count":0,"_bbp_topic_count_hidden":0,"_bbp_reply_count_hidden":0,"_bbp_forum_subforum_count":0,"site-sidebar-layout":"default","site-content-layout":"","ast-site-content-layout":"default","site-content-style":"default","site-sidebar-style":"default","ast-global-header-display":"","ast-banner-title-visibility":"","ast-main-header-display":"","ast-hfb-above-header-display":"","ast-hfb-below-header-display":"","ast-hfb-mobile-header-display":"","site-post-title":"","ast-breadcrumbs-content":"","ast-featured-img":"","footer-sml-layout":"","theme-transparent-header-meta":"","adv-header-id-meta":"","stick-header-meta":"","header-above-stick-meta":"","header-main-stick-meta":"","header-below-stick-meta":"","astra-migrate-meta-layouts":"set","ast-page-background-enabled":"default","ast-page-background-meta":{"desktop":{"background-color":"var(--ast-global-color-4)","background-image":"","background-repeat":"repeat","background-position":"center center","background-size":"auto","background-attachment":"scroll","background-type":"","background-media":"","overlay-type":"","overlay-color":"","overlay-opacity":"","overlay-gradient":""},"tablet":{"background-color":"","background-image":"","background-repeat":"repeat","background-position":"center center","background-size":"auto","background-attachment":"scroll","background-type":"","background-media":"","overlay-type":"","overlay-color":"","overlay-opacity":"","overlay-gradient":""},"mobile":{"background-color":"","background-image":"","background-repeat":"repeat","background-position":"center center","background-size":"auto","background-attachment":"scroll","background-type":"","background-media":"","overlay-type":"","overlay-color":"","overlay-opacity":"","overlay-gradient":""}},"ast-content-background-meta":{"desktop":{"background-color":"var(--ast-global-color-5)","background-image":"","background-repeat":"repeat","background-position":"center center","background-size":"auto","background-attachment":"scroll","background-type":"","background-media":"","overlay-type":"","overlay-color":"","overlay-opacity":"","overlay-gradient":""},"tablet":{"background-color":"var(--ast-global-color-5)","background-image":"","background-repeat":"repeat","background-position":"center center","background-size":"auto","background-attachment":"scroll","background-type":"","background-media":"","overlay-type":"","overlay-color":"","overlay-opacity":"","overlay-gradient":""},"mobile":{"background-color":"var(--ast-global-color-5)","background-image":"","background-repeat":"repeat","background-position":"center center","background-size":"auto","background-attachment":"scroll","background-type":"","background-media":"","overlay-type":"","overlay-color":"","overlay-opacity":"","overlay-gradient":""}},"footnotes":""},"class_list":["post-546","page","type-page","status-publish","hentry"],"post_mailing_queue_ids":[],"_links":{"self":[{"href":"https:\/\/agora.xtec.cat\/ceipantonibrusi\/wp-json\/wp\/v2\/pages\/546","targetHints":{"allow":["GET"]}}],"collection":[{"href":"https:\/\/agora.xtec.cat\/ceipantonibrusi\/wp-json\/wp\/v2\/pages"}],"about":[{"href":"https:\/\/agora.xtec.cat\/ceipantonibrusi\/wp-json\/wp\/v2\/types\/page"}],"author":[{"embeddable":true,"href":"https:\/\/agora.xtec.cat\/ceipantonibrusi\/wp-json\/wp\/v2\/users\/5"}],"replies":[{"embeddable":true,"href":"https:\/\/agora.xtec.cat\/ceipantonibrusi\/wp-json\/wp\/v2\/comments?post=546"}],"version-history":[{"count":3,"href":"https:\/\/agora.xtec.cat\/ceipantonibrusi\/wp-json\/wp\/v2\/pages\/546\/revisions"}],"predecessor-version":[{"id":1992,"href":"https:\/\/agora.xtec.cat\/ceipantonibrusi\/wp-json\/wp\/v2\/pages\/546\/revisions\/1992"}],"wp:attachment":[{"href":"https:\/\/agora.xtec.cat\/ceipantonibrusi\/wp-json\/wp\/v2\/media?parent=546"}],"curies":[{"name":"wp","href":"https:\/\/api.w.org\/{rel}","templated":true}]}}