{"id":28,"date":"2014-09-18T12:29:35","date_gmt":"2014-09-18T11:29:35","guid":{"rendered":"http:\/\/agora.xtec.cat\/ceipantonibrusi\/?page_id=28"},"modified":"2026-02-12T11:38:47","modified_gmt":"2026-02-12T10:38:47","slug":"consell-escolar","status":"publish","type":"page","link":"https:\/\/agora.xtec.cat\/ceipantonibrusi\/lescola\/consell-escolar\/","title":{"rendered":"Consell escolar"},"content":{"rendered":"<p>El consell escolar del centre \u00e9s l&#8217;<strong>\u00f2rgan col\u00b7legiat de participaci\u00f3<\/strong>\u00a0de la comunitat escolar en el govern del centre. En el consell escolar hi ha representats tots els col\u00b7lectius que intervenen en la comunitat educativa: director o directora, professorat, alumnes, personal d&#8217;administraci\u00f3 i serveis, etc. Els membres del consell escolar s\u00f3n elegits per un per\u00edode de quatre anys i es renoven per meitats cada dos anys.<\/p>\n<h5>\u00a0<\/h5>\n<h5><strong>FUNCIONS DEL CONSELL ESCOLAR:<\/strong><\/h5>\n<ul>\n<li>Aprovar el projecte educatiu i les modificacions corresponents per una majoria de tres cinquenes parts dels membres.<\/li>\n<li>\u00a0Aprovar la programaci\u00f3 general anual del centre i avaluar-ne el desenvolupament i els resultats.<\/li>\n<li>\u00a0Aprovar les propostes d\u2019acords de corresponsabilitat, convenis i altres acords de col\u00b7laboraci\u00f3 del centre amb entitats o institucions.<\/li>\n<li>Aprovar les normes d\u2019organitzaci\u00f3 i funcionament i les modificacions corresponents.<\/li>\n<li>Aprovar la carta de comprom\u00eds educatiu.<\/li>\n<li>Aprovar el pressupost del centre i el rendiment de comptes.<\/li>\n<li>\u00a0Intervenir en el procediment d\u2019admissi\u00f3 d\u2019alumnes.<\/li>\n<li>Participar en el procediment de selecci\u00f3 i en la proposta de cessament del director o directora.<\/li>\n<li>Intervenir en la resoluci\u00f3 dels conflictes i, si escau, revisar les sancions als alumnes.<\/li>\n<li>Aprovar les directrius per a la programaci\u00f3 d\u2019activitats escolars complement\u00e0ries i d\u2019activitats extraescolars, i avaluar-ne el desenvolupament.<\/li>\n<li>Participar en les an\u00e0lisis i les avaluacions del funcionament general del centre i con\u00e8ixer l\u2019evoluci\u00f3 del rendiment escolar.<\/li>\n<li>Aprovar els criteris de col\u00b7laboraci\u00f3 amb altres centres i amb l\u2019entorn.<\/li>\n<li>Qualsevol altra que li sigui atribu\u00efda per les normes legals o reglament\u00e0ries.<\/li>\n<\/ul>\n<p><a href=\"https:\/\/agora.xtec.cat\/ceipantonibrusi\/wp-content\/uploads\/usu2949\/2025\/12\/Colorful-Modern-Infographic-Presentation-Collection.png\"><img loading=\"lazy\" decoding=\"async\" class=\"alignnone size-large wp-image-1997\" src=\"https:\/\/agora.xtec.cat\/ceipantonibrusi\/wp-content\/uploads\/usu2949\/2025\/12\/Colorful-Modern-Infographic-Presentation-Collection-1024x576.png\" alt=\"\" width=\"1024\" height=\"576\" srcset=\"https:\/\/agora.xtec.cat\/ceipantonibrusi\/wp-content\/uploads\/usu2949\/2025\/12\/Colorful-Modern-Infographic-Presentation-Collection-1024x576.png 1024w, https:\/\/agora.xtec.cat\/ceipantonibrusi\/wp-content\/uploads\/usu2949\/2025\/12\/Colorful-Modern-Infographic-Presentation-Collection-300x169.png 300w, https:\/\/agora.xtec.cat\/ceipantonibrusi\/wp-content\/uploads\/usu2949\/2025\/12\/Colorful-Modern-Infographic-Presentation-Collection-768x432.png 768w, https:\/\/agora.xtec.cat\/ceipantonibrusi\/wp-content\/uploads\/usu2949\/2025\/12\/Colorful-Modern-Infographic-Presentation-Collection-1536x864.png 1536w, https:\/\/agora.xtec.cat\/ceipantonibrusi\/wp-content\/uploads\/usu2949\/2025\/12\/Colorful-Modern-Infographic-Presentation-Collection.png 1920w\" sizes=\"auto, (max-width: 1024px) 100vw, 1024px\" \/><\/a><\/p>\n<p><a href=\"https:\/\/agora.xtec.cat\/ceipantonibrusi\/wp-content\/uploads\/usu2949\/2025\/12\/Colorful-Modern-Infographic-Presentation-Collection-1-1.png\"><img loading=\"lazy\" decoding=\"async\" class=\"alignnone size-large wp-image-2001\" src=\"https:\/\/agora.xtec.cat\/ceipantonibrusi\/wp-content\/uploads\/usu2949\/2025\/12\/Colorful-Modern-Infographic-Presentation-Collection-1-1-1024x494.png\" alt=\"\" width=\"1024\" height=\"494\" srcset=\"https:\/\/agora.xtec.cat\/ceipantonibrusi\/wp-content\/uploads\/usu2949\/2025\/12\/Colorful-Modern-Infographic-Presentation-Collection-1-1-1024x494.png 1024w, https:\/\/agora.xtec.cat\/ceipantonibrusi\/wp-content\/uploads\/usu2949\/2025\/12\/Colorful-Modern-Infographic-Presentation-Collection-1-1-300x145.png 300w, https:\/\/agora.xtec.cat\/ceipantonibrusi\/wp-content\/uploads\/usu2949\/2025\/12\/Colorful-Modern-Infographic-Presentation-Collection-1-1-768x370.png 768w, https:\/\/agora.xtec.cat\/ceipantonibrusi\/wp-content\/uploads\/usu2949\/2025\/12\/Colorful-Modern-Infographic-Presentation-Collection-1-1-1536x741.png 1536w, https:\/\/agora.xtec.cat\/ceipantonibrusi\/wp-content\/uploads\/usu2949\/2025\/12\/Colorful-Modern-Infographic-Presentation-Collection-1-1.png 1876w\" sizes=\"auto, (max-width: 1024px) 100vw, 1024px\" \/><\/a><\/p>\n<h5><strong>COM PODEU ENVIAR LES VOSTRES CONSULTES<\/strong>:<\/h5>\n<ul>\n<li>Les fam\u00edlies membres del Consell Escolar informaran de les dates de les reunions per si les fam\u00edlies volen enviar les seves consultes.<\/li>\n<li>Les consultes que\u00a0<strong>siguin d\u2019inter\u00e8s general o que involucren a diverses fam\u00edlies de l\u2019escola\u00a0<\/strong>s\u2019han d\u2019enviar a\u00a0<a href=\"mailto:antonibrusi.consellescolar@gmail.com\"><strong>antonibrusi.consellescolar<span class=\"\">@gmail.com<\/span><\/strong><\/a><\/li>\n<\/ul>\n<p>CERTIFICAT D&#8217;ACORDS 25\/26<\/p>\n<p><\/p>\n<p><\/p>\n<p><\/p>\n<p><\/p>\n<p><\/p>\n\n\n<div class=\"wp-block-buttons is-layout-flex wp-block-buttons-is-layout-flex\">\n<div class=\"wp-block-button\"><a class=\"wp-block-button__link wp-element-button\" href=\"https:\/\/drive.google.com\/file\/d\/1BxfeoAuFRiJ2u_DaYoYmhhtPAfah81Ur\/view?usp=share_link\">20\/10\/25<\/a><\/div>\n\n\n\n<div class=\"wp-block-button\"><a class=\"wp-block-button__link wp-element-button\" href=\"https:\/\/drive.google.com\/file\/d\/1YpOJRQjM9kQErtMhrrahi-S962fuLa5W\/view?usp=share_link\">2\/12\/25<\/a><\/div>\n\n\n\n<div class=\"wp-block-button\"><a class=\"wp-block-button__link wp-element-button\" href=\"https:\/\/drive.google.com\/file\/d\/13uOfFz_j8aimg158UzlI-SUTdUNiB8XI\/view?usp=share_link\">9\/2\/26<\/a><\/div>\n<\/div>\n\n\n\n<p>CERTIFICAT D&#8217;ACORDS 24\/25<\/p>\n\n\n\n<div class=\"wp-block-buttons is-layout-flex wp-block-buttons-is-layout-flex\">\n<div class=\"wp-block-button\"><a class=\"wp-block-button__link wp-element-button\" href=\"https:\/\/drive.google.com\/file\/d\/1uV2Dv4itFeYJoNgO9aTCPnsl7hmquI-I\/view?usp=share_link\">15\/10\/24 <\/a><\/div>\n\n\n\n<div class=\"wp-block-button\"><a class=\"wp-block-button__link wp-element-button\" href=\"https:\/\/drive.google.com\/file\/d\/19S1KuyNlN8h2WTcBlPhmDJpKXCGv8fgx\/view?usp=share_link\">12\/11\/24<\/a><\/div>\n\n\n\n<div class=\"wp-block-button\"><a class=\"wp-block-button__link wp-element-button\" href=\"https:\/\/drive.google.com\/file\/d\/1Ao8DX93qxtFTa73OJzbMwOTFjqiSVDFK\/view?usp=share_link\">11\/2\/25<\/a><\/div>\n\n\n\n<div class=\"wp-block-button\"><a class=\"wp-block-button__link wp-element-button\" href=\"https:\/\/drive.google.com\/file\/d\/1Ao8DX93qxtFTa73OJzbMwOTFjqiSVDFK\/view?usp=share_link\">19\/5\/25<\/a><\/div>\n<\/div>\n\n\n\n<p>CERTIFICAT D&#8217;ACORDS 23\/24<\/p>\n\n\n\n<div class=\"wp-block-buttons is-layout-flex wp-block-buttons-is-layout-flex\">\n<div class=\"wp-block-button\"><a class=\"wp-block-button__link wp-element-button\" href=\"https:\/\/drive.google.com\/file\/d\/1KiiDvFndngRsLf8siV4JTq9pAnVUQ37e\/view?usp=share_link\">26\/9\/23<\/a><\/div>\n\n\n\n<div class=\"wp-block-button\"><a class=\"wp-block-button__link wp-element-button\" href=\"https:\/\/drive.google.com\/file\/d\/14y8GCWCv7zSjzSUHYcLhBbjEyWYwCgsv\/view?usp=share_link\">30\/10\/23<\/a><\/div>\n\n\n\n<div class=\"wp-block-button\"><a class=\"wp-block-button__link wp-element-button\" href=\"https:\/\/drive.google.com\/file\/d\/1kJb-UFAkaQVtYI5rs4f_ui5tpkJ6af50\/view?usp=share_link\">13\/12\/23<\/a><\/div>\n\n\n\n<div class=\"wp-block-button\"><a class=\"wp-block-button__link wp-element-button\" href=\"https:\/\/drive.google.com\/file\/d\/1-KQbqQJJcb9GGP9BLj_Mj-Dxe3uXqZZh\/view?usp=share_link\">6\/2\/24<\/a><\/div>\n\n\n\n<div class=\"wp-block-button\"><a class=\"wp-block-button__link wp-element-button\" href=\"https:\/\/drive.google.com\/file\/d\/1PGv61Ap7qnVxOGCPFR9mpClRasZxMUbv\/view?usp=share_link\">8\/4\/24<\/a><\/div>\n\n\n\n<div class=\"wp-block-button\"><a class=\"wp-block-button__link wp-element-button\" href=\"https:\/\/drive.google.com\/file\/d\/13HSV2BefsN_xs3lwNUN7sOpVu86aLuN9\/view?usp=share_link\">6\/5\/24<\/a><\/div>\n\n\n\n<div class=\"wp-block-button\"><a class=\"wp-block-button__link wp-element-button\" href=\"https:\/\/drive.google.com\/file\/d\/1tRxnp8ZMiuvjYMfZgoXv-rFLzKk2Pas1\/view?usp=share_link\">3\/6\/24<\/a><\/div>\n<\/div>\n\n\n\n<p>CERTIFICAT D&#8217;ACORDS 22\/23<\/p>\n\n\n\n<div class=\"wp-block-buttons is-layout-flex wp-block-buttons-is-layout-flex\">\n<div class=\"wp-block-button\"><a class=\"wp-block-button__link wp-element-button\" href=\"https:\/\/drive.google.com\/file\/d\/1I1vj7kk8LtHn08t3N_XKxhqgvZThC9gp\/view?usp=share_link\">24\/1\/23<\/a><\/div>\n\n\n\n<div class=\"wp-block-button\"><a class=\"wp-block-button__link wp-element-button\" href=\"https:\/\/drive.google.com\/file\/d\/1Xl-MK4sMpT6zff8IVyZ1wByq0khKgkt6\/view?usp=share_link\">16\/2\/23 <\/a><\/div>\n\n\n\n<div class=\"wp-block-button\"><a class=\"wp-block-button__link wp-element-button\" href=\"https:\/\/drive.google.com\/file\/d\/1Xl-MK4sMpT6zff8IVyZ1wByq0khKgkt6\/view?usp=share_link\">26\/4\/23<\/a><\/div>\n\n\n\n<div class=\"wp-block-button\"><a class=\"wp-block-button__link wp-element-button\" href=\"https:\/\/drive.google.com\/file\/d\/1n9CmDwQdSPH4azcKPkKVsQrlRNMc1JHC\/view?usp=share_link\">31\/5\/23<\/a><\/div>\n\n\n\n<div class=\"wp-block-button\"><a class=\"wp-block-button__link wp-element-button\" href=\"https:\/\/drive.google.com\/file\/d\/1pKNMwjI2Ae3p4acq1Qal2-uwwTnqFwk1\/view?usp=share_link\">29\/6\/23<\/a><\/div>\n<\/div>\n\n\n\n<p>CERTIFICAT D&#8217;ACORDS 21\/22<\/p>\n\n\n\n<div class=\"wp-block-buttons is-layout-flex wp-block-buttons-is-layout-flex\">\n<div class=\"wp-block-button\"><a class=\"wp-block-button__link wp-element-button\" href=\"https:\/\/drive.google.com\/file\/d\/1CAiFaw8q4cL5Yop9c_5A-DDIEXHiGD3p\/view?usp=share_link\">20\/10\/21<\/a><\/div>\n\n\n\n<div class=\"wp-block-button\"><a class=\"wp-block-button__link wp-element-button\" href=\"https:\/\/drive.google.com\/file\/d\/1k1fNO30QKM_1OJHJPxMr07wCyCI_IsKQ\/view?usp=share_link\">17\/11\/21<\/a><\/div>\n\n\n\n<div class=\"wp-block-button\"><a class=\"wp-block-button__link wp-element-button\" href=\"https:\/\/drive.google.com\/file\/d\/1rwWh4LEGdok8Piic6backiFL7wfMCccI\/view?usp=share_link\">15\/12\/21<\/a><\/div>\n\n\n\n<div class=\"wp-block-button\"><a class=\"wp-block-button__link wp-element-button\" href=\"https:\/\/drive.google.com\/file\/d\/1I3IMjd8dVADC7-5MvFWwj-14DeuS8NSI\/view?usp=share_link\">2\/2\/22<\/a><\/div>\n\n\n\n<div class=\"wp-block-button\"><a class=\"wp-block-button__link wp-element-button\" href=\"https:\/\/drive.google.com\/file\/d\/1yC8ZIU4SGludmTKeTfvB6jdYzrjpwSdX\/view?usp=share_link\">7\/4\/22<\/a><\/div>\n\n\n\n<div class=\"wp-block-button\"><a class=\"wp-block-button__link wp-element-button\" href=\"https:\/\/drive.google.com\/file\/d\/1FMyyXdriFd3kaQ3ZG1qaFX3f0JOg-vSZ\/view?usp=share_link\">1\/6\/22<\/a><\/div>\n\n\n\n<div class=\"wp-block-button\"><a class=\"wp-block-button__link wp-element-button\" href=\"https:\/\/drive.google.com\/file\/d\/16Saym1_QPAAyV8zGEYlY6ksHHULKvcdL\/view?usp=share_link\">22\/6\/22<\/a><\/div>\n<\/div>\n\n\n\n<p><\/p>\n","protected":false},"excerpt":{"rendered":"<p>El consell escolar del centre \u00e9s l&#8217;\u00f2rgan col\u00b7legiat de participaci\u00f3\u00a0de la comunitat escolar en el govern del centre. En el consell escolar hi ha representats tots els col\u00b7lectius que intervenen en la comunitat educativa: director o directora, professorat, alumnes, personal d&#8217;administraci\u00f3 i serveis, etc. Els membres del consell escolar s\u00f3n elegits per un per\u00edode de [&hellip;]<\/p>\n","protected":false},"author":1,"featured_media":0,"parent":22,"menu_order":30,"comment_status":"closed","ping_status":"closed","template":"","meta":{"_bbp_topic_count":0,"_bbp_reply_count":0,"_bbp_total_topic_count":0,"_bbp_total_reply_count":0,"_bbp_voice_count":0,"_bbp_anonymous_reply_count":0,"_bbp_topic_count_hidden":0,"_bbp_reply_count_hidden":0,"_bbp_forum_subforum_count":0,"site-sidebar-layout":"default","site-content-layout":"","ast-site-content-layout":"default","site-content-style":"default","site-sidebar-style":"default","ast-global-header-display":"","ast-banner-title-visibility":"","ast-main-header-display":"","ast-hfb-above-header-display":"","ast-hfb-below-header-display":"","ast-hfb-mobile-header-display":"","site-post-title":"","ast-breadcrumbs-content":"","ast-featured-img":"","footer-sml-layout":"","theme-transparent-header-meta":"default","adv-header-id-meta":"","stick-header-meta":"","header-above-stick-meta":"","header-main-stick-meta":"","header-below-stick-meta":"","astra-migrate-meta-layouts":"set","ast-page-background-enabled":"default","ast-page-background-meta":{"desktop":{"background-color":"var(--ast-global-color-4)","background-image":"","background-repeat":"repeat","background-position":"center center","background-size":"auto","background-attachment":"scroll","background-type":"","background-media":"","overlay-type":"","overlay-color":"","overlay-opacity":"","overlay-gradient":""},"tablet":{"background-color":"","background-image":"","background-repeat":"repeat","background-position":"center center","background-size":"auto","background-attachment":"scroll","background-type":"","background-media":"","overlay-type":"","overlay-color":"","overlay-opacity":"","overlay-gradient":""},"mobile":{"background-color":"","background-image":"","background-repeat":"repeat","background-position":"center center","background-size":"auto","background-attachment":"scroll","background-type":"","background-media":"","overlay-type":"","overlay-color":"","overlay-opacity":"","overlay-gradient":""}},"ast-content-background-meta":{"desktop":{"background-color":"var(--ast-global-color-5)","background-image":"","background-repeat":"repeat","background-position":"center center","background-size":"auto","background-attachment":"scroll","background-type":"","background-media":"","overlay-type":"","overlay-color":"","overlay-opacity":"","overlay-gradient":""},"tablet":{"background-color":"var(--ast-global-color-5)","background-image":"","background-repeat":"repeat","background-position":"center center","background-size":"auto","background-attachment":"scroll","background-type":"","background-media":"","overlay-type":"","overlay-color":"","overlay-opacity":"","overlay-gradient":""},"mobile":{"background-color":"var(--ast-global-color-5)","background-image":"","background-repeat":"repeat","background-position":"center center","background-size":"auto","background-attachment":"scroll","background-type":"","background-media":"","overlay-type":"","overlay-color":"","overlay-opacity":"","overlay-gradient":""}},"footnotes":""},"class_list":["post-28","page","type-page","status-publish","hentry"],"post_mailing_queue_ids":[],"_links":{"self":[{"href":"https:\/\/agora.xtec.cat\/ceipantonibrusi\/wp-json\/wp\/v2\/pages\/28","targetHints":{"allow":["GET"]}}],"collection":[{"href":"https:\/\/agora.xtec.cat\/ceipantonibrusi\/wp-json\/wp\/v2\/pages"}],"about":[{"href":"https:\/\/agora.xtec.cat\/ceipantonibrusi\/wp-json\/wp\/v2\/types\/page"}],"author":[{"embeddable":true,"href":"https:\/\/agora.xtec.cat\/ceipantonibrusi\/wp-json\/wp\/v2\/users\/1"}],"replies":[{"embeddable":true,"href":"https:\/\/agora.xtec.cat\/ceipantonibrusi\/wp-json\/wp\/v2\/comments?post=28"}],"version-history":[{"count":5,"href":"https:\/\/agora.xtec.cat\/ceipantonibrusi\/wp-json\/wp\/v2\/pages\/28\/revisions"}],"predecessor-version":[{"id":2137,"href":"https:\/\/agora.xtec.cat\/ceipantonibrusi\/wp-json\/wp\/v2\/pages\/28\/revisions\/2137"}],"up":[{"embeddable":true,"href":"https:\/\/agora.xtec.cat\/ceipantonibrusi\/wp-json\/wp\/v2\/pages\/22"}],"wp:attachment":[{"href":"https:\/\/agora.xtec.cat\/ceipantonibrusi\/wp-json\/wp\/v2\/media?parent=28"}],"curies":[{"name":"wp","href":"https:\/\/api.w.org\/{rel}","templated":true}]}}