{"id":2217,"date":"2026-03-03T10:13:55","date_gmt":"2026-03-03T09:13:55","guid":{"rendered":"https:\/\/agora.xtec.cat\/ceipantonibrusi\/?page_id=2217"},"modified":"2026-04-15T09:56:20","modified_gmt":"2026-04-15T07:56:20","slug":"seguiment-del-proces","status":"publish","type":"page","link":"https:\/\/agora.xtec.cat\/ceipantonibrusi\/seguiment-del-proces\/","title":{"rendered":"Seguiment del proc\u00e9s"},"content":{"rendered":"\n<p>En aquest espai anirem publicant, de manera progressiva, tots els documents oficials del proc\u00e9s de preinscripci\u00f3 i matr\u00edcula de l\u2019Escola Antoni Brusi.<\/p>\n\n\n\n<p>Us recomanem consultar aquest apartat peri\u00f2dicament per fer el seguiment de les diferents fases del proc\u00e9s.<\/p>\n\n\n\n<p><\/p>\n\n\n\n<p><strong>Dates clau  (curs 2026-2027)<\/strong><\/p>\n\n\n\n<p><\/p>\n\n\n\n<p><a href=\"https:\/\/drive.google.com\/file\/d\/1H5M1u8d5vspjytBVs1Zn_a51TT6GbQNR\/view?usp=sharing\"><strong>Publicaci\u00f3 de la oferta inicial de places<\/strong><\/a> : <strong>3 de mar\u00e7 <\/strong>de 2026    <\/p>\n\n\n\n<p>Presentaci\u00f3 de sol\u00b7licituds de d&#8217;educaci\u00f3 infantil (3-6 anys) i prim\u00e0ria (6-12 anys): del <strong>4 al 18 de mar\u00e7<\/strong> de 2026<\/p>\n\n\n\n<p><a href=\"https:\/\/drive.google.com\/file\/d\/1oZc-mdZLCWd7_mbGUYDqVe7vDwJQGwIK\/view?usp=sharing\"><strong>Publicaci\u00f3 de la llista de sol\u00b7licituds de preinscripci\u00f3 al centre amb la puntuaci\u00f3 provisional <\/strong><\/a>:<strong>15 d&#8217;abril <\/strong>de 2026<\/p>\n\n\n\n<p>Termini de reclamaci\u00f3 de la puntuaci\u00f3 provisional:&nbsp;del <strong>15 al 20 d&#8217;abril <\/strong>de 2026<\/p>\n\n\n\n<p>Publicaci\u00f3 de la llista de sol\u00b7licituds un cop resoltes les reclamacions:&nbsp;<strong>23 d&#8217;abril <\/strong>de 2026<\/p>\n\n\n\n<p>Sorteig del n\u00famero de desempat:&nbsp;<strong>28 d&#8217;abril<\/strong> de 2026<\/p>\n\n\n\n<p>Publicaci\u00f3 de la llista ordenada:&nbsp;<strong>29 d&#8217;abril <\/strong>de 2026<\/p>\n\n\n\n<p>Per\u00edode d&#8217;ampliaci\u00f3 de peticions per a les sol\u00b7licituds de preinscripci\u00f3 d&#8217;alumnat amb necessitats educatives espec\u00edfiques:&nbsp;<strong>13 i 14 de maig<\/strong> de 2026<\/p>\n\n\n\n<p>Per\u00edode d&#8217;ampliaci\u00f3 de peticions per a les sol\u00b7licituds de preinscripci\u00f3 sense assignaci\u00f3 (assignaci\u00f3 d&#8217;ofici): de l&#8217;<strong>1 al 3 de juny<\/strong> de 2026<\/p>\n\n\n\n<p>Oferta final de places escolars: <strong>10 de juny<\/strong> de 2026<\/p>\n\n\n\n<p>Publicaci\u00f3 de les llistes d&#8217;alumnes admesos i, si escau, de la llista d&#8217;espera: <strong>10 de juny <\/strong>de 2026<\/p>\n\n\n\n<p>Matr\u00edcula de l&#8217;alumnat de 2n cicle d&#8217;educaci\u00f3 infantil, prim\u00e0ria i secund\u00e0ria obligat\u00f2ria: del <strong>22 al 30 de juny <\/strong>de 2026<\/p>\n\n\n\n<p><\/p>\n","protected":false},"excerpt":{"rendered":"<p>En aquest espai anirem publicant, de manera progressiva, tots els documents oficials del proc\u00e9s de preinscripci\u00f3 i matr\u00edcula de l\u2019Escola Antoni Brusi. Us recomanem consultar aquest apartat peri\u00f2dicament per fer el seguiment de les diferents fases del proc\u00e9s. Dates clau (curs 2026-2027) Publicaci\u00f3 de la oferta inicial de places : 3 de mar\u00e7 de 2026 [&hellip;]<\/p>\n","protected":false},"author":1,"featured_media":0,"parent":0,"menu_order":0,"comment_status":"closed","ping_status":"close","template":"","meta":{"_bbp_topic_count":0,"_bbp_reply_count":0,"_bbp_total_topic_count":0,"_bbp_total_reply_count":0,"_bbp_voice_count":0,"_bbp_anonymous_reply_count":0,"_bbp_topic_count_hidden":0,"_bbp_reply_count_hidden":0,"_bbp_forum_subforum_count":0,"site-sidebar-layout":"default","site-content-layout":"","ast-site-content-layout":"default","site-content-style":"default","site-sidebar-style":"default","ast-global-header-display":"","ast-banner-title-visibility":"","ast-main-header-display":"","ast-hfb-above-header-display":"","ast-hfb-below-header-display":"","ast-hfb-mobile-header-display":"","site-post-title":"","ast-breadcrumbs-content":"","ast-featured-img":"","footer-sml-layout":"","theme-transparent-header-meta":"","adv-header-id-meta":"","stick-header-meta":"","header-above-stick-meta":"","header-main-stick-meta":"","header-below-stick-meta":"","astra-migrate-meta-layouts":"set","ast-page-background-enabled":"default","ast-page-background-meta":{"desktop":{"background-color":"var(--ast-global-color-4)","background-image":"","background-repeat":"repeat","background-position":"center center","background-size":"auto","background-attachment":"scroll","background-type":"","background-media":"","overlay-type":"","overlay-color":"","overlay-opacity":"","overlay-gradient":""},"tablet":{"background-color":"","background-image":"","background-repeat":"repeat","background-position":"center center","background-size":"auto","background-attachment":"scroll","background-type":"","background-media":"","overlay-type":"","overlay-color":"","overlay-opacity":"","overlay-gradient":""},"mobile":{"background-color":"","background-image":"","background-repeat":"repeat","background-position":"center center","background-size":"auto","background-attachment":"scroll","background-type":"","background-media":"","overlay-type":"","overlay-color":"","overlay-opacity":"","overlay-gradient":""}},"ast-content-background-meta":{"desktop":{"background-color":"var(--ast-global-color-5)","background-image":"","background-repeat":"repeat","background-position":"center center","background-size":"auto","background-attachment":"scroll","background-type":"","background-media":"","overlay-type":"","overlay-color":"","overlay-opacity":"","overlay-gradient":""},"tablet":{"background-color":"var(--ast-global-color-5)","background-image":"","background-repeat":"repeat","background-position":"center center","background-size":"auto","background-attachment":"scroll","background-type":"","background-media":"","overlay-type":"","overlay-color":"","overlay-opacity":"","overlay-gradient":""},"mobile":{"background-color":"var(--ast-global-color-5)","background-image":"","background-repeat":"repeat","background-position":"center center","background-size":"auto","background-attachment":"scroll","background-type":"","background-media":"","overlay-type":"","overlay-color":"","overlay-opacity":"","overlay-gradient":""}},"footnotes":""},"class_list":["post-2217","page","type-page","status-publish","hentry"],"post_mailing_queue_ids":[],"_links":{"self":[{"href":"https:\/\/agora.xtec.cat\/ceipantonibrusi\/wp-json\/wp\/v2\/pages\/2217","targetHints":{"allow":["GET"]}}],"collection":[{"href":"https:\/\/agora.xtec.cat\/ceipantonibrusi\/wp-json\/wp\/v2\/pages"}],"about":[{"href":"https:\/\/agora.xtec.cat\/ceipantonibrusi\/wp-json\/wp\/v2\/types\/page"}],"author":[{"embeddable":true,"href":"https:\/\/agora.xtec.cat\/ceipantonibrusi\/wp-json\/wp\/v2\/users\/1"}],"replies":[{"embeddable":true,"href":"https:\/\/agora.xtec.cat\/ceipantonibrusi\/wp-json\/wp\/v2\/comments?post=2217"}],"version-history":[{"count":5,"href":"https:\/\/agora.xtec.cat\/ceipantonibrusi\/wp-json\/wp\/v2\/pages\/2217\/revisions"}],"predecessor-version":[{"id":2264,"href":"https:\/\/agora.xtec.cat\/ceipantonibrusi\/wp-json\/wp\/v2\/pages\/2217\/revisions\/2264"}],"wp:attachment":[{"href":"https:\/\/agora.xtec.cat\/ceipantonibrusi\/wp-json\/wp\/v2\/media?parent=2217"}],"curies":[{"name":"wp","href":"https:\/\/api.w.org\/{rel}","templated":true}]}}