{"id":2138,"date":"2026-02-13T13:28:03","date_gmt":"2026-02-13T12:28:03","guid":{"rendered":"https:\/\/agora.xtec.cat\/ceipantonibrusi\/?page_id=2138"},"modified":"2026-02-13T13:45:45","modified_gmt":"2026-02-13T12:45:45","slug":"serveis","status":"publish","type":"page","link":"https:\/\/agora.xtec.cat\/ceipantonibrusi\/serveis\/","title":{"rendered":"Serveis"},"content":{"rendered":"\n<p>A l\u2019Escola Antoni Brusi entenem els serveis com un complement essencial de la vida escolar, pensats per afavorir el benestar dels infants i facilitar l\u2019organitzaci\u00f3 familiar.<\/p>\n\n\n\n<p>En aquest espai us expliquem, de manera clara , els serveis que oferim.<\/p>\n\n\n\n<p><strong>Espai migdia<\/strong><\/p>\n\n\n\n<p>A l\u2019Escola Antoni Brusi entenem l\u2019espai migdia com un temps educatiu que va m\u00e9s enll\u00e0 de l\u2019alimentaci\u00f3. \u00c9s un moment per descansar, jugar i conviure en un ambient tranquil i acollidor. Acompanyem els infants perqu\u00e8 visquin aquesta estona amb benestar, respecte pels ritmes de cadasc\u00fa i cura de les relacions.<\/p>\n\n\n\n<p><a href=\"https:\/\/agora.xtec.cat\/ceipantonibrusi\/menjador-escolar\/\">M\u00e9s informaci\u00f3<\/a><\/p>\n\n\n\n<p><\/p>\n\n\n\n<p><strong>Servei d\u2019acollida i Taller de Jocs<\/strong><\/p>\n\n\n\n<p>El servei d\u2019acollida al mat\u00ed i el Taller de Jocs a la tarda, gestionats per l\u2019AFA, estan pensats per facilitar la conciliaci\u00f3 familiar i oferir als infants espais de qualitat fora de l\u2019horari lectiu. En un entorn segur i acollidor, els infants poden comen\u00e7ar el dia amb calma i acabar-lo gaudint del joc i la relaci\u00f3 amb els altres.<\/p>\n\n\n\n<p>Acollida de 7 a 9h<\/p>\n\n\n\n<p>Taller de jocs de 16&#8217;30 a 17&#8217;30h<\/p>\n\n\n\n<p><\/p>\n\n\n\n<p><strong>Activitats extraescolars<\/strong><\/p>\n\n\n\n<p>Les activitats extraescolars, organitzades per l\u2019AFA, amplien les oportunitats d\u2019aprenentatge m\u00e9s enll\u00e0 de l\u2019horari lectiu. Oferim propostes variades que afavoreixen la creativitat, l\u2019activitat f\u00edsica, l\u2019expressi\u00f3 i el desenvolupament personal dels infants.<\/p>\n\n\n\n<p><a href=\"https:\/\/agora.xtec.cat\/ceipantonibrusi\/categoria\/extraescolars\/\">M\u00e9s informaci\u00f3<\/a><\/p>\n\n\n\n<p><\/p>\n\n\n\n<p><strong>Casal d\u2019estiu<\/strong><\/p>\n\n\n\n<p>El casal d\u2019estiu, gestionat per l\u2019AFA, ofereix un espai l\u00fadic i educatiu perqu\u00e8 els infants gaudeixin de les vacances en un entorn conegut i de confian\u00e7a. A trav\u00e9s d\u2019activitats engrescadores, promovem el joc, la conviv\u00e8ncia i el gaudi del temps lliure.<\/p>\n\n\n\n<p><a href=\"https:\/\/agora.xtec.cat\/ceipantonibrusi\/casals-i-colonies\/\">M\u00e9s informaci\u00f3<\/a><\/p>\n\n\n\n<figure class=\"wp-block-image size-full\"><a href=\"https:\/\/agora.xtec.cat\/ceipantonibrusi\/wp-content\/uploads\/usu2949\/2026\/02\/Captura-de-pantalla-2026-02-13-134439.png\"><img loading=\"lazy\" decoding=\"async\" width=\"966\" height=\"390\" src=\"https:\/\/agora.xtec.cat\/ceipantonibrusi\/wp-content\/uploads\/usu2949\/2026\/02\/Captura-de-pantalla-2026-02-13-134439.png\" alt=\"\" class=\"wp-image-2143\" srcset=\"https:\/\/agora.xtec.cat\/ceipantonibrusi\/wp-content\/uploads\/usu2949\/2026\/02\/Captura-de-pantalla-2026-02-13-134439.png 966w, https:\/\/agora.xtec.cat\/ceipantonibrusi\/wp-content\/uploads\/usu2949\/2026\/02\/Captura-de-pantalla-2026-02-13-134439-300x121.png 300w, https:\/\/agora.xtec.cat\/ceipantonibrusi\/wp-content\/uploads\/usu2949\/2026\/02\/Captura-de-pantalla-2026-02-13-134439-768x310.png 768w\" sizes=\"auto, (max-width: 966px) 100vw, 966px\" \/><\/a><\/figure>\n","protected":false},"excerpt":{"rendered":"<p>A l\u2019Escola Antoni Brusi entenem els serveis com un complement essencial de la vida escolar, pensats per afavorir el benestar dels infants i facilitar l\u2019organitzaci\u00f3 familiar. En aquest espai us expliquem, de manera clara , els serveis que oferim. Espai migdia A l\u2019Escola Antoni Brusi entenem l\u2019espai migdia com un temps educatiu que va m\u00e9s [&hellip;]<\/p>\n","protected":false},"author":1,"featured_media":0,"parent":0,"menu_order":0,"comment_status":"closed","ping_status":"close","template":"","meta":{"_bbp_topic_count":0,"_bbp_reply_count":0,"_bbp_total_topic_count":0,"_bbp_total_reply_count":0,"_bbp_voice_count":0,"_bbp_anonymous_reply_count":0,"_bbp_topic_count_hidden":0,"_bbp_reply_count_hidden":0,"_bbp_forum_subforum_count":0,"site-sidebar-layout":"default","site-content-layout":"","ast-site-content-layout":"default","site-content-style":"default","site-sidebar-style":"default","ast-global-header-display":"","ast-banner-title-visibility":"","ast-main-header-display":"","ast-hfb-above-header-display":"","ast-hfb-below-header-display":"","ast-hfb-mobile-header-display":"","site-post-title":"","ast-breadcrumbs-content":"","ast-featured-img":"","footer-sml-layout":"","theme-transparent-header-meta":"","adv-header-id-meta":"","stick-header-meta":"","header-above-stick-meta":"","header-main-stick-meta":"","header-below-stick-meta":"","astra-migrate-meta-layouts":"set","ast-page-background-enabled":"default","ast-page-background-meta":{"desktop":{"background-color":"var(--ast-global-color-4)","background-image":"","background-repeat":"repeat","background-position":"center center","background-size":"auto","background-attachment":"scroll","background-type":"","background-media":"","overlay-type":"","overlay-color":"","overlay-opacity":"","overlay-gradient":""},"tablet":{"background-color":"","background-image":"","background-repeat":"repeat","background-position":"center center","background-size":"auto","background-attachment":"scroll","background-type":"","background-media":"","overlay-type":"","overlay-color":"","overlay-opacity":"","overlay-gradient":""},"mobile":{"background-color":"","background-image":"","background-repeat":"repeat","background-position":"center center","background-size":"auto","background-attachment":"scroll","background-type":"","background-media":"","overlay-type":"","overlay-color":"","overlay-opacity":"","overlay-gradient":""}},"ast-content-background-meta":{"desktop":{"background-color":"var(--ast-global-color-5)","background-image":"","background-repeat":"repeat","background-position":"center center","background-size":"auto","background-attachment":"scroll","background-type":"","background-media":"","overlay-type":"","overlay-color":"","overlay-opacity":"","overlay-gradient":""},"tablet":{"background-color":"var(--ast-global-color-5)","background-image":"","background-repeat":"repeat","background-position":"center center","background-size":"auto","background-attachment":"scroll","background-type":"","background-media":"","overlay-type":"","overlay-color":"","overlay-opacity":"","overlay-gradient":""},"mobile":{"background-color":"var(--ast-global-color-5)","background-image":"","background-repeat":"repeat","background-position":"center center","background-size":"auto","background-attachment":"scroll","background-type":"","background-media":"","overlay-type":"","overlay-color":"","overlay-opacity":"","overlay-gradient":""}},"footnotes":""},"class_list":["post-2138","page","type-page","status-publish","hentry"],"post_mailing_queue_ids":[],"_links":{"self":[{"href":"https:\/\/agora.xtec.cat\/ceipantonibrusi\/wp-json\/wp\/v2\/pages\/2138","targetHints":{"allow":["GET"]}}],"collection":[{"href":"https:\/\/agora.xtec.cat\/ceipantonibrusi\/wp-json\/wp\/v2\/pages"}],"about":[{"href":"https:\/\/agora.xtec.cat\/ceipantonibrusi\/wp-json\/wp\/v2\/types\/page"}],"author":[{"embeddable":true,"href":"https:\/\/agora.xtec.cat\/ceipantonibrusi\/wp-json\/wp\/v2\/users\/1"}],"replies":[{"embeddable":true,"href":"https:\/\/agora.xtec.cat\/ceipantonibrusi\/wp-json\/wp\/v2\/comments?post=2138"}],"version-history":[{"count":2,"href":"https:\/\/agora.xtec.cat\/ceipantonibrusi\/wp-json\/wp\/v2\/pages\/2138\/revisions"}],"predecessor-version":[{"id":2144,"href":"https:\/\/agora.xtec.cat\/ceipantonibrusi\/wp-json\/wp\/v2\/pages\/2138\/revisions\/2144"}],"wp:attachment":[{"href":"https:\/\/agora.xtec.cat\/ceipantonibrusi\/wp-json\/wp\/v2\/media?parent=2138"}],"curies":[{"name":"wp","href":"https:\/\/api.w.org\/{rel}","templated":true}]}}