{"id":2088,"date":"2026-02-01T19:36:20","date_gmt":"2026-02-01T18:36:20","guid":{"rendered":"https:\/\/agora.xtec.cat\/ceipantonibrusi\/?page_id=2088"},"modified":"2026-02-01T20:04:59","modified_gmt":"2026-02-01T19:04:59","slug":"treball-en-xarxa","status":"publish","type":"page","link":"https:\/\/agora.xtec.cat\/ceipantonibrusi\/treball-en-xarxa\/","title":{"rendered":"Treball en xarxa"},"content":{"rendered":"\n<p> Formem part de <a href=\"https:\/\/serveiseducatius.xtec.cat\/santmarti\/formacio-esborranya\/seminaris\/\">xarxes educatives <\/a>amb les escoles i instituts del barri, com a espais de col\u00b7laboraci\u00f3, reflexi\u00f3 i millora cont\u00ednua.<\/p>\n\n\n\n<p>Treballar en xarxa ens permet compartir pr\u00e0ctiques, enriquir-nos m\u00fatuament i abordar reptes educatius de manera conjunta. Aquestes col\u00b7laboracions reforcen una educaci\u00f3 coherent, oberta i compromesa amb l\u2019entorn, i ens ajuden a construir respostes pedag\u00f2giques m\u00e9s riques i significatives per al nostre alumnat.<\/p>\n\n\n\n<p>La nostra participaci\u00f3 en xarxes contribueix a fer de l\u2019educaci\u00f3 una tasca col\u00b7lectiva, on aprenem amb i des de les experi\u00e8ncies dels altres.<\/p>\n\n\n\n<figure class=\"wp-block-image size-full\"><a href=\"https:\/\/agora.xtec.cat\/ceipantonibrusi\/wp-content\/uploads\/usu2949\/2026\/02\/images.png\"><img loading=\"lazy\" decoding=\"async\" width=\"273\" height=\"125\" src=\"https:\/\/agora.xtec.cat\/ceipantonibrusi\/wp-content\/uploads\/usu2949\/2026\/02\/images.png\" alt=\"\" class=\"wp-image-2114\"\/><\/a><\/figure>\n\n\n\n<p><\/p>\n","protected":false},"excerpt":{"rendered":"<p>Formem part de xarxes educatives amb les escoles i instituts del barri, com a espais de col\u00b7laboraci\u00f3, reflexi\u00f3 i millora cont\u00ednua. Treballar en xarxa ens permet compartir pr\u00e0ctiques, enriquir-nos m\u00fatuament i abordar reptes educatius de manera conjunta. Aquestes col\u00b7laboracions reforcen una educaci\u00f3 coherent, oberta i compromesa amb l\u2019entorn, i ens ajuden a construir respostes pedag\u00f2giques [&hellip;]<\/p>\n","protected":false},"author":1,"featured_media":0,"parent":0,"menu_order":0,"comment_status":"closed","ping_status":"close","template":"","meta":{"_bbp_topic_count":0,"_bbp_reply_count":0,"_bbp_total_topic_count":0,"_bbp_total_reply_count":0,"_bbp_voice_count":0,"_bbp_anonymous_reply_count":0,"_bbp_topic_count_hidden":0,"_bbp_reply_count_hidden":0,"_bbp_forum_subforum_count":0,"site-sidebar-layout":"default","site-content-layout":"","ast-site-content-layout":"default","site-content-style":"default","site-sidebar-style":"default","ast-global-header-display":"","ast-banner-title-visibility":"","ast-main-header-display":"","ast-hfb-above-header-display":"","ast-hfb-below-header-display":"","ast-hfb-mobile-header-display":"","site-post-title":"","ast-breadcrumbs-content":"","ast-featured-img":"","footer-sml-layout":"","theme-transparent-header-meta":"","adv-header-id-meta":"","stick-header-meta":"","header-above-stick-meta":"","header-main-stick-meta":"","header-below-stick-meta":"","astra-migrate-meta-layouts":"set","ast-page-background-enabled":"default","ast-page-background-meta":{"desktop":{"background-color":"var(--ast-global-color-4)","background-image":"","background-repeat":"repeat","background-position":"center center","background-size":"auto","background-attachment":"scroll","background-type":"","background-media":"","overlay-type":"","overlay-color":"","overlay-opacity":"","overlay-gradient":""},"tablet":{"background-color":"","background-image":"","background-repeat":"repeat","background-position":"center center","background-size":"auto","background-attachment":"scroll","background-type":"","background-media":"","overlay-type":"","overlay-color":"","overlay-opacity":"","overlay-gradient":""},"mobile":{"background-color":"","background-image":"","background-repeat":"repeat","background-position":"center center","background-size":"auto","background-attachment":"scroll","background-type":"","background-media":"","overlay-type":"","overlay-color":"","overlay-opacity":"","overlay-gradient":""}},"ast-content-background-meta":{"desktop":{"background-color":"var(--ast-global-color-5)","background-image":"","background-repeat":"repeat","background-position":"center center","background-size":"auto","background-attachment":"scroll","background-type":"","background-media":"","overlay-type":"","overlay-color":"","overlay-opacity":"","overlay-gradient":""},"tablet":{"background-color":"var(--ast-global-color-5)","background-image":"","background-repeat":"repeat","background-position":"center center","background-size":"auto","background-attachment":"scroll","background-type":"","background-media":"","overlay-type":"","overlay-color":"","overlay-opacity":"","overlay-gradient":""},"mobile":{"background-color":"var(--ast-global-color-5)","background-image":"","background-repeat":"repeat","background-position":"center center","background-size":"auto","background-attachment":"scroll","background-type":"","background-media":"","overlay-type":"","overlay-color":"","overlay-opacity":"","overlay-gradient":""}},"footnotes":""},"class_list":["post-2088","page","type-page","status-publish","hentry"],"post_mailing_queue_ids":[],"_links":{"self":[{"href":"https:\/\/agora.xtec.cat\/ceipantonibrusi\/wp-json\/wp\/v2\/pages\/2088","targetHints":{"allow":["GET"]}}],"collection":[{"href":"https:\/\/agora.xtec.cat\/ceipantonibrusi\/wp-json\/wp\/v2\/pages"}],"about":[{"href":"https:\/\/agora.xtec.cat\/ceipantonibrusi\/wp-json\/wp\/v2\/types\/page"}],"author":[{"embeddable":true,"href":"https:\/\/agora.xtec.cat\/ceipantonibrusi\/wp-json\/wp\/v2\/users\/1"}],"replies":[{"embeddable":true,"href":"https:\/\/agora.xtec.cat\/ceipantonibrusi\/wp-json\/wp\/v2\/comments?post=2088"}],"version-history":[{"count":2,"href":"https:\/\/agora.xtec.cat\/ceipantonibrusi\/wp-json\/wp\/v2\/pages\/2088\/revisions"}],"predecessor-version":[{"id":2115,"href":"https:\/\/agora.xtec.cat\/ceipantonibrusi\/wp-json\/wp\/v2\/pages\/2088\/revisions\/2115"}],"wp:attachment":[{"href":"https:\/\/agora.xtec.cat\/ceipantonibrusi\/wp-json\/wp\/v2\/media?parent=2088"}],"curies":[{"name":"wp","href":"https:\/\/api.w.org\/{rel}","templated":true}]}}