{"id":2086,"date":"2026-02-01T19:36:20","date_gmt":"2026-02-01T18:36:20","guid":{"rendered":"https:\/\/agora.xtec.cat\/ceipantonibrusi\/?page_id=2086"},"modified":"2026-02-12T10:37:22","modified_gmt":"2026-02-12T09:37:22","slug":"erasmus-2","status":"publish","type":"page","link":"https:\/\/agora.xtec.cat\/ceipantonibrusi\/erasmus-2\/","title":{"rendered":"Erasmus+"},"content":{"rendered":"\n<p>Estem acreditats dins del programa Erasmus+, una iniciativa de la Uni\u00f3 Europea que promou la mobilitat, la cooperaci\u00f3 i l&#8217;aprenentatge al llarg de la vida.<\/p>\n\n\n\n<p>Mitjan\u00e7ant aquesta acreditaci\u00f3, infants i docents poden viatjar a escoles d\u2019altres pa\u00efsos, per compartir pr\u00e0ctiques educatives, con\u00e8ixer altres contextos i enriquir les seves experi\u00e8ncies.<br>Tamb\u00e9 acollim alumnes i professionals d\u2019altres centres europeus, fent que la nostra escola sigui un espai internacional de trobada, intercanvi i aprenentatge compartit.<\/p>\n\n\n\n<p>Aquesta participaci\u00f3 refor\u00e7a la nostra visi\u00f3 d\u2019una educaci\u00f3 oberta, global i connectada amb el m\u00f3n.<\/p>\n\n\n\n<figure class=\"wp-block-image size-large\"><a href=\"https:\/\/agora.xtec.cat\/ceipantonibrusi\/wp-content\/uploads\/usu2949\/2026\/02\/63162424-3f18-42d9-85c8-a763618f55e6.jpg\"><img loading=\"lazy\" decoding=\"async\" width=\"1024\" height=\"810\" src=\"https:\/\/agora.xtec.cat\/ceipantonibrusi\/wp-content\/uploads\/usu2949\/2026\/02\/63162424-3f18-42d9-85c8-a763618f55e6-1024x810.jpg\" alt=\"\" class=\"wp-image-2105\" srcset=\"https:\/\/agora.xtec.cat\/ceipantonibrusi\/wp-content\/uploads\/usu2949\/2026\/02\/63162424-3f18-42d9-85c8-a763618f55e6-1024x810.jpg 1024w, https:\/\/agora.xtec.cat\/ceipantonibrusi\/wp-content\/uploads\/usu2949\/2026\/02\/63162424-3f18-42d9-85c8-a763618f55e6-300x237.jpg 300w, https:\/\/agora.xtec.cat\/ceipantonibrusi\/wp-content\/uploads\/usu2949\/2026\/02\/63162424-3f18-42d9-85c8-a763618f55e6-768x608.jpg 768w, https:\/\/agora.xtec.cat\/ceipantonibrusi\/wp-content\/uploads\/usu2949\/2026\/02\/63162424-3f18-42d9-85c8-a763618f55e6-1536x1215.jpg 1536w, https:\/\/agora.xtec.cat\/ceipantonibrusi\/wp-content\/uploads\/usu2949\/2026\/02\/63162424-3f18-42d9-85c8-a763618f55e6.jpg 2048w\" sizes=\"auto, (max-width: 1024px) 100vw, 1024px\" \/><\/a><\/figure>\n\n\n\n<div class=\"wp-block-buttons is-layout-flex wp-block-buttons-is-layout-flex\">\n<div class=\"wp-block-button\"><a class=\"wp-block-button__link wp-element-button\" href=\"https:\/\/sites.google.com\/xtec.cat\/erasmus-brusi\/p\u00e0gina-principal\"><strong>Descobreix el nostre projecte Erasmus+<\/strong><\/a><\/div>\n<\/div>\n\n\n\n<p><\/p>\n","protected":false},"excerpt":{"rendered":"<p>Estem acreditats dins del programa Erasmus+, una iniciativa de la Uni\u00f3 Europea que promou la mobilitat, la cooperaci\u00f3 i l&#8217;aprenentatge al llarg de la vida. Mitjan\u00e7ant aquesta acreditaci\u00f3, infants i docents poden viatjar a escoles d\u2019altres pa\u00efsos, per compartir pr\u00e0ctiques educatives, con\u00e8ixer altres contextos i enriquir les seves experi\u00e8ncies.Tamb\u00e9 acollim alumnes i professionals d\u2019altres centres [&hellip;]<\/p>\n","protected":false},"author":1,"featured_media":0,"parent":0,"menu_order":0,"comment_status":"closed","ping_status":"close","template":"","meta":{"_bbp_topic_count":0,"_bbp_reply_count":0,"_bbp_total_topic_count":0,"_bbp_total_reply_count":0,"_bbp_voice_count":0,"_bbp_anonymous_reply_count":0,"_bbp_topic_count_hidden":0,"_bbp_reply_count_hidden":0,"_bbp_forum_subforum_count":0,"site-sidebar-layout":"default","site-content-layout":"","ast-site-content-layout":"default","site-content-style":"default","site-sidebar-style":"default","ast-global-header-display":"","ast-banner-title-visibility":"","ast-main-header-display":"","ast-hfb-above-header-display":"","ast-hfb-below-header-display":"","ast-hfb-mobile-header-display":"","site-post-title":"","ast-breadcrumbs-content":"","ast-featured-img":"","footer-sml-layout":"","theme-transparent-header-meta":"","adv-header-id-meta":"","stick-header-meta":"","header-above-stick-meta":"","header-main-stick-meta":"","header-below-stick-meta":"","astra-migrate-meta-layouts":"set","ast-page-background-enabled":"default","ast-page-background-meta":{"desktop":{"background-color":"var(--ast-global-color-4)","background-image":"","background-repeat":"repeat","background-position":"center center","background-size":"auto","background-attachment":"scroll","background-type":"","background-media":"","overlay-type":"","overlay-color":"","overlay-opacity":"","overlay-gradient":""},"tablet":{"background-color":"","background-image":"","background-repeat":"repeat","background-position":"center center","background-size":"auto","background-attachment":"scroll","background-type":"","background-media":"","overlay-type":"","overlay-color":"","overlay-opacity":"","overlay-gradient":""},"mobile":{"background-color":"","background-image":"","background-repeat":"repeat","background-position":"center center","background-size":"auto","background-attachment":"scroll","background-type":"","background-media":"","overlay-type":"","overlay-color":"","overlay-opacity":"","overlay-gradient":""}},"ast-content-background-meta":{"desktop":{"background-color":"var(--ast-global-color-5)","background-image":"","background-repeat":"repeat","background-position":"center center","background-size":"auto","background-attachment":"scroll","background-type":"","background-media":"","overlay-type":"","overlay-color":"","overlay-opacity":"","overlay-gradient":""},"tablet":{"background-color":"var(--ast-global-color-5)","background-image":"","background-repeat":"repeat","background-position":"center center","background-size":"auto","background-attachment":"scroll","background-type":"","background-media":"","overlay-type":"","overlay-color":"","overlay-opacity":"","overlay-gradient":""},"mobile":{"background-color":"var(--ast-global-color-5)","background-image":"","background-repeat":"repeat","background-position":"center center","background-size":"auto","background-attachment":"scroll","background-type":"","background-media":"","overlay-type":"","overlay-color":"","overlay-opacity":"","overlay-gradient":""}},"footnotes":""},"class_list":["post-2086","page","type-page","status-publish","hentry"],"post_mailing_queue_ids":[],"_links":{"self":[{"href":"https:\/\/agora.xtec.cat\/ceipantonibrusi\/wp-json\/wp\/v2\/pages\/2086","targetHints":{"allow":["GET"]}}],"collection":[{"href":"https:\/\/agora.xtec.cat\/ceipantonibrusi\/wp-json\/wp\/v2\/pages"}],"about":[{"href":"https:\/\/agora.xtec.cat\/ceipantonibrusi\/wp-json\/wp\/v2\/types\/page"}],"author":[{"embeddable":true,"href":"https:\/\/agora.xtec.cat\/ceipantonibrusi\/wp-json\/wp\/v2\/users\/1"}],"replies":[{"embeddable":true,"href":"https:\/\/agora.xtec.cat\/ceipantonibrusi\/wp-json\/wp\/v2\/comments?post=2086"}],"version-history":[{"count":4,"href":"https:\/\/agora.xtec.cat\/ceipantonibrusi\/wp-json\/wp\/v2\/pages\/2086\/revisions"}],"predecessor-version":[{"id":2135,"href":"https:\/\/agora.xtec.cat\/ceipantonibrusi\/wp-json\/wp\/v2\/pages\/2086\/revisions\/2135"}],"wp:attachment":[{"href":"https:\/\/agora.xtec.cat\/ceipantonibrusi\/wp-json\/wp\/v2\/media?parent=2086"}],"curies":[{"name":"wp","href":"https:\/\/api.w.org\/{rel}","templated":true}]}}