{"id":2085,"date":"2026-02-01T19:36:20","date_gmt":"2026-02-01T18:36:20","guid":{"rendered":"https:\/\/agora.xtec.cat\/ceipantonibrusi\/?page_id=2085"},"modified":"2026-02-01T19:46:07","modified_gmt":"2026-02-01T18:46:07","slug":"etwinning","status":"publish","type":"page","link":"https:\/\/agora.xtec.cat\/ceipantonibrusi\/etwinning\/","title":{"rendered":"eTwinning"},"content":{"rendered":"\n<p>Participem al programa eTwinning, una iniciativa que posa en contacte escoles d\u2019arreu d\u2019Europa per treballar projectes educatius col\u00b7laboratius i significatius.<\/p>\n\n\n\n<p>A trav\u00e9s d\u2019eTwinning els infants cooperen, comuniquen i aprenen amb companys d\u2019altres pa\u00efsos, desenvolupant compet\u00e8ncies ling\u00fc\u00edstiques, digitals i interculturals mentre treballen temes globals.<br>\u00c9s una manera de fer l\u2019aula m\u00e9s oberta, viva i connectada amb la realitat d\u2019un m\u00f3n compartit.<\/p>\n\n\n\n<div class=\"wp-block-buttons is-layout-flex wp-block-buttons-is-layout-flex\">\n<div class=\"wp-block-button\"><a class=\"wp-block-button__link wp-element-button\" href=\"https:\/\/sites.google.com\/xtec.cat\/aroundtheworldwithetwinningfog\/p\u00e0gina-principal\">El nostre projecte eTwinning<br><br><\/a><\/div>\n<\/div>\n\n\n\n<p><\/p>\n","protected":false},"excerpt":{"rendered":"<p>Participem al programa eTwinning, una iniciativa que posa en contacte escoles d\u2019arreu d\u2019Europa per treballar projectes educatius col\u00b7laboratius i significatius. A trav\u00e9s d\u2019eTwinning els infants cooperen, comuniquen i aprenen amb companys d\u2019altres pa\u00efsos, desenvolupant compet\u00e8ncies ling\u00fc\u00edstiques, digitals i interculturals mentre treballen temes globals.\u00c9s una manera de fer l\u2019aula m\u00e9s oberta, viva i connectada amb la [&hellip;]<\/p>\n","protected":false},"author":1,"featured_media":0,"parent":0,"menu_order":0,"comment_status":"closed","ping_status":"close","template":"","meta":{"_bbp_topic_count":0,"_bbp_reply_count":0,"_bbp_total_topic_count":0,"_bbp_total_reply_count":0,"_bbp_voice_count":0,"_bbp_anonymous_reply_count":0,"_bbp_topic_count_hidden":0,"_bbp_reply_count_hidden":0,"_bbp_forum_subforum_count":0,"site-sidebar-layout":"default","site-content-layout":"","ast-site-content-layout":"default","site-content-style":"default","site-sidebar-style":"default","ast-global-header-display":"","ast-banner-title-visibility":"","ast-main-header-display":"","ast-hfb-above-header-display":"","ast-hfb-below-header-display":"","ast-hfb-mobile-header-display":"","site-post-title":"","ast-breadcrumbs-content":"","ast-featured-img":"","footer-sml-layout":"","theme-transparent-header-meta":"","adv-header-id-meta":"","stick-header-meta":"","header-above-stick-meta":"","header-main-stick-meta":"","header-below-stick-meta":"","astra-migrate-meta-layouts":"set","ast-page-background-enabled":"default","ast-page-background-meta":{"desktop":{"background-color":"var(--ast-global-color-4)","background-image":"","background-repeat":"repeat","background-position":"center center","background-size":"auto","background-attachment":"scroll","background-type":"","background-media":"","overlay-type":"","overlay-color":"","overlay-opacity":"","overlay-gradient":""},"tablet":{"background-color":"","background-image":"","background-repeat":"repeat","background-position":"center center","background-size":"auto","background-attachment":"scroll","background-type":"","background-media":"","overlay-type":"","overlay-color":"","overlay-opacity":"","overlay-gradient":""},"mobile":{"background-color":"","background-image":"","background-repeat":"repeat","background-position":"center center","background-size":"auto","background-attachment":"scroll","background-type":"","background-media":"","overlay-type":"","overlay-color":"","overlay-opacity":"","overlay-gradient":""}},"ast-content-background-meta":{"desktop":{"background-color":"var(--ast-global-color-5)","background-image":"","background-repeat":"repeat","background-position":"center center","background-size":"auto","background-attachment":"scroll","background-type":"","background-media":"","overlay-type":"","overlay-color":"","overlay-opacity":"","overlay-gradient":""},"tablet":{"background-color":"var(--ast-global-color-5)","background-image":"","background-repeat":"repeat","background-position":"center center","background-size":"auto","background-attachment":"scroll","background-type":"","background-media":"","overlay-type":"","overlay-color":"","overlay-opacity":"","overlay-gradient":""},"mobile":{"background-color":"var(--ast-global-color-5)","background-image":"","background-repeat":"repeat","background-position":"center center","background-size":"auto","background-attachment":"scroll","background-type":"","background-media":"","overlay-type":"","overlay-color":"","overlay-opacity":"","overlay-gradient":""}},"footnotes":""},"class_list":["post-2085","page","type-page","status-publish","hentry"],"post_mailing_queue_ids":[],"_links":{"self":[{"href":"https:\/\/agora.xtec.cat\/ceipantonibrusi\/wp-json\/wp\/v2\/pages\/2085","targetHints":{"allow":["GET"]}}],"collection":[{"href":"https:\/\/agora.xtec.cat\/ceipantonibrusi\/wp-json\/wp\/v2\/pages"}],"about":[{"href":"https:\/\/agora.xtec.cat\/ceipantonibrusi\/wp-json\/wp\/v2\/types\/page"}],"author":[{"embeddable":true,"href":"https:\/\/agora.xtec.cat\/ceipantonibrusi\/wp-json\/wp\/v2\/users\/1"}],"replies":[{"embeddable":true,"href":"https:\/\/agora.xtec.cat\/ceipantonibrusi\/wp-json\/wp\/v2\/comments?post=2085"}],"version-history":[{"count":2,"href":"https:\/\/agora.xtec.cat\/ceipantonibrusi\/wp-json\/wp\/v2\/pages\/2085\/revisions"}],"predecessor-version":[{"id":2110,"href":"https:\/\/agora.xtec.cat\/ceipantonibrusi\/wp-json\/wp\/v2\/pages\/2085\/revisions\/2110"}],"wp:attachment":[{"href":"https:\/\/agora.xtec.cat\/ceipantonibrusi\/wp-json\/wp\/v2\/media?parent=2085"}],"curies":[{"name":"wp","href":"https:\/\/api.w.org\/{rel}","templated":true}]}}