{"id":2059,"date":"2026-01-21T16:19:02","date_gmt":"2026-01-21T15:19:02","guid":{"rendered":"https:\/\/agora.xtec.cat\/ceipantonibrusi\/?page_id=2059"},"modified":"2026-01-30T10:20:28","modified_gmt":"2026-01-30T09:20:28","slug":"com-aprenem-a-primaria","status":"publish","type":"page","link":"https:\/\/agora.xtec.cat\/ceipantonibrusi\/com-aprenem-a-primaria\/","title":{"rendered":"Com aprenem a Prim\u00e0ria"},"content":{"rendered":"\n<p>A l\u2019Escola Antoni Brusi entenem l\u2019Educaci\u00f3 Prim\u00e0ria com una etapa clau de construcci\u00f3 i consolidaci\u00f3 dels aprenentatges, on els infants aprenen de manera activa, reflexiva i progressiva, connectant coneixements, experi\u00e8ncies i pensament.<\/p>\n\n\n\n<p>En aquest document us expliquem, de manera clara i visual, com aprenem a Prim\u00e0ria: com treballem la llengua i la lectura, les matem\u00e0tiques, els projectes, els espais d\u2019aprenentatge, l\u2019angl\u00e8s, la compet\u00e8ncia digital, el moviment, les tutories i l\u2019avaluaci\u00f3.<\/p>\n\n\n\n<p>\u00c9s una manera d\u2019apropar-vos al nostre dia a dia i de con\u00e8ixer com acompanyem cada infant a comprendre, aplicar i donar sentit al que apr\u00e8n, respectant el seu ritme i afavorint un aprenentatge profund i durador.<\/p>\n\n\n\n<div data-wp-interactive=\"core\/file\" class=\"wp-block-file\"><object data-wp-bind--hidden=\"!state.hasPdfPreview\" hidden class=\"wp-block-file__embed\" data=\"https:\/\/agora.xtec.cat\/ceipantonibrusi\/wp-content\/uploads\/usu2949\/2026\/01\/COM-APRENEM-A-PRIMARIA.pdf\" type=\"application\/pdf\" style=\"width:100%;height:600px\" aria-label=\"Incrustaci\u00f3 del fitxer COM APRENEM A PRIM\u00c0RIA.\"><\/object><a id=\"wp-block-file--media-aef2cec9-7843-47ea-89cf-37350a39b3fc\" href=\"https:\/\/agora.xtec.cat\/ceipantonibrusi\/wp-content\/uploads\/usu2949\/2026\/01\/COM-APRENEM-A-PRIMARIA.pdf\">COM APRENEM A PRIM\u00c0RIA<\/a><a href=\"https:\/\/agora.xtec.cat\/ceipantonibrusi\/wp-content\/uploads\/usu2949\/2026\/01\/COM-APRENEM-A-PRIMARIA.pdf\" class=\"wp-block-file__button wp-element-button\" download aria-describedby=\"wp-block-file--media-aef2cec9-7843-47ea-89cf-37350a39b3fc\">Baixa<\/a><\/div>\n","protected":false},"excerpt":{"rendered":"<p>A l\u2019Escola Antoni Brusi entenem l\u2019Educaci\u00f3 Prim\u00e0ria com una etapa clau de construcci\u00f3 i consolidaci\u00f3 dels aprenentatges, on els infants aprenen de manera activa, reflexiva i progressiva, connectant coneixements, experi\u00e8ncies i pensament. En aquest document us expliquem, de manera clara i visual, com aprenem a Prim\u00e0ria: com treballem la llengua i la lectura, les matem\u00e0tiques, [&hellip;]<\/p>\n","protected":false},"author":1,"featured_media":0,"parent":0,"menu_order":0,"comment_status":"closed","ping_status":"close","template":"","meta":{"_bbp_topic_count":0,"_bbp_reply_count":0,"_bbp_total_topic_count":0,"_bbp_total_reply_count":0,"_bbp_voice_count":0,"_bbp_anonymous_reply_count":0,"_bbp_topic_count_hidden":0,"_bbp_reply_count_hidden":0,"_bbp_forum_subforum_count":0,"site-sidebar-layout":"default","site-content-layout":"","ast-site-content-layout":"default","site-content-style":"default","site-sidebar-style":"default","ast-global-header-display":"","ast-banner-title-visibility":"","ast-main-header-display":"","ast-hfb-above-header-display":"","ast-hfb-below-header-display":"","ast-hfb-mobile-header-display":"","site-post-title":"","ast-breadcrumbs-content":"","ast-featured-img":"","footer-sml-layout":"","theme-transparent-header-meta":"","adv-header-id-meta":"","stick-header-meta":"","header-above-stick-meta":"","header-main-stick-meta":"","header-below-stick-meta":"","astra-migrate-meta-layouts":"set","ast-page-background-enabled":"default","ast-page-background-meta":{"desktop":{"background-color":"var(--ast-global-color-4)","background-image":"","background-repeat":"repeat","background-position":"center center","background-size":"auto","background-attachment":"scroll","background-type":"","background-media":"","overlay-type":"","overlay-color":"","overlay-opacity":"","overlay-gradient":""},"tablet":{"background-color":"","background-image":"","background-repeat":"repeat","background-position":"center center","background-size":"auto","background-attachment":"scroll","background-type":"","background-media":"","overlay-type":"","overlay-color":"","overlay-opacity":"","overlay-gradient":""},"mobile":{"background-color":"","background-image":"","background-repeat":"repeat","background-position":"center center","background-size":"auto","background-attachment":"scroll","background-type":"","background-media":"","overlay-type":"","overlay-color":"","overlay-opacity":"","overlay-gradient":""}},"ast-content-background-meta":{"desktop":{"background-color":"var(--ast-global-color-5)","background-image":"","background-repeat":"repeat","background-position":"center center","background-size":"auto","background-attachment":"scroll","background-type":"","background-media":"","overlay-type":"","overlay-color":"","overlay-opacity":"","overlay-gradient":""},"tablet":{"background-color":"var(--ast-global-color-5)","background-image":"","background-repeat":"repeat","background-position":"center center","background-size":"auto","background-attachment":"scroll","background-type":"","background-media":"","overlay-type":"","overlay-color":"","overlay-opacity":"","overlay-gradient":""},"mobile":{"background-color":"var(--ast-global-color-5)","background-image":"","background-repeat":"repeat","background-position":"center center","background-size":"auto","background-attachment":"scroll","background-type":"","background-media":"","overlay-type":"","overlay-color":"","overlay-opacity":"","overlay-gradient":""}},"footnotes":""},"class_list":["post-2059","page","type-page","status-publish","hentry"],"post_mailing_queue_ids":[],"_links":{"self":[{"href":"https:\/\/agora.xtec.cat\/ceipantonibrusi\/wp-json\/wp\/v2\/pages\/2059","targetHints":{"allow":["GET"]}}],"collection":[{"href":"https:\/\/agora.xtec.cat\/ceipantonibrusi\/wp-json\/wp\/v2\/pages"}],"about":[{"href":"https:\/\/agora.xtec.cat\/ceipantonibrusi\/wp-json\/wp\/v2\/types\/page"}],"author":[{"embeddable":true,"href":"https:\/\/agora.xtec.cat\/ceipantonibrusi\/wp-json\/wp\/v2\/users\/1"}],"replies":[{"embeddable":true,"href":"https:\/\/agora.xtec.cat\/ceipantonibrusi\/wp-json\/wp\/v2\/comments?post=2059"}],"version-history":[{"count":2,"href":"https:\/\/agora.xtec.cat\/ceipantonibrusi\/wp-json\/wp\/v2\/pages\/2059\/revisions"}],"predecessor-version":[{"id":2077,"href":"https:\/\/agora.xtec.cat\/ceipantonibrusi\/wp-json\/wp\/v2\/pages\/2059\/revisions\/2077"}],"wp:attachment":[{"href":"https:\/\/agora.xtec.cat\/ceipantonibrusi\/wp-json\/wp\/v2\/media?parent=2059"}],"curies":[{"name":"wp","href":"https:\/\/api.w.org\/{rel}","templated":true}]}}