{"id":2022,"date":"2026-01-21T10:52:16","date_gmt":"2026-01-21T09:52:16","guid":{"rendered":"https:\/\/agora.xtec.cat\/ceipantonibrusi\/?page_id=2022"},"modified":"2026-01-21T14:01:31","modified_gmt":"2026-01-21T13:01:31","slug":"com-fer-la-preinscripcio","status":"publish","type":"page","link":"https:\/\/agora.xtec.cat\/ceipantonibrusi\/com-fer-la-preinscripcio\/","title":{"rendered":"Com fer la preinscripci\u00f3"},"content":{"rendered":"\n<p>La preinscripci\u00f3 es fa seguint el calendari i el procediment del <a href=\"https:\/\/preinscripcio.gencat.cat\/ca\/inici\">Departament d\u2019Educaci\u00f3.<\/a><\/p>\n\n\n\n<p>\u2022 <a href=\"https:\/\/www.edubcn.cat\/ca\/alumnat_i_familia\/informacio_general_matriculacio\/consulta_de_centres_educatius#\/cerca\">Guia de centres educatius<\/a><br>\u2022 <a href=\"https:\/\/www.edubcn.cat\/ca\/alumnat_i_familia\/informacio_general_matriculacio\/arees_influencia\/que_son\">Consulta la proximitat al domicili<\/a><br>\u2022 <a href=\"https:\/\/www.edubcn.cat\/ca\/alumnat_i_familia\/informacio_general_matriculacio\/adscripcions\">Consulta d&#8217;adscripcions<\/a><\/p>\n\n\n\n<p>\u2022<a href=\"https:\/\/www.edubcn.cat\/ca\/alumnat_i_familia\/informacio_general_matriculacio\/sessions_informatives_per_a_les_families\">Calendari de sessions informatives per fam\u00edlies<\/a><br>\u2022 <a href=\"https:\/\/www.edubcn.cat\/ca\/alumnat_i_familia\/informacio_general_matriculacio\/jornades_de_portes_obertes_als_centres_cerca#\/cerca\">Jornades de portes obertes als centres<\/a><br>\u2022 <a href=\"https:\/\/www.edubcn.cat\/ca\/alumnat_i_familia\/informacio_general_matriculacio\/material_suport\">Material de suport per a les fam\u00edlies<\/a><\/p>\n\n\n\n<p>\u2022 <a href=\"https:\/\/www.edubcn.cat\/ca\/alumnat_i_familia\/informacio_general_matriculacio\/preguntes_frequents_preinscripcio\">Preguntes freq\u00fcents sobre la preinscripci\u00f3 i matr\u00edcula 2026-2027<\/a><\/p>\n\n\n\n<p><strong>Oficines de suport a l&#8217;escolaritzaci\u00f3 <\/strong><\/p>\n\n\n\n<p>Les fam\u00edlies que tingueu dificultats per fer la preinscripci\u00f3 o no disposeu dels mitjans necessaris, podeu despla\u00e7ar-vos a qualsevol de les oficines habilitades per donar suport en el proc\u00e9s de preinscripci\u00f3:<\/p>\n\n\n\n<ul class=\"wp-block-list\">\n<li>Ciutat Vella (placeta del Pi, 2)<\/li>\n\n\n\n<li>Eixample (carrer de Roger de Ll\u00faria, 1-3)<\/li>\n\n\n\n<li>Gr\u00e0cia-Horta (carrer de la Mare de D\u00e9u de la Salut, 87)<\/li>\n\n\n\n<li>Nou Barris (carrer de Nil, 27)<\/li>\n\n\n\n<li>Sant Andreu (carrer del Montsec, 20-22)<\/li>\n\n\n\n<li>Sant Mart\u00ed (carrer de Crist\u00f2bal de Moura, 223)<\/li>\n\n\n\n<li>Sants-Montju\u00efc (Pla\u00e7a d&#8217;Espanya, 5)<\/li>\n<\/ul>\n\n\n\n<p>Si teniu qualsevol dubte durant el proc\u00e9s, a l\u2019escola us podem orientar.<\/p>\n","protected":false},"excerpt":{"rendered":"<p>La preinscripci\u00f3 es fa seguint el calendari i el procediment del Departament d\u2019Educaci\u00f3. \u2022 Guia de centres educatius\u2022 Consulta la proximitat al domicili\u2022 Consulta d&#8217;adscripcions \u2022Calendari de sessions informatives per fam\u00edlies\u2022 Jornades de portes obertes als centres\u2022 Material de suport per a les fam\u00edlies \u2022 Preguntes freq\u00fcents sobre la preinscripci\u00f3 i matr\u00edcula 2026-2027 Oficines de [&hellip;]<\/p>\n","protected":false},"author":1,"featured_media":0,"parent":0,"menu_order":0,"comment_status":"closed","ping_status":"close","template":"","meta":{"_bbp_topic_count":0,"_bbp_reply_count":0,"_bbp_total_topic_count":0,"_bbp_total_reply_count":0,"_bbp_voice_count":0,"_bbp_anonymous_reply_count":0,"_bbp_topic_count_hidden":0,"_bbp_reply_count_hidden":0,"_bbp_forum_subforum_count":0,"site-sidebar-layout":"default","site-content-layout":"","ast-site-content-layout":"default","site-content-style":"default","site-sidebar-style":"default","ast-global-header-display":"","ast-banner-title-visibility":"","ast-main-header-display":"","ast-hfb-above-header-display":"","ast-hfb-below-header-display":"","ast-hfb-mobile-header-display":"","site-post-title":"","ast-breadcrumbs-content":"","ast-featured-img":"","footer-sml-layout":"","theme-transparent-header-meta":"","adv-header-id-meta":"","stick-header-meta":"","header-above-stick-meta":"","header-main-stick-meta":"","header-below-stick-meta":"","astra-migrate-meta-layouts":"set","ast-page-background-enabled":"default","ast-page-background-meta":{"desktop":{"background-color":"var(--ast-global-color-4)","background-image":"","background-repeat":"repeat","background-position":"center center","background-size":"auto","background-attachment":"scroll","background-type":"","background-media":"","overlay-type":"","overlay-color":"","overlay-opacity":"","overlay-gradient":""},"tablet":{"background-color":"","background-image":"","background-repeat":"repeat","background-position":"center center","background-size":"auto","background-attachment":"scroll","background-type":"","background-media":"","overlay-type":"","overlay-color":"","overlay-opacity":"","overlay-gradient":""},"mobile":{"background-color":"","background-image":"","background-repeat":"repeat","background-position":"center center","background-size":"auto","background-attachment":"scroll","background-type":"","background-media":"","overlay-type":"","overlay-color":"","overlay-opacity":"","overlay-gradient":""}},"ast-content-background-meta":{"desktop":{"background-color":"var(--ast-global-color-5)","background-image":"","background-repeat":"repeat","background-position":"center center","background-size":"auto","background-attachment":"scroll","background-type":"","background-media":"","overlay-type":"","overlay-color":"","overlay-opacity":"","overlay-gradient":""},"tablet":{"background-color":"var(--ast-global-color-5)","background-image":"","background-repeat":"repeat","background-position":"center center","background-size":"auto","background-attachment":"scroll","background-type":"","background-media":"","overlay-type":"","overlay-color":"","overlay-opacity":"","overlay-gradient":""},"mobile":{"background-color":"var(--ast-global-color-5)","background-image":"","background-repeat":"repeat","background-position":"center center","background-size":"auto","background-attachment":"scroll","background-type":"","background-media":"","overlay-type":"","overlay-color":"","overlay-opacity":"","overlay-gradient":""}},"footnotes":""},"class_list":["post-2022","page","type-page","status-publish","hentry"],"post_mailing_queue_ids":[],"_links":{"self":[{"href":"https:\/\/agora.xtec.cat\/ceipantonibrusi\/wp-json\/wp\/v2\/pages\/2022","targetHints":{"allow":["GET"]}}],"collection":[{"href":"https:\/\/agora.xtec.cat\/ceipantonibrusi\/wp-json\/wp\/v2\/pages"}],"about":[{"href":"https:\/\/agora.xtec.cat\/ceipantonibrusi\/wp-json\/wp\/v2\/types\/page"}],"author":[{"embeddable":true,"href":"https:\/\/agora.xtec.cat\/ceipantonibrusi\/wp-json\/wp\/v2\/users\/1"}],"replies":[{"embeddable":true,"href":"https:\/\/agora.xtec.cat\/ceipantonibrusi\/wp-json\/wp\/v2\/comments?post=2022"}],"version-history":[{"count":5,"href":"https:\/\/agora.xtec.cat\/ceipantonibrusi\/wp-json\/wp\/v2\/pages\/2022\/revisions"}],"predecessor-version":[{"id":2044,"href":"https:\/\/agora.xtec.cat\/ceipantonibrusi\/wp-json\/wp\/v2\/pages\/2022\/revisions\/2044"}],"wp:attachment":[{"href":"https:\/\/agora.xtec.cat\/ceipantonibrusi\/wp-json\/wp\/v2\/media?parent=2022"}],"curies":[{"name":"wp","href":"https:\/\/api.w.org\/{rel}","templated":true}]}}