{"id":215,"date":"2015-11-11T21:40:44","date_gmt":"2015-11-11T20:40:44","guid":{"rendered":"http:\/\/agora.xtec.cat\/ceipanglada-figueres\/?page_id=215"},"modified":"2015-11-19T19:36:14","modified_gmt":"2015-11-19T18:36:14","slug":"pla-tac","status":"publish","type":"page","link":"https:\/\/agora.xtec.cat\/ceipanglada-figueres\/pla-tac\/","title":{"rendered":"PLA TAC"},"content":{"rendered":"<p>El Pla TAC \u00e9s el document que recull tots els acords d&#8217;organitzaci\u00f3 i funcionament relatius a l&#8217;equipament TIC de qu\u00e8 disposa el centre.<\/p>\n<p>\u00c9s un document que s&#8217;est\u00e0 elaborant a partir del treball inicial de la comissi\u00f3 TAC, que fa propostes al claustre. Un cop aprovades, aquestes propostes es converteixen en part integrant del pla TAC.<\/p>\n","protected":false},"excerpt":{"rendered":"<p>El Pla TAC \u00e9s el document que recull tots els acords d&#8217;organitzaci\u00f3 i funcionament relatius a l&#8217;equipament TIC de qu\u00e8 disposa el centre.<br \/>\n\u00c9s un document que s&#8217;est\u00e0 elaborant a partir del treball inicial de la comissi\u00f3 TAC, que fa propostes al claustre. Un cop aprovades,&hellip;  <a href=\"https:\/\/agora.xtec.cat\/ceipanglada-figueres\/pla-tac\/\" title=\"Read PLA TAC\">Llegeix m\u00e9s\u00bb<\/a><\/p>\n","protected":false},"author":1,"featured_media":0,"parent":0,"menu_order":0,"comment_status":"closed","ping_status":"closed","template":"page-templates\/side-menu.php","meta":{"_bbp_topic_count":0,"_bbp_reply_count":0,"_bbp_total_topic_count":0,"_bbp_total_reply_count":0,"_bbp_voice_count":0,"_bbp_anonymous_reply_count":0,"_bbp_topic_count_hidden":0,"_bbp_reply_count_hidden":0,"_bbp_forum_subforum_count":0,"footnotes":""},"class_list":["post-215","page","type-page","status-publish","hentry"],"post_mailing_queue_ids":[],"_links":{"self":[{"href":"https:\/\/agora.xtec.cat\/ceipanglada-figueres\/wp-json\/wp\/v2\/pages\/215","targetHints":{"allow":["GET"]}}],"collection":[{"href":"https:\/\/agora.xtec.cat\/ceipanglada-figueres\/wp-json\/wp\/v2\/pages"}],"about":[{"href":"https:\/\/agora.xtec.cat\/ceipanglada-figueres\/wp-json\/wp\/v2\/types\/page"}],"author":[{"embeddable":true,"href":"https:\/\/agora.xtec.cat\/ceipanglada-figueres\/wp-json\/wp\/v2\/users\/1"}],"replies":[{"embeddable":true,"href":"https:\/\/agora.xtec.cat\/ceipanglada-figueres\/wp-json\/wp\/v2\/comments?post=215"}],"version-history":[{"count":1,"href":"https:\/\/agora.xtec.cat\/ceipanglada-figueres\/wp-json\/wp\/v2\/pages\/215\/revisions"}],"predecessor-version":[{"id":216,"href":"https:\/\/agora.xtec.cat\/ceipanglada-figueres\/wp-json\/wp\/v2\/pages\/215\/revisions\/216"}],"wp:attachment":[{"href":"https:\/\/agora.xtec.cat\/ceipanglada-figueres\/wp-json\/wp\/v2\/media?parent=215"}],"curies":[{"name":"wp","href":"https:\/\/api.w.org\/{rel}","templated":true}]}}