{"id":896,"date":"2016-04-19T11:50:03","date_gmt":"2016-04-19T09:50:03","guid":{"rendered":"http:\/\/agora.xtec.cat\/ceipangelsgarrigabcn\/intraweb\/mhserveisserveis-de-lampaextraescolars\/"},"modified":"2020-10-30T23:35:24","modified_gmt":"2020-10-30T22:35:24","slug":"mhserveisserveis-de-lampaextraescolars","status":"publish","type":"page","link":"https:\/\/agora.xtec.cat\/ceipangelsgarrigabcn\/mhampaserveis\/mhserveisserveis-de-lampaextraescolars\/","title":{"rendered":"EXTRAESCOLARS"},"content":{"rendered":"<div class=\"alignnone size-medium\"><img decoding=\"async\" src=\"http:\/\/agora.xtec.cat\/ceipangelsgarrigabcn\/wp-content\/uploads\/usu799\/2016\/04\/serveis_ampa_ex.png\" alt=\"\" \/><\/div>\n<p>Aquestes s\u00f3n les extraescolars que s&#8217;ofereixen aquest curs 2020\/21<\/p>\n<table style=\"width: 896px; height: 245px;\">\n<tbody>\n<tr style=\"height: 48px;\">\n<td style=\"width: 174px; height: 48px;\"><strong>Horari\/dia de <\/strong><strong>la setmana<\/strong><\/td>\n<td style=\"width: 131px; height: 48px;\">Dimarts<\/td>\n<td style=\"width: 244px; height: 48px;\">Dimecres<\/td>\n<td style=\"width: 335px; height: 48px;\">Dijous<\/td>\n<\/tr>\n<tr style=\"height: 94px;\">\n<td style=\"width: 174px; height: 94px;\"><strong>De 16:30 h a n<\/strong><strong>17:45 h<\/strong><\/td>\n<td style=\"width: 131px; height: 94px;\">De P4 a 6\u00e8:\u00a0<strong>CIRC<\/strong><\/td>\n<td style=\"width: 244px; height: 94px;\">De P4 a 2n:\u00a0<strong>PLAY IN\u00a0<\/strong><strong>ENGLISH\u00a0<\/strong><\/p>\n<p>De 3er a 6\u00e8: <strong>FUN WITH ENGLISH<\/strong><\/td>\n<td style=\"width: 335px; height: 94px;\">De P4 a 6\u00e8:\u00a0<strong>CIRC<\/strong><\/p>\n<p>De P4 a 6\u00e8:\u00a0<strong>ESCACS<\/strong><\/td>\n<\/tr>\n<tr style=\"height: 103px;\">\n<td style=\"width: 174px; height: 103px;\"><strong>De 16:30h a <\/strong><strong>18:00 h<\/strong><\/td>\n<td style=\"width: 131px; height: 103px;\"><\/td>\n<td style=\"width: 244px; height: 103px;\">De 3er a 6\u00e9: <strong>FUTBOL SALA<\/strong><\/td>\n<td style=\"width: 335px; height: 103px;\">De P4 a 3er: <strong>M\u00d3N \u00a0<\/strong><strong>D<\/strong><strong>\u00b4ESPORTS AMB TASTET<\/strong><\/p>\n<p>De 4rt a 6\u00e9: <strong>M\u00d3N D&#8217;ESPORTS M\u00c9S ENLL\u00c0 DEL TASTES<\/strong><\/td>\n<\/tr>\n<\/tbody>\n<\/table>\n<p><span style=\"font-family: inherit; font-size: 1em;\">Al seg\u00fcent enlla\u00e7 trobareu tot el detall de les extraescolars ofertades: <\/span><\/p>\n<p><a href=\"https:\/\/agora.xtec.cat\/ceipangelsgarrigabcn\/wp-content\/uploads\/usu799\/2020\/10\/Extraescolars-tarda-2020-2021-1.pdf\">Extraescolars tarda 2020-2021<\/a><\/p>\n<p>Tamb\u00e9 adjuntem el protocol COVID per cada una de les extraescolars:<\/p>\n<p><a href=\"https:\/\/agora.xtec.cat\/ceipangelsgarrigabcn\/wp-content\/uploads\/usu799\/2020\/10\/Protocol-COVID-futbol.pdf\">Protocol COVID futbol<\/a><\/p>\n<p><a href=\"https:\/\/agora.xtec.cat\/ceipangelsgarrigabcn\/wp-content\/uploads\/usu799\/2020\/10\/Protocol-COVID-angle\u0300s.pdf\">Protocol COVID angle\u0300s<\/a><\/p>\n<p><a href=\"https:\/\/agora.xtec.cat\/ceipangelsgarrigabcn\/wp-content\/uploads\/usu799\/2020\/10\/Protocol-COVID-circ.pdf\">Protocol COVID circ<\/a><\/p>\n<p><a href=\"https:\/\/agora.xtec.cat\/ceipangelsgarrigabcn\/wp-content\/uploads\/usu799\/2020\/10\/Protocol-COVID-un-mo\u0301n-desports.pdf\">Protocol COVID un mo\u0301n d&#8217;esports<\/a><\/p>\n<p>&nbsp;<\/p>\n","protected":false},"excerpt":{"rendered":"<p>Aquestes s\u00f3n les extraescolars que s&#8217;ofereixen aquest curs 2020\/21<\/p>\n<p>Horari\/dia de la setmana<br \/>\nDimarts<br \/>\nDimecres<br \/>\nDijous<\/p>\n<p>De 16:30 h a n17:45 h<br \/>\nDe P4 a 6\u00e8:\u00a0CIRC<br \/>\nDe P4 a 2n:\u00a0PLAY IN\u00a0ENGLISH\u00a0<br \/>\nDe 3er a 6\u00e8: FUN WITH ENGLISH<br \/>\nDe P4 a 6\u00e8:\u00a0CIRC<br \/>\nDe P4 a 6\u00e8:\u00a0ESCACS<\/p>\n<p>De 16:30h a 18:00 h<\/p>\n<p>De 3er a 6\u00e9: FUTBOL SALA<br \/>\nDe&hellip;  <a href=\"https:\/\/agora.xtec.cat\/ceipangelsgarrigabcn\/mhampaserveis\/mhserveisserveis-de-lampaextraescolars\/\" title=\"Read EXTRAESCOLARS\">Llegeix m\u00e9s\u00bb<\/a><\/p>\n","protected":false},"author":267,"featured_media":897,"parent":977,"menu_order":0,"comment_status":"closed","ping_status":"closed","template":"page-templates\/side-menu.php","meta":{"_bbp_topic_count":0,"_bbp_reply_count":0,"_bbp_total_topic_count":0,"_bbp_total_reply_count":0,"_bbp_voice_count":0,"_bbp_anonymous_reply_count":0,"_bbp_topic_count_hidden":0,"_bbp_reply_count_hidden":0,"_bbp_forum_subforum_count":0,"footnotes":""},"class_list":["post-896","page","type-page","status-publish","has-post-thumbnail","hentry"],"post_mailing_queue_ids":[],"_links":{"self":[{"href":"https:\/\/agora.xtec.cat\/ceipangelsgarrigabcn\/wp-json\/wp\/v2\/pages\/896","targetHints":{"allow":["GET"]}}],"collection":[{"href":"https:\/\/agora.xtec.cat\/ceipangelsgarrigabcn\/wp-json\/wp\/v2\/pages"}],"about":[{"href":"https:\/\/agora.xtec.cat\/ceipangelsgarrigabcn\/wp-json\/wp\/v2\/types\/page"}],"author":[{"embeddable":true,"href":"https:\/\/agora.xtec.cat\/ceipangelsgarrigabcn\/wp-json\/wp\/v2\/users\/267"}],"replies":[{"embeddable":true,"href":"https:\/\/agora.xtec.cat\/ceipangelsgarrigabcn\/wp-json\/wp\/v2\/comments?post=896"}],"version-history":[{"count":3,"href":"https:\/\/agora.xtec.cat\/ceipangelsgarrigabcn\/wp-json\/wp\/v2\/pages\/896\/revisions"}],"predecessor-version":[{"id":5939,"href":"https:\/\/agora.xtec.cat\/ceipangelsgarrigabcn\/wp-json\/wp\/v2\/pages\/896\/revisions\/5939"}],"up":[{"embeddable":true,"href":"https:\/\/agora.xtec.cat\/ceipangelsgarrigabcn\/wp-json\/wp\/v2\/pages\/977"}],"wp:featuredmedia":[{"embeddable":true,"href":"https:\/\/agora.xtec.cat\/ceipangelsgarrigabcn\/wp-json\/wp\/v2\/media\/897"}],"wp:attachment":[{"href":"https:\/\/agora.xtec.cat\/ceipangelsgarrigabcn\/wp-json\/wp\/v2\/media?parent=896"}],"curies":[{"name":"wp","href":"https:\/\/api.w.org\/{rel}","templated":true}]}}