{"id":881,"date":"2016-04-19T11:50:01","date_gmt":"2016-04-19T10:50:01","guid":{"rendered":"http:\/\/agora.xtec.cat\/ceipangelsgarrigabcn\/intraweb\/mhserveisserveis-ampamenjador\/"},"modified":"2018-03-15T14:02:30","modified_gmt":"2018-03-15T13:02:30","slug":"mhserveisserveis-ampamenjador","status":"publish","type":"page","link":"https:\/\/agora.xtec.cat\/ceipangelsgarrigabcn\/mhampaserveis\/mhserveisserveis-ampamenjador\/","title":{"rendered":"MENJADOR"},"content":{"rendered":"<p><img decoding=\"async\" src=\"\/ceipangelsgarrigabcn\/intranet\/file.php?file=users\/m\/marta.mercader\/menjador.png\" alt=\"\" \/>El servei de menjador de l&#8217;escola, amb cuina pr\u00f2pia, pret\u00e9n col\u00b7laborar amb els pares i mares en l&#8217;educaci\u00f3 aliment\u00e0ria dels nens, intentant promoure h\u00e0bits higi\u00e8nics, alimentaris i de comportament adequats aix\u00ed com promoure tamb\u00e9 els aspectes socials i de conviv\u00e8ncia dels \u00e0pats sense oblidar les caracter\u00edstiques personals de cadasc\u00fa.<\/p>\n<p>Els nens i nenes tenen un m\u00ednim de 20 minuts i un m\u00e0xim d&#8217;una hora aproximadament per dinar.<\/p>\n<p>Tots els nens i nenes han de portar pitet o tovall\u00f3 dins d&#8217;una bossa de roba (tot marcat clarament amb el nom). Cada dia els duran a casa per rentar i l&#8217;endem\u00e0 els portaran nets.<\/p>\n<p><a href=\"http:\/\/agora.xtec.cat\/ceipangelsgarrigabcn\/wp-content\/uploads\/usu799\/2016\/04\/Menjador-2.jpg\"><img loading=\"lazy\" decoding=\"async\" class=\"alignnone size-full wp-image-2936\" src=\"http:\/\/agora.xtec.cat\/ceipangelsgarrigabcn\/wp-content\/uploads\/usu799\/2016\/04\/Menjador-2.jpg\" alt=\"\" width=\"1024\" height=\"768\" \/><\/a><\/p>\n<p><img decoding=\"async\" src=\"\/ceipangelsgarrigabcn\/intranet\/file.php?file=menus%20menjador\/SDC11279.JPG\" alt=\"\" \/><strong>Horari de menjador:\u00a0<\/strong><\/p>\n<p>P3, P4 i P5 dinen a 12:30 i la resta de cursos ho fan a les 13:30 (primer torn) i 13:45 (segon torn).<\/p>\n<p>Els alumnes grans de l&#8217;escola realitzen els seg\u00fcents serveis:<\/p>\n<p>Quart: dins el projecte grans-petits, ajuda a la classe de P3 a recollir llits, despertar i posar sabates als m\u00e9s petits&#8230; Tot aix\u00f2 i molt m\u00e9s.<\/p>\n<p>Cinqu\u00e8 i sis\u00e8: En grups de dos o tres escombren el menjador quan tothom acaba de dinar.<\/p>\n<p><strong>MEN\u00daS<\/strong><\/p>\n<p>L&#8217;escola continua seguint els criteris de la dieta mediterr\u00e0nia recomanada per la Direcci\u00f3 General de Salut P\u00fablica de la Generalitat de Catalunya, que \u00e9s qui al mateix temps ens revisa els men\u00fas que elaborem. Durant el curs fem els men\u00fas mensuals diferents en funci\u00f3 de l&#8217;\u00e8poca de l&#8217;any, que pengem al web. Al final de curs, fem una revisi\u00f3 de tots els men\u00fas juntament amb l&#8217;AMPA i preparem els del curs vinent.<\/p>\n<p>Per a qualsevol problema amb dietes, r\u00e8gims o intoler\u00e0ncies podeu trucar a la Pepa des de les 12:00 a les 15:00 cada dia a l&#8217;escola. Els r\u00e8gims puntuals s&#8217;hauran de fer constar a primera hora del mat\u00ed per escrit a la llibreta de correspond\u00e8ncia o l&#8217;agenda dels nens\/es. Quan un nen per malaltia superior a tres dies no pugui assistir al menjador, si ho comuniqueu via correu electr\u00f2nica a cooperativa@angelsgarriga.net, a partir del tercer dia, es descomptar\u00e0 la part proporcional de l&#8217;aliment (3\u20ac).<\/p>\n<p>Per tal de poder valorar el funcionament de les activitats complement\u00e0ries i el servei de menjador rebereu dos informes anuals en el cas de parvulari i un informe trimestral en el cas de prim\u00e0ria.<\/p>\n<p><a href=\"http:\/\/agora.xtec.cat\/ceipangelsgarrigabcn\/wp-content\/uploads\/usu799\/2016\/04\/Menjador-1.jpg\"><img loading=\"lazy\" decoding=\"async\" class=\"alignnone size-full wp-image-2937\" src=\"http:\/\/agora.xtec.cat\/ceipangelsgarrigabcn\/wp-content\/uploads\/usu799\/2016\/04\/Menjador-1.jpg\" alt=\"\" width=\"1024\" height=\"768\" \/><\/a><\/p>\n<p><strong>revisat 15\/03\/2018<\/strong><\/p>\n<p>&nbsp;<\/p>\n<p>&nbsp;<\/p>\n","protected":false},"excerpt":{"rendered":"<p>El servei de menjador de l&#8217;escola, amb cuina pr\u00f2pia, pret\u00e9n col\u00b7laborar amb els pares i mares en l&#8217;educaci\u00f3 aliment\u00e0ria dels nens, intentant promoure h\u00e0bits higi\u00e8nics, alimentaris i de comportament adequats aix\u00ed com promoure tamb\u00e9 els aspectes socials i de conviv\u00e8ncia dels \u00e0pats sense oblidar les&hellip;  <a href=\"https:\/\/agora.xtec.cat\/ceipangelsgarrigabcn\/mhampaserveis\/mhserveisserveis-ampamenjador\/\" title=\"Read MENJADOR\">Llegeix m\u00e9s\u00bb<\/a><\/p>\n","protected":false},"author":267,"featured_media":888,"parent":977,"menu_order":0,"comment_status":"closed","ping_status":"open","template":"page-templates\/side-menu.php","meta":{"_bbp_topic_count":0,"_bbp_reply_count":0,"_bbp_total_topic_count":0,"_bbp_total_reply_count":0,"_bbp_voice_count":0,"_bbp_anonymous_reply_count":0,"_bbp_topic_count_hidden":0,"_bbp_reply_count_hidden":0,"_bbp_forum_subforum_count":0,"footnotes":""},"class_list":["post-881","page","type-page","status-publish","has-post-thumbnail","hentry"],"post_mailing_queue_ids":[],"_links":{"self":[{"href":"https:\/\/agora.xtec.cat\/ceipangelsgarrigabcn\/wp-json\/wp\/v2\/pages\/881","targetHints":{"allow":["GET"]}}],"collection":[{"href":"https:\/\/agora.xtec.cat\/ceipangelsgarrigabcn\/wp-json\/wp\/v2\/pages"}],"about":[{"href":"https:\/\/agora.xtec.cat\/ceipangelsgarrigabcn\/wp-json\/wp\/v2\/types\/page"}],"author":[{"embeddable":true,"href":"https:\/\/agora.xtec.cat\/ceipangelsgarrigabcn\/wp-json\/wp\/v2\/users\/267"}],"replies":[{"embeddable":true,"href":"https:\/\/agora.xtec.cat\/ceipangelsgarrigabcn\/wp-json\/wp\/v2\/comments?post=881"}],"version-history":[{"count":5,"href":"https:\/\/agora.xtec.cat\/ceipangelsgarrigabcn\/wp-json\/wp\/v2\/pages\/881\/revisions"}],"predecessor-version":[{"id":2938,"href":"https:\/\/agora.xtec.cat\/ceipangelsgarrigabcn\/wp-json\/wp\/v2\/pages\/881\/revisions\/2938"}],"up":[{"embeddable":true,"href":"https:\/\/agora.xtec.cat\/ceipangelsgarrigabcn\/wp-json\/wp\/v2\/pages\/977"}],"wp:featuredmedia":[{"embeddable":true,"href":"https:\/\/agora.xtec.cat\/ceipangelsgarrigabcn\/wp-json\/wp\/v2\/media\/888"}],"wp:attachment":[{"href":"https:\/\/agora.xtec.cat\/ceipangelsgarrigabcn\/wp-json\/wp\/v2\/media?parent=881"}],"curies":[{"name":"wp","href":"https:\/\/api.w.org\/{rel}","templated":true}]}}