{"id":7679,"date":"2023-06-30T14:57:48","date_gmt":"2023-06-30T12:57:48","guid":{"rendered":"https:\/\/agora.xtec.cat\/ceipangelsgarrigabcn\/?page_id=7679"},"modified":"2024-04-26T12:03:09","modified_gmt":"2024-04-26T10:03:09","slug":"estrategia-digital-de-centre","status":"publish","type":"page","link":"https:\/\/agora.xtec.cat\/ceipangelsgarrigabcn\/escola-angels-garriga\/estrategia-digital-de-centre\/","title":{"rendered":"ESTRAT\u00c8GIA DIGITAL DE CENTRE"},"content":{"rendered":"<p>Per poder veure la nostra estrat\u00e8gia digital de centre haur\u00e0s de clicar el seg\u00fcent <a href=\"https:\/\/sites.google.com\/angelsgarriga.net\/estrategia-digital-de-centre-a\/p%C3%A0gina-principal?authuser=1\">link<\/a><\/p>\n","protected":false},"excerpt":{"rendered":"<p>Per poder veure la nostra estrat\u00e8gia digital de centre haur\u00e0s de clicar el seg\u00fcent <a href=\"https:\/\/sites.google.com\/angelsgarriga.net\/estrategia-digital-de-centre-a\/p%C3%A0gina-principal?authuser=1\">link<\/a><\/p>\n","protected":false},"author":267,"featured_media":0,"parent":7837,"menu_order":0,"comment_status":"closed","ping_status":"closed","template":"","meta":{"_bbp_topic_count":0,"_bbp_reply_count":0,"_bbp_total_topic_count":0,"_bbp_total_reply_count":0,"_bbp_voice_count":0,"_bbp_anonymous_reply_count":0,"_bbp_topic_count_hidden":0,"_bbp_reply_count_hidden":0,"_bbp_forum_subforum_count":0,"footnotes":""},"class_list":["post-7679","page","type-page","status-publish","hentry"],"post_mailing_queue_ids":[],"_links":{"self":[{"href":"https:\/\/agora.xtec.cat\/ceipangelsgarrigabcn\/wp-json\/wp\/v2\/pages\/7679","targetHints":{"allow":["GET"]}}],"collection":[{"href":"https:\/\/agora.xtec.cat\/ceipangelsgarrigabcn\/wp-json\/wp\/v2\/pages"}],"about":[{"href":"https:\/\/agora.xtec.cat\/ceipangelsgarrigabcn\/wp-json\/wp\/v2\/types\/page"}],"author":[{"embeddable":true,"href":"https:\/\/agora.xtec.cat\/ceipangelsgarrigabcn\/wp-json\/wp\/v2\/users\/267"}],"replies":[{"embeddable":true,"href":"https:\/\/agora.xtec.cat\/ceipangelsgarrigabcn\/wp-json\/wp\/v2\/comments?post=7679"}],"version-history":[{"count":2,"href":"https:\/\/agora.xtec.cat\/ceipangelsgarrigabcn\/wp-json\/wp\/v2\/pages\/7679\/revisions"}],"predecessor-version":[{"id":7866,"href":"https:\/\/agora.xtec.cat\/ceipangelsgarrigabcn\/wp-json\/wp\/v2\/pages\/7679\/revisions\/7866"}],"up":[{"embeddable":true,"href":"https:\/\/agora.xtec.cat\/ceipangelsgarrigabcn\/wp-json\/wp\/v2\/pages\/7837"}],"wp:attachment":[{"href":"https:\/\/agora.xtec.cat\/ceipangelsgarrigabcn\/wp-json\/wp\/v2\/media?parent=7679"}],"curies":[{"name":"wp","href":"https:\/\/api.w.org\/{rel}","templated":true}]}}