{"id":2624,"date":"2018-02-01T13:48:11","date_gmt":"2018-02-01T12:48:11","guid":{"rendered":"http:\/\/agora.xtec.cat\/ceipangelsgarrigabcn\/?page_id=2624"},"modified":"2018-04-15T21:26:09","modified_gmt":"2018-04-15T19:26:09","slug":"escola-sostenible","status":"publish","type":"page","link":"https:\/\/agora.xtec.cat\/ceipangelsgarrigabcn\/com-treballem\/escola-sostenible\/","title":{"rendered":"ESCOLA SOSTENIBLE"},"content":{"rendered":"<p><a href=\"http:\/\/agora.xtec.cat\/ceipangelsgarrigabcn\/wp-content\/uploads\/usu799\/2018\/02\/escolasostenible4.png\"><img loading=\"lazy\" decoding=\"async\" class=\" wp-image-2709 alignleft\" src=\"http:\/\/agora.xtec.cat\/ceipangelsgarrigabcn\/wp-content\/uploads\/usu799\/2018\/02\/escolasostenible4.png\" alt=\"\" width=\"88\" height=\"125\" \/><\/a>La comissi\u00f3 de Ci\u00e8ncies, hort i Escoles + sostenibles s&#8217;encarrega de coordinar les activitats escolars que fan refer\u00e8ncia a aquests projectes.<\/p>\n<p>&nbsp;<\/p>\n<p><a href=\"http:\/\/agora.xtec.cat\/ceipangelsgarrigabcn\/wp-content\/uploads\/usu799\/2018\/02\/escolasostenible1.jpg\"><img loading=\"lazy\" decoding=\"async\" class=\"aligncenter wp-image-2688 \" src=\"http:\/\/agora.xtec.cat\/ceipangelsgarrigabcn\/wp-content\/uploads\/usu799\/2018\/02\/escolasostenible1.jpg\" alt=\"\" width=\"403\" height=\"301\" \/><\/a><\/p>\n<p><a href=\"http:\/\/agora.xtec.cat\/ceipangelsgarrigabcn\/wp-content\/uploads\/usu799\/2018\/02\/escolasostenible2.jpg\"><img loading=\"lazy\" decoding=\"async\" class=\" wp-image-2689 aligncenter\" src=\"http:\/\/agora.xtec.cat\/ceipangelsgarrigabcn\/wp-content\/uploads\/usu799\/2018\/02\/escolasostenible2-225x300.jpg\" alt=\"\" width=\"306\" height=\"408\" \/><\/a><\/p>\n<p><a href=\"http:\/\/agora.xtec.cat\/ceipangelsgarrigabcn\/wp-content\/uploads\/usu799\/2018\/02\/escola-sostenible3.jpg\"><img loading=\"lazy\" decoding=\"async\" class=\"aligncenter wp-image-2687 \" src=\"http:\/\/agora.xtec.cat\/ceipangelsgarrigabcn\/wp-content\/uploads\/usu799\/2018\/02\/escola-sostenible3-300x225.jpg\" alt=\"\" width=\"506\" height=\"381\" \/><\/a><\/p>\n<p>&nbsp;<\/p>\n","protected":false},"excerpt":{"rendered":"<p><a href=\"http:\/\/agora.xtec.cat\/ceipangelsgarrigabcn\/wp-content\/uploads\/usu799\/2018\/02\/escolasostenible4.png\"><\/a>La comissi\u00f3 de Ci\u00e8ncies, hort i Escoles + sostenibles s&#8217;encarrega de coordinar les activitats escolars que fan refer\u00e8ncia a aquests projectes.<br \/>\n&nbsp;<br \/>\n<a href=\"http:\/\/agora.xtec.cat\/ceipangelsgarrigabcn\/wp-content\/uploads\/usu799\/2018\/02\/escolasostenible1.jpg\"><\/a><br \/>\n<a href=\"http:\/\/agora.xtec.cat\/ceipangelsgarrigabcn\/wp-content\/uploads\/usu799\/2018\/02\/escolasostenible2.jpg\"><\/a><br \/>\n<a href=\"http:\/\/agora.xtec.cat\/ceipangelsgarrigabcn\/wp-content\/uploads\/usu799\/2018\/02\/escola-sostenible3.jpg\"><\/a><br \/>\n&nbsp;<\/p>\n","protected":false},"author":1,"featured_media":0,"parent":1115,"menu_order":2,"comment_status":"closed","ping_status":"closed","template":"page-templates\/side-menu.php","meta":{"_bbp_topic_count":0,"_bbp_reply_count":0,"_bbp_total_topic_count":0,"_bbp_total_reply_count":0,"_bbp_voice_count":0,"_bbp_anonymous_reply_count":0,"_bbp_topic_count_hidden":0,"_bbp_reply_count_hidden":0,"_bbp_forum_subforum_count":0,"footnotes":""},"class_list":["post-2624","page","type-page","status-publish","hentry"],"post_mailing_queue_ids":[],"_links":{"self":[{"href":"https:\/\/agora.xtec.cat\/ceipangelsgarrigabcn\/wp-json\/wp\/v2\/pages\/2624","targetHints":{"allow":["GET"]}}],"collection":[{"href":"https:\/\/agora.xtec.cat\/ceipangelsgarrigabcn\/wp-json\/wp\/v2\/pages"}],"about":[{"href":"https:\/\/agora.xtec.cat\/ceipangelsgarrigabcn\/wp-json\/wp\/v2\/types\/page"}],"author":[{"embeddable":true,"href":"https:\/\/agora.xtec.cat\/ceipangelsgarrigabcn\/wp-json\/wp\/v2\/users\/1"}],"replies":[{"embeddable":true,"href":"https:\/\/agora.xtec.cat\/ceipangelsgarrigabcn\/wp-json\/wp\/v2\/comments?post=2624"}],"version-history":[{"count":3,"href":"https:\/\/agora.xtec.cat\/ceipangelsgarrigabcn\/wp-json\/wp\/v2\/pages\/2624\/revisions"}],"predecessor-version":[{"id":2711,"href":"https:\/\/agora.xtec.cat\/ceipangelsgarrigabcn\/wp-json\/wp\/v2\/pages\/2624\/revisions\/2711"}],"up":[{"embeddable":true,"href":"https:\/\/agora.xtec.cat\/ceipangelsgarrigabcn\/wp-json\/wp\/v2\/pages\/1115"}],"wp:attachment":[{"href":"https:\/\/agora.xtec.cat\/ceipangelsgarrigabcn\/wp-json\/wp\/v2\/media?parent=2624"}],"curies":[{"name":"wp","href":"https:\/\/api.w.org\/{rel}","templated":true}]}}