{"id":1641,"date":"2016-10-16T17:03:05","date_gmt":"2016-10-16T16:03:05","guid":{"rendered":"http:\/\/agora.xtec.cat\/ceipangelsgarrigabcn\/?page_id=1641"},"modified":"2018-03-15T08:10:02","modified_gmt":"2018-03-15T07:10:02","slug":"informe-de-valoracio-dels-menus","status":"publish","type":"page","link":"https:\/\/agora.xtec.cat\/ceipangelsgarrigabcn\/mhampaserveis\/mhserveisserveis-ampamenjador\/informe-de-valoracio-dels-menus\/","title":{"rendered":"INFORME DE VALORACI\u00d3 DELS MEN\u00daS"},"content":{"rendered":"<p>A continuaci\u00f3 podeu trobar l&#8217;informe de la valoraci\u00f3 de la programaci\u00f3 de men\u00fas, elaborat per la Direcci\u00f3 General de Salut P\u00fablica de la Generalitat de Catalunya. Aquest informe s&#8217;ha elaborat a partir del men\u00fa programat per al mes de novembre del curs 2016-2017. Us animem a donar-li un cop d&#8217;ull, per tenir m\u00e9s informaci\u00f3 sobre l&#8217;alimentaci\u00f3 que reben els nostres nens a l&#8217;escola i tamb\u00e9 per agafar idees pels nostres men\u00fas.<\/p>\n<p><span style=\"text-decoration: underline;\"><a href=\"http:\/\/agora.xtec.cat\/ceipangelsgarrigabcn\/wp-content\/uploads\/usu799\/2016\/10\/Menu-valoracio.pdf\">Informe de valoraci\u00f3 de men\u00fas del curs 2016\/17<\/a><\/span>.<\/p>\n","protected":false},"excerpt":{"rendered":"<p>A continuaci\u00f3 podeu trobar l&#8217;informe de la valoraci\u00f3 de la programaci\u00f3 de men\u00fas, elaborat per la Direcci\u00f3 General de Salut P\u00fablica de la Generalitat de Catalunya. Aquest informe s&#8217;ha elaborat a partir del men\u00fa programat per al mes de novembre del curs 2016-2017. Us animem&hellip;  <a href=\"https:\/\/agora.xtec.cat\/ceipangelsgarrigabcn\/mhampaserveis\/mhserveisserveis-ampamenjador\/informe-de-valoracio-dels-menus\/\" title=\"Read INFORME DE VALORACI\u00d3 DELS MEN\u00daS\">Llegeix m\u00e9s\u00bb<\/a><\/p>\n","protected":false},"author":1,"featured_media":0,"parent":881,"menu_order":2,"comment_status":"closed","ping_status":"closed","template":"page-templates\/side-menu.php","meta":{"_bbp_topic_count":0,"_bbp_reply_count":0,"_bbp_total_topic_count":0,"_bbp_total_reply_count":0,"_bbp_voice_count":0,"_bbp_anonymous_reply_count":0,"_bbp_topic_count_hidden":0,"_bbp_reply_count_hidden":0,"_bbp_forum_subforum_count":0,"footnotes":""},"class_list":["post-1641","page","type-page","status-publish","hentry"],"post_mailing_queue_ids":[],"_links":{"self":[{"href":"https:\/\/agora.xtec.cat\/ceipangelsgarrigabcn\/wp-json\/wp\/v2\/pages\/1641","targetHints":{"allow":["GET"]}}],"collection":[{"href":"https:\/\/agora.xtec.cat\/ceipangelsgarrigabcn\/wp-json\/wp\/v2\/pages"}],"about":[{"href":"https:\/\/agora.xtec.cat\/ceipangelsgarrigabcn\/wp-json\/wp\/v2\/types\/page"}],"author":[{"embeddable":true,"href":"https:\/\/agora.xtec.cat\/ceipangelsgarrigabcn\/wp-json\/wp\/v2\/users\/1"}],"replies":[{"embeddable":true,"href":"https:\/\/agora.xtec.cat\/ceipangelsgarrigabcn\/wp-json\/wp\/v2\/comments?post=1641"}],"version-history":[{"count":1,"href":"https:\/\/agora.xtec.cat\/ceipangelsgarrigabcn\/wp-json\/wp\/v2\/pages\/1641\/revisions"}],"predecessor-version":[{"id":1643,"href":"https:\/\/agora.xtec.cat\/ceipangelsgarrigabcn\/wp-json\/wp\/v2\/pages\/1641\/revisions\/1643"}],"up":[{"embeddable":true,"href":"https:\/\/agora.xtec.cat\/ceipangelsgarrigabcn\/wp-json\/wp\/v2\/pages\/881"}],"wp:attachment":[{"href":"https:\/\/agora.xtec.cat\/ceipangelsgarrigabcn\/wp-json\/wp\/v2\/media?parent=1641"}],"curies":[{"name":"wp","href":"https:\/\/api.w.org\/{rel}","templated":true}]}}