{"id":1587,"date":"2016-09-29T22:28:00","date_gmt":"2016-09-29T21:28:00","guid":{"rendered":"http:\/\/agora.xtec.cat\/ceipangelsgarrigabcn\/?page_id=1587"},"modified":"2019-10-03T20:17:34","modified_gmt":"2019-10-03T18:17:34","slug":"articles-dinteres","status":"publish","type":"page","link":"https:\/\/agora.xtec.cat\/ceipangelsgarrigabcn\/mhcom-ens-organitzemampa\/articles-dinteres\/","title":{"rendered":"ARTICLES D&#8217;INTER\u00c8S"},"content":{"rendered":"<p><strong>A continuaci\u00f3 us facilitem alguns enlla\u00e7os a articles que ens semblen interessants per a llegir:<\/strong><\/p>\n<p><a href=\"https:\/\/agora.xtec.cat\/ceipangelsgarrigabcn\/wp-content\/uploads\/usu799\/2019\/10\/SIM-080437819100214250.pdf\" target=\"_blank\" rel=\"noopener noreferrer\">Cal donar temps als infants perqu\u00e8 puguin pensar<\/a>.<\/p>\n<p><a href=\"https:\/\/agora.xtec.cat\/ceipangelsgarrigabcn\/wp-content\/uploads\/usu799\/2018\/12\/7principis-de-laprenentatge.pdf\" target=\"_blank\" rel=\"noopener noreferrer\">Els 7 principis de l&#8217;aprenentatge<\/a> (adaptat de l&#8217;estudi &#8220;la naturalesa de l&#8217;aprenentatge&#8221;, OCDE 2010)<\/p>\n<p><a href=\"https:\/\/agora.xtec.cat\/ceipangelsgarrigabcn\/wp-content\/uploads\/usu799\/2018\/12\/Llega-el-turno-de-la-m\u00fasica.pdf\" target=\"_blank\" rel=\"noopener noreferrer\">Llega el turno de la m\u00fasica<\/a> (del llibre &#8220;Neuroci\u00e8ncia per educadors&#8221;. David Bueno)<\/p>\n<p><a href=\"https:\/\/agora.xtec.cat\/ceipangelsgarrigabcn\/wp-content\/uploads\/usu799\/2018\/11\/articlePolls.pdf\" target=\"_blank\" rel=\"noopener noreferrer\">Arriba setembre i tornen els polls<\/a> (Article d&#8217;Inf\u00e0ncia)<\/p>\n<p><img loading=\"lazy\" decoding=\"async\" class=\"wp-image-1634 alignright\" src=\"http:\/\/agora.xtec.cat\/ceipangelsgarrigabcn\/wp-content\/uploads\/usu799\/2016\/09\/12115503_534739413349316_3018267063877374974_n.jpg\" alt=\"12115503_534739413349316_3018267063877374974_n\" width=\"430\" height=\"285\" \/><\/p>\n<p><span style=\"text-decoration: underline;\"><a href=\"http:\/\/www.lavanguardia.com\/vida\/20160913\/41268207060\/conductas-padres-entorpecen-educacion-hijos.html\">Las 10 conductas de los padres que entorpecen la educaci\u00f3n de los ni\u00f1os<\/a>.<\/span> (Article de La Vanguardia)<\/p>\n<p><span style=\"text-decoration: underline;\"><a href=\"http:\/\/criatures.ara.cat\/escola\/MESTRE-DEL-FILL-no-agrada_0_1669033097.html\">El mestre del meu fill no em fa el pes, qu\u00e8 faig? <\/a><\/span>(Article de l&#8217;Ara)<\/p>\n<p><span style=\"text-decoration: underline;\"><a href=\"http:\/\/www.solohijos.com\/web\/ensenale-a-pensar-no-a-obedecer\/?utm_source=wysija&amp;utm_medium=email&amp;utm_campaign=News20160429\">Ens\u00e9\u00f1ale a pensar, no a obedecer.<\/a><\/span> (Article de No solo hijos)<\/p>\n<p><span style=\"text-decoration: underline;\"><a href=\"http:\/\/familiaiescola.gencat.cat\/ca\/educar-creixer-en-familia\/educacio-valors\/igualtat-genere\/\">Igualtat de g\u00e8nere.<\/a><\/span> (Article de la Generalitat de Catalunya)<\/p>\n<p><a href=\"http:\/\/criatures.ara.cat\/escola\/matematiques-assignatura-preferida_0_1643835615.html?utm_medium=social&amp;utm_source=twitter&amp;utm_campaign=ara\"><span style=\"text-decoration: underline;\">Mates, la meva assignatura preferida<\/span>.<\/a> (Article de l&#8217;Ara)<\/p>\n","protected":false},"excerpt":{"rendered":"<p>A continuaci\u00f3 us facilitem alguns enlla\u00e7os a articles que ens semblen interessants per a llegir:<br \/>\n<a href=\"https:\/\/agora.xtec.cat\/ceipangelsgarrigabcn\/wp-content\/uploads\/usu799\/2019\/10\/SIM-080437819100214250.pdf\" target=\"_blank\" rel=\"noopener noreferrer\">Cal donar temps als infants perqu\u00e8 puguin pensar<\/a>.<br \/>\n<a href=\"https:\/\/agora.xtec.cat\/ceipangelsgarrigabcn\/wp-content\/uploads\/usu799\/2018\/12\/7principis-de-laprenentatge.pdf\" target=\"_blank\" rel=\"noopener noreferrer\">Els 7 principis de l&#8217;aprenentatge<\/a> (adaptat de l&#8217;estudi &#8220;la naturalesa de l&#8217;aprenentatge&#8221;, OCDE 2010)<br \/>\n<a href=\"https:\/\/agora.xtec.cat\/ceipangelsgarrigabcn\/wp-content\/uploads\/usu799\/2018\/12\/Llega-el-turno-de-la-m\u00fasica.pdf\" target=\"_blank\"&hellip;  <a href=\"https:\/\/agora.xtec.cat\/ceipangelsgarrigabcn\/mhcom-ens-organitzemampa\/articles-dinteres\/\" title=\"Read ARTICLES D&#8217;INTER\u00c8S\">Llegeix m\u00e9s\u00bb<\/a><\/p>\n","protected":false},"author":1,"featured_media":0,"parent":602,"menu_order":6,"comment_status":"closed","ping_status":"closed","template":"page-templates\/side-menu.php","meta":{"_bbp_topic_count":0,"_bbp_reply_count":0,"_bbp_total_topic_count":0,"_bbp_total_reply_count":0,"_bbp_voice_count":0,"_bbp_anonymous_reply_count":0,"_bbp_topic_count_hidden":0,"_bbp_reply_count_hidden":0,"_bbp_forum_subforum_count":0,"footnotes":""},"class_list":["post-1587","page","type-page","status-publish","hentry"],"post_mailing_queue_ids":[],"_links":{"self":[{"href":"https:\/\/agora.xtec.cat\/ceipangelsgarrigabcn\/wp-json\/wp\/v2\/pages\/1587","targetHints":{"allow":["GET"]}}],"collection":[{"href":"https:\/\/agora.xtec.cat\/ceipangelsgarrigabcn\/wp-json\/wp\/v2\/pages"}],"about":[{"href":"https:\/\/agora.xtec.cat\/ceipangelsgarrigabcn\/wp-json\/wp\/v2\/types\/page"}],"author":[{"embeddable":true,"href":"https:\/\/agora.xtec.cat\/ceipangelsgarrigabcn\/wp-json\/wp\/v2\/users\/1"}],"replies":[{"embeddable":true,"href":"https:\/\/agora.xtec.cat\/ceipangelsgarrigabcn\/wp-json\/wp\/v2\/comments?post=1587"}],"version-history":[{"count":4,"href":"https:\/\/agora.xtec.cat\/ceipangelsgarrigabcn\/wp-json\/wp\/v2\/pages\/1587\/revisions"}],"predecessor-version":[{"id":4836,"href":"https:\/\/agora.xtec.cat\/ceipangelsgarrigabcn\/wp-json\/wp\/v2\/pages\/1587\/revisions\/4836"}],"up":[{"embeddable":true,"href":"https:\/\/agora.xtec.cat\/ceipangelsgarrigabcn\/wp-json\/wp\/v2\/pages\/602"}],"wp:attachment":[{"href":"https:\/\/agora.xtec.cat\/ceipangelsgarrigabcn\/wp-json\/wp\/v2\/media?parent=1587"}],"curies":[{"name":"wp","href":"https:\/\/api.w.org\/{rel}","templated":true}]}}