{"id":1225,"date":"2016-06-14T13:20:52","date_gmt":"2016-06-14T12:20:52","guid":{"rendered":"http:\/\/agora.xtec.cat\/ceipangelsgarrigabcn\/?page_id=1225"},"modified":"2020-11-18T14:06:37","modified_gmt":"2020-11-18T13:06:37","slug":"tardes-de-juny","status":"publish","type":"page","link":"https:\/\/agora.xtec.cat\/ceipangelsgarrigabcn\/mhampaserveis\/tardes-de-juny\/","title":{"rendered":"TARDES DE JUNY"},"content":{"rendered":"<p><a href=\"http:\/\/agora.xtec.cat\/ceipangelsgarrigabcn\/wp-content\/uploads\/usu799\/2016\/06\/tardes-juny.png\" rel=\"attachment wp-att-1245\"><img loading=\"lazy\" decoding=\"async\" class=\"alignleft size-full wp-image-1245\" src=\"http:\/\/agora.xtec.cat\/ceipangelsgarrigabcn\/wp-content\/uploads\/usu799\/2016\/06\/tardes-juny.png\" alt=\"tardes juny\" width=\"180\" height=\"178\" \/><\/a><\/p>\n<p>Per poder facilitar l&#8217;organitzaci\u00f3 familiar, les tardes de juny, quan l&#8217;escola fa jornada continuada, organitzem tallers. Aquest s\u00f3n un complement adequat per completar l&#8217;educaci\u00f3 que l&#8217;infant rep a l&#8217;horari lectiu amb d&#8217;altres coneixements enriquidors en la seva formaci\u00f3 i que incentiven el desenvolupament de les seves habilitats. (Horari de 15h a 16:30h).<\/p>\n<p>Un exemple de tallers:<\/p>\n<table>\n<tbody>\n<tr>\n<td><strong><em>P3,P4 i P5<\/em><\/strong><\/p>\n<p><em>\u00a0-Contes <\/em><\/p>\n<p><em>-Papirofl\u00e8xia<\/em><\/p>\n<p><em>-Jocs de taula i de pati<\/em><\/p>\n<p><em>-Ritmes i can\u00e7ons<\/em><\/p>\n<p><em>-Manualitats<\/em><\/td>\n<td><em><strong>1r,2n i 3r<\/strong><\/em><\/p>\n<p><em>-Esports<\/em><\/p>\n<p><em>-Jocs de taula i de pati<\/em><\/p>\n<p><em>-papirofl\u00e8xia<\/em><\/p>\n<p><em>-Manualitats<\/em><\/p>\n<p><em>&#8211; Contes<\/em><\/td>\n<td><strong><em>4t,5\u00e8 i 6\u00e8<\/em><\/strong><\/p>\n<p><em>-Esports<\/em><\/p>\n<p><em>-Jocs de taula i de pati<\/em><\/p>\n<p><em>-papirofl\u00e8xia<\/em><\/p>\n<p><em>-Manualitats<\/em><\/p>\n<p>&nbsp;<\/td>\n<\/tr>\n<\/tbody>\n<\/table>\n<p>&nbsp;<\/p>\n<p>&nbsp;<\/p>\n","protected":false},"excerpt":{"rendered":"<p><a href=\"http:\/\/agora.xtec.cat\/ceipangelsgarrigabcn\/wp-content\/uploads\/usu799\/2016\/06\/tardes-juny.png\" rel=\"attachment wp-att-1245\"><\/a><br \/>\nPer poder facilitar l&#8217;organitzaci\u00f3 familiar, les tardes de juny, quan l&#8217;escola fa jornada continuada, organitzem tallers. Aquest s\u00f3n un complement adequat per completar l&#8217;educaci\u00f3 que l&#8217;infant rep a l&#8217;horari lectiu amb d&#8217;altres coneixements enriquidors en la seva formaci\u00f3 i que incentiven el&hellip;  <a href=\"https:\/\/agora.xtec.cat\/ceipangelsgarrigabcn\/mhampaserveis\/tardes-de-juny\/\" title=\"Read TARDES DE JUNY\">Llegeix m\u00e9s\u00bb<\/a><\/p>\n","protected":false},"author":1,"featured_media":0,"parent":977,"menu_order":0,"comment_status":"closed","ping_status":"closed","template":"page-templates\/side-menu.php","meta":{"_bbp_topic_count":0,"_bbp_reply_count":0,"_bbp_total_topic_count":0,"_bbp_total_reply_count":0,"_bbp_voice_count":0,"_bbp_anonymous_reply_count":0,"_bbp_topic_count_hidden":0,"_bbp_reply_count_hidden":0,"_bbp_forum_subforum_count":0,"footnotes":""},"class_list":["post-1225","page","type-page","status-publish","hentry"],"post_mailing_queue_ids":[],"_links":{"self":[{"href":"https:\/\/agora.xtec.cat\/ceipangelsgarrigabcn\/wp-json\/wp\/v2\/pages\/1225","targetHints":{"allow":["GET"]}}],"collection":[{"href":"https:\/\/agora.xtec.cat\/ceipangelsgarrigabcn\/wp-json\/wp\/v2\/pages"}],"about":[{"href":"https:\/\/agora.xtec.cat\/ceipangelsgarrigabcn\/wp-json\/wp\/v2\/types\/page"}],"author":[{"embeddable":true,"href":"https:\/\/agora.xtec.cat\/ceipangelsgarrigabcn\/wp-json\/wp\/v2\/users\/1"}],"replies":[{"embeddable":true,"href":"https:\/\/agora.xtec.cat\/ceipangelsgarrigabcn\/wp-json\/wp\/v2\/comments?post=1225"}],"version-history":[{"count":3,"href":"https:\/\/agora.xtec.cat\/ceipangelsgarrigabcn\/wp-json\/wp\/v2\/pages\/1225\/revisions"}],"predecessor-version":[{"id":6027,"href":"https:\/\/agora.xtec.cat\/ceipangelsgarrigabcn\/wp-json\/wp\/v2\/pages\/1225\/revisions\/6027"}],"up":[{"embeddable":true,"href":"https:\/\/agora.xtec.cat\/ceipangelsgarrigabcn\/wp-json\/wp\/v2\/pages\/977"}],"wp:attachment":[{"href":"https:\/\/agora.xtec.cat\/ceipangelsgarrigabcn\/wp-json\/wp\/v2\/media?parent=1225"}],"curies":[{"name":"wp","href":"https:\/\/api.w.org\/{rel}","templated":true}]}}