{"id":1119,"date":"2016-06-07T10:00:27","date_gmt":"2016-06-07T09:00:27","guid":{"rendered":"http:\/\/agora.xtec.cat\/ceipangelsgarrigabcn\/?page_id=1119"},"modified":"2024-04-26T12:13:03","modified_gmt":"2024-04-26T10:13:03","slug":"qui-som","status":"publish","type":"page","link":"https:\/\/agora.xtec.cat\/ceipangelsgarrigabcn\/escola-angels-garriga\/qui-som\/","title":{"rendered":"QUI SOM?"},"content":{"rendered":"<p><img decoding=\"async\" src=\"http:\/\/agora.xtec.cat\/ceipangelsgarrigabcn\/wp-content\/uploads\/usu799\/2016\/04\/qsom_trets.png\" alt=\"\" \/><\/p>\n<p><strong>Escola laica, democr\u00e0tica i pluralista<\/strong><\/p>\n<p>L\u2019escola es declara apol\u00edtica, aconfessional, pluralista i refusa tota mena de dogmatisme.Per tant, \u00e9s oberta a tothom. Cap fam\u00edlia, cap alumne, cap treballadora o treballador no podr\u00e0 ser discriminat per ra\u00f3 de la seva confessionalitat o aconfessionalitat religiosa. De la mateixa manera, \u00e9s respectuosa amb les diverses concepcions filos\u00f2fiques i pol\u00edtiques sempre que no suposin adoctrinament ni actituds antidemocr\u00e0tiques.<\/p>\n<p>La mestra o el mestre t\u00e9 dret a expressar les seves idees.<\/p>\n<p><strong>Escola catalana<\/strong><\/p>\n<p>L\u2019escola t\u00e9 la llengua catalana com a mitj\u00e0 d\u2019expressi\u00f3 i transmissi\u00f3 de coneixements, i en refor\u00e7a l\u2019aprenentatge mitjan\u00e7ant processos d\u2019immersi\u00f3.<\/p>\n<p>L\u2019escola ofereix a tots els nens un bagatge cultural i ling\u00fc\u00edstic catal\u00e0 i posa els mitjans i el temps necessaris per a qu\u00e8 qualsevol en pugui participar, cr\u00e9ixer i desenvolupar-se en aquesta cultura. Tot aix\u00f2, partint del respecte i la valoraci\u00f3 del nen i de la seva cultura.<\/p>\n<p>En aquests moments i cada cop m\u00e9s, la vida de les persones est\u00e0 lligada a la marxa del m\u00f3n. Per aix\u00f2 considerem la nostra cultura com un punt de partida al seu coneixement i a la interrelaci\u00f3 entre els pobles.<\/p>\n<p><strong>Coeducaci\u00f3<\/strong><\/p>\n<p>L\u2019escola es declara no sexista i actua per aconseguir que nois i noies tinguin l\u2019oportunitat de desenvolupar al m\u00e0xim les pr\u00f2pies capacitats, sense restar condicionats per l\u2019estereotip de g\u00e8nere.<\/p>\n<p><strong>L\u2019educaci\u00f3 com a proc\u00e9s integral<\/strong><\/p>\n<p>Considerem l\u2019educaci\u00f3 com un proc\u00e9s integral que contempla els aspectes emocional, intel\u00b7lectual, est\u00e8tic i de conviv\u00e8ncia i que treballa h\u00e0bits i valors, conceptes i processos.<\/p>\n<p><strong>La l\u00ednia metodol\u00f2gica<\/strong><\/p>\n<ul>\n<li>L\u2019escola desenvolupa una metodologia basada en:<\/li>\n<li>L\u2019acci\u00f3 tutorial<\/li>\n<li>L\u2019atenci\u00f3 i el respecte a la diversitat<\/li>\n<li>La significativitat de l\u2019aprenentatge i la participaci\u00f3 activa de l\u2019alumne en el proc\u00e8s ensenyament-aprenentatge tant a nivell individual com col\u00b7lectiu<\/li>\n<li>La no competitivitat i la solidaritat. El treball cooperatiu.<\/li>\n<li>L\u2019 aprenentatge amb i dels companys, juntament amb l\u2019\u00fas did\u00e0ctic de l\u2019entorn, i del material\u2026<\/li>\n<li>L\u2019est\u00edmul de la curiositat i de l\u2019esperit cient\u00edfic<\/li>\n<li>La sostenibilitat.<\/li>\n<\/ul>\n<p><strong>La modalitat de gesti\u00f3 institucional<\/strong><\/p>\n<p>L\u2019escola fomenta la participaci\u00f3 de pares, professors, alumnes i personal no docent en la seva gesti\u00f3.<\/p>\n<p>L\u2019escola considera molt important la relaci\u00f3 entre els tots els membres de la comunitat escolar i t\u00e9 cura dels procediments i canals de comunicaci\u00f3 i participaci\u00f3.<\/p>\n<p>Per aix\u00f2 s\u2019ha dotat de les estructures organitzatives que permeten portar-ho a la pr\u00e0ctica: assemblees generals d\u2019escola de pares i mestres, assemblees generals d\u2019escola d\u2019alumnes i mestres, pares i mares delegats de classe, nens i nenes delegats de classe, assemblees de classe, assemblea de delegats, coordinadora de pares i mares\u2026<\/p>\n<p>&nbsp;<\/p>\n","protected":false},"excerpt":{"rendered":"<p>Escola laica, democr\u00e0tica i pluralista<br \/>\nL\u2019escola es declara apol\u00edtica, aconfessional, pluralista i refusa tota mena de dogmatisme.Per tant, \u00e9s oberta a tothom. Cap fam\u00edlia, cap alumne, cap treballadora o treballador no podr\u00e0 ser discriminat per ra\u00f3 de la seva confessionalitat o aconfessionalitat religiosa. De la mateixa&hellip;  <a href=\"https:\/\/agora.xtec.cat\/ceipangelsgarrigabcn\/escola-angels-garriga\/qui-som\/\" title=\"Read QUI SOM?\">Llegeix m\u00e9s\u00bb<\/a><\/p>\n","protected":false},"author":267,"featured_media":0,"parent":7837,"menu_order":0,"comment_status":"closed","ping_status":"closed","template":"page-templates\/side-menu.php","meta":{"_bbp_topic_count":0,"_bbp_reply_count":0,"_bbp_total_topic_count":0,"_bbp_total_reply_count":0,"_bbp_voice_count":0,"_bbp_anonymous_reply_count":0,"_bbp_topic_count_hidden":0,"_bbp_reply_count_hidden":0,"_bbp_forum_subforum_count":0,"footnotes":""},"class_list":["post-1119","page","type-page","status-publish","hentry"],"post_mailing_queue_ids":[],"_links":{"self":[{"href":"https:\/\/agora.xtec.cat\/ceipangelsgarrigabcn\/wp-json\/wp\/v2\/pages\/1119","targetHints":{"allow":["GET"]}}],"collection":[{"href":"https:\/\/agora.xtec.cat\/ceipangelsgarrigabcn\/wp-json\/wp\/v2\/pages"}],"about":[{"href":"https:\/\/agora.xtec.cat\/ceipangelsgarrigabcn\/wp-json\/wp\/v2\/types\/page"}],"author":[{"embeddable":true,"href":"https:\/\/agora.xtec.cat\/ceipangelsgarrigabcn\/wp-json\/wp\/v2\/users\/267"}],"replies":[{"embeddable":true,"href":"https:\/\/agora.xtec.cat\/ceipangelsgarrigabcn\/wp-json\/wp\/v2\/comments?post=1119"}],"version-history":[{"count":7,"href":"https:\/\/agora.xtec.cat\/ceipangelsgarrigabcn\/wp-json\/wp\/v2\/pages\/1119\/revisions"}],"predecessor-version":[{"id":7893,"href":"https:\/\/agora.xtec.cat\/ceipangelsgarrigabcn\/wp-json\/wp\/v2\/pages\/1119\/revisions\/7893"}],"up":[{"embeddable":true,"href":"https:\/\/agora.xtec.cat\/ceipangelsgarrigabcn\/wp-json\/wp\/v2\/pages\/7837"}],"wp:attachment":[{"href":"https:\/\/agora.xtec.cat\/ceipangelsgarrigabcn\/wp-json\/wp\/v2\/media?parent=1119"}],"curies":[{"name":"wp","href":"https:\/\/api.w.org\/{rel}","templated":true}]}}