{"id":1115,"date":"2016-06-07T09:58:13","date_gmt":"2016-06-07T08:58:13","guid":{"rendered":"http:\/\/agora.xtec.cat\/ceipangelsgarrigabcn\/?page_id=1115"},"modified":"2019-09-26T16:46:08","modified_gmt":"2019-09-26T14:46:08","slug":"com-treballem","status":"publish","type":"page","link":"https:\/\/agora.xtec.cat\/ceipangelsgarrigabcn\/com-treballem\/","title":{"rendered":"COM TREBALLEM?"},"content":{"rendered":"<p style=\"text-align: justify;\">Ens basem en la metodologia d\u2019ABP (Aprenentatge Basat en Projectes), tot i que no exclouen altres camins per arribar a tots els alumnes. Cada nen i nena brilla en algun aspecte i \u00e9s la nostra tasca acompanyar-lo per descobrir-ho, fer-lo cr\u00e9ixer.<br \/>\n\u00c9s important que dins les aules hi hagi vida, acci\u00f3, esfor\u00e7, on tots tinguin un lloc i es puguin sentir part del col\u00b7lectiu.<br \/>\nPartim de no tenir llibres de text individuals i de crear el propi coneixement a trav\u00e9s dels PROJECTES DE TREBALL, els RACONS, els AMBIENTS i els TALLERS. Enfoquem l\u2019aprenentatge des del punt de vista competencial.<br \/>\nContemplem l\u2019avaluaci\u00f3 com quelcom integrat en el proc\u00e9s d&#8217;ensenyament\/aprenentatge . No se situa al final del recorregut. Tenim en compte totes les seves variables: autoavaluaci\u00f3, coavaluaci\u00f3, etc. per saber qu\u00e8 hem apr\u00e8s: r\u00fabriques, base d&#8217;orientaci\u00f3.<\/p>\n<p style=\"text-align: justify;\">Els nostres OBJECTIUS s\u00f3n els seg\u00fcents:<\/p>\n<ul>\n<li style=\"text-align: justify;\">La significativitat de l\u2019aprenentatge i la participaci\u00f3 activa de l\u2019alumne en el proc\u00e9s ensenyament-aprenentatge tant a nivell individual com col\u00b7lectiu<\/li>\n<li style=\"text-align: justify;\">La no competitivitat i la solidaritat.<\/li>\n<li style=\"text-align: justify;\">L\u2019aprenentatge amb i dels companys, aprenem junts.<\/li>\n<li style=\"text-align: justify;\">Diversitat d\u2019agrupaments: treball cooperatiu , projectes., ambients, racons i tallers<\/li>\n<li style=\"text-align: justify;\">L\u2019\u00fas did\u00e0ctic de l\u2019entorn, l\u2019est\u00edmul de la curiositat i de l\u2019esperit cient\u00edfic. La sostenibilitat.<\/li>\n<li style=\"text-align: justify;\">Potenciar el gust per la lectura tenint en compte totes les lleng\u00fces vehiculars.<\/li>\n<\/ul>\n<p style=\"text-align: justify;\"><span style=\"text-decoration: underline;\"><strong>PROJECTES<\/strong><\/span><\/p>\n<p style=\"text-align: justify;\"><span style=\"text-decoration: underline;\">PROJECTE TRANSVERSAL. INTERDISCIPLINARI<\/span>: \u201c<i><span style=\"font-weight: 400;\">50 anys, un aniversari de pel\u00b7l\u00edcula<\/span><\/i>\u201d.<\/p>\n<p><span style=\"font-weight: 400;\">Enguany estem de celebraci\u00f3, la nostra escola, l\u2019 \u00c0ngels Garriga fa 50 anys i aix\u00f2 \u00e9s motiu de festa grossa!! Amb el lema <\/span><i><span style=\"font-weight: 400;\">\u201c50 anys, un aniversari de pel\u00b7l\u00edcula<\/span><\/i><span style=\"font-weight: 400;\">\u201d, volem posar en valor la feina feta a l l\u2019\u00c0ngels Garriga al llarg de tants anys. I hem triat fer-ho a partir de l\u2019elaboraci\u00f3 d\u2019una pel\u00b7l\u00edcula perqu\u00e8 les pel\u00b7l\u00edcules (re)visiten el passat per entendre el present i tamb\u00e9 es poden catapultar cap al futur. Amb aquest enc\u00e0rrec, \u00e9s clar que necessitarem informaci\u00f3 per con\u00e8ixer com es treballava en el passat diferents elements representatius de la nostra escola i que \u00e9s el qu\u00e8 ara fa que l\u2019 \u00c0ngels Garriga sigui com \u00e9s! Per aix\u00f2, cada una de les classes, de P3 a 6\u00e8, s\u2019encarregar\u00e0 de mirar, investigar, entendre, explicar&#8230; 9 elements que per nosaltres son claus perqu\u00e8 \u00e9s a partir dels quals confegim el nostre dia, aquesta aventura d\u2019aprendre a aprendre i d\u2019aprendre junts!: Hort\/Joc\/Barri\/\u00c0ngels Garriga\/Col\u00f2nies\/Gesti\u00f3 democr\u00e0tica\/Projectes\/Escoles Amigues<\/span><\/p>\n<p><span style=\"font-weight: 400;\">Aix\u00ed que ja deveu sentir el soroll de la claqueta que dona pas al fam\u00f3s: \u201cc\u00e0mera, acci\u00f3\u201d&#8230;Ens posem tots en moviment&#8230;<\/span><\/p>\n<p><a href=\"https:\/\/photos.app.goo.gl\/3fy6SMrS6S7bnYas5\">Fotos de l&#8217;assemblea d&#8217;inici de curs.<\/a><\/p>\n<p style=\"text-align: justify;\"><span style=\"text-decoration: underline;\">PROJECTES D&#8217;AULA<\/span><\/p>\n<p style=\"text-align: justify;\">Responen al nom de la classe que s&#8217;ha triat a principi de curs per tots els nens i nens.<\/p>\n<p style=\"text-align: justify;\">Amb la col\u00b7laboraci\u00f3 de les fam\u00edlies es comen\u00e7a a treballar totes i cada una de les inc\u00f2gnites que ens presenta el nom de la classe triat.<\/p>\n<p style=\"text-align: justify;\">Sovint es va teixint amb totes i cada una de les \u00e0rees d&#8217;aprenentatge. Tamb\u00e9 tenim molt present totes les relacions que es poden donar entre diferents edats.<\/p>\n<p>Veure a &#8220;<a href=\"http:\/\/agora.xtec.cat\/ceipangelsgarrigabcn\/categoria\/diaadia\/\" target=\"_blank\" rel=\"noopener noreferrer\">Classes dia a dia<\/a>&#8220;.<\/p>\n<p>&nbsp;<\/p>\n<p>&nbsp;<\/p>\n<p>&nbsp;<\/p>\n<p>&nbsp;<\/p>\n","protected":false},"excerpt":{"rendered":"<p>Ens basem en la metodologia d\u2019ABP (Aprenentatge Basat en Projectes), tot i que no exclouen altres camins per arribar a tots els alumnes. Cada nen i nena brilla en algun aspecte i \u00e9s la nostra tasca acompanyar-lo per descobrir-ho, fer-lo cr\u00e9ixer.<br \/>\n\u00c9s important que dins les&hellip;  <a href=\"https:\/\/agora.xtec.cat\/ceipangelsgarrigabcn\/com-treballem\/\" title=\"Read COM TREBALLEM?\">Llegeix m\u00e9s\u00bb<\/a><\/p>\n","protected":false},"author":267,"featured_media":0,"parent":0,"menu_order":0,"comment_status":"closed","ping_status":"closed","template":"page-templates\/side-menu.php","meta":{"_bbp_topic_count":0,"_bbp_reply_count":0,"_bbp_total_topic_count":0,"_bbp_total_reply_count":0,"_bbp_voice_count":0,"_bbp_anonymous_reply_count":0,"_bbp_topic_count_hidden":0,"_bbp_reply_count_hidden":0,"_bbp_forum_subforum_count":0,"footnotes":""},"class_list":["post-1115","page","type-page","status-publish","hentry"],"post_mailing_queue_ids":[],"_links":{"self":[{"href":"https:\/\/agora.xtec.cat\/ceipangelsgarrigabcn\/wp-json\/wp\/v2\/pages\/1115","targetHints":{"allow":["GET"]}}],"collection":[{"href":"https:\/\/agora.xtec.cat\/ceipangelsgarrigabcn\/wp-json\/wp\/v2\/pages"}],"about":[{"href":"https:\/\/agora.xtec.cat\/ceipangelsgarrigabcn\/wp-json\/wp\/v2\/types\/page"}],"author":[{"embeddable":true,"href":"https:\/\/agora.xtec.cat\/ceipangelsgarrigabcn\/wp-json\/wp\/v2\/users\/267"}],"replies":[{"embeddable":true,"href":"https:\/\/agora.xtec.cat\/ceipangelsgarrigabcn\/wp-json\/wp\/v2\/comments?post=1115"}],"version-history":[{"count":4,"href":"https:\/\/agora.xtec.cat\/ceipangelsgarrigabcn\/wp-json\/wp\/v2\/pages\/1115\/revisions"}],"predecessor-version":[{"id":4828,"href":"https:\/\/agora.xtec.cat\/ceipangelsgarrigabcn\/wp-json\/wp\/v2\/pages\/1115\/revisions\/4828"}],"wp:attachment":[{"href":"https:\/\/agora.xtec.cat\/ceipangelsgarrigabcn\/wp-json\/wp\/v2\/media?parent=1115"}],"curies":[{"name":"wp","href":"https:\/\/api.w.org\/{rel}","templated":true}]}}