{"id":1089,"date":"2016-06-07T09:28:24","date_gmt":"2016-06-07T08:28:24","guid":{"rendered":"http:\/\/agora.xtec.cat\/ceipangelsgarrigabcn\/?page_id=1089"},"modified":"2019-06-16T21:44:16","modified_gmt":"2019-06-16T19:44:16","slug":"quefem","status":"publish","type":"page","link":"https:\/\/agora.xtec.cat\/ceipangelsgarrigabcn\/mhcom-ens-organitzemampa\/quefem\/","title":{"rendered":"QU\u00c8 FEM?"},"content":{"rendered":"<p>Amb l&#8217;afany de contribuir a la millora de la qualitat del sistema educatiu i de les condicions \u00a0d&#8217;escolaritzaci\u00f3 dels alumnes, l&#8217;AFA:<\/p>\n<ul>\n<li>Fomenta la participaci\u00f3 associativa i la corresponsabilitat educativa.<\/li>\n<li>Contribueix al govern del centre educatiu.<\/li>\n<li>Facilita la prestaci\u00f3n de serveis fora de l&#8217;horari lectiu.<\/li>\n<\/ul>\n<p>Tots aquests objectius els assoleix mitjan\u00e7ant diferents formes de participaci\u00f3:<\/p>\n<p><strong>ASSEMBLEA GENERAL<\/strong><\/p>\n<p>\u00c9s la reuni\u00f3 de tots els pares i mares de l&#8217;escola. \u00c9s el moment oport\u00fa per a apuntar-se a col.laborar a la junta i\/o altres espais de treball.<\/p>\n<p>Normalment es fa un cop a l&#8217;any, a l&#8217;iniciar el curs, conjuntament amb el claustre de mestres.<\/p>\n<p>Tant mateix es poden convocar assemblees extraordin\u00e0ries quan hi ha algun tema d&#8217;inter\u00e8s.<\/p>\n<p><strong>DELEGATS I DELEGADES DE CURS<\/strong><\/p>\n<p>Les fam\u00edlies de cada classe estan representades a l&#8217;AFA pels delegats\/es de curs. Aquests s\u00f3n escollits a les reunions de classe, a l&#8217;inici de curs. La seva tasca \u00e9s rebre, canalitzar i donar resposta a les diferents q\u00fcestions espec\u00edfiques del funcionament del grup-classe que puguin apar\u00e8ixer durant el curs.<\/p>\n<p>Tamb\u00e9 tenen un important paper per a dinamitzar sortides i altres activitats a nivell de classe.<\/p>\n<p><strong>COORDINADORES<\/strong><\/p>\n<p>Reunions en qu\u00e8 participen delegats\/des de classe, membres de les comissions de treball, pares\/mares representants al Consell Escolar i junta. Aquesta reuni\u00f3 tamb\u00e9 est\u00e0 oberta a l&#8217;assist\u00e8ncia de pares i mares interessats a participar.<\/p>\n<p>Aquestes reunions permeten con\u00e8ixer qu\u00e8 est\u00e0 fent cadasc\u00fa, compartir necessitats i propostes, que posteriorment es fan arribar a l&#8217;estament oport\u00fa (escola, Cooperativa Guinard\u00f3, comissi\u00f3 de treball,\u2026)<\/p>\n<p><strong>REPRESENTACI\u00d3 AL CONSELL ESCOLAR<\/strong><\/p>\n<p>En el Consell Escolar, amb una periodicitat bimensual, hi ha representats els diferents estaments de l&#8217;escola: Direcci\u00f3, Claustre de mestres, Junta de l&#8217;AFA, pares\/mares de l&#8217;escola, Cooperativa Escolar Guinard\u00f3 i Districte d&#8217;Horta-Guinard\u00f3.<\/p>\n<p>En aquestes reunions s&#8217;exposa i es debat el &#8220;dia a dia&#8221; de l&#8217;escola, a m\u00e9s d&#8217;aprovar-se q\u00fcestions tan importants com el Pla Anual de Centre, el calendari escolar, horaris del centre, i els pressupostos del curs.<\/p>\n<p><strong>COMISSIONS DE TREBALL DE PARES I MARES<\/strong><br \/>\nLa informaci\u00f3n sobre les comissions, la trobareu al men\u00fa AFA\/COM ENS ORGANITZEM<\/p>\n","protected":false},"excerpt":{"rendered":"<p>Amb l&#8217;afany de contribuir a la millora de la qualitat del sistema educatiu i de les condicions \u00a0d&#8217;escolaritzaci\u00f3 dels alumnes, l&#8217;AFA:<\/p>\n<ul>\n<li>Fomenta la participaci\u00f3 associativa i la corresponsabilitat educativa.<\/li>\n<li>Contribueix al govern del centre educatiu.<\/li>\n<li>Facilita la prestaci\u00f3n de serveis fora de l&#8217;horari lectiu.<\/li>\n<\/ul>\n<p>Tots aquests objectius els assoleix&hellip;  <a href=\"https:\/\/agora.xtec.cat\/ceipangelsgarrigabcn\/mhcom-ens-organitzemampa\/quefem\/\" title=\"Read QU\u00c8 FEM?\">Llegeix m\u00e9s\u00bb<\/a><\/p>\n","protected":false},"author":267,"featured_media":0,"parent":602,"menu_order":2,"comment_status":"closed","ping_status":"closed","template":"page-templates\/side-menu.php","meta":{"_bbp_topic_count":0,"_bbp_reply_count":0,"_bbp_total_topic_count":0,"_bbp_total_reply_count":0,"_bbp_voice_count":0,"_bbp_anonymous_reply_count":0,"_bbp_topic_count_hidden":0,"_bbp_reply_count_hidden":0,"_bbp_forum_subforum_count":0,"footnotes":""},"class_list":["post-1089","page","type-page","status-publish","hentry"],"post_mailing_queue_ids":[],"_links":{"self":[{"href":"https:\/\/agora.xtec.cat\/ceipangelsgarrigabcn\/wp-json\/wp\/v2\/pages\/1089","targetHints":{"allow":["GET"]}}],"collection":[{"href":"https:\/\/agora.xtec.cat\/ceipangelsgarrigabcn\/wp-json\/wp\/v2\/pages"}],"about":[{"href":"https:\/\/agora.xtec.cat\/ceipangelsgarrigabcn\/wp-json\/wp\/v2\/types\/page"}],"author":[{"embeddable":true,"href":"https:\/\/agora.xtec.cat\/ceipangelsgarrigabcn\/wp-json\/wp\/v2\/users\/267"}],"replies":[{"embeddable":true,"href":"https:\/\/agora.xtec.cat\/ceipangelsgarrigabcn\/wp-json\/wp\/v2\/comments?post=1089"}],"version-history":[{"count":4,"href":"https:\/\/agora.xtec.cat\/ceipangelsgarrigabcn\/wp-json\/wp\/v2\/pages\/1089\/revisions"}],"predecessor-version":[{"id":4670,"href":"https:\/\/agora.xtec.cat\/ceipangelsgarrigabcn\/wp-json\/wp\/v2\/pages\/1089\/revisions\/4670"}],"up":[{"embeddable":true,"href":"https:\/\/agora.xtec.cat\/ceipangelsgarrigabcn\/wp-json\/wp\/v2\/pages\/602"}],"wp:attachment":[{"href":"https:\/\/agora.xtec.cat\/ceipangelsgarrigabcn\/wp-json\/wp\/v2\/media?parent=1089"}],"curies":[{"name":"wp","href":"https:\/\/api.w.org\/{rel}","templated":true}]}}