{"id":1085,"date":"2016-06-07T09:25:09","date_gmt":"2016-06-07T08:25:09","guid":{"rendered":"http:\/\/agora.xtec.cat\/ceipangelsgarrigabcn\/?page_id=1085"},"modified":"2022-10-11T10:28:48","modified_gmt":"2022-10-11T08:28:48","slug":"quisom","status":"publish","type":"page","link":"https:\/\/agora.xtec.cat\/ceipangelsgarrigabcn\/mhcom-ens-organitzemampa\/quisom\/","title":{"rendered":"QUI SOM?"},"content":{"rendered":"<div align=\"justify\"><\/div>\n<p>&nbsp;<\/p>\n<p>L&#8217;Associaci\u00f3 de Families d&#8217;Alumnes (AFA) de l&#8217;escola \u00c0ngels Garriga est\u00e0 formada per les mares i pares de l\u2019escola. \u00c9s un motor per a la din\u00e0mica escolar, amb l&#8217;objectiu de contribuir a l&#8217;assoliment d&#8217;uns nivells \u00f2ptims de qualitat en totes les activitats en qu\u00e8 participen els nostres fills i filles. Les mares i pares aportem el nostre esfor\u00e7 personal i econ\u00f2mic per tal que l&#8217;escola tingui els mitjans necessaris per funcionar a pl\u00e8 rendiment.La participaci\u00f3 en el funcionament de l&#8217;AMPA es pot fer de diferents maneres: a l&#8217;Assamblea General, la Junta, les comissions de treball, els delegats\/es de classe, etc., i tamb\u00e9 actuant com a representants de pares i mares en el Consell Escolar del centre.<\/p>\n<p>La nostra tasca \u00e9s molt important, ja que estem conven\u00e7uts que l&#8217;educaci\u00f3 dels nostres fills i filles \u00e9s una responsabilitat compartida. Volem convidar-vos a participar activament, en la mida de les vostres possibilitats, en la din\u00e0mica de la nostra escola. Creiem que l&#8217;objectiu val la pena!<\/p>\n<p>Els seg\u00fcents dos documents recullen els estatuts de l&#8217;associaci\u00f3 el seu reglament de r\u00e8gim intern:<\/p>\n<ul>\n<li><a href=\"https:\/\/drive.google.com\/open?id=13k5HydCpiMGnNbfTFa2ibWa9RpVzGj_1\" target=\"_blank\" rel=\"noopener noreferrer\">ESTATUTS DE L\u2019ASSOCIACI\u00d3 DE FAM\u00cdLIES D\u2019ALUMNES DE L\u2019ESCOLA \u00c0NGELS GARRIGA<\/a><\/li>\n<li><a href=\"https:\/\/drive.google.com\/file\/d\/1lAmMh6IWxR3Ij68pt8GEDAXidZQvYS4d\/view?usp=sharing\">REGLAMENT DE R\u00c8GIM INTERN DE L&#8217;ASSOCIACI\u00d3 DE FAM\u00cdLIES \u00c0NGELS GARRIGA<\/a><\/li>\n<\/ul>\n<p align=\"justify\">Per donar-te d&#8217;alta com a persona s\u00f2cia de l&#8217;AFA cal que omplis el seg\u00fcent formulari:<\/p>\n<p align=\"justify\"><a href=\"https:\/\/participa.angelsgarriga.net\">Vols fer-te s\u00f2cia de l&#8217;AFA?\u00a0<\/a><\/p>\n","protected":false},"excerpt":{"rendered":"<p>&nbsp;<br \/>\nL&#8217;Associaci\u00f3 de Families d&#8217;Alumnes (AFA) de l&#8217;escola \u00c0ngels Garriga est\u00e0 formada per les mares i pares de l\u2019escola. \u00c9s un motor per a la din\u00e0mica escolar, amb l&#8217;objectiu de contribuir a l&#8217;assoliment d&#8217;uns nivells \u00f2ptims de qualitat en totes les activitats en qu\u00e8 participen els&hellip;  <a href=\"https:\/\/agora.xtec.cat\/ceipangelsgarrigabcn\/mhcom-ens-organitzemampa\/quisom\/\" title=\"Read QUI SOM?\">Llegeix m\u00e9s\u00bb<\/a><\/p>\n","protected":false},"author":267,"featured_media":0,"parent":602,"menu_order":1,"comment_status":"closed","ping_status":"closed","template":"page-templates\/side-menu.php","meta":{"_bbp_topic_count":0,"_bbp_reply_count":0,"_bbp_total_topic_count":0,"_bbp_total_reply_count":0,"_bbp_voice_count":0,"_bbp_anonymous_reply_count":0,"_bbp_topic_count_hidden":0,"_bbp_reply_count_hidden":0,"_bbp_forum_subforum_count":0,"footnotes":""},"class_list":["post-1085","page","type-page","status-publish","hentry"],"post_mailing_queue_ids":[],"_links":{"self":[{"href":"https:\/\/agora.xtec.cat\/ceipangelsgarrigabcn\/wp-json\/wp\/v2\/pages\/1085","targetHints":{"allow":["GET"]}}],"collection":[{"href":"https:\/\/agora.xtec.cat\/ceipangelsgarrigabcn\/wp-json\/wp\/v2\/pages"}],"about":[{"href":"https:\/\/agora.xtec.cat\/ceipangelsgarrigabcn\/wp-json\/wp\/v2\/types\/page"}],"author":[{"embeddable":true,"href":"https:\/\/agora.xtec.cat\/ceipangelsgarrigabcn\/wp-json\/wp\/v2\/users\/267"}],"replies":[{"embeddable":true,"href":"https:\/\/agora.xtec.cat\/ceipangelsgarrigabcn\/wp-json\/wp\/v2\/comments?post=1085"}],"version-history":[{"count":5,"href":"https:\/\/agora.xtec.cat\/ceipangelsgarrigabcn\/wp-json\/wp\/v2\/pages\/1085\/revisions"}],"predecessor-version":[{"id":7962,"href":"https:\/\/agora.xtec.cat\/ceipangelsgarrigabcn\/wp-json\/wp\/v2\/pages\/1085\/revisions\/7962"}],"up":[{"embeddable":true,"href":"https:\/\/agora.xtec.cat\/ceipangelsgarrigabcn\/wp-json\/wp\/v2\/pages\/602"}],"wp:attachment":[{"href":"https:\/\/agora.xtec.cat\/ceipangelsgarrigabcn\/wp-json\/wp\/v2\/media?parent=1085"}],"curies":[{"name":"wp","href":"https:\/\/api.w.org\/{rel}","templated":true}]}}