{"id":64,"date":"2014-09-18T12:39:08","date_gmt":"2014-09-18T11:39:08","guid":{"rendered":"http:\/\/agora.xtec.cat\/ceipangelaroca\/?page_id=64"},"modified":"2025-02-12T20:37:16","modified_gmt":"2025-02-12T19:37:16","slug":"projecte-educatiu","status":"publish","type":"page","link":"https:\/\/agora.xtec.cat\/ceipangelaroca\/projecte-educatiu\/","title":{"rendered":"Projectes"},"content":{"rendered":"<p><span style=\"color: #222222;\"><span style=\"font-family: 'Helvetica Neue', Helvetica, Helvetica, Arial, sans-serif;\"><span style=\"font-size: small;\">En aquesta secci\u00f3 l&#8217;Escola \u00c0ngela Roca <\/span><\/span><\/span><span style=\"color: #222222;\"><span style=\"font-family: 'Helvetica Neue', Helvetica, Helvetica, Arial, sans-serif;\"><span style=\"font-size: small;\">us presenta els plans, projectes i programes que desenvolupa sempre buscant la qualitat i l&#8217;\u00e8xit educatiu sota l&#8217;abric del Departament i l&#8217;Ajuntament i amb el suport i col\u00b7laboraci\u00f3 d&#8217;altres entitats com s\u00f3n l&#8217;<a href=\"https:\/\/www.viladecans.cat\/es\/ateneu-de-les-arts-0\">Ateneu de les Arts de Viladecans<\/a>,\u00a0 el <a href=\"http:\/\/cebllob.org\/\">Consell Esportiu<\/a> i altres estaments que recolzen la tasca educativa.<\/span><\/span><\/span><\/p>\n<p><a href=\"https:\/\/agora.xtec.cat\/ceipangelaroca\/wp-content\/uploads\/usu1498\/2024\/02\/Triptic_1.jpg\" target=\"_blank\" rel=\"noopener\"><img loading=\"lazy\" decoding=\"async\" class=\"size-medium wp-image-4369 alignleft\" src=\"https:\/\/agora.xtec.cat\/ceipangelaroca\/wp-content\/uploads\/usu1498\/2025\/02\/Triptic-Escola-Angela-Roca-300x194.jpg\" alt=\"\" width=\"300\" height=\"194\" srcset=\"https:\/\/agora.xtec.cat\/ceipangelaroca\/wp-content\/uploads\/usu1498\/2025\/02\/Triptic-Escola-Angela-Roca-300x194.jpg 300w, https:\/\/agora.xtec.cat\/ceipangelaroca\/wp-content\/uploads\/usu1498\/2025\/02\/Triptic-Escola-Angela-Roca-1024x662.jpg 1024w, https:\/\/agora.xtec.cat\/ceipangelaroca\/wp-content\/uploads\/usu1498\/2025\/02\/Triptic-Escola-Angela-Roca-768x497.jpg 768w, https:\/\/agora.xtec.cat\/ceipangelaroca\/wp-content\/uploads\/usu1498\/2025\/02\/Triptic-Escola-Angela-Roca-1536x993.jpg 1536w, https:\/\/agora.xtec.cat\/ceipangelaroca\/wp-content\/uploads\/usu1498\/2025\/02\/Triptic-Escola-Angela-Roca.jpg 2048w\" sizes=\"auto, (max-width: 300px) 100vw, 300px\" \/><img loading=\"lazy\" decoding=\"async\" class=\"alignnone wp-image-3613\" src=\"https:\/\/agora.xtec.cat\/ceipangelaroca\/wp-content\/uploads\/usu1498\/2024\/02\/Triptic_1-300x194.jpg\" alt=\"\" width=\"312\" height=\"202\" srcset=\"https:\/\/agora.xtec.cat\/ceipangelaroca\/wp-content\/uploads\/usu1498\/2024\/02\/Triptic_1-300x194.jpg 300w, https:\/\/agora.xtec.cat\/ceipangelaroca\/wp-content\/uploads\/usu1498\/2024\/02\/Triptic_1-1024x663.jpg 1024w, https:\/\/agora.xtec.cat\/ceipangelaroca\/wp-content\/uploads\/usu1498\/2024\/02\/Triptic_1-768x497.jpg 768w, https:\/\/agora.xtec.cat\/ceipangelaroca\/wp-content\/uploads\/usu1498\/2024\/02\/Triptic_1-1536x994.jpg 1536w, https:\/\/agora.xtec.cat\/ceipangelaroca\/wp-content\/uploads\/usu1498\/2024\/02\/Triptic_1.jpg 2000w\" sizes=\"auto, (max-width: 312px) 100vw, 312px\" \/><\/a><\/p>\n","protected":false},"excerpt":{"rendered":"<p>En aquesta secci\u00f3 l&#8217;Escola \u00c0ngela Roca us presenta els plans, projectes i programes que desenvolupa sempre buscant la qualitat i l&#8217;\u00e8xit educatiu sota l&#8217;abric del Departament i l&#8217;Ajuntament i amb el suport i col\u00b7laboraci\u00f3 d&#8217;altres entitats com s\u00f3n l&#8217;<a href=\"https:\/\/www.viladecans.cat\/es\/ateneu-de-les-arts-0\">Ateneu de les Arts de Viladecans<\/a>,\u00a0&hellip;  <a href=\"https:\/\/agora.xtec.cat\/ceipangelaroca\/projecte-educatiu\/\" title=\"Read Projectes\">Llegeix m\u00e9s\u00bb<\/a><\/p>\n","protected":false},"author":1,"featured_media":0,"parent":0,"menu_order":0,"comment_status":"closed","ping_status":"closed","template":"page-templates\/side-menu.php","meta":{"_bbp_topic_count":0,"_bbp_reply_count":0,"_bbp_total_topic_count":0,"_bbp_total_reply_count":0,"_bbp_voice_count":0,"_bbp_anonymous_reply_count":0,"_bbp_topic_count_hidden":0,"_bbp_reply_count_hidden":0,"_bbp_forum_subforum_count":0,"footnotes":""},"class_list":["post-64","page","type-page","status-publish","hentry"],"post_mailing_queue_ids":[],"_links":{"self":[{"href":"https:\/\/agora.xtec.cat\/ceipangelaroca\/wp-json\/wp\/v2\/pages\/64","targetHints":{"allow":["GET"]}}],"collection":[{"href":"https:\/\/agora.xtec.cat\/ceipangelaroca\/wp-json\/wp\/v2\/pages"}],"about":[{"href":"https:\/\/agora.xtec.cat\/ceipangelaroca\/wp-json\/wp\/v2\/types\/page"}],"author":[{"embeddable":true,"href":"https:\/\/agora.xtec.cat\/ceipangelaroca\/wp-json\/wp\/v2\/users\/1"}],"replies":[{"embeddable":true,"href":"https:\/\/agora.xtec.cat\/ceipangelaroca\/wp-json\/wp\/v2\/comments?post=64"}],"version-history":[{"count":7,"href":"https:\/\/agora.xtec.cat\/ceipangelaroca\/wp-json\/wp\/v2\/pages\/64\/revisions"}],"predecessor-version":[{"id":4370,"href":"https:\/\/agora.xtec.cat\/ceipangelaroca\/wp-json\/wp\/v2\/pages\/64\/revisions\/4370"}],"wp:attachment":[{"href":"https:\/\/agora.xtec.cat\/ceipangelaroca\/wp-json\/wp\/v2\/media?parent=64"}],"curies":[{"name":"wp","href":"https:\/\/api.w.org\/{rel}","templated":true}]}}