{"id":1627,"date":"2020-05-13T19:49:29","date_gmt":"2020-05-13T17:49:29","guid":{"rendered":"http:\/\/agora.xtec.cat\/ceipangelaroca\/?page_id=1627"},"modified":"2020-07-07T17:55:55","modified_gmt":"2020-07-07T15:55:55","slug":"publicacio-de-llistes-amb-el-barem-provisional","status":"publish","type":"page","link":"https:\/\/agora.xtec.cat\/ceipangelaroca\/preinscripcio\/publicacio-de-llistes-amb-el-barem-provisional\/","title":{"rendered":"Publicaci\u00f3 de llistes preinscripci\u00f3 i matr\u00edcula"},"content":{"rendered":"<h2 style=\"text-align: center;\"><a href=\"https:\/\/drive.google.com\/drive\/u\/0\/folders\/0B6TNzuEG7HHHdXN4OEdkV2tfakE\">ENLLA\u00c7 llistes<\/a><\/h2>\n","protected":false},"excerpt":{"rendered":"<p><a href=\"https:\/\/drive.google.com\/drive\/u\/0\/folders\/0B6TNzuEG7HHHdXN4OEdkV2tfakE\">ENLLA\u00c7 llistes<\/a><\/p>\n","protected":false},"author":1,"featured_media":0,"parent":1595,"menu_order":30,"comment_status":"closed","ping_status":"closed","template":"page-templates\/side-menu.php","meta":{"_bbp_topic_count":0,"_bbp_reply_count":0,"_bbp_total_topic_count":0,"_bbp_total_reply_count":0,"_bbp_voice_count":0,"_bbp_anonymous_reply_count":0,"_bbp_topic_count_hidden":0,"_bbp_reply_count_hidden":0,"_bbp_forum_subforum_count":0,"footnotes":""},"class_list":["post-1627","page","type-page","status-publish","hentry"],"post_mailing_queue_ids":[],"_links":{"self":[{"href":"https:\/\/agora.xtec.cat\/ceipangelaroca\/wp-json\/wp\/v2\/pages\/1627","targetHints":{"allow":["GET"]}}],"collection":[{"href":"https:\/\/agora.xtec.cat\/ceipangelaroca\/wp-json\/wp\/v2\/pages"}],"about":[{"href":"https:\/\/agora.xtec.cat\/ceipangelaroca\/wp-json\/wp\/v2\/types\/page"}],"author":[{"embeddable":true,"href":"https:\/\/agora.xtec.cat\/ceipangelaroca\/wp-json\/wp\/v2\/users\/1"}],"replies":[{"embeddable":true,"href":"https:\/\/agora.xtec.cat\/ceipangelaroca\/wp-json\/wp\/v2\/comments?post=1627"}],"version-history":[{"count":3,"href":"https:\/\/agora.xtec.cat\/ceipangelaroca\/wp-json\/wp\/v2\/pages\/1627\/revisions"}],"predecessor-version":[{"id":1673,"href":"https:\/\/agora.xtec.cat\/ceipangelaroca\/wp-json\/wp\/v2\/pages\/1627\/revisions\/1673"}],"up":[{"embeddable":true,"href":"https:\/\/agora.xtec.cat\/ceipangelaroca\/wp-json\/wp\/v2\/pages\/1595"}],"wp:attachment":[{"href":"https:\/\/agora.xtec.cat\/ceipangelaroca\/wp-json\/wp\/v2\/media?parent=1627"}],"curies":[{"name":"wp","href":"https:\/\/api.w.org\/{rel}","templated":true}]}}