{"id":1605,"date":"2020-05-13T14:55:47","date_gmt":"2020-05-13T12:55:47","guid":{"rendered":"http:\/\/agora.xtec.cat\/ceipangelaroca\/?page_id=1605"},"modified":"2020-05-13T14:55:47","modified_gmt":"2020-05-13T12:55:47","slug":"calendari","status":"publish","type":"page","link":"https:\/\/agora.xtec.cat\/ceipangelaroca\/preinscripcio\/calendari\/","title":{"rendered":"Calendari"},"content":{"rendered":"<table style=\"width: 835px;\" border=\"1\">\n<tbody>\n<tr>\n<td style=\"width: 829px; text-align: center;\" colspan=\"2\"><strong>Presentaci\u00f3 de sol\u00b7licituds<\/strong><\/td>\n<\/tr>\n<tr>\n<td style=\"width: 491px;\"><strong>PRESENTACI\u00d3 AMB SUPORT INFORM\u00c0TIC<\/strong><\/td>\n<td style=\"width: 336px;\">Del\u00a0<strong>13 al 22<\/strong>\u00a0de maig<\/td>\n<\/tr>\n<tr>\n<td style=\"width: 491px;\"><strong>PRESENTACI\u00d3 PRESENCIAL AMB CITA PR\u00c8VIA<\/strong><\/td>\n<td style=\"width: 336px;\">Del\u00a0<strong>19 al 22<\/strong>\u00a0de maig<\/td>\n<\/tr>\n<tr>\n<td style=\"width: 491px;\"><strong>Presentaci\u00f3 de documentaci\u00f3<\/strong><\/td>\n<td style=\"width: 336px;\"><strong>Fins el 25 de maig<\/strong><\/td>\n<\/tr>\n<tr>\n<td style=\"width: 491px;\">Publicaci\u00f3 de llistes amb el barem provisional<\/td>\n<td style=\"width: 336px;\">29 de maig<\/td>\n<\/tr>\n<tr>\n<td style=\"width: 491px;\">Presentaci\u00f3 de reclamacions al barem provisional<\/td>\n<td style=\"width: 336px;\">Del 2 al 5 de juny<\/td>\n<\/tr>\n<tr>\n<td style=\"width: 491px;\">Publicaci\u00f3 llistes amb barem definitiu resoltes les reclamacions<\/td>\n<td style=\"width: 336px;\">9 de juny<\/td>\n<\/tr>\n<tr>\n<td style=\"width: 491px;\"><strong>Sorteig<\/strong><\/td>\n<td style=\"width: 336px;\"><strong>9 de juny<\/strong><\/td>\n<\/tr>\n<tr>\n<td style=\"width: 491px;\"><strong>Publicaci\u00f3 de llistes ordenades definitives<\/strong><\/td>\n<td style=\"width: 336px;\"><strong>11 de juny<\/strong><\/td>\n<\/tr>\n<tr>\n<td style=\"width: 491px;\">Publicaci\u00f3 de la oferta final<\/td>\n<td style=\"width: 336px;\">6 de juliol<\/td>\n<\/tr>\n<tr>\n<td style=\"width: 491px;\">Publicaci\u00f3 de les llistes d\u2019assignaci\u00f3 i llista d\u2019espera<\/td>\n<td style=\"width: 336px;\">7 de juliol<\/td>\n<\/tr>\n<tr>\n<td style=\"width: 491px;\"><strong>Per\u00edode de matriculaci\u00f3 (infantil, prim\u00e0ria i 1r d\u2019ESO)<\/strong><\/td>\n<td style=\"width: 336px;\"><strong>Del 13 al 17 de juliol<\/strong><\/td>\n<\/tr>\n<\/tbody>\n<\/table>\n","protected":false},"excerpt":{"rendered":"<p>Presentaci\u00f3 de sol\u00b7licituds<\/p>\n<p>PRESENTACI\u00d3 AMB SUPORT INFORM\u00c0TIC<br \/>\nDel\u00a013 al 22\u00a0de maig<\/p>\n<p>PRESENTACI\u00d3 PRESENCIAL AMB CITA PR\u00c8VIA<br \/>\nDel\u00a019 al 22\u00a0de maig<\/p>\n<p>Presentaci\u00f3 de documentaci\u00f3<br \/>\nFins el 25 de maig<\/p>\n<p>Publicaci\u00f3 de llistes amb el barem provisional<br \/>\n29 de maig<\/p>\n<p>Presentaci\u00f3 de reclamacions al barem provisional<br \/>\nDel 2 al 5 de juny<\/p>\n<p>Publicaci\u00f3 llistes amb barem definitiu resoltes&hellip;  <a href=\"https:\/\/agora.xtec.cat\/ceipangelaroca\/preinscripcio\/calendari\/\" title=\"Read Calendari\">Llegeix m\u00e9s\u00bb<\/a><\/p>\n","protected":false},"author":1,"featured_media":0,"parent":1595,"menu_order":10,"comment_status":"closed","ping_status":"closed","template":"page-templates\/side-menu.php","meta":{"_bbp_topic_count":0,"_bbp_reply_count":0,"_bbp_total_topic_count":0,"_bbp_total_reply_count":0,"_bbp_voice_count":0,"_bbp_anonymous_reply_count":0,"_bbp_topic_count_hidden":0,"_bbp_reply_count_hidden":0,"_bbp_forum_subforum_count":0,"footnotes":""},"class_list":["post-1605","page","type-page","status-publish","hentry"],"post_mailing_queue_ids":[],"_links":{"self":[{"href":"https:\/\/agora.xtec.cat\/ceipangelaroca\/wp-json\/wp\/v2\/pages\/1605","targetHints":{"allow":["GET"]}}],"collection":[{"href":"https:\/\/agora.xtec.cat\/ceipangelaroca\/wp-json\/wp\/v2\/pages"}],"about":[{"href":"https:\/\/agora.xtec.cat\/ceipangelaroca\/wp-json\/wp\/v2\/types\/page"}],"author":[{"embeddable":true,"href":"https:\/\/agora.xtec.cat\/ceipangelaroca\/wp-json\/wp\/v2\/users\/1"}],"replies":[{"embeddable":true,"href":"https:\/\/agora.xtec.cat\/ceipangelaroca\/wp-json\/wp\/v2\/comments?post=1605"}],"version-history":[{"count":2,"href":"https:\/\/agora.xtec.cat\/ceipangelaroca\/wp-json\/wp\/v2\/pages\/1605\/revisions"}],"predecessor-version":[{"id":1619,"href":"https:\/\/agora.xtec.cat\/ceipangelaroca\/wp-json\/wp\/v2\/pages\/1605\/revisions\/1619"}],"up":[{"embeddable":true,"href":"https:\/\/agora.xtec.cat\/ceipangelaroca\/wp-json\/wp\/v2\/pages\/1595"}],"wp:attachment":[{"href":"https:\/\/agora.xtec.cat\/ceipangelaroca\/wp-json\/wp\/v2\/media?parent=1605"}],"curies":[{"name":"wp","href":"https:\/\/api.w.org\/{rel}","templated":true}]}}