{"id":734,"date":"2017-02-08T13:07:13","date_gmt":"2017-02-08T12:07:13","guid":{"rendered":"http:\/\/agora.xtec.cat\/ceipamistat\/?page_id=734"},"modified":"2023-08-15T12:14:00","modified_gmt":"2023-08-15T10:14:00","slug":"configuracio-del-centre","status":"publish","type":"page","link":"https:\/\/agora.xtec.cat\/ceipamistat\/lescola\/configuracio-del-centre\/","title":{"rendered":"Configuraci\u00f3 del Centre"},"content":{"rendered":"<p align=\"JUSTIFY\">La nostra escola est\u00e0 configurada per :<\/p>\n<ul>\n<li>\n<p align=\"JUSTIFY\">Alumnat del barri<\/p>\n<\/li>\n<li>\n<p align=\"JUSTIFY\">Alumnat que viu en altres barris de Figueres.<\/p>\n<\/li>\n<li>\n<p align=\"JUSTIFY\">Alumnat de pobles de l&#8217;Alt\u00a0Empord\u00e0<\/p>\n<\/li>\n<\/ul>\n<p>La societat actual \u00e9s molt rica i diversa. La nostra escola tamb\u00e9 i nosaltres ho valorem des d\u2019un punt de vista positiu, de repte i de treball.<\/p>\n<p>Els nostres alumnes tenen capacitats, moltes i variades. Partim d\u2019aquestes capacitats a l\u2019hora d\u2019organitzar les nostres activitats, les valorem com a fortaleses. A part d\u2019aquestes capacitats individuals tamb\u00e9 se\u2019n generen de noves quan es treballa en comunitat. L\u2019escola s\u2019encarrega de posar-les de manifest.<\/p>\n<p>S\u2019ha de valorar l\u2019atenci\u00f3 a la diversitat des de la globalitat. La diversitat fonamenta totes les maneres d\u2019actuar a totes les activitats que s\u2019organitzen des de tota la comunitat.<\/p>\n<p>La nostra comunitat es nodreix de diversitat de lleng\u00fces, cultures i realitats. El catal\u00e0 \u00e9s la llengua vehicular, per\u00f2 \u00a0moltes de les nostres fam\u00edlies tenen el castell\u00e0 com a llengua d\u2019\u00fas a casa. Tamb\u00e9 comptem amb altres lleng\u00fces no llatines com l\u2019\u00e0rab, l\u2019amazic, l\u2019urd\u00fa, el xin\u00e8s, el polon\u00e8s, b\u00falgar, ,&#8230; D\u2019aquestes n\u2019hi ha que s\u00f3n nouvingudes, d\u2019altres que ja estan establertes des de fa un temps al pa\u00eds. A m\u00e9s tenim una bona representaci\u00f3 de persones de l\u2019\u00e8tnia gitana.<\/p>\n<p>Qualsevol alumne en qualsevol moment pot necessitar d\u2019un suport, temporal o permanent. A la nostra escola tenim un alumnes amb necessitats educatives derivades de situacions socials, econ\u00f2miques o culturals o per algun tipus de discapacitat (malaltia f\u00edsica o mental, retard mental,&#8230;) o altres situacions que generen atenci\u00f3 espec\u00edfica d\u2019algun tipus (altes capacitats, disl\u00e8xia, &#8230;).<\/p>\n","protected":false},"excerpt":{"rendered":"<p>La nostra escola est\u00e0 configurada per : Alumnat del barri Alumnat que viu en altres barris de Figueres. Alumnat de pobles de l&#8217;Alt\u00a0Empord\u00e0 La societat actual \u00e9s molt rica i diversa. La nostra escola tamb\u00e9 i nosaltres ho valorem des d\u2019un punt de vista positiu, de repte i de treball. Els nostres alumnes tenen capacitats, [&hellip;]<\/p>\n","protected":false},"author":1,"featured_media":0,"parent":22,"menu_order":60,"comment_status":"closed","ping_status":"closed","template":"page-templates\/side-menu.php","meta":{"_bbp_topic_count":0,"_bbp_reply_count":0,"_bbp_total_topic_count":0,"_bbp_total_reply_count":0,"_bbp_voice_count":0,"_bbp_anonymous_reply_count":0,"_bbp_topic_count_hidden":0,"_bbp_reply_count_hidden":0,"_bbp_forum_subforum_count":0,"site-sidebar-layout":"default","site-content-layout":"","ast-site-content-layout":"","site-content-style":"default","site-sidebar-style":"default","ast-global-header-display":"","ast-banner-title-visibility":"","ast-main-header-display":"","ast-hfb-above-header-display":"","ast-hfb-below-header-display":"","ast-hfb-mobile-header-display":"","site-post-title":"","ast-breadcrumbs-content":"","ast-featured-img":"","footer-sml-layout":"","theme-transparent-header-meta":"","adv-header-id-meta":"","stick-header-meta":"","header-above-stick-meta":"","header-main-stick-meta":"","header-below-stick-meta":"","astra-migrate-meta-layouts":"default","ast-page-background-enabled":"default","ast-page-background-meta":{"desktop":{"background-color":"var(--ast-global-color-4)","background-image":"","background-repeat":"repeat","background-position":"center center","background-size":"auto","background-attachment":"scroll","background-type":"","background-media":"","overlay-type":"","overlay-color":"","overlay-opacity":"","overlay-gradient":""},"tablet":{"background-color":"","background-image":"","background-repeat":"repeat","background-position":"center center","background-size":"auto","background-attachment":"scroll","background-type":"","background-media":"","overlay-type":"","overlay-color":"","overlay-opacity":"","overlay-gradient":""},"mobile":{"background-color":"","background-image":"","background-repeat":"repeat","background-position":"center center","background-size":"auto","background-attachment":"scroll","background-type":"","background-media":"","overlay-type":"","overlay-color":"","overlay-opacity":"","overlay-gradient":""}},"ast-content-background-meta":{"desktop":{"background-color":"var(--ast-global-color-5)","background-image":"","background-repeat":"repeat","background-position":"center center","background-size":"auto","background-attachment":"scroll","background-type":"","background-media":"","overlay-type":"","overlay-color":"","overlay-opacity":"","overlay-gradient":""},"tablet":{"background-color":"var(--ast-global-color-5)","background-image":"","background-repeat":"repeat","background-position":"center center","background-size":"auto","background-attachment":"scroll","background-type":"","background-media":"","overlay-type":"","overlay-color":"","overlay-opacity":"","overlay-gradient":""},"mobile":{"background-color":"var(--ast-global-color-5)","background-image":"","background-repeat":"repeat","background-position":"center center","background-size":"auto","background-attachment":"scroll","background-type":"","background-media":"","overlay-type":"","overlay-color":"","overlay-opacity":"","overlay-gradient":""}},"footnotes":""},"class_list":["post-734","page","type-page","status-publish","hentry"],"post_mailing_queue_ids":[],"_links":{"self":[{"href":"https:\/\/agora.xtec.cat\/ceipamistat\/wp-json\/wp\/v2\/pages\/734","targetHints":{"allow":["GET"]}}],"collection":[{"href":"https:\/\/agora.xtec.cat\/ceipamistat\/wp-json\/wp\/v2\/pages"}],"about":[{"href":"https:\/\/agora.xtec.cat\/ceipamistat\/wp-json\/wp\/v2\/types\/page"}],"author":[{"embeddable":true,"href":"https:\/\/agora.xtec.cat\/ceipamistat\/wp-json\/wp\/v2\/users\/1"}],"replies":[{"embeddable":true,"href":"https:\/\/agora.xtec.cat\/ceipamistat\/wp-json\/wp\/v2\/comments?post=734"}],"version-history":[{"count":3,"href":"https:\/\/agora.xtec.cat\/ceipamistat\/wp-json\/wp\/v2\/pages\/734\/revisions"}],"predecessor-version":[{"id":1114,"href":"https:\/\/agora.xtec.cat\/ceipamistat\/wp-json\/wp\/v2\/pages\/734\/revisions\/1114"}],"up":[{"embeddable":true,"href":"https:\/\/agora.xtec.cat\/ceipamistat\/wp-json\/wp\/v2\/pages\/22"}],"wp:attachment":[{"href":"https:\/\/agora.xtec.cat\/ceipamistat\/wp-json\/wp\/v2\/media?parent=734"}],"curies":[{"name":"wp","href":"https:\/\/api.w.org\/{rel}","templated":true}]}}