{"id":732,"date":"2017-02-08T13:06:46","date_gmt":"2017-02-08T12:06:46","guid":{"rendered":"http:\/\/agora.xtec.cat\/ceipamistat\/?page_id=732"},"modified":"2025-01-18T13:16:12","modified_gmt":"2025-01-18T12:16:12","slug":"relacio-amb-lentorn","status":"publish","type":"page","link":"https:\/\/agora.xtec.cat\/ceipamistat\/lescola\/relacio-amb-lentorn\/","title":{"rendered":"Relaci\u00f3 amb l&#8217;entorn"},"content":{"rendered":"<p><strong>CONARTE INTERNACIONAL<\/strong> <img loading=\"lazy\" decoding=\"async\" class=\"wp-image-3988 alignright\" src=\"https:\/\/agora.xtec.cat\/ceipamistat\/wp-content\/uploads\/usu1593\/2025\/01\/ukeleles.png\" alt=\"\" width=\"302\" height=\"191\" srcset=\"https:\/\/agora.xtec.cat\/ceipamistat\/wp-content\/uploads\/usu1593\/2025\/01\/ukeleles.png 818w, https:\/\/agora.xtec.cat\/ceipamistat\/wp-content\/uploads\/usu1593\/2025\/01\/ukeleles-300x190.png 300w, https:\/\/agora.xtec.cat\/ceipamistat\/wp-content\/uploads\/usu1593\/2025\/01\/ukeleles-768x485.png 768w\" sizes=\"auto, (max-width: 302px) 100vw, 302px\" \/><\/p>\n<p><a href=\"https:\/\/www.conarteinternacional.net\/planters\">Qu\u00e8 \u00e9s<\/a>?<\/p>\n<p><span style=\"font-family: inherit; font-size: 1em;\">Com <a href=\"https:\/\/agora.xtec.cat\/ceipamistat\/lescola\/relacio-amb-lentorn\/con-arte\/\">col\u00b7laborem a l&#8217;escola Amistat<\/a>?<\/span><\/p>\n<p>&nbsp;<\/p>\n<p>&nbsp;<\/p>\n<p><strong>ESCOLA FORMADORA.<\/strong> Organitzaci\u00f3 i planificaci\u00f3 del pr\u00e0cticum 2n curs, Pr\u00e0cticum 3r Curs i Pr\u00e0cticum 4t curs Mestre Prim\u00e0ria. Col\u00b7laboraci\u00f3 amb els instituts per organitzar i formar practicants de Vetllador\/a i TIS. Conveni amb la UOC i la Universitat de Rioja per atendre a estudiants de M\u00e0sters en dificultats d&#8217;aprenentatge i trastorns de lectoescriptura.<\/p>\n<p>&nbsp;<\/p>\n<p><strong>PARTICIPACI\u00d3 EN EL CORRECULL<\/strong><\/p>\n<p>Correcull, un repte que intenta canviar el m\u00f3n. Aquesta proposta educativa impulsada des de Su\u00e8cia amb el nom de Plogging, uneix l\u2019activitat f\u00edsica amb el respecte pel medi ambient. Es tracta de \u201csortir a c\u00f3rrer i anar recollint les deixalles que els corredors es van trobant pel cam\u00ed\u201d. El terme \u00e9s el resultat de la fusi\u00f3 de la popular paraula anglesa \u2018running\u2019 i de l\u2019expressi\u00f3 sueca \u2018plocka upp\u2018, que significa recollir.<\/p>\n<p>Els alumnes de cinqu\u00e8 de prim\u00e0ria cada any participen per poder millorar el medi i fer-nos conscients a tots i totes de la import\u00e0ncia de respectar la natura i reduir el volum de les nostres deixalles.<\/p>\n<p>&nbsp;<\/p>\n<p><strong>PROJECTE TAPS<\/strong><\/p>\n<p>&nbsp;<\/p>\n<p><strong>COL\u00b7LABORACI\u00d3 AMB EL CENTRE EXCURSIONISTA I IAEDEN<\/strong><\/p>\n<p>El Gat fer va venir a l&#8217;escola per demanar-nos ajuda. Els infants del centre hem investigat sobre els diferents ecosistemes i hem creat enigmes perqu\u00e8 tots els infants puguin descobrir les Salines. El centre excursionista i l&#8217;IAEDEN ens han ajudat a comprendre el nostre entorn, a crear una ruta i col\u00b7locar els enigmes. Gr\u00e0cies!<\/p>\n<p><a href=\"https:\/\/iaeden.cat\/descobrim-natura-gat-fer\/\"><img loading=\"lazy\" decoding=\"async\" class=\"aligncenter size-large wp-image-3859\" src=\"https:\/\/agora.xtec.cat\/ceipamistat\/wp-content\/uploads\/usu1593\/2024\/11\/ruta-e1731079511980-1024x442.jpg\" alt=\"\" width=\"1024\" height=\"442\" srcset=\"https:\/\/agora.xtec.cat\/ceipamistat\/wp-content\/uploads\/usu1593\/2024\/11\/ruta-e1731079511980-1024x442.jpg 1024w, https:\/\/agora.xtec.cat\/ceipamistat\/wp-content\/uploads\/usu1593\/2024\/11\/ruta-e1731079511980-300x130.jpg 300w, https:\/\/agora.xtec.cat\/ceipamistat\/wp-content\/uploads\/usu1593\/2024\/11\/ruta-e1731079511980-768x332.jpg 768w, https:\/\/agora.xtec.cat\/ceipamistat\/wp-content\/uploads\/usu1593\/2024\/11\/ruta-e1731079511980.jpg 1130w\" sizes=\"auto, (max-width: 1024px) 100vw, 1024px\" \/><\/a><\/p>\n<p><strong>CONVENI AMB EL GERI\u00c0TRIC LES FORQUES<\/strong>. Projecte intergeneracional que consisteix a fer trobades per ajudar als avis a escriure cartes amb la intenci\u00f3 d\u2019establir una correspond\u00e8ncia amb avis del geri\u00e0tric Els Arcs, que seran ajudats per alumnes del Pous i Pag\u00e8s.<\/p>\n<p style=\"text-align: center;\">\r\n\t<div class=\"slideshow_container slideshow_container_style-light\" style=\"height: 500px; \" data-slideshow-id=\"1478\" data-style-name=\"style-light\" data-style-version=\"2.3.1\" >\r\n\r\n\t\t\t\t\t<div class=\"slideshow_loading_icon\"><\/div>\r\n\t\t\r\n\t\t<div class=\"slideshow_content\" style=\"display: none;\">\r\n\r\n\t\t\t<div class=\"slideshow_view\">\r\n\t\t\t\t<div class=\"slideshow_slide slideshow_slide_image\">\r\n\t\t\t\t\t\t\t\t\t\t\t<img src=\"https:\/\/agora.xtec.cat\/ceipamistat\/wp-content\/uploads\/usu1593\/2017\/02\/IMG-20170308-WA0001.jpg\" alt=\"img-20170308-wa0001\" width=\"898\" height=\"1600\" \/>\r\n\t\t\t\t\t\t\t\t\t\t<div class=\"slideshow_description_box slideshow_transparent\">\r\n\t\t\t\t\t\t<div class=\"slideshow_title\">img-20170308-wa0001<\/div>\t\t\t\t\t\t\t\t\t\t\t<\/div>\r\n\t\t\t\t<\/div>\r\n\r\n\t\t\t\t\t\t<div style=\"clear: both;\"><\/div><\/div><div class=\"slideshow_view\">\r\n\t\t\t\t<div class=\"slideshow_slide slideshow_slide_image\">\r\n\t\t\t\t\t\t\t\t\t\t\t<img src=\"https:\/\/agora.xtec.cat\/ceipamistat\/wp-content\/uploads\/usu1593\/2017\/02\/IMG-20170308-WA0005.jpg\" alt=\"img-20170308-wa0005\" width=\"898\" height=\"1600\" \/>\r\n\t\t\t\t\t\t\t\t\t\t<div class=\"slideshow_description_box slideshow_transparent\">\r\n\t\t\t\t\t\t<div class=\"slideshow_title\">img-20170308-wa0005<\/div>\t\t\t\t\t\t\t\t\t\t\t<\/div>\r\n\t\t\t\t<\/div>\r\n\r\n\t\t\t\t\t\t<div style=\"clear: both;\"><\/div><\/div><div class=\"slideshow_view\">\r\n\t\t\t\t<div class=\"slideshow_slide slideshow_slide_image\">\r\n\t\t\t\t\t\t\t\t\t\t\t<img src=\"https:\/\/agora.xtec.cat\/ceipamistat\/wp-content\/uploads\/usu1593\/2017\/02\/IMG-20170308-WA0003.jpg\" alt=\"img-20170308-wa0003\" width=\"898\" height=\"1600\" \/>\r\n\t\t\t\t\t\t\t\t\t\t<div class=\"slideshow_description_box slideshow_transparent\">\r\n\t\t\t\t\t\t<div class=\"slideshow_title\">img-20170308-wa0003<\/div>\t\t\t\t\t\t\t\t\t\t\t<\/div>\r\n\t\t\t\t<\/div>\r\n\r\n\t\t\t\t\t\t<div style=\"clear: both;\"><\/div><\/div>\r\n\t\t<\/div>\r\n\r\n\t\t<div class=\"slideshow_controlPanel slideshow_transparent\" style=\"display: none;\"><ul><li class=\"slideshow_togglePlay\" data-play-text=\"Visualitza\" data-pause-text=\"Pausa\"><\/li><\/ul><\/div>\r\n\r\n\t\t<div class=\"slideshow_button slideshow_previous slideshow_transparent\" role=\"button\" data-previous-text=\"Anterior\" style=\"display: none;\"><\/div>\r\n\t\t<div class=\"slideshow_button slideshow_next slideshow_transparent\" role=\"button\" data-next-text=\"Seg\u00fcent\" style=\"display: none;\"><\/div>\r\n\r\n\t\t<div class=\"slideshow_pagination\" style=\"display: none;\" data-go-to-text=\"V\u00e9s a la diapositiva\"><div class=\"slideshow_pagination_center\"><\/div><\/div>\r\n\r\n\t\t<!-- WordPress Slideshow Version 2.3.1 -->\r\n\r\n\t\t\t<\/div>\r\n\r\n<\/p>\n<p><strong>CONVENI AMB L\u2019ESCOLA EMPORD\u00c0 DE FORMACI\u00d3 DEL LLEURE<\/strong>. Per a la realitzaci\u00f3 de pr\u00e0ctiques de monitors del lleure.<\/p>\n<p><strong>TROBADES AMB L\u2019INSTITUT ADSCRIT<\/strong>. Es fan sessions d\u2019adjudicacions i seguiment de l\u2019alumnat al llarg del primer any de la seva vida escolar amb l\u2019Institut, aportant informaci\u00f3 i consensuant acords per a la seva adaptaci\u00f3 a la nova etapa.<\/p>\n","protected":false},"excerpt":{"rendered":"<p>CONARTE INTERNACIONAL Qu\u00e8 \u00e9s? Com col\u00b7laborem a l&#8217;escola Amistat? &nbsp; &nbsp; ESCOLA FORMADORA. Organitzaci\u00f3 i planificaci\u00f3 del pr\u00e0cticum 2n curs, Pr\u00e0cticum 3r Curs i Pr\u00e0cticum 4t curs Mestre Prim\u00e0ria. Col\u00b7laboraci\u00f3 amb els instituts per organitzar i formar practicants de Vetllador\/a i TIS. Conveni amb la UOC i la Universitat de Rioja per atendre a estudiants [&hellip;]<\/p>\n","protected":false},"author":1,"featured_media":0,"parent":22,"menu_order":70,"comment_status":"closed","ping_status":"closed","template":"page-templates\/side-menu.php","meta":{"_bbp_topic_count":0,"_bbp_reply_count":0,"_bbp_total_topic_count":0,"_bbp_total_reply_count":0,"_bbp_voice_count":0,"_bbp_anonymous_reply_count":0,"_bbp_topic_count_hidden":0,"_bbp_reply_count_hidden":0,"_bbp_forum_subforum_count":0,"site-sidebar-layout":"default","site-content-layout":"","ast-site-content-layout":"","site-content-style":"default","site-sidebar-style":"default","ast-global-header-display":"","ast-banner-title-visibility":"","ast-main-header-display":"","ast-hfb-above-header-display":"","ast-hfb-below-header-display":"","ast-hfb-mobile-header-display":"","site-post-title":"","ast-breadcrumbs-content":"","ast-featured-img":"","footer-sml-layout":"","theme-transparent-header-meta":"","adv-header-id-meta":"","stick-header-meta":"","header-above-stick-meta":"","header-main-stick-meta":"","header-below-stick-meta":"","astra-migrate-meta-layouts":"default","ast-page-background-enabled":"default","ast-page-background-meta":{"desktop":{"background-color":"var(--ast-global-color-4)","background-image":"","background-repeat":"repeat","background-position":"center center","background-size":"auto","background-attachment":"scroll","background-type":"","background-media":"","overlay-type":"","overlay-color":"","overlay-opacity":"","overlay-gradient":""},"tablet":{"background-color":"","background-image":"","background-repeat":"repeat","background-position":"center center","background-size":"auto","background-attachment":"scroll","background-type":"","background-media":"","overlay-type":"","overlay-color":"","overlay-opacity":"","overlay-gradient":""},"mobile":{"background-color":"","background-image":"","background-repeat":"repeat","background-position":"center center","background-size":"auto","background-attachment":"scroll","background-type":"","background-media":"","overlay-type":"","overlay-color":"","overlay-opacity":"","overlay-gradient":""}},"ast-content-background-meta":{"desktop":{"background-color":"var(--ast-global-color-5)","background-image":"","background-repeat":"repeat","background-position":"center center","background-size":"auto","background-attachment":"scroll","background-type":"","background-media":"","overlay-type":"","overlay-color":"","overlay-opacity":"","overlay-gradient":""},"tablet":{"background-color":"var(--ast-global-color-5)","background-image":"","background-repeat":"repeat","background-position":"center center","background-size":"auto","background-attachment":"scroll","background-type":"","background-media":"","overlay-type":"","overlay-color":"","overlay-opacity":"","overlay-gradient":""},"mobile":{"background-color":"var(--ast-global-color-5)","background-image":"","background-repeat":"repeat","background-position":"center center","background-size":"auto","background-attachment":"scroll","background-type":"","background-media":"","overlay-type":"","overlay-color":"","overlay-opacity":"","overlay-gradient":""}},"footnotes":""},"class_list":["post-732","page","type-page","status-publish","hentry"],"post_mailing_queue_ids":[],"_links":{"self":[{"href":"https:\/\/agora.xtec.cat\/ceipamistat\/wp-json\/wp\/v2\/pages\/732","targetHints":{"allow":["GET"]}}],"collection":[{"href":"https:\/\/agora.xtec.cat\/ceipamistat\/wp-json\/wp\/v2\/pages"}],"about":[{"href":"https:\/\/agora.xtec.cat\/ceipamistat\/wp-json\/wp\/v2\/types\/page"}],"author":[{"embeddable":true,"href":"https:\/\/agora.xtec.cat\/ceipamistat\/wp-json\/wp\/v2\/users\/1"}],"replies":[{"embeddable":true,"href":"https:\/\/agora.xtec.cat\/ceipamistat\/wp-json\/wp\/v2\/comments?post=732"}],"version-history":[{"count":6,"href":"https:\/\/agora.xtec.cat\/ceipamistat\/wp-json\/wp\/v2\/pages\/732\/revisions"}],"predecessor-version":[{"id":3994,"href":"https:\/\/agora.xtec.cat\/ceipamistat\/wp-json\/wp\/v2\/pages\/732\/revisions\/3994"}],"up":[{"embeddable":true,"href":"https:\/\/agora.xtec.cat\/ceipamistat\/wp-json\/wp\/v2\/pages\/22"}],"wp:attachment":[{"href":"https:\/\/agora.xtec.cat\/ceipamistat\/wp-json\/wp\/v2\/media?parent=732"}],"curies":[{"name":"wp","href":"https:\/\/api.w.org\/{rel}","templated":true}]}}