{"id":567,"date":"2017-01-16T13:51:31","date_gmt":"2017-01-16T12:51:31","guid":{"rendered":"http:\/\/agora.xtec.cat\/ceipamistat\/?page_id=567"},"modified":"2025-06-18T16:08:20","modified_gmt":"2025-06-18T14:08:20","slug":"treball-per-projectes","status":"publish","type":"page","link":"https:\/\/agora.xtec.cat\/ceipamistat\/treball-per-projectes\/","title":{"rendered":"Treball per projectes"},"content":{"rendered":"<p><span class=\"JsGRdQ\">El treball per projectes, es parteix de la c<\/span><span class=\"JsGRdQ\">uriositat<\/span><span class=\"JsGRdQ\"> dels alumnes i es segueix el seu inter\u00e8s fins a finalitzar-lo. La\u00a0 concepci\u00f3 de l&#8217;educaci\u00f3 \u00e9s global i es basa a escoltar l\u2019infant, en el foment del desig d\u2019aprendre i en el treball col\u00b7laboratiu. Una forma d\u2019aprendre que t\u00e9 en compte tots els nens, on tots participen activament i s\u00f3n els <\/span><span class=\"JsGRdQ\">protagonistes del seu aprenentatge<\/span><span class=\"JsGRdQ\">, perqu\u00e8 connecta amb el seu propi m\u00f3n.<\/span><\/p>\n<div style=\"width: 1920px;\" class=\"wp-video\"><!--[if lt IE 9]><script>document.createElement('video');<\/script><![endif]-->\n<video class=\"wp-video-shortcode\" id=\"video-567-1\" width=\"1920\" height=\"1080\" preload=\"metadata\" controls=\"controls\"><source type=\"video\/mp4\" src=\"https:\/\/agora.xtec.cat\/ceipamistat\/wp-content\/uploads\/usu1593\/2024\/11\/AxP-Escola-Amistat.mp4?_=1\" \/><a href=\"https:\/\/agora.xtec.cat\/ceipamistat\/wp-content\/uploads\/usu1593\/2024\/11\/AxP-Escola-Amistat.mp4\">https:\/\/agora.xtec.cat\/ceipamistat\/wp-content\/uploads\/usu1593\/2024\/11\/AxP-Escola-Amistat.mp4<\/a><\/video><\/div>\n<p><span class=\"JsGRdQ\">Cada repte o tema de treball es torna \u00fanic a cada aula i seguir\u00e0 el seu propi itinerari, el qual dependr\u00e0 dels interessos de cada grup d\u2019infants i de molts altres factors que s\u2019aniran trobant durant el proc\u00e9s, com ara les <\/span><span class=\"JsGRdQ\">connexions entre aprenentatges que s\u2019establiran, el mateix entorn o les interrelacions entre el grup.<\/span><\/p>\n<p>PROJECTES curs 24\/25<\/p>\n<table style=\"border-collapse: collapse; width: 100%;\">\n<tbody>\n<tr>\n<td style=\"width: 33.3333%;\"><a href=\"https:\/\/agora.xtec.cat\/ceipamistat\/treball-per-projectes\/veure-la-vida-submarina\/\"><img loading=\"lazy\" decoding=\"async\" class=\"aligncenter size-large wp-image-4386\" src=\"https:\/\/agora.xtec.cat\/ceipamistat\/wp-content\/uploads\/usu1593\/2025\/06\/mon-submari-1024x471.jpg\" alt=\"\" width=\"1024\" height=\"471\" srcset=\"https:\/\/agora.xtec.cat\/ceipamistat\/wp-content\/uploads\/usu1593\/2025\/06\/mon-submari-1024x471.jpg 1024w, https:\/\/agora.xtec.cat\/ceipamistat\/wp-content\/uploads\/usu1593\/2025\/06\/mon-submari-300x138.jpg 300w, https:\/\/agora.xtec.cat\/ceipamistat\/wp-content\/uploads\/usu1593\/2025\/06\/mon-submari-768x353.jpg 768w, https:\/\/agora.xtec.cat\/ceipamistat\/wp-content\/uploads\/usu1593\/2025\/06\/mon-submari.jpg 1270w\" sizes=\"auto, (max-width: 1024px) 100vw, 1024px\" \/><\/a><\/td>\n<td style=\"width: 33.3333%;\"><a href=\"https:\/\/agora.xtec.cat\/ceipamistat\/treball-per-projectes\/exposicio-veure-el-mon\/\"><img loading=\"lazy\" decoding=\"async\" class=\"aligncenter  wp-image-4095\" src=\"https:\/\/agora.xtec.cat\/ceipamistat\/wp-content\/uploads\/usu1593\/2025\/03\/FIRA-DE-MOSTRES-724x1024.jpg\" alt=\"\" width=\"143\" height=\"202\" srcset=\"https:\/\/agora.xtec.cat\/ceipamistat\/wp-content\/uploads\/usu1593\/2025\/03\/FIRA-DE-MOSTRES-724x1024.jpg 724w, https:\/\/agora.xtec.cat\/ceipamistat\/wp-content\/uploads\/usu1593\/2025\/03\/FIRA-DE-MOSTRES-212x300.jpg 212w, https:\/\/agora.xtec.cat\/ceipamistat\/wp-content\/uploads\/usu1593\/2025\/03\/FIRA-DE-MOSTRES-768x1086.jpg 768w, https:\/\/agora.xtec.cat\/ceipamistat\/wp-content\/uploads\/usu1593\/2025\/03\/FIRA-DE-MOSTRES-1086x1536.jpg 1086w, https:\/\/agora.xtec.cat\/ceipamistat\/wp-content\/uploads\/usu1593\/2025\/03\/FIRA-DE-MOSTRES.jpg 1414w\" sizes=\"auto, (max-width: 143px) 100vw, 143px\" \/><\/a><\/td>\n<td style=\"width: 33.3333%;\"><a href=\"https:\/\/agora.xtec.cat\/ceipamistat\/treball-per-projectes\/com-conscienciar-al-mon\/\"><img loading=\"lazy\" decoding=\"async\" class=\"aligncenter size-large wp-image-3940\" src=\"https:\/\/agora.xtec.cat\/ceipamistat\/wp-content\/uploads\/usu1593\/2024\/11\/1-1024x768.jpg\" alt=\"\" width=\"1024\" height=\"768\" srcset=\"https:\/\/agora.xtec.cat\/ceipamistat\/wp-content\/uploads\/usu1593\/2024\/11\/1-1024x768.jpg 1024w, https:\/\/agora.xtec.cat\/ceipamistat\/wp-content\/uploads\/usu1593\/2024\/11\/1-300x225.jpg 300w, https:\/\/agora.xtec.cat\/ceipamistat\/wp-content\/uploads\/usu1593\/2024\/11\/1-768x576.jpg 768w, https:\/\/agora.xtec.cat\/ceipamistat\/wp-content\/uploads\/usu1593\/2024\/11\/1-1536x1152.jpg 1536w, https:\/\/agora.xtec.cat\/ceipamistat\/wp-content\/uploads\/usu1593\/2024\/11\/1-200x150.jpg 200w, https:\/\/agora.xtec.cat\/ceipamistat\/wp-content\/uploads\/usu1593\/2024\/11\/1.jpg 1600w\" sizes=\"auto, (max-width: 1024px) 100vw, 1024px\" \/> COM CONSCIENCIAR AL M\u00d3N?<\/a><\/td>\n<\/tr>\n<\/tbody>\n<\/table>\n<p>&nbsp;<\/p>\n<p>&nbsp;<\/p>\n<p>PROJECTES curs 23\/24<\/p>\n<table style=\"border-collapse: collapse; width: 100%;\">\n<tbody>\n<tr>\n<td style=\"width: 25%;\"><a href=\"https:\/\/agora.xtec.cat\/ceipamistat\/treball-per-projectes\/transformacio-de-pati\/\"><img loading=\"lazy\" decoding=\"async\" class=\"wp-image-3120 alignleft\" src=\"https:\/\/agora.xtec.cat\/ceipamistat\/wp-content\/uploads\/usu1593\/2024\/01\/Captura-25.png\" alt=\"\" width=\"238\" height=\"132\" srcset=\"https:\/\/agora.xtec.cat\/ceipamistat\/wp-content\/uploads\/usu1593\/2024\/01\/Captura-25.png 880w, https:\/\/agora.xtec.cat\/ceipamistat\/wp-content\/uploads\/usu1593\/2024\/01\/Captura-25-300x167.png 300w, https:\/\/agora.xtec.cat\/ceipamistat\/wp-content\/uploads\/usu1593\/2024\/01\/Captura-25-768x427.png 768w\" sizes=\"auto, (max-width: 238px) 100vw, 238px\" \/><\/a><\/td>\n<td style=\"width: 25%;\"><a href=\"https:\/\/agora.xtec.cat\/ceipamistat\/treball-per-projectes\/descobrim-la-natura-amb-el-gat-fer\/\"><img loading=\"lazy\" decoding=\"async\" class=\"alignleft wp-image-3087\" src=\"https:\/\/agora.xtec.cat\/ceipamistat\/wp-content\/uploads\/usu1593\/2024\/01\/Copia-de-conte-del-gat-fer-1024x576.jpg\" alt=\"\" width=\"221\" height=\"124\" srcset=\"https:\/\/agora.xtec.cat\/ceipamistat\/wp-content\/uploads\/usu1593\/2024\/01\/Copia-de-conte-del-gat-fer-1024x576.jpg 1024w, https:\/\/agora.xtec.cat\/ceipamistat\/wp-content\/uploads\/usu1593\/2024\/01\/Copia-de-conte-del-gat-fer-300x169.jpg 300w, https:\/\/agora.xtec.cat\/ceipamistat\/wp-content\/uploads\/usu1593\/2024\/01\/Copia-de-conte-del-gat-fer-768x432.jpg 768w, https:\/\/agora.xtec.cat\/ceipamistat\/wp-content\/uploads\/usu1593\/2024\/01\/Copia-de-conte-del-gat-fer-1536x864.jpg 1536w, https:\/\/agora.xtec.cat\/ceipamistat\/wp-content\/uploads\/usu1593\/2024\/01\/Copia-de-conte-del-gat-fer.jpg 1920w\" sizes=\"auto, (max-width: 221px) 100vw, 221px\" \/><\/a><\/td>\n<td style=\"width: 25%;\"><a href=\"https:\/\/agora.xtec.cat\/ceipamistat\/treball-per-projectes\/steam-edatisme\/\"><img loading=\"lazy\" decoding=\"async\" class=\"wp-image-3418 alignleft\" src=\"https:\/\/agora.xtec.cat\/ceipamistat\/wp-content\/uploads\/usu1593\/2024\/04\/Copia-de-plantilla-edatisme.jpg\" alt=\"\" width=\"237\" height=\"133\" srcset=\"https:\/\/agora.xtec.cat\/ceipamistat\/wp-content\/uploads\/usu1593\/2024\/04\/Copia-de-plantilla-edatisme.jpg 960w, https:\/\/agora.xtec.cat\/ceipamistat\/wp-content\/uploads\/usu1593\/2024\/04\/Copia-de-plantilla-edatisme-300x169.jpg 300w, https:\/\/agora.xtec.cat\/ceipamistat\/wp-content\/uploads\/usu1593\/2024\/04\/Copia-de-plantilla-edatisme-768x432.jpg 768w\" sizes=\"auto, (max-width: 237px) 100vw, 237px\" \/><\/a><\/td>\n<td style=\"width: 25%;\"><a href=\"https:\/\/agora.xtec.cat\/ceipamistat\/treball-per-projectes\/els-grans-invents-de-la-humanitat\/\"><img loading=\"lazy\" decoding=\"async\" class=\"wp-image-3740 alignleft\" src=\"https:\/\/agora.xtec.cat\/ceipamistat\/wp-content\/uploads\/usu1593\/2024\/10\/PLANTILLA-mapa-del-recorregut-HISTORIA.jpg\" alt=\"\" width=\"236\" height=\"133\" srcset=\"https:\/\/agora.xtec.cat\/ceipamistat\/wp-content\/uploads\/usu1593\/2024\/10\/PLANTILLA-mapa-del-recorregut-HISTORIA.jpg 960w, https:\/\/agora.xtec.cat\/ceipamistat\/wp-content\/uploads\/usu1593\/2024\/10\/PLANTILLA-mapa-del-recorregut-HISTORIA-300x169.jpg 300w, https:\/\/agora.xtec.cat\/ceipamistat\/wp-content\/uploads\/usu1593\/2024\/10\/PLANTILLA-mapa-del-recorregut-HISTORIA-768x432.jpg 768w\" sizes=\"auto, (max-width: 236px) 100vw, 236px\" \/><\/a><\/td>\n<\/tr>\n<\/tbody>\n<\/table>\n<p><span class=\"JsGRdQ\">Cal anar una mica m\u00e9s\u00a0<\/span><span class=\"JsGRdQ\">enll\u00e0, quedar-nos amb les idees clau de la metodologia per fer-la nostra i que esdevingui una actitud que es transmeti en la nostra manera de fer de mestres.<a href=\"https:\/\/agora.xtec.cat\/ceipamistat\/infantil-a-lamistat\/treball-per-projectes-a-infantil\/projecte-patis\/\"><img loading=\"lazy\" decoding=\"async\" class=\"wp-image-3122 alignright\" src=\"https:\/\/agora.xtec.cat\/ceipamistat\/wp-content\/uploads\/usu1593\/2024\/01\/Sin-titulo-2-1024x576.jpg\" alt=\"\" width=\"269\" height=\"151\" srcset=\"https:\/\/agora.xtec.cat\/ceipamistat\/wp-content\/uploads\/usu1593\/2024\/01\/Sin-titulo-2-1024x576.jpg 1024w, https:\/\/agora.xtec.cat\/ceipamistat\/wp-content\/uploads\/usu1593\/2024\/01\/Sin-titulo-2-300x169.jpg 300w, https:\/\/agora.xtec.cat\/ceipamistat\/wp-content\/uploads\/usu1593\/2024\/01\/Sin-titulo-2-768x432.jpg 768w, https:\/\/agora.xtec.cat\/ceipamistat\/wp-content\/uploads\/usu1593\/2024\/01\/Sin-titulo-2-1536x864.jpg 1536w, https:\/\/agora.xtec.cat\/ceipamistat\/wp-content\/uploads\/usu1593\/2024\/01\/Sin-titulo-2.jpg 1920w\" sizes=\"auto, (max-width: 269px) 100vw, 269px\" \/><\/a><\/span><\/p>\n<p><span class=\"JsGRdQ\">Els infants, entre ells, aprenen a escoltar i acceptar diferents opinions i punts de vista, a posar-se d\u2019acord, a prendre decisions i a actuar. Les informacions els arriben per diferents canals sensorials, vies (visita d&#8217;experts, sortides, conversa entre adults, entre <\/span><span style=\"font-family: inherit; font-size: 1em;\">companys&#8230;) i mitjans (televisi\u00f3, carrer, contes, internet&#8230;) tots ells connectats amb el m\u00f3n actual, la qual cosa fa que el treball sigui funcional i sobretot significatiu.<\/span><\/p>\n<p><span class=\"JsGRdQ\">Els infants troben informaci\u00f3 utilitzant diferents recursos, eines i materials com ara llibres, webs, fotografies, diaris, v\u00eddeos, etc., que es<\/span><span class=\"JsGRdQ\"> troben amb escrits, amb diferents tipus de lletra, en diferents idiomes, cosa que els far\u00e0 buscar les estrat\u00e8gies i els ajuts necessaris per arribar a trobar respostes. <\/span><\/p>\n<p><span class=\"JsGRdQ\">Partim de temes, preguntes, observacions, interessos que sorgeixin de situacions di\u00e0ries i quotidianes. El curr\u00edculum diu que l\u2019escola ha d\u2019assegurar per a tots els infants experi\u00e8nc<\/span><span class=\"JsGRdQ\">ies prou riques i acompanyar-los en els aprenentatges, oferint materials, recursos i estrat\u00e8gies que ajudin a trav\u00e9s dels llenguatges a connecta<\/span><span class=\"JsGRdQ\">r i fer consc<\/span><span class=\"JsGRdQ\">ients les experi\u00e8ncies viscudes.<\/span><\/p>\n<p><span style=\"color: #008080;\">Clicant a les imatges podreu accedir als projectes de cada curs.<\/span><\/p>\n<p><a href=\"https:\/\/agora.xtec.cat\/ceipamistat\/treball-per-projectes\/fira-galactica\/\"><img loading=\"lazy\" decoding=\"async\" class=\"alignleft wp-image-3294\" src=\"https:\/\/agora.xtec.cat\/ceipamistat\/wp-content\/uploads\/usu1593\/2024\/02\/Captura-9-1024x479.png\" alt=\"\" width=\"197\" height=\"92\" srcset=\"https:\/\/agora.xtec.cat\/ceipamistat\/wp-content\/uploads\/usu1593\/2024\/02\/Captura-9-1024x479.png 1024w, https:\/\/agora.xtec.cat\/ceipamistat\/wp-content\/uploads\/usu1593\/2024\/02\/Captura-9-300x140.png 300w, https:\/\/agora.xtec.cat\/ceipamistat\/wp-content\/uploads\/usu1593\/2024\/02\/Captura-9-768x359.png 768w, https:\/\/agora.xtec.cat\/ceipamistat\/wp-content\/uploads\/usu1593\/2024\/02\/Captura-9.png 1071w\" sizes=\"auto, (max-width: 197px) 100vw, 197px\" \/><\/a><\/p>\n<p><a href=\"https:\/\/agora.xtec.cat\/ceipamistat\/treball-per-projectes\/healthy-days\/\"><img loading=\"lazy\" decoding=\"async\" class=\"alignnone wp-image-3197\" src=\"https:\/\/agora.xtec.cat\/ceipamistat\/wp-content\/uploads\/usu1593\/2024\/02\/healty-days-1024x613.jpg\" alt=\"\" width=\"244\" height=\"146\" srcset=\"https:\/\/agora.xtec.cat\/ceipamistat\/wp-content\/uploads\/usu1593\/2024\/02\/healty-days-1024x613.jpg 1024w, https:\/\/agora.xtec.cat\/ceipamistat\/wp-content\/uploads\/usu1593\/2024\/02\/healty-days-300x180.jpg 300w, https:\/\/agora.xtec.cat\/ceipamistat\/wp-content\/uploads\/usu1593\/2024\/02\/healty-days-768x460.jpg 768w, https:\/\/agora.xtec.cat\/ceipamistat\/wp-content\/uploads\/usu1593\/2024\/02\/healty-days-1536x920.jpg 1536w, https:\/\/agora.xtec.cat\/ceipamistat\/wp-content\/uploads\/usu1593\/2024\/02\/healty-days.jpg 1600w\" sizes=\"auto, (max-width: 244px) 100vw, 244px\" \/><\/a> \u00a0 <a href=\"https:\/\/agora.xtec.cat\/ceipamistat\/treball-per-projectes\/ciutats-sostenibles\/\"><img loading=\"lazy\" decoding=\"async\" class=\"alignleft wp-image-3199\" src=\"https:\/\/agora.xtec.cat\/ceipamistat\/wp-content\/uploads\/usu1593\/2024\/02\/11-ods.jpg\" alt=\"\" width=\"149\" height=\"214\" srcset=\"https:\/\/agora.xtec.cat\/ceipamistat\/wp-content\/uploads\/usu1593\/2024\/02\/11-ods.jpg 450w, https:\/\/agora.xtec.cat\/ceipamistat\/wp-content\/uploads\/usu1593\/2024\/02\/11-ods-209x300.jpg 209w\" sizes=\"auto, (max-width: 149px) 100vw, 149px\" \/><\/a><\/p>\n<p>&nbsp;<\/p>\n","protected":false},"excerpt":{"rendered":"<p>El treball per projectes, es parteix de la curiositat dels alumnes i es segueix el seu inter\u00e8s fins a finalitzar-lo. La\u00a0 concepci\u00f3 de l&#8217;educaci\u00f3 \u00e9s global i es basa a escoltar l\u2019infant, en el foment del desig d\u2019aprendre i en el treball col\u00b7laboratiu. Una forma d\u2019aprendre que t\u00e9 en compte tots els nens, on tots [&hellip;]<\/p>\n","protected":false},"author":1,"featured_media":0,"parent":0,"menu_order":0,"comment_status":"closed","ping_status":"closed","template":"page-templates\/side-menu.php","meta":{"_bbp_topic_count":0,"_bbp_reply_count":0,"_bbp_total_topic_count":0,"_bbp_total_reply_count":0,"_bbp_voice_count":0,"_bbp_anonymous_reply_count":0,"_bbp_topic_count_hidden":0,"_bbp_reply_count_hidden":0,"_bbp_forum_subforum_count":0,"site-sidebar-layout":"default","site-content-layout":"","ast-site-content-layout":"","site-content-style":"default","site-sidebar-style":"default","ast-global-header-display":"","ast-banner-title-visibility":"","ast-main-header-display":"","ast-hfb-above-header-display":"","ast-hfb-below-header-display":"","ast-hfb-mobile-header-display":"","site-post-title":"","ast-breadcrumbs-content":"","ast-featured-img":"","footer-sml-layout":"","theme-transparent-header-meta":"","adv-header-id-meta":"","stick-header-meta":"","header-above-stick-meta":"","header-main-stick-meta":"","header-below-stick-meta":"","astra-migrate-meta-layouts":"default","ast-page-background-enabled":"default","ast-page-background-meta":{"desktop":{"background-color":"var(--ast-global-color-4)","background-image":"","background-repeat":"repeat","background-position":"center center","background-size":"auto","background-attachment":"scroll","background-type":"","background-media":"","overlay-type":"","overlay-color":"","overlay-opacity":"","overlay-gradient":""},"tablet":{"background-color":"","background-image":"","background-repeat":"repeat","background-position":"center center","background-size":"auto","background-attachment":"scroll","background-type":"","background-media":"","overlay-type":"","overlay-color":"","overlay-opacity":"","overlay-gradient":""},"mobile":{"background-color":"","background-image":"","background-repeat":"repeat","background-position":"center center","background-size":"auto","background-attachment":"scroll","background-type":"","background-media":"","overlay-type":"","overlay-color":"","overlay-opacity":"","overlay-gradient":""}},"ast-content-background-meta":{"desktop":{"background-color":"var(--ast-global-color-5)","background-image":"","background-repeat":"repeat","background-position":"center center","background-size":"auto","background-attachment":"scroll","background-type":"","background-media":"","overlay-type":"","overlay-color":"","overlay-opacity":"","overlay-gradient":""},"tablet":{"background-color":"var(--ast-global-color-5)","background-image":"","background-repeat":"repeat","background-position":"center center","background-size":"auto","background-attachment":"scroll","background-type":"","background-media":"","overlay-type":"","overlay-color":"","overlay-opacity":"","overlay-gradient":""},"mobile":{"background-color":"var(--ast-global-color-5)","background-image":"","background-repeat":"repeat","background-position":"center center","background-size":"auto","background-attachment":"scroll","background-type":"","background-media":"","overlay-type":"","overlay-color":"","overlay-opacity":"","overlay-gradient":""}},"footnotes":""},"class_list":["post-567","page","type-page","status-publish","hentry"],"post_mailing_queue_ids":[],"_links":{"self":[{"href":"https:\/\/agora.xtec.cat\/ceipamistat\/wp-json\/wp\/v2\/pages\/567","targetHints":{"allow":["GET"]}}],"collection":[{"href":"https:\/\/agora.xtec.cat\/ceipamistat\/wp-json\/wp\/v2\/pages"}],"about":[{"href":"https:\/\/agora.xtec.cat\/ceipamistat\/wp-json\/wp\/v2\/types\/page"}],"author":[{"embeddable":true,"href":"https:\/\/agora.xtec.cat\/ceipamistat\/wp-json\/wp\/v2\/users\/1"}],"replies":[{"embeddable":true,"href":"https:\/\/agora.xtec.cat\/ceipamistat\/wp-json\/wp\/v2\/comments?post=567"}],"version-history":[{"count":6,"href":"https:\/\/agora.xtec.cat\/ceipamistat\/wp-json\/wp\/v2\/pages\/567\/revisions"}],"predecessor-version":[{"id":4399,"href":"https:\/\/agora.xtec.cat\/ceipamistat\/wp-json\/wp\/v2\/pages\/567\/revisions\/4399"}],"wp:attachment":[{"href":"https:\/\/agora.xtec.cat\/ceipamistat\/wp-json\/wp\/v2\/media?parent=567"}],"curies":[{"name":"wp","href":"https:\/\/api.w.org\/{rel}","templated":true}]}}