{"id":558,"date":"2017-01-16T13:44:50","date_gmt":"2017-01-16T12:44:50","guid":{"rendered":"http:\/\/agora.xtec.cat\/ceipamistat\/?page_id=558"},"modified":"2025-06-25T19:09:40","modified_gmt":"2025-06-25T17:09:40","slug":"plantilla-docent","status":"publish","type":"page","link":"https:\/\/agora.xtec.cat\/ceipamistat\/lescola\/plantilla-docent\/","title":{"rendered":"Plantilla docent 25-26"},"content":{"rendered":"<p><img loading=\"lazy\" decoding=\"async\" class=\"alignleft wp-image-2030 size-medium\" src=\"https:\/\/agora.xtec.cat\/ceipamistat\/wp-content\/uploads\/usu1593\/2020\/11\/comunitat_petits-300x66.jpg\" alt=\"\" width=\"300\" height=\"66\" srcset=\"https:\/\/agora.xtec.cat\/ceipamistat\/wp-content\/uploads\/usu1593\/2020\/11\/comunitat_petits-300x66.jpg 300w, https:\/\/agora.xtec.cat\/ceipamistat\/wp-content\/uploads\/usu1593\/2020\/11\/comunitat_petits-768x169.jpg 768w, https:\/\/agora.xtec.cat\/ceipamistat\/wp-content\/uploads\/usu1593\/2020\/11\/comunitat_petits.jpg 1000w\" sizes=\"auto, (max-width: 300px) 100vw, 300px\" \/><\/p>\n<p>&nbsp;<\/p>\n<p>&nbsp;<\/p>\n<p><span style=\"font-weight: 400;\">Neus Gabarr\u00f3\u00a0<\/span><\/p>\n<p><span style=\"font-weight: 400;\">Susanna Blanch (TEI i suport i3)<\/span><\/p>\n<p><span style=\"font-weight: 400;\">Trini Garcia<\/span><\/p>\n<p><span style=\"font-weight: 400;\">Nuri Pujol\u00a0<\/span><\/p>\n<p><span style=\"font-weight: 400;\">Mai Arriaga<\/span><\/p>\n<p><span style=\"font-weight: 400;\">Roser Millet\u00a0<\/span><\/p>\n<p><span style=\"font-weight: 400;\">Nerina Romero<\/span><\/p>\n<p>Roser Gir\u00f3<\/p>\n<p><img loading=\"lazy\" decoding=\"async\" class=\"alignleft size-medium wp-image-2029\" src=\"https:\/\/agora.xtec.cat\/ceipamistat\/wp-content\/uploads\/usu1593\/2020\/11\/comunitat_mitjans-300x66.jpg\" alt=\"\" width=\"300\" height=\"66\" srcset=\"https:\/\/agora.xtec.cat\/ceipamistat\/wp-content\/uploads\/usu1593\/2020\/11\/comunitat_mitjans-300x66.jpg 300w, https:\/\/agora.xtec.cat\/ceipamistat\/wp-content\/uploads\/usu1593\/2020\/11\/comunitat_mitjans-768x169.jpg 768w, https:\/\/agora.xtec.cat\/ceipamistat\/wp-content\/uploads\/usu1593\/2020\/11\/comunitat_mitjans.jpg 1000w\" sizes=\"auto, (max-width: 300px) 100vw, 300px\" \/><\/p>\n<p>&nbsp;<\/p>\n<p>&nbsp;<\/p>\n<p><span style=\"font-weight: 400;\">Marta Soler<\/span><\/p>\n<p><span style=\"font-weight: 400;\">Marta Miret\u00a0<\/span><\/p>\n<p><span style=\"font-weight: 400;\">S\u00f2nia Torrent<\/span><\/p>\n<p><span style=\"font-weight: 400;\">Alba Martin (angl\u00e8s)<\/span><\/p>\n<p><img loading=\"lazy\" decoding=\"async\" class=\"alignleft size-medium wp-image-2028\" src=\"https:\/\/agora.xtec.cat\/ceipamistat\/wp-content\/uploads\/usu1593\/2020\/11\/comunitat_grans-300x66.jpg\" alt=\"\" width=\"300\" height=\"66\" srcset=\"https:\/\/agora.xtec.cat\/ceipamistat\/wp-content\/uploads\/usu1593\/2020\/11\/comunitat_grans-300x66.jpg 300w, https:\/\/agora.xtec.cat\/ceipamistat\/wp-content\/uploads\/usu1593\/2020\/11\/comunitat_grans-768x169.jpg 768w, https:\/\/agora.xtec.cat\/ceipamistat\/wp-content\/uploads\/usu1593\/2020\/11\/comunitat_grans.jpg 1000w\" sizes=\"auto, (max-width: 300px) 100vw, 300px\" \/><\/p>\n<p>&nbsp;<\/p>\n<p>&nbsp;<\/p>\n<p><span style=\"font-weight: 400;\">Cynthia Caballero (tutora 4t)<\/span><\/p>\n<p><span style=\"font-weight: 400;\">Eva Carrete (tutora 4t)<\/span><\/p>\n<p><span style=\"font-weight: 400;\">Xus L\u00f3pez (tutora 5\u00e8)<\/span><\/p>\n<p>&nbsp;<\/p>\n<p><span style=\"font-weight: 400;\">Administrativa: Anna Font<\/span><\/p>\n<p><span style=\"font-weight: 400;\">Conserge: Laura Vila<\/span><\/p>\n<p><span style=\"font-weight: 400;\">TEI: Susanna Blanch<\/span><\/p>\n<p>&nbsp;<\/p>\n<p>&nbsp;<\/p>\n","protected":false},"excerpt":{"rendered":"<p>&nbsp; &nbsp; Neus Gabarr\u00f3\u00a0 Susanna Blanch (TEI i suport i3) Trini Garcia Nuri Pujol\u00a0 Mai Arriaga Roser Millet\u00a0 Nerina Romero Roser Gir\u00f3 &nbsp; &nbsp; Marta Soler Marta Miret\u00a0 S\u00f2nia Torrent Alba Martin (angl\u00e8s) &nbsp; &nbsp; Cynthia Caballero (tutora 4t) Eva Carrete (tutora 4t) Xus L\u00f3pez (tutora 5\u00e8) &nbsp; Administrativa: Anna Font Conserge: Laura Vila TEI: [&hellip;]<\/p>\n","protected":false},"author":1,"featured_media":0,"parent":22,"menu_order":50,"comment_status":"closed","ping_status":"closed","template":"page-templates\/side-menu.php","meta":{"_bbp_topic_count":0,"_bbp_reply_count":0,"_bbp_total_topic_count":0,"_bbp_total_reply_count":0,"_bbp_voice_count":0,"_bbp_anonymous_reply_count":0,"_bbp_topic_count_hidden":0,"_bbp_reply_count_hidden":0,"_bbp_forum_subforum_count":0,"site-sidebar-layout":"default","site-content-layout":"","ast-site-content-layout":"","site-content-style":"default","site-sidebar-style":"default","ast-global-header-display":"","ast-banner-title-visibility":"","ast-main-header-display":"","ast-hfb-above-header-display":"","ast-hfb-below-header-display":"","ast-hfb-mobile-header-display":"","site-post-title":"","ast-breadcrumbs-content":"","ast-featured-img":"","footer-sml-layout":"","theme-transparent-header-meta":"","adv-header-id-meta":"","stick-header-meta":"","header-above-stick-meta":"","header-main-stick-meta":"","header-below-stick-meta":"","astra-migrate-meta-layouts":"default","ast-page-background-enabled":"default","ast-page-background-meta":{"desktop":{"background-color":"var(--ast-global-color-4)","background-image":"","background-repeat":"repeat","background-position":"center center","background-size":"auto","background-attachment":"scroll","background-type":"","background-media":"","overlay-type":"","overlay-color":"","overlay-opacity":"","overlay-gradient":""},"tablet":{"background-color":"","background-image":"","background-repeat":"repeat","background-position":"center center","background-size":"auto","background-attachment":"scroll","background-type":"","background-media":"","overlay-type":"","overlay-color":"","overlay-opacity":"","overlay-gradient":""},"mobile":{"background-color":"","background-image":"","background-repeat":"repeat","background-position":"center center","background-size":"auto","background-attachment":"scroll","background-type":"","background-media":"","overlay-type":"","overlay-color":"","overlay-opacity":"","overlay-gradient":""}},"ast-content-background-meta":{"desktop":{"background-color":"var(--ast-global-color-5)","background-image":"","background-repeat":"repeat","background-position":"center center","background-size":"auto","background-attachment":"scroll","background-type":"","background-media":"","overlay-type":"","overlay-color":"","overlay-opacity":"","overlay-gradient":""},"tablet":{"background-color":"var(--ast-global-color-5)","background-image":"","background-repeat":"repeat","background-position":"center center","background-size":"auto","background-attachment":"scroll","background-type":"","background-media":"","overlay-type":"","overlay-color":"","overlay-opacity":"","overlay-gradient":""},"mobile":{"background-color":"var(--ast-global-color-5)","background-image":"","background-repeat":"repeat","background-position":"center center","background-size":"auto","background-attachment":"scroll","background-type":"","background-media":"","overlay-type":"","overlay-color":"","overlay-opacity":"","overlay-gradient":""}},"footnotes":""},"class_list":["post-558","page","type-page","status-publish","hentry"],"post_mailing_queue_ids":[],"_links":{"self":[{"href":"https:\/\/agora.xtec.cat\/ceipamistat\/wp-json\/wp\/v2\/pages\/558","targetHints":{"allow":["GET"]}}],"collection":[{"href":"https:\/\/agora.xtec.cat\/ceipamistat\/wp-json\/wp\/v2\/pages"}],"about":[{"href":"https:\/\/agora.xtec.cat\/ceipamistat\/wp-json\/wp\/v2\/types\/page"}],"author":[{"embeddable":true,"href":"https:\/\/agora.xtec.cat\/ceipamistat\/wp-json\/wp\/v2\/users\/1"}],"replies":[{"embeddable":true,"href":"https:\/\/agora.xtec.cat\/ceipamistat\/wp-json\/wp\/v2\/comments?post=558"}],"version-history":[{"count":7,"href":"https:\/\/agora.xtec.cat\/ceipamistat\/wp-json\/wp\/v2\/pages\/558\/revisions"}],"predecessor-version":[{"id":4432,"href":"https:\/\/agora.xtec.cat\/ceipamistat\/wp-json\/wp\/v2\/pages\/558\/revisions\/4432"}],"up":[{"embeddable":true,"href":"https:\/\/agora.xtec.cat\/ceipamistat\/wp-json\/wp\/v2\/pages\/22"}],"wp:attachment":[{"href":"https:\/\/agora.xtec.cat\/ceipamistat\/wp-json\/wp\/v2\/media?parent=558"}],"curies":[{"name":"wp","href":"https:\/\/api.w.org\/{rel}","templated":true}]}}