{"id":546,"date":"2017-01-13T16:23:36","date_gmt":"2017-01-13T15:23:36","guid":{"rendered":"http:\/\/agora.xtec.cat\/ceipamistat\/?page_id=546"},"modified":"2024-10-24T18:59:06","modified_gmt":"2024-10-24T16:59:06","slug":"decisions-compartides","status":"publish","type":"page","link":"https:\/\/agora.xtec.cat\/ceipamistat\/comunitats-daprenentatge\/decisions-compartides\/","title":{"rendered":"Plenari"},"content":{"rendered":"<p>El plenari \u00e9s la trobada de tota la comunitat, fam\u00edlies, voluntaris, personal no docent, claustre i alumnes.\u00a0 A principi de curs es realitza el primer plenari i es decideixen segons el debat argumentat dels assistents els objectius que vol assolir.<\/p>\n<p>El plenari del curs 24\/25<\/p>\n<p><img loading=\"lazy\" decoding=\"async\" class=\"wp-image-3736 alignleft\" src=\"https:\/\/agora.xtec.cat\/ceipamistat\/wp-content\/uploads\/usu1593\/2024\/09\/plenari-724x1024.jpg\" alt=\"\" width=\"237\" height=\"335\" srcset=\"https:\/\/agora.xtec.cat\/ceipamistat\/wp-content\/uploads\/usu1593\/2024\/09\/plenari-724x1024.jpg 724w, https:\/\/agora.xtec.cat\/ceipamistat\/wp-content\/uploads\/usu1593\/2024\/09\/plenari-212x300.jpg 212w, https:\/\/agora.xtec.cat\/ceipamistat\/wp-content\/uploads\/usu1593\/2024\/09\/plenari-768x1086.jpg 768w, https:\/\/agora.xtec.cat\/ceipamistat\/wp-content\/uploads\/usu1593\/2024\/09\/plenari-1086x1536.jpg 1086w, https:\/\/agora.xtec.cat\/ceipamistat\/wp-content\/uploads\/usu1593\/2024\/09\/plenari.jpg 1131w\" sizes=\"auto, (max-width: 237px) 100vw, 237px\" \/>Aquest curs \u00e9s l&#8217;\u00faltim any de la direcci\u00f3 i s&#8217;ha proposat a la comunitat la necessitat de crear una comissi\u00f3 mixta per tornar a formar-nos i con\u00e8ixer de primera m\u00e0 les bases de les comunitats d&#8217;aprenentatge.<\/p>\n<p>Altres han reflexionat sobre la necessitat de fer-nos sentir i donar a con\u00e8ixer a la resta de la ciutat. Tamb\u00e9 continuar amb la feina que es va comen\u00e7ar el curs passat al voltant del pati de prim\u00e0ria.<\/p>\n<p>&nbsp;<\/p>\n<p>Bones propostes i molt de debat.<\/p>\n<p>Gr\u00e0cies per assistir al plenari!<\/p>\n<p>&nbsp;<\/p>\n<div style=\"width: 1122px;\" class=\"wp-video\"><!--[if lt IE 9]><script>document.createElement('video');<\/script><![endif]-->\n<video class=\"wp-video-shortcode\" id=\"video-546-1\" width=\"1122\" height=\"792\" preload=\"metadata\" controls=\"controls\"><source type=\"video\/mp4\" src=\"https:\/\/agora.xtec.cat\/ceipamistat\/wp-content\/uploads\/usu1593\/2024\/10\/24-25-OBJECTIUS-COMISSIONS-MIXTES-.mp4?_=1\" \/><a href=\"https:\/\/agora.xtec.cat\/ceipamistat\/wp-content\/uploads\/usu1593\/2024\/10\/24-25-OBJECTIUS-COMISSIONS-MIXTES-.mp4\">https:\/\/agora.xtec.cat\/ceipamistat\/wp-content\/uploads\/usu1593\/2024\/10\/24-25-OBJECTIUS-COMISSIONS-MIXTES-.mp4<\/a><\/video><\/div>\n<p>&nbsp;<\/p>\n<p>El plenari del curs 23\/24<\/p>\n<p><img loading=\"lazy\" decoding=\"async\" class=\"alignleft wp-image-3127\" src=\"https:\/\/agora.xtec.cat\/ceipamistat\/wp-content\/uploads\/usu1593\/2024\/01\/PLENARI-724x1024.jpg\" alt=\"\" width=\"159\" height=\"225\" srcset=\"https:\/\/agora.xtec.cat\/ceipamistat\/wp-content\/uploads\/usu1593\/2024\/01\/PLENARI-724x1024.jpg 724w, https:\/\/agora.xtec.cat\/ceipamistat\/wp-content\/uploads\/usu1593\/2024\/01\/PLENARI-212x300.jpg 212w, https:\/\/agora.xtec.cat\/ceipamistat\/wp-content\/uploads\/usu1593\/2024\/01\/PLENARI-768x1086.jpg 768w, https:\/\/agora.xtec.cat\/ceipamistat\/wp-content\/uploads\/usu1593\/2024\/01\/PLENARI-1086x1536.jpg 1086w, https:\/\/agora.xtec.cat\/ceipamistat\/wp-content\/uploads\/usu1593\/2024\/01\/PLENARI.jpg 1414w\" sizes=\"auto, (max-width: 159px) 100vw, 159px\" \/><\/p>\n<p><img loading=\"lazy\" decoding=\"async\" class=\"alignleft wp-image-3132\" src=\"https:\/\/agora.xtec.cat\/ceipamistat\/wp-content\/uploads\/usu1593\/2024\/01\/IMG-20231024-WA0009-1024x768.jpg\" alt=\"\" width=\"279\" height=\"209\" srcset=\"https:\/\/agora.xtec.cat\/ceipamistat\/wp-content\/uploads\/usu1593\/2024\/01\/IMG-20231024-WA0009-1024x768.jpg 1024w, https:\/\/agora.xtec.cat\/ceipamistat\/wp-content\/uploads\/usu1593\/2024\/01\/IMG-20231024-WA0009-300x225.jpg 300w, https:\/\/agora.xtec.cat\/ceipamistat\/wp-content\/uploads\/usu1593\/2024\/01\/IMG-20231024-WA0009-768x576.jpg 768w, https:\/\/agora.xtec.cat\/ceipamistat\/wp-content\/uploads\/usu1593\/2024\/01\/IMG-20231024-WA0009-1536x1152.jpg 1536w, https:\/\/agora.xtec.cat\/ceipamistat\/wp-content\/uploads\/usu1593\/2024\/01\/IMG-20231024-WA0009-200x150.jpg 200w, https:\/\/agora.xtec.cat\/ceipamistat\/wp-content\/uploads\/usu1593\/2024\/01\/IMG-20231024-WA0009.jpg 1600w\" sizes=\"auto, (max-width: 279px) 100vw, 279px\" \/><\/p>\n<p><img loading=\"lazy\" decoding=\"async\" class=\"alignleft wp-image-3130\" src=\"https:\/\/agora.xtec.cat\/ceipamistat\/wp-content\/uploads\/usu1593\/2024\/01\/IMG-20231024-WA0021-1024x768.jpg\" alt=\"\" width=\"247\" height=\"185\" \/><\/p>\n<p>Es creen les comissions mixtes que s&#8217;encarreguen de dur a terme les propostes del plenari. El grup est\u00e0 format per membres diversos de la comunitat. Es decideixen calendaris i accions.<\/p>\n<p><img loading=\"lazy\" decoding=\"async\" class=\"alignleft wp-image-3134\" src=\"https:\/\/agora.xtec.cat\/ceipamistat\/wp-content\/uploads\/usu1593\/2024\/01\/5-1024x768.jpg\" alt=\"\" width=\"243\" height=\"182\" \/><img loading=\"lazy\" decoding=\"async\" class=\"alignleft wp-image-3135\" src=\"https:\/\/agora.xtec.cat\/ceipamistat\/wp-content\/uploads\/usu1593\/2024\/01\/13-1024x768.jpg\" alt=\"\" width=\"246\" height=\"184\" srcset=\"https:\/\/agora.xtec.cat\/ceipamistat\/wp-content\/uploads\/usu1593\/2024\/01\/13-1024x768.jpg 1024w, https:\/\/agora.xtec.cat\/ceipamistat\/wp-content\/uploads\/usu1593\/2024\/01\/13-300x225.jpg 300w, https:\/\/agora.xtec.cat\/ceipamistat\/wp-content\/uploads\/usu1593\/2024\/01\/13-768x576.jpg 768w, https:\/\/agora.xtec.cat\/ceipamistat\/wp-content\/uploads\/usu1593\/2024\/01\/13-1536x1152.jpg 1536w, https:\/\/agora.xtec.cat\/ceipamistat\/wp-content\/uploads\/usu1593\/2024\/01\/13-200x150.jpg 200w, https:\/\/agora.xtec.cat\/ceipamistat\/wp-content\/uploads\/usu1593\/2024\/01\/13.jpg 2048w\" sizes=\"auto, (max-width: 246px) 100vw, 246px\" \/><\/p>\n<p>Aquests s\u00f3n els objectius de les comissions mixtes d&#8217;aquest curs:<\/p>\n<div style=\"width: 1122px;\" class=\"wp-video\"><video class=\"wp-video-shortcode\" id=\"video-546-2\" width=\"1122\" height=\"792\" preload=\"metadata\" controls=\"controls\"><source type=\"video\/mp4\" src=\"https:\/\/agora.xtec.cat\/ceipamistat\/wp-content\/uploads\/usu1593\/2024\/01\/OBJECTIUS-COMISSIONS-MIXTES-23-24.mp4?_=2\" \/><a href=\"https:\/\/agora.xtec.cat\/ceipamistat\/wp-content\/uploads\/usu1593\/2024\/01\/OBJECTIUS-COMISSIONS-MIXTES-23-24.mp4\">https:\/\/agora.xtec.cat\/ceipamistat\/wp-content\/uploads\/usu1593\/2024\/01\/OBJECTIUS-COMISSIONS-MIXTES-23-24.mp4<\/a><\/video><\/div>\n<p>A les reunions de gestora\/consell escolar, un membre de cada comissi\u00f3 explicar\u00e0 com va la feina.<\/p>\n","protected":false},"excerpt":{"rendered":"<p>El plenari \u00e9s la trobada de tota la comunitat, fam\u00edlies, voluntaris, personal no docent, claustre i alumnes.\u00a0 A principi de curs es realitza el primer plenari i es decideixen segons el debat argumentat dels assistents els objectius que vol assolir. El plenari del curs 24\/25 Aquest curs \u00e9s l&#8217;\u00faltim any de la direcci\u00f3 i s&#8217;ha [&hellip;]<\/p>\n","protected":false},"author":1,"featured_media":0,"parent":506,"menu_order":30,"comment_status":"closed","ping_status":"closed","template":"page-templates\/side-menu.php","meta":{"_bbp_topic_count":0,"_bbp_reply_count":0,"_bbp_total_topic_count":0,"_bbp_total_reply_count":0,"_bbp_voice_count":0,"_bbp_anonymous_reply_count":0,"_bbp_topic_count_hidden":0,"_bbp_reply_count_hidden":0,"_bbp_forum_subforum_count":0,"site-sidebar-layout":"default","site-content-layout":"","ast-site-content-layout":"","site-content-style":"default","site-sidebar-style":"default","ast-global-header-display":"","ast-banner-title-visibility":"","ast-main-header-display":"","ast-hfb-above-header-display":"","ast-hfb-below-header-display":"","ast-hfb-mobile-header-display":"","site-post-title":"","ast-breadcrumbs-content":"","ast-featured-img":"","footer-sml-layout":"","theme-transparent-header-meta":"","adv-header-id-meta":"","stick-header-meta":"","header-above-stick-meta":"","header-main-stick-meta":"","header-below-stick-meta":"","astra-migrate-meta-layouts":"default","ast-page-background-enabled":"default","ast-page-background-meta":{"desktop":{"background-color":"var(--ast-global-color-4)","background-image":"","background-repeat":"repeat","background-position":"center center","background-size":"auto","background-attachment":"scroll","background-type":"","background-media":"","overlay-type":"","overlay-color":"","overlay-opacity":"","overlay-gradient":""},"tablet":{"background-color":"","background-image":"","background-repeat":"repeat","background-position":"center center","background-size":"auto","background-attachment":"scroll","background-type":"","background-media":"","overlay-type":"","overlay-color":"","overlay-opacity":"","overlay-gradient":""},"mobile":{"background-color":"","background-image":"","background-repeat":"repeat","background-position":"center center","background-size":"auto","background-attachment":"scroll","background-type":"","background-media":"","overlay-type":"","overlay-color":"","overlay-opacity":"","overlay-gradient":""}},"ast-content-background-meta":{"desktop":{"background-color":"var(--ast-global-color-5)","background-image":"","background-repeat":"repeat","background-position":"center center","background-size":"auto","background-attachment":"scroll","background-type":"","background-media":"","overlay-type":"","overlay-color":"","overlay-opacity":"","overlay-gradient":""},"tablet":{"background-color":"var(--ast-global-color-5)","background-image":"","background-repeat":"repeat","background-position":"center center","background-size":"auto","background-attachment":"scroll","background-type":"","background-media":"","overlay-type":"","overlay-color":"","overlay-opacity":"","overlay-gradient":""},"mobile":{"background-color":"var(--ast-global-color-5)","background-image":"","background-repeat":"repeat","background-position":"center center","background-size":"auto","background-attachment":"scroll","background-type":"","background-media":"","overlay-type":"","overlay-color":"","overlay-opacity":"","overlay-gradient":""}},"footnotes":""},"class_list":["post-546","page","type-page","status-publish","hentry"],"post_mailing_queue_ids":[],"_links":{"self":[{"href":"https:\/\/agora.xtec.cat\/ceipamistat\/wp-json\/wp\/v2\/pages\/546","targetHints":{"allow":["GET"]}}],"collection":[{"href":"https:\/\/agora.xtec.cat\/ceipamistat\/wp-json\/wp\/v2\/pages"}],"about":[{"href":"https:\/\/agora.xtec.cat\/ceipamistat\/wp-json\/wp\/v2\/types\/page"}],"author":[{"embeddable":true,"href":"https:\/\/agora.xtec.cat\/ceipamistat\/wp-json\/wp\/v2\/users\/1"}],"replies":[{"embeddable":true,"href":"https:\/\/agora.xtec.cat\/ceipamistat\/wp-json\/wp\/v2\/comments?post=546"}],"version-history":[{"count":6,"href":"https:\/\/agora.xtec.cat\/ceipamistat\/wp-json\/wp\/v2\/pages\/546\/revisions"}],"predecessor-version":[{"id":3781,"href":"https:\/\/agora.xtec.cat\/ceipamistat\/wp-json\/wp\/v2\/pages\/546\/revisions\/3781"}],"up":[{"embeddable":true,"href":"https:\/\/agora.xtec.cat\/ceipamistat\/wp-json\/wp\/v2\/pages\/506"}],"wp:attachment":[{"href":"https:\/\/agora.xtec.cat\/ceipamistat\/wp-json\/wp\/v2\/media?parent=546"}],"curies":[{"name":"wp","href":"https:\/\/api.w.org\/{rel}","templated":true}]}}